{"id":696,"date":"2025-06-09T22:14:51","date_gmt":"2025-06-09T22:14:51","guid":{"rendered":"https:\/\/shiguanglaser.com\/?post_type=product&#038;p=696"},"modified":"2025-07-03T14:43:13","modified_gmt":"2025-07-03T14:43:13","slug":"fw404-406-composite-welding-head","status":"publish","type":"product","link":"https:\/\/shiguanglaser.com\/de\/fw404-406-composite-welding-head\/","title":{"rendered":"Han's Focus FW406 | Laserschwei\u00dfkopf f\u00fcr Verbundwerkstoffe mit zwei Wellenl\u00e4ngen"},"content":{"rendered":"<h2 class=\"section-title\"><span style=\"color: #477ff6;\"><strong>\u25b8 Produkteinf\u00fchrung<\/strong><\/span><\/h2>\n<hr class=\"blue-line\" \/>\n<h2><\/h2>\n<p>&nbsp;<\/p>\n<p class=\"ng-star-inserted\" style=\"padding-left: 40px;\"><span class=\"ng-star-inserted\" style=\"color: #000000;\"><strong>Der Fokus des Han FW406<\/strong> nimmt eine der gr\u00f6\u00dften Herausforderungen beim Laserschwei\u00dfen in Angriff: die Verarbeitung stark reflektierender Materialien. Herk\u00f6mmliche Infrarot-Faserlaser werden h\u00e4ufig von der Oberfl\u00e4che von Kupfer und Aluminium reflektiert, was zu einem instabilen Prozess, uneinheitlicher Energieabsorption und erheblichen Spritzern f\u00fchrt. Der FW406 l\u00f6st dieses Problem mit einem bahnbrechenden Verbundwerkstoff-Ansatz.<\/span><\/p>\n<p class=\"ng-star-inserted\" style=\"padding-left: 40px;\"><span class=\"ng-star-inserted\" style=\"color: #000000;\">Dabei wird ein blauer Diodenlaser verwendet, dessen Wellenl\u00e4nge von diesen reflektierenden Materialien stark absorbiert wird. Der blaue Laser w\u00e4rmt das Schwei\u00dfbad vor und stabilisiert es, so dass eine gleichm\u00e4\u00dfige Schmelze entsteht. Der zentrale Hochleistungs-Infrarot-Faserlaser sorgt dann f\u00fcr einen tiefen, stabilen Einbrand. Diese Technologie mit zwei Wellenl\u00e4ngen f\u00fchrt zu einem wesentlich stabileren Prozess, der sch\u00f6ne, spritzerfreie Schwei\u00dfn\u00e4hte mit minimalen Defekten erzeugt und damit zu einem unverzichtbaren Werkzeug f\u00fcr die Batterieherstellung und Anwendungen in der Elektromobilit\u00e4t wird.<\/span><\/p>\n<h2 class=\"section-title\"><strong><span style=\"color: #477ff6;\">\u25b8 Produktmerkmale<\/span><\/strong><\/h2>\n<hr class=\"blue-line\" \/>\n<h3><\/h3>\n<ul class=\"ng-star-inserted\">\n<li class=\"ng-star-inserted\">\n<p class=\"ng-star-inserted\"><span style=\"color: #000000;\"><strong class=\"ng-star-inserted\"><span class=\"ng-star-inserted\">\u2705 Einzigartiger Vorteil der doppelten Wellenl\u00e4nge:<\/span><\/strong><span class=\"ng-star-inserted\">\u00a0<\/span><\/span><\/p>\n<\/li>\n<li class=\"ng-star-inserted\">\n<p class=\"ng-star-inserted\"><span class=\"ng-star-inserted\" style=\"color: #000000;\">Kombiniert eine blaue Diode und einen Infrarot-Faserlaser zur \u00dcberwindung der Reflektivit\u00e4t und erm\u00f6glicht stabiles, hochwertiges Schwei\u00dfen von Kupfer und Aluminium.<\/span><\/p>\n<\/li>\n<li class=\"ng-star-inserted\">\n<p class=\"ng-star-inserted\"><span style=\"color: #000000;\"><strong class=\"ng-star-inserted\"><span class=\"ng-star-inserted\">\u2705 Reduziert Schwei\u00dffehler und Spritzer:<\/span><\/strong><span class=\"ng-star-inserted\">\u00a0<\/span><\/span><\/p>\n<\/li>\n<li class=\"ng-star-inserted\">\n<p class=\"ng-star-inserted\"><span class=\"ng-star-inserted\" style=\"color: #000000;\">Das stabilisierte Schwei\u00dfbad verhindert praktisch Spritzer und reduziert die Porosit\u00e4t, was zu st\u00e4rkeren, saubereren und zuverl\u00e4ssigeren Schwei\u00dfn\u00e4hten f\u00fchrt.<\/span><\/p>\n<\/li>\n<li class=\"ng-star-inserted\">\n<p class=\"ng-star-inserted\"><span style=\"color: #000000;\"><strong class=\"ng-star-inserted\"><span class=\"ng-star-inserted\">\u2705 Ideal f\u00fcr die Herstellung von Elektrofahrzeugen und Batterien:<\/span><\/strong><span class=\"ng-star-inserted\">\u00a0<\/span><\/span><\/p>\n<\/li>\n<li class=\"ng-star-inserted\">\n<p class=\"ng-star-inserted\"><span class=\"ng-star-inserted\" style=\"color: #000000;\">Das perfekte Werkzeug zum Schwei\u00dfen von Batteriesammelschienen, Laschen, Folien und anderen Kupfer\/Aluminium-Komponenten in der Elektrofahrzeug- und Energiespeicherindustrie.<\/span><\/p>\n<\/li>\n<li class=\"ng-star-inserted\">\n<p class=\"ng-star-inserted\"><span style=\"color: #000000;\"><strong class=\"ng-star-inserted\"><span class=\"ng-star-inserted\">Hochgradig staubdicht und wartungsfreundlich:<\/span><\/strong><span class=\"ng-star-inserted\">\u00a0<\/span><\/span><\/p>\n<\/li>\n<li class=\"ng-star-inserted\">\n<p class=\"ng-star-inserted\"><span class=\"ng-star-inserted\" style=\"color: #000000;\">Die robuste, staubdichte Konstruktion sch\u00fctzt die komplexe Optik und die modulare Bauweise erm\u00f6glicht eine einfache Wartung.<\/span><\/p>\n<\/li>\n<li class=\"ng-star-inserted\">\n<p class=\"ng-star-inserted\"><span style=\"color: #000000;\"><strong class=\"ng-star-inserted\"><span class=\"ng-star-inserted\">\u2705 Flexibles optionales Zubeh\u00f6r:<\/span><\/strong><span class=\"ng-star-inserted\">\u00a0<\/span><\/span><\/p>\n<\/li>\n<li class=\"ng-star-inserted\">\n<p class=\"ng-star-inserted\"><span class=\"ng-star-inserted\" style=\"color: #000000;\">Kann mit roten\/blauen Positionslichtern, einer CCD-Kamera zur pr\u00e4zisen Nahtverfolgung, einem externen Display und einem Luftmesser zur Rauchabsaugung ausgestattet werden.<\/span><\/p>\n<\/li>\n<\/ul>\n<p>&nbsp;<\/p>\n<h2 class=\"section-title\"><strong><span style=\"color: #477ff6;\">\u25b8 Produktparameter<\/span><\/strong><\/h2>\n<hr class=\"blue-line\" \/>\n<p>&nbsp;<\/p>\n<table width=\"989\">\n<tbody>\n<tr>\n<td width=\"601\"><span style=\"color: #000000;\"><strong>Modell<\/strong><\/span><\/td>\n<td width=\"387\"><span style=\"color: #000000;\">FW406<\/span><\/td>\n<\/tr>\n<tr>\n<td width=\"601\"><span style=\"color: #000000;\"><strong>Maximale Laserleistung<\/strong><\/span><\/td>\n<td width=\"387\"><span style=\"color: #000000;\">\u22644kW<\/span><\/td>\n<\/tr>\n<tr>\n<td width=\"601\"><span style=\"color: #000000;\"><strong>Kollimationsbrennweite f\u00fcr Halbleiter<\/strong><\/span><\/td>\n<td width=\"387\"><span style=\"color: #000000;\">60\/90 mm<\/span><\/td>\n<\/tr>\n<tr>\n<td width=\"601\"><span style=\"color: #000000;\"><strong>Fokussierung Brennweite<\/strong><\/span><\/td>\n<td width=\"387\"><span style=\"color: #000000;\">180\/200\/250mm<\/span><\/td>\n<\/tr>\n<tr>\n<td width=\"601\"><span style=\"color: #000000;\"><strong>Effektive lichte Apertur (Halbleiter)<\/strong><\/span><\/td>\n<td width=\"387\"><span style=\"color: #000000;\">\u03c642mm<\/span><\/td>\n<\/tr>\n<tr>\n<td width=\"601\"><span style=\"color: #000000;\"><strong>Brennweite der Faserkollimation<\/strong><\/span><\/td>\n<td width=\"387\"><span style=\"color: #000000;\">100\/150mm<\/span><\/td>\n<\/tr>\n<tr>\n<td width=\"601\"><span style=\"color: #000000;\"><strong>Effektive Apertur (Faser)<\/strong><\/span><\/td>\n<td width=\"387\"><span style=\"color: #000000;\">\u03c632mm<\/span><\/td>\n<\/tr>\n<tr>\n<td width=\"601\"><span style=\"color: #000000;\"><strong>K\u00fchlwasser<\/strong><\/span><\/td>\n<td width=\"387\"><span style=\"color: #000000;\">0,5MPa,2L\/min<\/span><\/td>\n<\/tr>\n<tr>\n<td width=\"601\"><span style=\"color: #000000;\"><strong>Faserschnittstelle<\/strong><\/span><\/td>\n<td width=\"387\"><span style=\"color: #000000;\">QBH<\/span><\/td>\n<\/tr>\n<tr>\n<td width=\"601\"><span style=\"color: #000000;\"><strong>Gewicht<\/strong><\/span><\/td>\n<td width=\"387\"><span style=\"color: #000000;\">\u22648kg<\/span><\/td>\n<\/tr>\n<\/tbody>\n<\/table>\n<p>&nbsp;<\/p>\n<p>&nbsp;<\/p>\n<p>&nbsp;<\/p>","protected":false},"excerpt":{"rendered":"<p><span style=\"color: #000000;\">Revolutionieren Sie Ihr Schwei\u00dfen von stark reflektierenden Materialien mit dem Han's Focus FW406 Composite-Schwei\u00dfkopf. Durch die Kombination von zwei Laserwellenl\u00e4ngen - einem blauen Diodenlaser und einem Kernfaserlaser - reduziert dieser Kopf Spritzer und Schwei\u00dffehler bei der Arbeit mit Kupfer, Aluminium und anderen anspruchsvollen Metallen drastisch. Er ist die ultimative L\u00f6sung f\u00fcr hocheffizientes Schwei\u00dfen in der Batterie-, EV- und Elektronikindustrie.<\/span><\/p>","protected":false},"featured_media":749,"template":"","meta":[],"product_brand":[],"product_cat":[38],"product_tag":[],"class_list":{"0":"post-696","1":"product","2":"type-product","3":"status-publish","4":"has-post-thumbnail","6":"product_cat-laser-welding-head","8":"first","9":"instock","10":"shipping-taxable","11":"product-type-simple"},"_links":{"self":[{"href":"https:\/\/shiguanglaser.com\/de\/wp-json\/wp\/v2\/product\/696","targetHints":{"allow":["GET"]}}],"collection":[{"href":"https:\/\/shiguanglaser.com\/de\/wp-json\/wp\/v2\/product"}],"about":[{"href":"https:\/\/shiguanglaser.com\/de\/wp-json\/wp\/v2\/types\/product"}],"wp:featuredmedia":[{"embeddable":true,"href":"https:\/\/shiguanglaser.com\/de\/wp-json\/wp\/v2\/media\/749"}],"wp:attachment":[{"href":"https:\/\/shiguanglaser.com\/de\/wp-json\/wp\/v2\/media?parent=696"}],"wp:term":[{"taxonomy":"product_brand","embeddable":true,"href":"https:\/\/shiguanglaser.com\/de\/wp-json\/wp\/v2\/product_brand?post=696"},{"taxonomy":"product_cat","embeddable":true,"href":"https:\/\/shiguanglaser.com\/de\/wp-json\/wp\/v2\/product_cat?post=696"},{"taxonomy":"product_tag","embeddable":true,"href":"https:\/\/shiguanglaser.com\/de\/wp-json\/wp\/v2\/product_tag?post=696"}],"curies":[{"name":"wp","href":"https:\/\/api.w.org\/{rel}","templated":true}]}}