{"id":634,"date":"2025-06-07T20:24:36","date_gmt":"2025-06-07T20:24:36","guid":{"rendered":"https:\/\/shiguanglaser.com\/?post_type=product&#038;p=634"},"modified":"2025-07-03T18:04:59","modified_gmt":"2025-07-03T18:04:59","slug":"fw120-high-power-intelligent-welding-head","status":"publish","type":"product","link":"https:\/\/shiguanglaser.com\/de\/fw120-high-power-intelligent-welding-head\/","title":{"rendered":"FW120 Intelligenter Hochleistungs-Schwei\u00dfkopf"},"content":{"rendered":"<h2 class=\"section-title\"><span style=\"color: #477ff6;\"><strong>\u25b8 Produkteinf\u00fchrung<\/strong><\/span><\/h2>\n<hr class=\"blue\" \/>\n<p>&nbsp;<\/p>\n<p class=\"p1\"><span style=\"color: #000000;\">Die <span class=\"s1\"><b>FW120 Intelligenter Hochleistungs-Schwei\u00dfkopf<\/b><\/span> wurde entwickelt, um die Hochleistungsanforderungen moderner Laserschwei\u00dfanwendungen zu erf\u00fcllen. Durch einen optimierten optischen Pfad erreicht der FW120 eine hervorragende Strahlqualit\u00e4t und erm\u00f6glicht eine maximale Laserleistung von bis zu <span class=\"s1\"><b>20kW<\/b><\/span>Dadurch eignet er sich f\u00fcr schwere industrielle Aufgaben in der Automobilindustrie, im Schiffbau, in der Luft- und Raumfahrt und in gro\u00dfen Metallverarbeitungsbetrieben.<\/span><\/p>\n<p class=\"p1\"><span style=\"color: #000000;\">Dieser Schwei\u00dfkopf bietet <span class=\"s1\"><b>intelligente \u00dcberwachung<\/b><\/span> Technologie, die kontinuierlich die Temperatur und die Betriebsbedingungen der internen optischen Linsen \u00fcberwacht. Der Echtzeit-Status wird durch Anzeigeleuchten visualisiert, so dass die Bediener Anomalien fr\u00fchzeitig erkennen und eine zuverl\u00e4ssige Leistung bei langen Hochleistungsschwei\u00dfvorg\u00e4ngen gew\u00e4hrleisten k\u00f6nnen.<\/span><\/p>\n<p class=\"p1\"><span style=\"color: #000000;\">Ein wesentlicher Vorteil des FW120 ist seine <span class=\"s1\"><b>hochgradig staubdichte Konstruktion<\/b><\/span>Dadurch wird verhindert, dass Staub direkt auf die Optik f\u00e4llt, was die Lebensdauer des Objektivs erheblich verl\u00e4ngert und die Haltbarkeit des Systems verbessert. Sein <span class=\"s1\"><b>modulare, leichte Konstruktion<\/b><\/span> erleichtert die Wartung und minimiert die Ausfallzeiten, was den Herstellern hilft, die langfristigen Betriebskosten zu senken.<\/span><\/p>\n<p class=\"p1\"><span style=\"color: #000000;\">Was die Flexibilit\u00e4t betrifft, so unterst\u00fctzt das FW120 eine breite Palette von kollimierten und fokussierten Brennweiten, darunter <span class=\"s1\"><b>100\/150\/200mm kollimiert<\/b><\/span> und <span class=\"s1\"><b>200\/250\/300\/400mm Fokussierungsobjektive<\/b><\/span>, mit einer <span class=\"s1\"><b>maximale effektive Blende von \u03d548mm<\/b><\/span>. Es unterst\u00fctzt <span class=\"s1\"><b>Q+ und QD Faserschnittstellen<\/b><\/span>und gew\u00e4hrleistet die Kompatibilit\u00e4t mit den f\u00fchrenden Laserquellen auf dem Markt.<\/span><\/p>\n<p class=\"p1\"><span style=\"color: #000000;\">Fortschrittliche Wasserk\u00fchlung mit einer Durchflussmenge von <span class=\"s1\"><b>2L\/min bei 0,5MPa<\/b><\/span> h\u00e4lt das System thermisch stabil, auch bei Dauerbetrieb mit hoher Leistung. Optionales Zubeh\u00f6r wie <span class=\"s1\"><b>CCD-Kamera-Integration, seitliches Ausblasen, koaxiales Ausblasen von Luft und Rot\/Blau-Lichtleitmodule<\/b><\/span> bieten weitere Anpassungsm\u00f6glichkeiten an die spezifischen Schwei\u00dfanforderungen.<\/span><\/p>\n<p class=\"p1\"><span style=\"color: #000000;\">Wiegen <span class=\"s1\"><b>\u22647kg<\/b><\/span>Die FW120 ist ideal f\u00fcr roboter- und portalmontierte Anwendungen. Sie bietet eine intelligente, kompakte und robuste L\u00f6sung, die Leistung, Intelligenz und einfache Integration vereint und damit die erste Wahl f\u00fcr industrielle Schwei\u00dfl\u00f6sungen der n\u00e4chsten Generation ist.<\/span><\/p>\n<p>&nbsp;<\/p>\n<p><!-- Product Features --><\/p>\n<h2 class=\"section-title\"><strong><span style=\"color: #477ff6;\">\u25b8 Produktmerkmale<\/span><\/strong><\/h2>\n<hr class=\"blue\" \/>\n<h3><\/h3>\n<h3><span style=\"color: #000000;\"><b>\u2705 Ultrahohe Leistung<\/b><\/span><\/h3>\n<p><span style=\"color: #000000;\">Optimiertes optisches Design kann die beste optische Leistung erzielen <\/span><span style=\"color: #000000;\">Qualit\u00e4t und die maximale Leistung kann 20 kW erreichen<\/span><\/p>\n<h3><span style=\"color: #000000;\"><b>\u2705 Intelligente \u00dcberwachung<\/b><\/span><\/h3>\n<p><span style=\"color: #000000;\">\u00dcberwacht die Temperatur der einzelnen Linsen und anderer <\/span><span style=\"color: #000000;\">Bedingungen und zeigt den Arbeitsstatus der Schwei\u00dfanlage an <\/span><span style=\"color: #000000;\">Kopf durch Blinkleuchten<\/span><\/p>\n<h3><span style=\"color: #000000;\"><b>\u2705 Hochgradig staubdicht<\/b><\/span><\/h3>\n<p><span style=\"color: #000000;\">Wirksam verhindern, dass Staub direkt auf den Boden f\u00e4llt und <\/span><span style=\"color: #000000;\">Besch\u00e4digung des Objektivs, Verl\u00e4ngerung der Nutzungsdauer<\/span><\/p>\n<h3><span style=\"color: #000000;\"><b>\u2705 Einfache Wartung<\/b><\/span><\/h3>\n<p><span style=\"color: #000000;\">Modulares und leichtes Design, einfache Wartung<\/span><\/p>\n<h3><span style=\"color: #000000;\"><b>\u2705 Optionales Zubeh\u00f6r<\/b><\/span><\/h3>\n<p><span style=\"color: #000000;\">Positionierung des roten Lichts, externes blaues Licht, koaxial <\/span><span style=\"color: #000000;\">Luftgebl\u00e4se, Seitengebl\u00e4se, CCD-Kamera, Display<\/span><\/p>\n<p>&nbsp;<\/p>\n<p>&nbsp;<\/p>\n<p><!-- Product Parameters --><\/p>\n<h2 class=\"section-title\"><strong><span style=\"color: #477ff6;\">\u25b8 Produktparameter<\/span><\/strong><\/h2>\n<hr class=\"blue\" \/>\n<p>&nbsp;<\/p>\n<table>\n<thead>\n<tr>\n<th>\n<p class=\"p1\"><span style=\"color: #000000;\"><b>Spezifikation<\/b><\/span><\/p>\n<\/th>\n<th>\n<p class=\"p1\"><span style=\"color: #000000;\"><b>Wert<\/b><\/span><\/p>\n<\/th>\n<\/tr>\n<\/thead>\n<tbody>\n<tr>\n<td>\n<p class=\"p1\"><span style=\"color: #000000;\"><b>Maximale Laserleistung<\/b><\/span><\/p>\n<\/td>\n<td>\n<p class=\"p1\"><span style=\"color: #000000;\">\u226420kW<\/span><\/p>\n<\/td>\n<\/tr>\n<tr>\n<td>\n<p class=\"p1\"><span style=\"color: #000000;\"><b>Kollimierte Brennweite<\/b><\/span><\/p>\n<\/td>\n<td>\n<p class=\"p1\"><span style=\"color: #000000;\">100\/150\/200mm<\/span><\/p>\n<\/td>\n<\/tr>\n<tr>\n<td>\n<p class=\"p1\"><span style=\"color: #000000;\"><b>Fokussierung Brennweite<\/b><\/span><\/p>\n<\/td>\n<td>\n<p class=\"p1\"><span style=\"color: #000000;\">200\/250\/300\/400mm<\/span><\/p>\n<\/td>\n<\/tr>\n<tr>\n<td>\n<p class=\"p1\"><span style=\"color: #000000;\"><b>Maximale wirksame Blende<\/b><\/span><\/p>\n<\/td>\n<td>\n<p class=\"p1\"><span style=\"color: #000000;\">\u03d548mm<\/span><\/p>\n<\/td>\n<\/tr>\n<tr>\n<td>\n<p class=\"p1\"><span style=\"color: #000000;\"><b>K\u00fchlung Wasser<\/b><\/span><\/p>\n<\/td>\n<td>\n<p class=\"p1\"><span style=\"color: #000000;\">0,5MPa, 2L\/min<\/span><\/p>\n<\/td>\n<\/tr>\n<tr>\n<td>\n<p class=\"p1\"><span style=\"color: #000000;\"><b>Faserschnittstelle<\/b><\/span><\/p>\n<\/td>\n<td>\n<p class=\"p1\"><span style=\"color: #000000;\">Q+, QD<\/span><\/p>\n<\/td>\n<\/tr>\n<tr>\n<td>\n<p class=\"p1\"><span style=\"color: #000000;\"><b>Gewicht<\/b><\/span><\/p>\n<\/td>\n<td>\n<p class=\"p1\"><span style=\"color: #000000;\">\u22647kg<\/span><\/p>\n<\/td>\n<\/tr>\n<\/tbody>\n<\/table>\n<p>&nbsp;<\/p>\n<p>&nbsp;<\/p>","protected":false},"excerpt":{"rendered":"<p class=\"p1\"><span style=\"color: #000000;\">Der intelligente Hochleistungsschwei\u00dfkopf FW120 liefert bis zu 20 kW Laserleistung mit optimierter Optik f\u00fcr eine hervorragende Strahlqualit\u00e4t. Er verf\u00fcgt \u00fcber eine Echtzeit-Temperatur\u00fcberwachung, ein staubdichtes Design zum Schutz der Optik und einen modularen Aufbau f\u00fcr eine einfache Wartung. Mit kollimierten Brennweiten von 100\/150\/200 mm, Fokussierungsoptionen bis 400 mm und einer Apertur von \u03d548 mm unterst\u00fctzt er Q+ und QD-Faserschnittstellen. Eine effiziente K\u00fchlung (0,5MPa, 2L\/min) sorgt f\u00fcr Stabilit\u00e4t. Optionales Zubeh\u00f6r wie CCD-Kameras, Luftgebl\u00e4se und F\u00fchrungslichter machen es f\u00fcr industrielle und robotergest\u00fctzte Schwei\u00dfanwendungen \u00e4u\u00dferst anpassungsf\u00e4hig.<\/span><\/p>","protected":false},"featured_media":635,"template":"","meta":[],"product_brand":[],"product_cat":[38,23],"product_tag":[],"class_list":{"0":"post-634","1":"product","2":"type-product","3":"status-publish","4":"has-post-thumbnail","6":"product_cat-laser-welding-head","7":"product_cat-laser-machine","9":"first","10":"instock","11":"shipping-taxable","12":"product-type-simple"},"_links":{"self":[{"href":"https:\/\/shiguanglaser.com\/de\/wp-json\/wp\/v2\/product\/634","targetHints":{"allow":["GET"]}}],"collection":[{"href":"https:\/\/shiguanglaser.com\/de\/wp-json\/wp\/v2\/product"}],"about":[{"href":"https:\/\/shiguanglaser.com\/de\/wp-json\/wp\/v2\/types\/product"}],"wp:featuredmedia":[{"embeddable":true,"href":"https:\/\/shiguanglaser.com\/de\/wp-json\/wp\/v2\/media\/635"}],"wp:attachment":[{"href":"https:\/\/shiguanglaser.com\/de\/wp-json\/wp\/v2\/media?parent=634"}],"wp:term":[{"taxonomy":"product_brand","embeddable":true,"href":"https:\/\/shiguanglaser.com\/de\/wp-json\/wp\/v2\/product_brand?post=634"},{"taxonomy":"product_cat","embeddable":true,"href":"https:\/\/shiguanglaser.com\/de\/wp-json\/wp\/v2\/product_cat?post=634"},{"taxonomy":"product_tag","embeddable":true,"href":"https:\/\/shiguanglaser.com\/de\/wp-json\/wp\/v2\/product_tag?post=634"}],"curies":[{"name":"wp","href":"https:\/\/api.w.org\/{rel}","templated":true}]}}