{"id":629,"date":"2025-06-07T20:06:00","date_gmt":"2025-06-07T20:06:00","guid":{"rendered":"https:\/\/shiguanglaser.com\/?post_type=product&#038;p=629"},"modified":"2025-07-03T18:04:49","modified_gmt":"2025-07-03T18:04:49","slug":"h-series-economical-3d-laser-tube-cutting-machine","status":"publish","type":"product","link":"https:\/\/shiguanglaser.com\/de\/h-series-economical-3d-laser-tube-cutting-machine\/","title":{"rendered":"H-Serie kosteng\u00fcnstige 3D-Laser-Rohrschneidemaschine"},"content":{"rendered":"<h2 class=\"section-title\"><span style=\"color: #477ff6;\"><strong>\u25b8 Produkteinf\u00fchrung<\/strong><\/span><\/h2>\n<hr class=\"blue-line\" \/>\n<p>&nbsp;<\/p>\n<p style=\"padding-left: 40px;\"><span style=\"color: #000000;\"><strong>H-Serie Faserlaser-Rohrschneidemaschine<\/strong>\u00a0bietet Pr\u00e4zision in Industriequalit\u00e4t zu einem g\u00fcnstigen Preis. <\/span><\/p>\n<p style=\"padding-left: 40px;\"><span style=\"color: #000000;\">Dieser 3D-Laserschneider wurde f\u00fcr Werkst\u00e4tten und mittelgro\u00dfe Produktionsbetriebe entwickelt und verarbeitet\u00a0<strong>runde Rohre <\/strong><\/span><\/p>\n<p style=\"padding-left: 40px;\"><span style=\"color: #000000;\"><strong>(\u03a620-245mm)<\/strong>,\u00a0<strong>quadratische\/rechteckige Rohre (20\u00d720-245x245mm)<\/strong>und\u00a0<strong>ovale Rohre<\/strong>\u00a0mit einer Genauigkeit von \u00b10,5 mm.<\/span><\/p>\n<p>&nbsp;<\/p>\n<h2 class=\"section-title\"><strong><span style=\"color: #477ff6;\">\u25b8 Produktmerkmale<\/span><\/strong><\/h2>\n<hr class=\"blue-line\" \/>\n<p>&nbsp;<\/p>\n<p style=\"padding-left: 40px;\">\u2705\u00a0<span style=\"color: #000000;\"><strong>Multimaterial-Kompatibilit\u00e4t<\/strong>: Schneidet Rohre aus Edelstahl, Kohlenstoffstahl, Aluminium, Kupfer und Eisen.<\/span><\/p>\n<p style=\"padding-left: 40px;\"><span style=\"color: #000000;\">\u2705\u00a0<strong>Ultra-Short Tailings<\/strong>: \u226460mm Schrottreduktion maximiert die Materialausnutzung.<\/span><\/p>\n<p style=\"padding-left: 40px;\"><span style=\"color: #000000;\">\u2705\u00a0<strong>Gro\u00dfformatige Kapazit\u00e4t<\/strong>: Verarbeitet Rohre bis zu einer L\u00e4nge von 6.500 mm.<\/span><\/p>\n<p style=\"padding-left: 40px;\"><span style=\"color: #000000;\">\u2705\u00a0<strong>3D Beweglicher Schneidkopf<\/strong>: Bearbeitet komplexe Konturen und schr\u00e4ge Merkmale.<\/span><\/p>\n<p style=\"padding-left: 40px;\"><span style=\"color: #000000;\">\u2705\u00a0<strong>Flexibilit\u00e4t bei der Stromversorgung<\/strong>: 1000W-6000W Laseroptionen (Faserquelle).<\/span><\/p>\n<p style=\"padding-left: 40px;\"><span style=\"color: #000000;\"><strong>\u2705 Kosteng\u00fcnstig: <\/strong>30% niedrigere Betriebskosten im Vergleich zu herk\u00f6mmlichen Methoden.<\/span><\/p>\n<p>&nbsp;<\/p>\n<h2 class=\"section-title\"><strong><span style=\"color: #477ff6;\">\u25b8 Produktparameter<\/span><\/strong><\/h2>\n<hr \/>\n<p>&nbsp;<\/p>\n<table style=\"height: 376px;\" width=\"985\">\n<tbody>\n<tr>\n<td style=\"padding-left: 40px;\" width=\"533\"><strong><span style=\"color: #000000;\">Modell<\/span><\/strong><\/td>\n<td style=\"padding-left: 40px;\" colspan=\"2\" width=\"903\"><span style=\"color: #000000;\">H-H16\/H24<\/span><\/td>\n<\/tr>\n<tr style=\"padding-left: 40px;\">\n<td style=\"padding-left: 40px;\" width=\"533\"><strong><span style=\"color: #000000;\">Laserleistung<\/span><\/strong><\/td>\n<td style=\"padding-left: 40px;\" colspan=\"2\" width=\"903\"><span style=\"color: #000000;\">1000-6000W(wahlweise)<\/span><\/td>\n<\/tr>\n<tr style=\"padding-left: 40px;\">\n<td style=\"padding-left: 40px;\" width=\"533\"><strong><span style=\"color: #000000;\">Pr\u00e4zision in der Verarbeitung<\/span><\/strong><\/td>\n<td style=\"padding-left: 40px;\" colspan=\"2\" width=\"903\"><span style=\"color: #000000;\">\u00b10,5 mm<\/span><\/td>\n<\/tr>\n<tr style=\"padding-left: 40px;\">\n<td style=\"padding-left: 40px;\" width=\"533\"><strong><span style=\"color: #000000;\">L\u00e4nge des Auslaufs<\/span><\/strong><\/td>\n<td style=\"padding-left: 40px;\" colspan=\"2\" width=\"903\"><span style=\"color: #000000;\">\u226460mm<\/span><\/td>\n<\/tr>\n<tr style=\"padding-left: 40px;\">\n<td style=\"padding-left: 40px;\" width=\"533\"><strong><span style=\"color: #000000;\">Abmessungen der Ausr\u00fcstung<\/span><\/strong><\/td>\n<td style=\"padding-left: 40px;\" colspan=\"2\" width=\"903\"><span style=\"color: #000000;\">\u22489200x2900x2100mm<\/span><\/td>\n<\/tr>\n<tr style=\"padding-left: 40px;\">\n<td style=\"padding-left: 40px;\" width=\"533\"><strong><span style=\"color: #000000;\">Schneiddurchmesser von Rundrohr<\/span><\/strong><\/td>\n<td style=\"padding-left: 40px;\" colspan=\"2\" width=\"903\"><span style=\"color: #000000;\">\u03a620~245mm<\/span><\/td>\n<\/tr>\n<tr style=\"padding-left: 40px;\">\n<td style=\"padding-left: 40px;\" width=\"533\"><strong><span style=\"color: #000000;\">Schnittdurchmesser von Vierkantrohr<\/span><\/strong><\/td>\n<td style=\"padding-left: 40px;\" colspan=\"2\" width=\"903\"><span style=\"color: #000000;\">20*20mm~245*245mm<\/span><\/td>\n<\/tr>\n<tr style=\"padding-left: 40px;\">\n<td style=\"padding-left: 40px;\" width=\"533\"><strong><span style=\"color: #000000;\">Maximale L\u00e4nge des bearbeiteten Rohrs<\/span><\/strong><\/td>\n<td style=\"padding-left: 40px;\" colspan=\"2\" width=\"903\"><span style=\"color: #000000;\">\u22646500mm<\/span><\/td>\n<\/tr>\n<tr style=\"padding-left: 40px;\">\n<td style=\"padding-left: 40px;\" width=\"533\"><strong><span style=\"color: #000000;\">Material schneiden<\/span><\/strong><\/td>\n<td style=\"padding-left: 40px;\" colspan=\"2\" width=\"903\"><span style=\"color: #000000;\">Rostfreier Stahl, Kohlenstoffstahl, Aluminium, Kupfer, Eisen<\/span><\/td>\n<\/tr>\n<tr style=\"padding-left: 40px;\">\n<td style=\"padding-left: 40px;\" width=\"533\"><strong><span style=\"color: #000000;\">Schneidrohr Typ<\/span><\/strong><\/td>\n<td style=\"padding-left: 40px;\" colspan=\"2\" width=\"903\"><span style=\"color: #000000;\">Rundes Rohr, Quadratisches Rohr, Rechteckiges Rohr, Taillenf\u00f6rmiges Rohr<\/span><\/td>\n<\/tr>\n<\/tbody>\n<\/table>\n<p>&nbsp;<\/p>\n<p><span style=\"color: #000000;\"><strong>&gt; <span style=\"color: #000000;\">Anwendungen:<\/span><\/strong><\/span><\/p>\n<p>&nbsp;<\/p>\n<ul>\n<li><span style=\"color: #000000;\"><strong>\u25c6Strukturstahlrahmen und Gel\u00e4nder<\/strong><\/span><\/li>\n<\/ul>\n<p>&nbsp;<\/p>\n<ul>\n<li><span style=\"color: #000000;\"><strong>\u25c6Automobilauspuffanlagen<\/strong><\/span><\/li>\n<\/ul>\n<p>&nbsp;<\/p>\n<ul>\n<li><span style=\"color: #000000;\"><strong>\u25c6Fertigung von M\u00f6belrohren<\/strong><\/span><\/li>\n<\/ul>\n<p>&nbsp;<\/p>\n<ul>\n<li><span style=\"color: #000000;\"><strong>\u25c6HVAC- und Rohrleitungskomponenten<\/strong><\/span><\/li>\n<\/ul>\n<p>&nbsp;<\/p>\n<p>&nbsp;<\/p>","protected":false},"excerpt":{"rendered":"<p><span style=\"color: #000000;\"><strong>H-Serie Faserlaser-Rohrschneider | Wirtschaftliches 3D-Schneiden f\u00fcr runde\/quadratische\/rechteckige Rohre (\u03a620-245mm)<\/strong><\/span><\/p>\n<p><span style=\"color: #000000;\">Kosteng\u00fcnstiger Hochleistungs-Faserlaser-Rohrschneider mit einer Pr\u00e4zision von \u00b10,5 mm, \u226460 mm Restmaterial und einer maximalen Rohrl\u00e4nge von 245 mm. Ideal f\u00fcr Kohlenstoffstahl\/Edelstahl\/Aluminium.<\/span><\/p>","protected":false},"featured_media":1122,"template":"","meta":[],"product_brand":[],"product_cat":[39,23],"product_tag":[],"class_list":{"0":"post-629","1":"product","2":"type-product","3":"status-publish","4":"has-post-thumbnail","6":"product_cat-tube-fiber-laser-cutter","7":"product_cat-laser-machine","9":"first","10":"instock","11":"shipping-taxable","12":"product-type-simple"},"_links":{"self":[{"href":"https:\/\/shiguanglaser.com\/de\/wp-json\/wp\/v2\/product\/629","targetHints":{"allow":["GET"]}}],"collection":[{"href":"https:\/\/shiguanglaser.com\/de\/wp-json\/wp\/v2\/product"}],"about":[{"href":"https:\/\/shiguanglaser.com\/de\/wp-json\/wp\/v2\/types\/product"}],"wp:featuredmedia":[{"embeddable":true,"href":"https:\/\/shiguanglaser.com\/de\/wp-json\/wp\/v2\/media\/1122"}],"wp:attachment":[{"href":"https:\/\/shiguanglaser.com\/de\/wp-json\/wp\/v2\/media?parent=629"}],"wp:term":[{"taxonomy":"product_brand","embeddable":true,"href":"https:\/\/shiguanglaser.com\/de\/wp-json\/wp\/v2\/product_brand?post=629"},{"taxonomy":"product_cat","embeddable":true,"href":"https:\/\/shiguanglaser.com\/de\/wp-json\/wp\/v2\/product_cat?post=629"},{"taxonomy":"product_tag","embeddable":true,"href":"https:\/\/shiguanglaser.com\/de\/wp-json\/wp\/v2\/product_tag?post=629"}],"curies":[{"name":"wp","href":"https:\/\/api.w.org\/{rel}","templated":true}]}}