{"id":624,"date":"2025-06-07T19:46:08","date_gmt":"2025-06-07T19:46:08","guid":{"rendered":"https:\/\/shiguanglaser.com\/?post_type=product&#038;p=624"},"modified":"2025-07-03T18:04:44","modified_gmt":"2025-07-03T18:04:44","slug":"t-series-high-speed-3d-fiber-laser-tube-cutting-machine","status":"publish","type":"product","link":"https:\/\/shiguanglaser.com\/de\/t-series-high-speed-3d-fiber-laser-tube-cutting-machine\/","title":{"rendered":"T-Serie Hochgeschwindigkeits-3D-Faserlaser-Rohrschneidemaschine"},"content":{"rendered":"<h2 class=\"section-title\"><strong><span style=\"color: #477ff6;\">\u25b8 Produkteinf\u00fchrung<\/span><\/strong><\/h2>\n<hr class=\"blue\" \/>\n<h3><\/h3>\n<p class=\"p1\">Die Hochgeschwindigkeits-3D-Faserlaser-Rohrschneidmaschine der T-Serie - die Modelle T9, T9Pro, T12 und T12Pro - ist f\u00fcr das hochpr\u00e4zise Schneiden kleiner bis mittelgro\u00dfer Metallrohre konzipiert. Mit Laserleistungsoptionen von 1000W bis 6000W ist diese Maschine auf die vielf\u00e4ltigen Anforderungen der modernen Fertigung zugeschnitten, von M\u00f6beln und Fitnessger\u00e4ten bis hin zu Automobil- und Luft- und Raumfahrtkomponenten.<\/p>\n<p class=\"p1\">Die T-Serie ist f\u00fcr die Bearbeitung von runden, quadratischen, rechteckigen und taillenf\u00f6rmigen Rohren ausgelegt und unterst\u00fctzt einen effektiven Schnittdurchmesser von \u03a65-120 mm f\u00fcr runde Rohre und 5\u00d75 mm bis 120\u00d7120 mm f\u00fcr quadratische Rohre. Die Maschine bietet au\u00dfergew\u00f6hnliche Flexibilit\u00e4t dank einer maximalen Bearbeitungsl\u00e4nge von \u22646500 mm und einer Restl\u00e4nge von nur 40-60 mm - ideal f\u00fcr die Minimierung des Materialabfalls.<\/p>\n<p class=\"p1\">Das Herzst\u00fcck des Systems ist ein Pr\u00e4zisionsspannfutter, das ultrakurze Nachlaufzeiten gew\u00e4hrleistet, gepaart mit einem beweglichen Frontalspannfutter und einem fortschrittlichen CNC-Steuerungssystem mit Bus-Technologie. Diese Komponenten erm\u00f6glichen eine Ultra-Hochgeschwindigkeitsbearbeitung mit einer Bearbeitungsgenauigkeit von \u00b10,15 mm bei allen kompatiblen Materialien, einschlie\u00dflich Edelstahl, Kohlenstoffstahl, Aluminium, Kupfer und Eisen.<\/p>\n<p class=\"p1\">Was die T-Serie besonders produktionsfreundlich macht, ist ihre optimierte Ladestruktur, die eine extrem kurze Materialladezeit erm\u00f6glicht und den Durchsatz maximiert. Die Abmessungen des Ger\u00e4ts (ca. 9400\u00d72400\u00d72300 mm) sind kompakt genug, um in Standard-Industriehallen Platz zu finden, bieten aber dennoch F\u00e4higkeiten auf Industrieniveau.<\/p>\n<p class=\"p1\">Diese All-in-One-L\u00f6sung liefert nicht nur saubere, schnelle und konsistente Schnitte, sondern reduziert auch die Einrichtungszeit und die Betriebskosten drastisch, was sie zu einem \u00e4u\u00dferst kosteneffizienten Werkzeug f\u00fcr Rohrschneideanwendungen macht. Ganz gleich, ob Sie Ihre Produktion erh\u00f6hen oder von manuellen Prozessen aufr\u00fcsten m\u00f6chten, die T-Serie hilft Ihnen, Ihre Arbeitsabl\u00e4ufe zu rationalisieren, ohne Kompromisse bei Qualit\u00e4t oder Geschwindigkeit einzugehen.<\/p>\n<h2 class=\"section-title\"><strong><span style=\"color: #477ff6;\">\u25b8 Produktmerkmale<\/span><\/strong><\/h2>\n<hr class=\"blue\" \/>\n<h3><\/h3>\n<ul>\n<li>\n<p class=\"p1\"><span class=\"s1\"><b>Optionen f\u00fcr die Laserleistung:<\/b><\/span> 1000W bis 6000W (optional)<\/p>\n<\/li>\n<li>\n<p class=\"p1\"><b>Pr\u00e4zision beim Schneiden:<\/b><span class=\"s1\"> \u00b10,15mm<\/span><\/p>\n<\/li>\n<li>\n<p class=\"p1\"><b>Maximale Rohrl\u00e4nge:<\/b><span class=\"s1\"> \u22646500mm<\/span><\/p>\n<\/li>\n<li>\n<p class=\"p1\"><span class=\"s1\"><b>Schnittbereich:<\/b><\/span> \u03a65-120mm (Rund), 5\u00d75mm-120\u00d7120mm (Quadratisch)<\/p>\n<\/li>\n<li>\n<p class=\"p1\"><span class=\"s1\"><b>Unterst\u00fctzte Rohrtypen:<\/b><\/span> Rund, Quadratisch, Rechteckig, Taillenf\u00f6rmig<\/p>\n<\/li>\n<li>\n<p class=\"p1\"><span class=\"s1\"><b>Unterst\u00fctzte Materialien:<\/b><\/span> Rostfreier Stahl, Kohlenstoffstahl, Aluminium, Kupfer, Eisen<\/p>\n<\/li>\n<li>\n<p class=\"p1\"><b>Kompakte Ausr\u00fcstung Gr\u00f6\u00dfe:<\/b><span class=\"s1\"> \u22489400\u00d72400\u00d72300mm<\/span><\/p>\n<\/li>\n<li>\n<p class=\"p1\"><span class=\"s1\"><b>CNC-Steuerungssystem:<\/b><\/span> Bus-Typ f\u00fcr schnelle Reaktion und Stabilit\u00e4t<\/p>\n<\/li>\n<\/ul>\n<h2 class=\"section-title\"><strong><span style=\"color: #477ff6;\">\u25b8 Produktparameter<\/span><\/strong><\/h2>\n<hr class=\"blue\" \/>\n<p>&nbsp;<\/p>\n<table>\n<thead>\n<tr>\n<th>\n<p class=\"p1\"><b>Modell<\/b><\/p>\n<\/th>\n<th>\n<p class=\"p1\"><b>T-T9\/T9Pro\/T12\/T12pro<\/b><\/p>\n<\/th>\n<\/tr>\n<\/thead>\n<tbody>\n<tr>\n<td>\n<p class=\"p1\"><b>Laserleistung<\/b><\/p>\n<\/td>\n<td>\n<p class=\"p1\">1000-6000W(wahlweise)<\/p>\n<\/td>\n<\/tr>\n<tr>\n<td>\n<p class=\"p1\"><b>Pr\u00e4zision in der Verarbeitung<\/b><\/p>\n<\/td>\n<td>\n<p class=\"p1\">\u00b10,15mm<\/p>\n<\/td>\n<\/tr>\n<tr>\n<td>\n<p class=\"p1\"><b>L\u00e4nge des Auslaufs<\/b><\/p>\n<\/td>\n<td>\n<p class=\"p1\">40~60mm<\/p>\n<\/td>\n<\/tr>\n<tr>\n<td>\n<p class=\"p1\"><b>Abmessungen der Ausr\u00fcstung<\/b><\/p>\n<\/td>\n<td>\n<p class=\"p1\">\u22489400x2400x2300mm<\/p>\n<\/td>\n<\/tr>\n<tr>\n<td>\n<p class=\"p1\"><b>Schneiddurchmesser von Rundrohr<\/b><\/p>\n<\/td>\n<td>\n<p class=\"p1\">\u03a65~120mm<\/p>\n<\/td>\n<\/tr>\n<tr>\n<td>\n<p class=\"p1\"><b>Schnittdurchmesser von Vierkantrohr<\/b><\/p>\n<\/td>\n<td>\n<p class=\"p1\">5<i>5mm~120<\/i>120mm<\/p>\n<\/td>\n<\/tr>\n<tr>\n<td>\n<p class=\"p1\"><b>Maximale L\u00e4nge des bearbeiteten Rohrs<\/b><\/p>\n<\/td>\n<td>\n<p class=\"p1\">\u22646500mm<\/p>\n<\/td>\n<\/tr>\n<tr>\n<td>\n<p class=\"p1\"><b>Material schneiden<\/b><\/p>\n<\/td>\n<td>\n<p class=\"p1\">Rostfreier Stahl, Kohlenstoffstahl, Aluminium, Kupfer, Eisen<\/p>\n<\/td>\n<\/tr>\n<tr>\n<td>\n<p class=\"p1\"><b>Schneidrohr Typ<\/b><\/p>\n<\/td>\n<td>\n<p class=\"p1\">Rundes Rohr, Quadratisches Rohr, Rechteckiges Rohr, Taillenf\u00f6rmiges Rohr<\/p>\n<\/td>\n<\/tr>\n<\/tbody>\n<\/table>","protected":false},"excerpt":{"rendered":"<p>Die T9\/T9Pro\/T12\/T12Pro aus der T-Serie ist eine Hochgeschwindigkeits-3D-Faserlaser-Rohrschneidmaschine, die auf Pr\u00e4zision, Geschwindigkeit und Vielseitigkeit ausgelegt ist. Sie unterst\u00fctzt verschiedene Rohrformen - rund, quadratisch, rechteckig und Spezialprofile - mit einem Bearbeitungsdurchmesser von \u03a65-120 mm und einer L\u00e4nge von bis zu 6500 mm. Angetrieben von 1000W bis 6000W Faserlasern erreicht sie eine Pr\u00e4zision von \u00b10,15mm und minimiert den Verschnitt auf nur 40-60mm. Zu den wichtigsten Merkmalen geh\u00f6ren ein bewegliches vorderes Spannfutter, ein ultrakurzer Verschnitt, ein Bus-CNC-System und eine schnelle Ladezeit. Es handelt sich um eine kompakte und dennoch leistungsstarke L\u00f6sung f\u00fcr das effiziente Schneiden von Edelstahl, Aluminium, Kohlenstoffstahl und mehr - perfekt f\u00fcr Hersteller, die eine schnelle Durchlaufzeit und weniger Materialabfall anstreben.<\/p>","protected":false},"featured_media":1120,"template":"","meta":[],"product_brand":[],"product_cat":[39,23],"product_tag":[],"class_list":{"0":"post-624","1":"product","2":"type-product","3":"status-publish","4":"has-post-thumbnail","6":"product_cat-tube-fiber-laser-cutter","7":"product_cat-laser-machine","9":"first","10":"instock","11":"shipping-taxable","12":"product-type-simple"},"_links":{"self":[{"href":"https:\/\/shiguanglaser.com\/de\/wp-json\/wp\/v2\/product\/624","targetHints":{"allow":["GET"]}}],"collection":[{"href":"https:\/\/shiguanglaser.com\/de\/wp-json\/wp\/v2\/product"}],"about":[{"href":"https:\/\/shiguanglaser.com\/de\/wp-json\/wp\/v2\/types\/product"}],"wp:featuredmedia":[{"embeddable":true,"href":"https:\/\/shiguanglaser.com\/de\/wp-json\/wp\/v2\/media\/1120"}],"wp:attachment":[{"href":"https:\/\/shiguanglaser.com\/de\/wp-json\/wp\/v2\/media?parent=624"}],"wp:term":[{"taxonomy":"product_brand","embeddable":true,"href":"https:\/\/shiguanglaser.com\/de\/wp-json\/wp\/v2\/product_brand?post=624"},{"taxonomy":"product_cat","embeddable":true,"href":"https:\/\/shiguanglaser.com\/de\/wp-json\/wp\/v2\/product_cat?post=624"},{"taxonomy":"product_tag","embeddable":true,"href":"https:\/\/shiguanglaser.com\/de\/wp-json\/wp\/v2\/product_tag?post=624"}],"curies":[{"name":"wp","href":"https:\/\/api.w.org\/{rel}","templated":true}]}}