{"id":517,"date":"2025-06-03T19:05:53","date_gmt":"2025-06-03T19:05:53","guid":{"rendered":"https:\/\/shiguanglaser.com\/?post_type=product&#038;p=517"},"modified":"2025-07-07T17:30:37","modified_gmt":"2025-07-07T17:30:37","slug":"rc304-3d-5-axis-fiber-laser-cutting-head","status":"publish","type":"product","link":"https:\/\/shiguanglaser.com\/de\/rc304-3d-5-axis-fiber-laser-cutting-head\/","title":{"rendered":"Han's Focus HRC304 | 3D 5-Achsen-Faserlaserschneidkopf"},"content":{"rendered":"<h2 class=\"section-title\"><span style=\"color: #477ff6;\"><strong>\u25b8 Produkteinf\u00fchrung<\/strong><\/span><\/h2>\n<hr class=\"blue\" \/>\n<p>&nbsp;<\/p>\n<p class=\"ng-star-inserted\" style=\"padding-left: 40px;\"><span class=\"ng-star-inserted\" style=\"color: #000000;\"><strong>Der Fokus der Han HRC304<\/strong> ist ein hochmoderner 3D-5-Achsen-Schneidkopf, der f\u00fcr die Integration in Werkzeugmaschinen zur Durchf\u00fchrung simultaner F\u00fcnf-Achsen-Bewegungen entwickelt wurde. Er eignet sich hervorragend f\u00fcr die Bearbeitung von Stanzteilen, hydrogeformten Komponenten und allen Teilen mit komplexer, nicht ebener Geometrie. Durch den Einsatz eines Direktantriebssystems mit zwei rahmenlosen Torquemotoren f\u00fcr die C- und A-Achse werden die mit herk\u00f6mmlichen Getriebesystemen verbundenen Ungenauigkeiten und Verschlei\u00dferscheinungen beseitigt, was eine \u00fcberragende Pr\u00e4zision und langfristige Zuverl\u00e4ssigkeit gew\u00e4hrleistet.<\/span><\/p>\n<p class=\"ng-star-inserted\" style=\"padding-left: 40px;\"><span class=\"ng-star-inserted\" style=\"color: #000000;\">Die HRC304 wird von f\u00fchrenden Automobilherstellern empfohlen und hat sich in der anspruchsvollen Formenbauindustrie bew\u00e4hrt. Sie ist f\u00fcr die nahtlose Integration in g\u00e4ngige CNC-Systeme wie Siemens und Fanuc konzipiert. Sie bietet die Geschwindigkeit, Genauigkeit und Robustheit, die f\u00fcr die hochvolumige, pr\u00e4zisionskritische Fertigung erforderlich sind.<\/span><\/p>\n<p>&nbsp;<\/p>\n<p><!-- Product Features --><\/p>\n<h2 class=\"section-title\"><strong><span style=\"color: #477ff6;\">\u25b8 Produktmerkmale<\/span><\/strong><\/h2>\n<hr class=\"blue\" \/>\n<h3><\/h3>\n<p>&nbsp;<\/p>\n<p style=\"padding-left: 40px;\"><span style=\"color: #000000;\">\u2705\u00a0 <strong>Hohe Verl\u00e4sslichkeit<\/strong><\/span><\/p>\n<p style=\"padding-left: 40px;\"><span style=\"color: #000000;\">24-Stunden-Nonstop-Produktion bei vielen Automobilherstellern und in der Formenbauindustrie, sehr empfohlen durch das nationale TV-Programm.<\/span><\/p>\n<p style=\"padding-left: 40px;\"><span style=\"color: #000000;\">\u2705\u00a0 <strong>Hohe Pr\u00e4zision<\/strong><\/span><\/p>\n<p style=\"padding-left: 40px;\"><span style=\"color: #000000;\">Zuverl\u00e4ssige Struktur, Direktantrieb mit hoher Pr\u00e4zision und guten Eigenschaften, C\/A-Achse rotierende wiederholte Pr\u00e4zision: \u22640,005\u00b0.<\/span><\/p>\n<p style=\"padding-left: 40px;\"><span style=\"color: #000000;\">\u2705\u00a0 <strong>Hochgeschwindigkeitsschneiden<\/strong><\/span><\/p>\n<p style=\"padding-left: 40px;\"><span style=\"color: #000000;\">Die Schnittleistung ist gleich dem Import, die Drehgeschwindigkeit der C\/A-Achse betr\u00e4gt bis zu 120 U\/min.<\/span><\/p>\n<p style=\"padding-left: 40px;\"><span style=\"color: #000000;\">\u2705\u00a0 <strong>Autofokus-System<\/strong><\/span><\/p>\n<p style=\"padding-left: 40px;\"><span style=\"color: #000000;\">Ausgezeichnete optische Struktur Design, f\u00fcnf-Achsen-koordinierte Bewegung, Fokussierung \u00e4ndern Wert \u2264 \u00b10,05mm.<\/span><\/p>\n<p style=\"padding-left: 40px;\"><span style=\"color: #000000;\">\u2705\u00a0 <strong>Kontrollsystem<\/strong><\/span><\/p>\n<p style=\"padding-left: 40px;\"><span style=\"color: #000000;\">Kombinierbar mit Siemens, Fanuc und anderen Systemen zur Realisierung koordinierter F\u00fcnf-Achsen-Bewegungsfunktionen.<\/span><\/p>\n<p style=\"padding-left: 40px;\"><span style=\"color: #000000;\">\u2705\u00a0 <strong>Flexible Umschaltung<\/strong><\/span><\/p>\n<p style=\"padding-left: 40px;\"><span style=\"color: #000000;\">Abgerundeter Antikollisionsschutz, kann nach Kollisionen schnell zur\u00fcckgesetzt werden. Flexible W-Achse zum Erreichen von 3D-Schneiden Verarbeitung.<\/span><\/p>\n<p>&nbsp;<\/p>\n<p>&nbsp;<\/p>\n<p><!-- Product Parameters --><\/p>\n<h2 class=\"section-title\"><strong><span style=\"color: #477ff6;\">\u25b8 Produktparameter<\/span><\/strong><\/h2>\n<hr class=\"blue\" \/>\n<p>&nbsp;<\/p>\n<table>\n<thead>\n<tr>\n<th><span style=\"color: #000000;\">Spezifikation<\/span><\/th>\n<th><span style=\"color: #000000;\">Wert<\/span><\/th>\n<\/tr>\n<\/thead>\n<tbody>\n<tr>\n<td><strong><span style=\"color: #000000;\">Maximale Laserleistung<\/span><\/strong><\/td>\n<td><span style=\"color: #000000;\">\u22644kW<\/span><\/td>\n<\/tr>\n<tr>\n<td><strong><span style=\"color: #000000;\">Effektive Blende<\/span><\/strong><\/td>\n<td><span style=\"color: #000000;\">\u03c635mm<\/span><\/td>\n<\/tr>\n<tr>\n<td><strong><span style=\"color: #000000;\">Kollimierte Brennweite<\/span><\/strong><\/td>\n<td><span style=\"color: #000000;\">100mm<\/span><\/td>\n<\/tr>\n<tr>\n<td><strong><span style=\"color: #000000;\">Pfad<\/span><\/strong><\/td>\n<td><span style=\"color: #000000;\">C-Achse: N\u00d7360\u00b0<\/span><br \/>\n<span style=\"color: #000000;\">A-Achse: \u00b1135\u00b0<\/span><br \/>\n<span style=\"color: #000000;\">W-Achse: \u00b112,5 mm<\/span><\/td>\n<\/tr>\n<tr>\n<td><strong><span style=\"color: #000000;\">Fokussierung Brennweite<\/span><\/strong><\/td>\n<td><span style=\"color: #000000;\">150mm<\/span><\/td>\n<\/tr>\n<tr>\n<td><strong><span style=\"color: #000000;\">Faserschnittstelle<\/span><\/strong><\/td>\n<td><span style=\"color: #000000;\">QBH, Q+, QD<\/span><\/td>\n<\/tr>\n<tr>\n<td><strong><span style=\"color: #000000;\">Horizontaler Verstellbereich<\/span><\/strong><\/td>\n<td><span style=\"color: #000000;\">\u00b11,5 mm<\/span><\/td>\n<\/tr>\n<tr>\n<td><strong><span style=\"color: #000000;\">Gewicht<\/span><\/strong><\/td>\n<td><span style=\"color: #000000;\">\u226430kg<\/span><\/td>\n<\/tr>\n<tr>\n<td><strong><span style=\"color: #000000;\">Vertikaler Fokusbereich<\/span><\/strong><\/td>\n<td><span style=\"color: #000000;\">\u00b15,5 mm<\/span><\/td>\n<\/tr>\n<tr>\n<td><strong><span style=\"color: #000000;\">Keramischer Ring<\/span><\/strong><\/td>\n<td><span style=\"color: #000000;\">\u03c615.2-M6\u00d70.75<\/span><\/td>\n<\/tr>\n<tr>\n<td><strong><span style=\"color: #000000;\">Schneidd\u00fcse<\/span><\/strong><\/td>\n<td><span style=\"color: #000000;\">S1.6 \/ S2.0 \/ S2.5<\/span><\/td>\n<\/tr>\n<\/tbody>\n<\/table>\n<p>&nbsp;<\/p>\n<h4><strong>&gt; <span style=\"color: #000000;\">Wichtigste Industrieanwendungen:<\/span><\/strong><\/h4>\n<p>&nbsp;<\/p>\n<ul>\n<li><span style=\"color: #000000;\">\u25c6 Formen f\u00fcr Automobilkarosserien<\/span><\/li>\n<\/ul>\n<p>&nbsp;<\/p>\n<ul>\n<li><span style=\"color: #000000;\">\u25c6 Triebwerkskan\u00e4le von Flugzeugen<\/span><\/li>\n<\/ul>\n<p>&nbsp;<\/p>\n<ul>\n<li><span style=\"color: #000000;\">\u25c6 Schiffspropellerteile<\/span><\/li>\n<\/ul>\n<p>&nbsp;<\/p>\n<ul>\n<li><span style=\"color: #000000;\">\u25c6 Rahmen f\u00fcr Pr\u00e4zisionsmaschinen<\/span><\/li>\n<\/ul>\n<p>&nbsp;<\/p>\n<p>&nbsp;<\/p>","protected":false},"excerpt":{"rendered":"<p><span style=\"color: #000000;\"><strong>HRC304 3D 5-Achsen-Faserlaserschneidkopf | \u00b10,005\u00b0 Wiederholgenauigkeit &amp; 120r\/min Geschwindigkeit f\u00fcr Automotive\/Aerospace<\/strong><\/span><\/p>\n<p><span style=\"color: #000000;\">Mit dem Han's Focus HRC304 k\u00f6nnen Sie echte dreidimensionale Schnitte durchf\u00fchren. Dieser 5-Achsen-Schneidkopf wurde f\u00fcr komplexe Bauteile mit gekr\u00fcmmten Oberfl\u00e4chen entwickelt und ist das ultimative Werkzeug f\u00fcr die Automobil-, Luft- und Raumfahrtindustrie sowie den Formenbau. Angetrieben von rahmenlosen Hochgeschwindigkeits-Torque-Motoren bietet der HRC304 eine au\u00dfergew\u00f6hnliche Rotationsgeschwindigkeit (120 U\/min) und eine unvergleichliche Wiederholgenauigkeit (\u22640,005\u00b0) f\u00fcr die anspruchsvollsten Anwendungen und gew\u00e4hrleistet eine hohe Zuverl\u00e4ssigkeit f\u00fcr die 24\/7-Produktion.<\/span><\/p>","protected":false},"featured_media":518,"template":"","meta":[],"product_brand":[],"product_cat":[37,23],"product_tag":[],"class_list":{"0":"post-517","1":"product","2":"type-product","3":"status-publish","4":"has-post-thumbnail","6":"product_cat-laser-cutting-head","7":"product_cat-laser-machine","9":"first","10":"instock","11":"shipping-taxable","12":"product-type-simple"},"_links":{"self":[{"href":"https:\/\/shiguanglaser.com\/de\/wp-json\/wp\/v2\/product\/517","targetHints":{"allow":["GET"]}}],"collection":[{"href":"https:\/\/shiguanglaser.com\/de\/wp-json\/wp\/v2\/product"}],"about":[{"href":"https:\/\/shiguanglaser.com\/de\/wp-json\/wp\/v2\/types\/product"}],"wp:featuredmedia":[{"embeddable":true,"href":"https:\/\/shiguanglaser.com\/de\/wp-json\/wp\/v2\/media\/518"}],"wp:attachment":[{"href":"https:\/\/shiguanglaser.com\/de\/wp-json\/wp\/v2\/media?parent=517"}],"wp:term":[{"taxonomy":"product_brand","embeddable":true,"href":"https:\/\/shiguanglaser.com\/de\/wp-json\/wp\/v2\/product_brand?post=517"},{"taxonomy":"product_cat","embeddable":true,"href":"https:\/\/shiguanglaser.com\/de\/wp-json\/wp\/v2\/product_cat?post=517"},{"taxonomy":"product_tag","embeddable":true,"href":"https:\/\/shiguanglaser.com\/de\/wp-json\/wp\/v2\/product_tag?post=517"}],"curies":[{"name":"wp","href":"https:\/\/api.w.org\/{rel}","templated":true}]}}