{"id":1287,"date":"2025-06-27T03:39:30","date_gmt":"2025-06-27T03:39:30","guid":{"rendered":"https:\/\/shiguanglaser.com\/?post_type=product&#038;p=1287"},"modified":"2025-07-03T17:35:52","modified_gmt":"2025-07-03T17:35:52","slug":"hh-201-series-digital-pressure-switch-for-pneumatic-systems","status":"publish","type":"product","link":"https:\/\/shiguanglaser.com\/de\/hh-201-series-digital-pressure-switch-for-pneumatic-systems\/","title":{"rendered":"HH-201 Serie | Digitaler Druckschalter f\u00fcr pneumatische Systeme"},"content":{"rendered":"<h2 class=\"section-title\"><span style=\"color: #477ff6;\"><strong>\u25b8 Produkteinf\u00fchrung<\/strong><\/span><\/h2>\n<hr class=\"blue\" \/>\n<p>&nbsp;<\/p>\n<p class=\"ng-star-inserted\" style=\"padding-left: 40px;\"><span class=\"ng-star-inserted\" style=\"color: #000000;\"><strong>Der digitale Druckschalter der Serie HH-201<\/strong> ist ein intelligentes und kompaktes Ger\u00e4t, das f\u00fcr die pr\u00e4zise Messung und Steuerung des Drucks von Luft und nicht korrosiven Gasen entwickelt wurde. Es dient als kritische Komponente in jedem automatisierten System, von der \u00dcberwachung des Hilfsgases bei Laserschneidanwendungen bis zur Best\u00e4tigung des Spanndrucks in CNC-Vorrichtungen.<\/span><\/p>\n<p class=\"ng-star-inserted\" style=\"padding-left: 40px;\"><span class=\"ng-star-inserted\" style=\"color: #000000;\">Der Schalter verf\u00fcgt \u00fcber ein helles, leicht ablesbares Doppelbildschirm-Display, das sowohl den Echtzeit-Druckwert als auch den Sollwert gleichzeitig anzeigt. Sein hochaufl\u00f6sender Sensor gew\u00e4hrleistet eine zuverl\u00e4ssige \u00dcberwachung, w\u00e4hrend die beiden Schaltausg\u00e4nge (erh\u00e4ltlich in NPN- oder PNP-Konfigurationen) eine pr\u00e4zise Prozesssteuerung auf der Grundlage benutzerdefinierter Druckschwellenwerte erm\u00f6glichen. Der HH-201 wurde f\u00fcr industrielle Umgebungen entwickelt, ist CE-zertifiziert und f\u00fcr einen langfristigen, stabilen Betrieb ausgelegt.<\/span><\/p>\n<p>&nbsp;<\/p>\n<p><!-- Product Features --><\/p>\n<h2 class=\"section-title\"><strong><span style=\"color: #477ff6;\">\u25b8 Produktmerkmale<\/span><\/strong><\/h2>\n<hr class=\"blue\" \/>\n<p>&nbsp;<\/p>\n<p style=\"padding-left: 40px;\"><span style=\"color: #000000;\">\u2705 <strong class=\"ng-star-inserted\"><span class=\"ng-star-inserted\">Hohe Pr\u00e4zision und Reproduzierbarkeit:<\/span><\/strong><span class=\"ng-star-inserted\">\u00a0<\/span><\/span><\/p>\n<p style=\"padding-left: 40px;\"><span class=\"ng-star-inserted\" style=\"color: #000000;\">Mit einer Genauigkeit von \u00b11% F.S. und einer Wiederholbarkeit von \u00b10,2% F.S. liefert das HH-201 zuverl\u00e4ssige und konsistente Messwerte f\u00fcr eine zuverl\u00e4ssige Prozesssteuerung.<\/span><\/p>\n<p style=\"padding-left: 40px;\"><span style=\"color: #000000;\"><strong class=\"ng-star-inserted\"><span class=\"ng-star-inserted\">\u2705 \u00dcbersichtliche Digitalanzeige mit zwei Bildschirmen:<\/span><\/strong><span class=\"ng-star-inserted\">\u00a0<\/span><\/span><\/p>\n<p style=\"padding-left: 40px;\"><span class=\"ng-star-inserted\" style=\"color: #000000;\">Das intuitive Display zeigt den aktuellen Druck und den Sollwert auf einen Blick an, mit einer hohen Aufl\u00f6sung von 0,001MPa f\u00fcr Hochdruckmodelle und 0,1KPa f\u00fcr Niederdruckmodelle.<\/span><\/p>\n<p style=\"padding-left: 40px;\"><span style=\"color: #000000;\"><strong class=\"ng-star-inserted\"><span class=\"ng-star-inserted\">\u2705 Flexibles, um 360\u00b0 drehbares Geh\u00e4use:<\/span><\/strong><span class=\"ng-star-inserted\">\u00a0<\/span><\/span><\/p>\n<p style=\"padding-left: 40px;\"><span class=\"ng-star-inserted\" style=\"color: #000000;\">Das Hauptgeh\u00e4use kann nach der Installation um volle 360\u00b0 gedreht werden, was einen optimalen Betrachtungswinkel und eine einfache Verkabelung erm\u00f6glicht, selbst in engen oder beengten R\u00e4umen.<\/span><\/p>\n<p style=\"padding-left: 40px;\"><span style=\"color: #000000;\"><strong class=\"ng-star-inserted\"><span class=\"ng-star-inserted\">\u2705 Vielseitige Ausgangs- und Anschlussm\u00f6glichkeiten:<\/span><\/strong><\/span><\/p>\n<ul>\n<li style=\"list-style-type: none;\">\n<ul class=\"ng-star-inserted\">\n<li class=\"ng-star-inserted\"><span style=\"color: #000000;\"><strong class=\"ng-star-inserted\"><span class=\"ng-star-inserted\">Ausg\u00e4nge:<\/span><\/strong><span class=\"ng-star-inserted\">\u00a0Erh\u00e4ltlich sowohl in NPN- als auch in PNP-Konfigurationen, um allen SPS- oder Steuersystemanforderungen gerecht zu werden.<\/span><\/span><\/li>\n<li class=\"ng-star-inserted\"><span style=\"color: #000000;\"><strong class=\"ng-star-inserted\"><span class=\"ng-star-inserted\">Verbindungen:<\/span><\/strong><span class=\"ng-star-inserted\">\u00a0Erh\u00e4ltlich mit verschiedenen Prozessanschl\u00fcssen, einschlie\u00dflich Schnellkupplungsschnittstellen f\u00fcr 4mm- oder 6mm-Schl\u00e4uche und Standardanschl\u00fcssen mit 1\/5\u2033-Gewinde (\u00fcber Adapter kompatibel mit R1\/8, R1\/4 und anderen Gr\u00f6\u00dfen).<\/span><\/span><\/li>\n<\/ul>\n<\/li>\n<\/ul>\n<p style=\"padding-left: 40px;\"><span style=\"color: #000000;\"><strong class=\"ng-star-inserted\"><span class=\"ng-star-inserted\">\u2705 Robust und zertifiziert:<\/span><\/strong><span class=\"ng-star-inserted\">\u00a0<\/span><\/span><\/p>\n<p style=\"padding-left: 40px;\"><span class=\"ng-star-inserted\" style=\"color: #000000;\">Sie sind f\u00fcr den industriellen Einsatz konzipiert und vollst\u00e4ndig CE-zertifiziert, was Qualit\u00e4t und Sicherheitsstandards garantiert.<\/span><\/p>\n<p style=\"padding-left: 40px;\"><span style=\"color: #000000;\"><strong class=\"ng-star-inserted\"><span class=\"ng-star-inserted\">\u2705 OEM\/ODM-Anpassung verf\u00fcgbar:<\/span><\/strong><span class=\"ng-star-inserted\">\u00a0<\/span><\/span><\/p>\n<p style=\"padding-left: 40px;\"><span class=\"ng-star-inserted\" style=\"color: #000000;\">Wir unterst\u00fctzen OEM- und ODM-Anfragen f\u00fcr kundenspezifisches Branding, Funktionen oder Konfigurationen, um spezifische Anwendungsanforderungen zu erf\u00fcllen.<\/span><\/p>\n<p>&nbsp;<\/p>\n<p>&nbsp;<\/p>\n<p><!-- Product Parameters --><\/p>\n<h2 class=\"section-title\"><strong><span style=\"color: #477ff6;\">\u25b8 Produktparameter<\/span><\/strong><\/h2>\n<hr class=\"blue\" \/>\n<p>&nbsp;<\/p>\n<table width=\"1145\">\n<tbody>\n<tr>\n<td style=\"padding-left: 40px;\" width=\"424\"><strong><span style=\"color: #000000;\">Parameter<\/span><\/strong><\/td>\n<td style=\"padding-left: 40px;\" width=\"721\"><span style=\"color: #000000;\">Wert<\/span><\/td>\n<\/tr>\n<tr style=\"padding-left: 40px;\">\n<td style=\"padding-left: 40px;\"><strong><span style=\"color: #000000;\">Modellreihe<\/span><\/strong><\/td>\n<td style=\"padding-left: 40px;\"><span style=\"color: #000000;\">HH-201C (NPN-Ausgang), HH-201P (PNP-Ausgang)<\/span><\/td>\n<\/tr>\n<tr style=\"padding-left: 40px;\">\n<td style=\"padding-left: 40px;\"><strong><span style=\"color: #000000;\">Hauptmerkmale<\/span><\/strong><\/td>\n<td style=\"padding-left: 40px;\" width=\"721\"><span style=\"color: #000000;\">Ein 2 m langes Kabel mit Klemme, In-Line-Anschluss, 360\u00b0 drehbar<\/span><br \/>\n<span style=\"color: #000000;\">6-mm-Gasrohr-Schnelleinf\u00fchrungsschnittstelle<\/span><\/td>\n<\/tr>\n<tr style=\"padding-left: 40px;\">\n<td style=\"padding-left: 40px;\"><strong><span style=\"color: #000000;\">Druckbereich<\/span><\/strong><\/td>\n<td style=\"padding-left: 40px;\"><span style=\"color: #000000;\">Erh\u00e4ltlich in Hochdruck- (MPa) und Niederdruck- (KPa) Versionen<\/span><\/td>\n<\/tr>\n<tr style=\"padding-left: 40px;\">\n<td style=\"padding-left: 40px;\"><strong><span style=\"color: #000000;\">Genauigkeit<\/span><\/strong><\/td>\n<td style=\"padding-left: 40px;\"><span style=\"color: #000000;\">\u00b11% F.S. \u00b11 Stelle<\/span><\/td>\n<\/tr>\n<tr style=\"padding-left: 40px;\">\n<td style=\"padding-left: 40px;\"><strong><span style=\"color: #000000;\">Reproduzierbarkeit<\/span><\/strong><\/td>\n<td style=\"padding-left: 40px;\"><span style=\"color: #000000;\">\u00b10,2% F.S. \u00b12 Ziffern<\/span><\/td>\n<\/tr>\n<tr style=\"padding-left: 40px;\">\n<td style=\"padding-left: 40px;\"><strong><span style=\"color: #000000;\">Display-Aufl\u00f6sung<\/span><\/strong><\/td>\n<td style=\"padding-left: 40px;\"><span style=\"color: #000000;\">Hochdruck: 0,001MPa, Niederdruck: 0,1KPa<\/span><\/td>\n<\/tr>\n<tr style=\"padding-left: 40px;\">\n<td style=\"padding-left: 40px;\"><strong><span style=\"color: #000000;\">Ausgangstyp<\/span><\/strong><\/td>\n<td style=\"padding-left: 40px;\"><span style=\"color: #000000;\">NPN oder PNP\u00a0<\/span><\/td>\n<\/tr>\n<tr style=\"padding-left: 40px;\">\n<td style=\"padding-left: 40px;\"><strong><span style=\"color: #000000;\">Stromversorgungsmodus<\/span><\/strong><\/td>\n<td style=\"padding-left: 40px;\" width=\"721\"><span style=\"color: #000000;\">DC12-24V<\/span><\/td>\n<\/tr>\n<tr style=\"padding-left: 40px;\">\n<td style=\"padding-left: 40px;\"><strong><span style=\"color: #000000;\">Schnittstelle Typ<\/span><\/strong><\/td>\n<td style=\"padding-left: 40px;\" width=\"721\"><span style=\"color: #000000;\">Suffix des Modells \"C6L\": 6m-Schnelleinschub-Schnittstelle<\/span><br \/>\n<span style=\"color: #000000;\">Suffix des Modells \"C4L\": 4m-Schnelleinschub-Schnittstelle<\/span><br \/>\n<span style=\"color: #000000;\">Suffix des Modells \"M\": 1\/5 Innenspirale<\/span><br \/>\n<span style=\"color: #000000;\">Suffix des Modells \"R\"\uff1a1\/5 interne Spirale + externe R1\/8 Spirale<\/span><br \/>\n<span style=\"color: #000000;\">Bemerkungen: Anpassbar an R1\/4, 8mm, 6mm Gasleitungen \u00fcber Adapter<\/span><\/td>\n<\/tr>\n<tr style=\"padding-left: 40px;\">\n<td style=\"padding-left: 40px;\"><strong><span style=\"color: #000000;\">Inhalt des Pakets<\/span><\/strong><\/td>\n<td style=\"padding-left: 40px;\" width=\"721\"><span style=\"color: #000000;\">HH-201 Digitaler Druckschalter x 1 <\/span><br \/>\n<span style=\"color: #000000;\">2-Meter-Anschlusskabel mit Klemme x 1 <\/span><br \/>\n<span style=\"color: #000000;\">Benutzerhandbuch x 1<\/span><\/td>\n<\/tr>\n<tr style=\"padding-left: 40px;\">\n<td style=\"padding-left: 40px;\" width=\"424\"><strong><span style=\"color: #000000;\">Optionales Zubeh\u00f6r<\/span><\/strong><\/td>\n<td style=\"padding-left: 40px;\" width=\"721\"><span style=\"color: #000000;\">Z-Typ-Metall-Montageb\u00fcgel: F\u00fcr die Standard-Seitenmontage.<\/span><br \/>\n<span style=\"color: #000000;\">L-Typ-Metall-Montageb\u00fcgel: F\u00fcr eine alternative seitliche Montageausrichtung.<\/span><br \/>\n<span style=\"color: #000000;\">Halterungssatz f\u00fcr Schalttafelmontage: Enth\u00e4lt Halterung, Schutzabdeckung und Befestigungselemente f\u00fcr die Montage des Schalters durch eine Schalttafel.<\/span><\/td>\n<\/tr>\n<\/tbody>\n<\/table>\n<p>&nbsp;<\/p>\n<h4 class=\"ng-star-inserted\" style=\"padding-left: 40px;\"><span style=\"color: #000000;\"><strong class=\"ng-star-inserted\"><span class=\"ng-star-inserted\">&gt; Industrieanwendungen<\/span><\/strong><\/span><\/h4>\n<p class=\"ng-star-inserted\" style=\"padding-left: 40px;\"><span class=\"ng-star-inserted\" style=\"color: #000000;\">Die Serie HH-201 ist unverzichtbar f\u00fcr alle Anwendungen, die eine pr\u00e4zise pneumatische Druck\u00fcberwachung und -steuerung erfordern:<\/span><\/p>\n<ul>\n<li style=\"list-style-type: none;\">\n<ul class=\"ng-star-inserted\">\n<li class=\"ng-star-inserted\">\n<p class=\"ng-star-inserted\"><span style=\"color: #000000;\"><strong class=\"ng-star-inserted\"><span class=\"ng-star-inserted\">\u25c6 Laserschneidmaschinen:<\/span><\/strong><span class=\"ng-star-inserted\">\u00a0\u00dcberwachung des Drucks von Hilfsgasen wie Sauerstoff, Stickstoff und Luft zur Gew\u00e4hrleistung einer optimalen Schnittqualit\u00e4t.<\/span><\/span><\/p>\n<\/li>\n<li class=\"ng-star-inserted\">\n<p class=\"ng-star-inserted\"><span style=\"color: #000000;\"><strong class=\"ng-star-inserted\"><span class=\"ng-star-inserted\">\u25c6 Industrielle Automatisierung:<\/span><\/strong><span class=\"ng-star-inserted\">\u00a0Bet\u00e4tigung von Pneumatikzylindern, Greifern und Vakuumsystemen in Roboterzellen und Montagelinien.<\/span><\/span><\/p>\n<\/li>\n<li class=\"ng-star-inserted\">\n<p class=\"ng-star-inserted\"><span style=\"color: #000000;\"><strong class=\"ng-star-inserted\"><span class=\"ng-star-inserted\">\u25c6 Pneumatisches Spannen und Befestigen:<\/span><\/strong><span class=\"ng-star-inserted\">\u00a0Sicherstellen, dass die Werkst\u00fccke vor Beginn der Bearbeitung sicher eingespannt sind.<\/span><\/span><\/p>\n<\/li>\n<li class=\"ng-star-inserted\">\n<p class=\"ng-star-inserted\"><span style=\"color: #000000;\"><strong class=\"ng-star-inserted\"><span class=\"ng-star-inserted\">\u25c6 Halbleiterherstellung:<\/span><\/strong><span class=\"ng-star-inserted\">\u00a0Pr\u00e4zise Druckkontrolle in Fertigungs- und Pr\u00fcfeinrichtungen.<\/span><\/span><\/p>\n<\/li>\n<li class=\"ng-star-inserted\">\n<p class=\"ng-star-inserted\"><span style=\"color: #000000;\"><strong class=\"ng-star-inserted\"><span class=\"ng-star-inserted\">\u25c6 Verpackungsmaschinen:<\/span><\/strong><span class=\"ng-star-inserted\">\u00a0\u00dcberwachung des Luftdrucks in Sortier-, Verschlie\u00df- und Etikettiermaschinen.<\/span><\/span><\/p>\n<\/li>\n<li class=\"ng-star-inserted\">\n<p class=\"ng-star-inserted\"><span style=\"color: #000000;\"><strong class=\"ng-star-inserted\"><span class=\"ng-star-inserted\">\u25c6 Leckanzeigesysteme:<\/span><\/strong><span class=\"ng-star-inserted\">\u00a0Einstellung von Hoch- und Niederdruckschwellen zur Erkennung von Lecks in abgedichteten Bauteilen.<\/span><\/span><\/p>\n<\/li>\n<\/ul>\n<\/li>\n<\/ul>\n<p>&nbsp;<\/p>\n<h3 class=\"ng-star-inserted\"><span style=\"color: #000000;\"><strong class=\"ng-star-inserted\"><span class=\"ng-star-inserted\">&gt; H\u00e4ufig gestellte Fragen (FAQ)<\/span><\/strong><\/span><\/h3>\n<p class=\"ng-star-inserted\" style=\"padding-left: 40px;\"><span style=\"color: #000000;\"><strong class=\"ng-star-inserted\"><span class=\"ng-star-inserted\">F: Wie kann ich zwischen einem NPN- und einem PNP-Ausgangstyp w\u00e4hlen?<\/span><\/strong><\/span><\/p>\n<p class=\"ng-star-inserted\" style=\"padding-left: 40px;\"><span style=\"color: #000000;\"><strong class=\"ng-star-inserted\"><span class=\"ng-star-inserted\">A:<\/span><\/strong><span class=\"ng-star-inserted\">\u00a0Die Wahl h\u00e4ngt von der Eingangskarte Ihres PLC (Programmable Logic Controller) oder Steuerger\u00e4ts ab.<\/span><\/span><\/p>\n<ul>\n<li style=\"list-style-type: none;\">\n<ul class=\"ng-star-inserted\">\n<li class=\"ng-star-inserted\">\n<p class=\"ng-star-inserted\"><span style=\"color: #000000;\"><strong class=\"ng-star-inserted\"><span class=\"ng-star-inserted\">NPN (sinkend):<\/span><\/strong><span class=\"ng-star-inserted\">\u00a0Der Schaltausgang verbindet die Signalleitung mit Masse (0 V), wenn er aktiviert ist. Dies ist bei in Asien hergestellten Steuerungssystemen \u00fcblich.<\/span><\/span><\/p>\n<\/li>\n<li class=\"ng-star-inserted\">\n<p class=\"ng-star-inserted\"><span style=\"color: #000000;\"><strong class=\"ng-star-inserted\"><span class=\"ng-star-inserted\">PNP (Beschaffung):<\/span><\/strong><span class=\"ng-star-inserted\">\u00a0Der Schaltausgang verbindet die Signalleitung mit der positiven Versorgungsspannung (+V), wenn er aktiviert ist. Dies ist der in Europa und Nordamerika \u00fcblichere Standard.<\/span><\/span><\/p>\n<\/li>\n<\/ul>\n<\/li>\n<\/ul>\n<p class=\"ng-star-inserted\" style=\"padding-left: 40px;\"><span style=\"color: #000000;\"><strong class=\"ng-star-inserted\"><span class=\"ng-star-inserted\">Empfehlung:<\/span><\/strong><span class=\"ng-star-inserted\">\u00a0\u00dcberpr\u00fcfen Sie immer die Spezifikationen des Eingangsmoduls Ihrer SPS. Wenn Sie ein Relais oder ein Magnetventil ohne SPS direkt anschlie\u00dfen, k\u00f6nnen Sie in der Regel beide Typen verwenden, aber Sie m\u00fcssen sie entsprechend den Anforderungen der Komponente korrekt verdrahten.<\/span><\/span><\/p>\n<p>&nbsp;<\/p>\n<p>&nbsp;<\/p>","protected":false},"excerpt":{"rendered":"<p><span style=\"color: #000000;\"><strong>HH-201C Digitaler Druckschalter | \u00b11% Genauigkeit, NPN\/PNP-Ausg\u00e4nge &amp; 360\u00b0 drehbarer Anschluss f\u00fcr hydraulische\/pneumatische Systeme<\/strong><\/span><\/p>\n<p><span style=\"color: #000000;\">Die Serie HH-201 ist ein hochpr\u00e4ziser digitaler Druckschalter, der f\u00fcr die genaue \u00dcberwachung und Steuerung von pneumatischen Systemen entwickelt wurde. Mit einem \u00fcbersichtlichen Dual-Screen-Display, einer hervorragenden Wiederholgenauigkeit (\u00b10,2% v.E.) und einem um 360\u00b0 drehbaren Geh\u00e4use f\u00fcr eine einfache Installation ist dieser Schalter die ideale L\u00f6sung f\u00fcr die industrielle Automatisierung. Mit seinen vielseitigen NPN\/PNP-Ausgangsoptionen und mehreren Prozessanschl\u00fcssen l\u00e4sst er sich nahtlos in Lasermaschinen, Roboter und andere Ger\u00e4te integrieren, bei denen eine zuverl\u00e4ssige Drucksteuerung entscheidend ist.<\/span><\/p>","protected":false},"featured_media":1313,"template":"","meta":[],"product_brand":[],"product_cat":[32,24],"product_tag":[],"class_list":{"0":"post-1287","1":"product","2":"type-product","3":"status-publish","4":"has-post-thumbnail","6":"product_cat-digital-display-meter","7":"product_cat-components","9":"first","10":"instock","11":"shipping-taxable","12":"product-type-simple"},"_links":{"self":[{"href":"https:\/\/shiguanglaser.com\/de\/wp-json\/wp\/v2\/product\/1287","targetHints":{"allow":["GET"]}}],"collection":[{"href":"https:\/\/shiguanglaser.com\/de\/wp-json\/wp\/v2\/product"}],"about":[{"href":"https:\/\/shiguanglaser.com\/de\/wp-json\/wp\/v2\/types\/product"}],"wp:featuredmedia":[{"embeddable":true,"href":"https:\/\/shiguanglaser.com\/de\/wp-json\/wp\/v2\/media\/1313"}],"wp:attachment":[{"href":"https:\/\/shiguanglaser.com\/de\/wp-json\/wp\/v2\/media?parent=1287"}],"wp:term":[{"taxonomy":"product_brand","embeddable":true,"href":"https:\/\/shiguanglaser.com\/de\/wp-json\/wp\/v2\/product_brand?post=1287"},{"taxonomy":"product_cat","embeddable":true,"href":"https:\/\/shiguanglaser.com\/de\/wp-json\/wp\/v2\/product_cat?post=1287"},{"taxonomy":"product_tag","embeddable":true,"href":"https:\/\/shiguanglaser.com\/de\/wp-json\/wp\/v2\/product_tag?post=1287"}],"curies":[{"name":"wp","href":"https:\/\/api.w.org\/{rel}","templated":true}]}}