{"id":1247,"date":"2025-06-26T06:54:11","date_gmt":"2025-06-26T06:54:11","guid":{"rendered":"https:\/\/shiguanglaser.com\/?post_type=product&#038;p=1247"},"modified":"2025-07-03T17:36:39","modified_gmt":"2025-07-03T17:36:39","slug":"jy-10-series-high-precision-rotary-tables-rotating-platforms","status":"publish","type":"product","link":"https:\/\/shiguanglaser.com\/de\/jy-10-series-high-precision-rotary-tables-rotating-platforms\/","title":{"rendered":"Serie JY-10 | Hochpr\u00e4zisions-Drehtische und Drehb\u00fchnen"},"content":{"rendered":"<h2 class=\"section-title\"><span style=\"color: #477ff6;\"><strong>\u25b8 Produkteinf\u00fchrung<\/strong><\/span><\/h2>\n<hr class=\"blue\" \/>\n<p>&nbsp;<\/p>\n<p class=\"ng-star-inserted\" style=\"padding-left: 40px;\"><span class=\"ng-star-inserted\" style=\"color: #000000;\"><strong>Hochpr\u00e4zisions-Drehtische und Drehb\u00fchnen der Serie JY-10<\/strong> sind eine umfassende Kollektion von Drehbewegungsl\u00f6sungen, die f\u00fcr die nahtlose Integration in Lasermaschinen, CNC-Fr\u00e4sen und kundenspezifische Automatisierungssysteme entwickelt wurden. Ganz gleich, ob Sie einen einfachen Drehtisch zum Indexieren von Teilen, eine robuste Drehachse zum Schneiden von Rohren oder eine hochentwickelte 5-Achsen-Plattform f\u00fcr komplexe Bearbeitungen ben\u00f6tigen, die JY-10-Serie bietet ein Modell, das Ihren Anforderungen entspricht.<\/span><\/p>\n<p class=\"ng-star-inserted\" style=\"padding-left: 40px;\"><span class=\"ng-star-inserted\" style=\"color: #000000;\">Diese Tische sind auf Pr\u00e4zision ausgelegt und bieten eine hervorragende Rundlaufgenauigkeit, die gew\u00e4hrleistet, dass Ihr Werkst\u00fcck sicher gehalten wird und sich genau in der Achsenmitte dreht. Die Serie umfasst eine Vielzahl von Antriebsmechanismen, von Standard-Schneckenradantrieben bis hin zu Hochgeschwindigkeits-Synchronriemenantrieben, die Optionen f\u00fcr Anwendungen mit hohem Drehmoment und hoher Geschwindigkeit bieten. Mit Modellen, die eine Rundlaufgenauigkeit von \u22640,01 mm und Kompatibilit\u00e4t mit einer Vielzahl von Futtergr\u00f6\u00dfen bieten, bietet die JY-10-Serie die Flexibilit\u00e4t und Leistung, die f\u00fcr die moderne Fertigung erforderlich ist.<\/span><\/p>\n<p>&nbsp;<\/p>\n<p><!-- Product Features --><\/p>\n<h2 class=\"section-title\"><strong><span style=\"color: #477ff6;\">\u25b8 Produktmerkmale<\/span><\/strong><\/h2>\n<hr class=\"blue\" \/>\n<p>&nbsp;<\/p>\n<p style=\"padding-left: 40px;\"><span style=\"color: #000000;\">\u2705 <strong class=\"ng-star-inserted\"><span class=\"ng-star-inserted\">Hohe Rotationsgenauigkeit:<\/span><\/strong><\/span><\/p>\n<p style=\"padding-left: 40px;\"><span class=\"ng-star-inserted\" style=\"color: #000000;\">\u00a0Mit Rundlaufgenauigkeitsoptionen von \u22640,1 mm bis hin zu au\u00dfergew\u00f6hnlichen \u22640,01 mm f\u00fcr hochpr\u00e4zise Modelle wird eine pr\u00e4zise Teilepositionierung gew\u00e4hrleistet.<\/span><\/p>\n<ul class=\"ng-star-inserted\">\n<li class=\"ng-star-inserted\">\n<p class=\"ng-star-inserted\"><span style=\"color: #000000;\"><strong class=\"ng-star-inserted\"><span class=\"ng-star-inserted\">\u2705 Vielseitige Produktpalette:<\/span><\/strong><span class=\"ng-star-inserted\">\u00a0<\/span><\/span><\/p>\n<\/li>\n<li class=\"ng-star-inserted\">\n<p class=\"ng-star-inserted\"><span class=\"ng-star-inserted\" style=\"color: #000000;\">Die Serie umfasst Standard-Rundtische, riemengetriebene Hochgeschwindigkeitsmodelle und mehrachsige (4. und 5. Achse) Plattformen f\u00fcr verschiedene Anwendungen.<\/span><\/p>\n<\/li>\n<li class=\"ng-star-inserted\">\n<p class=\"ng-star-inserted\"><span style=\"color: #000000;\"><strong class=\"ng-star-inserted\"><span class=\"ng-star-inserted\">\u2705 Robuste Konstruktion:<\/span><\/strong><span class=\"ng-star-inserted\">\u00a0<\/span><\/span><\/p>\n<\/li>\n<li class=\"ng-star-inserted\">\n<p class=\"ng-star-inserted\"><span class=\"ng-star-inserted\" style=\"color: #000000;\">Entwickelt f\u00fcr Stabilit\u00e4t und Langlebigkeit, um den harten Anforderungen des industriellen Dauereinsatzes standzuhalten.<\/span><\/p>\n<\/li>\n<li class=\"ng-star-inserted\">\n<p class=\"ng-star-inserted\"><span style=\"color: #000000;\"><strong class=\"ng-star-inserted\"><span class=\"ng-star-inserted\">\u2705 Flexible Spannfutter-Optionen:<\/span><\/strong><span class=\"ng-star-inserted\">\u00a0<\/span><\/span><\/p>\n<\/li>\n<li class=\"ng-star-inserted\">\n<p class=\"ng-star-inserted\"><span class=\"ng-star-inserted\" style=\"color: #000000;\">Kompatibel mit einer breiten Palette von Standardfuttergr\u00f6\u00dfen (von D65 bis D200), so dass Sie eine Vielzahl von Werkst\u00fcckgr\u00f6\u00dfen spannen k\u00f6nnen.<\/span><\/p>\n<\/li>\n<li class=\"ng-star-inserted\">\n<p class=\"ng-star-inserted\"><span style=\"color: #000000;\"><strong class=\"ng-star-inserted\"><span class=\"ng-star-inserted\">\u2705 Multi-Achsen-F\u00e4higkeit:<\/span><\/strong><span class=\"ng-star-inserted\">\u00a0<\/span><\/span><\/p>\n<\/li>\n<li class=\"ng-star-inserted\">\n<p class=\"ng-star-inserted\"><span class=\"ng-star-inserted\" style=\"color: #000000;\">Die 4-Achsen- und 5-Achsen-Drehplattformen wurden entwickelt, um Standard-3-Achsen-Maschinen um komplexe Bearbeitungsm\u00f6glichkeiten zu erweitern und die Bearbeitung komplizierter Teile zu erm\u00f6glichen.<\/span><\/p>\n<\/li>\n<li class=\"ng-star-inserted\">\n<p class=\"ng-star-inserted\"><span style=\"color: #000000;\"><strong class=\"ng-star-inserted\"><span class=\"ng-star-inserted\">\u2705 Anwendungsspezifische Modelle:<\/span><\/strong><span class=\"ng-star-inserted\">\u00a0<\/span><\/span><\/p>\n<\/li>\n<li class=\"ng-star-inserted\">\n<p class=\"ng-star-inserted\"><span class=\"ng-star-inserted\" style=\"color: #000000;\">Die Serie umfasst Speziall\u00f6sungen wie einen Drehtisch mit verstellbarem Reitstock (JY-10-007A) zur Aufnahme langer Werkst\u00fccke wie Rohre und Wellen.<\/span><\/p>\n<\/li>\n<\/ul>\n<p>&nbsp;<\/p>\n<p><!-- Product Parameters --><\/p>\n<h2 class=\"section-title\"><strong><span style=\"color: #477ff6;\">\u25b8 Produktparameter<\/span><\/strong><\/h2>\n<hr class=\"blue\" \/>\n<p>&nbsp;<\/p>\n<ul class=\"ng-star-inserted\">\n<li class=\"ng-star-inserted\">\n<p class=\"ng-star-inserted\"><span style=\"color: #000000;\"><strong class=\"ng-star-inserted\"><span class=\"ng-star-inserted\">\u25c6 Standard-Drehtische (JY-10-001A, 002A, 002B, 005A, 006A):<\/span><\/strong><span class=\"ng-star-inserted\">\u00a0Ideal f\u00fcr allgemeine Indexierungs- und Rotationspositionierungsaufgaben.<\/span><\/span><\/p>\n<\/li>\n<li class=\"ng-star-inserted\">\n<p class=\"ng-star-inserted\"><span style=\"color: #000000;\"><strong class=\"ng-star-inserted\"><span class=\"ng-star-inserted\">\u25c6 Hochpr\u00e4zisions-Drehtisch (JY-10-002C1):<\/span><\/strong><span class=\"ng-star-inserted\">\u00a0Bietet eine hervorragende Rundlaufgenauigkeit (\u22640,03) f\u00fcr Anwendungen, die ein H\u00f6chstma\u00df an Pr\u00e4zision erfordern.<\/span><\/span><\/p>\n<\/li>\n<li class=\"ng-star-inserted\">\n<p class=\"ng-star-inserted\"><span style=\"color: #000000;\"><strong class=\"ng-star-inserted\"><span class=\"ng-star-inserted\">\u25c6 Synchronriemen-Drehtisch (JY-10-004B):<\/span><\/strong><span class=\"ng-star-inserted\">\u00a0Bietet im Vergleich zu Schneckengetrieben h\u00f6here Drehzahlen und eignet sich perfekt f\u00fcr dynamische Anwendungen.<\/span><\/span><\/p>\n<\/li>\n<li class=\"ng-star-inserted\">\n<p class=\"ng-star-inserted\"><span style=\"color: #000000;\"><strong class=\"ng-star-inserted\"><span class=\"ng-star-inserted\">\u25c6 Rundtisch mit Reitstock (JY-10-007A):<\/span><\/strong><span class=\"ng-star-inserted\">\u00a0Eine komplette 4-Achsen-L\u00f6sung mit Werkst\u00fcckauflage, ideal f\u00fcr das Laser-Rohrschneiden und die Wellenbearbeitung.<\/span><\/span><\/p>\n<\/li>\n<li class=\"ng-star-inserted\">\n<p class=\"ng-star-inserted\"><span style=\"color: #000000;\"><strong class=\"ng-star-inserted\"><span class=\"ng-star-inserted\">\u25c6 4-Achsen-Drehplattformen (JY-10-010, 011B):<\/span><\/strong><span class=\"ng-star-inserted\">\u00a0Erg\u00e4nzt die rotierende C-Achse um eine schwenkbare A-Achse, die einen komplexeren Zugang zu den Teilen erm\u00f6glicht.<\/span><\/span><\/p>\n<\/li>\n<li class=\"ng-star-inserted\">\n<p class=\"ng-star-inserted\"><span style=\"color: #000000;\"><strong class=\"ng-star-inserted\"><span class=\"ng-star-inserted\">\u25c6 5-Achsen-Drehplattformen (JY-10-008A, 009A):<\/span><\/strong><span class=\"ng-star-inserted\"> Die ultimative L\u00f6sung f\u00fcr die Erweiterung einer Maschine um volle 5-Achsen-F\u00e4higkeiten, mit au\u00dfergew\u00f6hnlicher Genauigkeit (\u22640,01 mm Rundlauf).<\/span><\/span><\/p>\n<\/li>\n<\/ul>\n<p>&nbsp;<\/p>\n<p>&nbsp;<\/p>","protected":false},"excerpt":{"rendered":"<h3 class=\"ng-star-inserted\"><span style=\"color: #000000;\"><strong class=\"ng-star-inserted\"><span class=\"ng-star-inserted\">Baureihe JY-10: Hochpr\u00e4zisions-Drehtische<\/span><\/strong><\/span><\/h3>\n<p><span style=\"color: #000000;\">Mit den hochpr\u00e4zisen Drehtischen und Drehplattformen der Serie JY-10 k\u00f6nnen Sie Ihren Maschinen eine neue Dimension der Leistungsf\u00e4higkeit verleihen. Diese vielseitige Produktreihe umfasst Standard-Rundtische, Modelle mit Zahnriemenantrieb und fortschrittliche Drehplattformen mit 4. und 5. Diese auf hohe Genauigkeit und zuverl\u00e4ssige Leistung ausgelegten Drehachsen sind die perfekte L\u00f6sung f\u00fcr die Rohrbearbeitung, 3D-Bearbeitung und komplexe Teilepositionierung.<\/span><\/p>","protected":false},"featured_media":1255,"template":"","meta":[],"product_brand":[],"product_cat":[31,24],"product_tag":[],"class_list":{"0":"post-1247","1":"product","2":"type-product","3":"status-publish","4":"has-post-thumbnail","6":"product_cat-rotatry-table","7":"product_cat-components","9":"first","10":"instock","11":"shipping-taxable","12":"product-type-simple"},"_links":{"self":[{"href":"https:\/\/shiguanglaser.com\/de\/wp-json\/wp\/v2\/product\/1247","targetHints":{"allow":["GET"]}}],"collection":[{"href":"https:\/\/shiguanglaser.com\/de\/wp-json\/wp\/v2\/product"}],"about":[{"href":"https:\/\/shiguanglaser.com\/de\/wp-json\/wp\/v2\/types\/product"}],"wp:featuredmedia":[{"embeddable":true,"href":"https:\/\/shiguanglaser.com\/de\/wp-json\/wp\/v2\/media\/1255"}],"wp:attachment":[{"href":"https:\/\/shiguanglaser.com\/de\/wp-json\/wp\/v2\/media?parent=1247"}],"wp:term":[{"taxonomy":"product_brand","embeddable":true,"href":"https:\/\/shiguanglaser.com\/de\/wp-json\/wp\/v2\/product_brand?post=1247"},{"taxonomy":"product_cat","embeddable":true,"href":"https:\/\/shiguanglaser.com\/de\/wp-json\/wp\/v2\/product_cat?post=1247"},{"taxonomy":"product_tag","embeddable":true,"href":"https:\/\/shiguanglaser.com\/de\/wp-json\/wp\/v2\/product_tag?post=1247"}],"curies":[{"name":"wp","href":"https:\/\/api.w.org\/{rel}","templated":true}]}}