{"id":1214,"date":"2025-06-25T08:14:13","date_gmt":"2025-06-25T08:14:13","guid":{"rendered":"https:\/\/shiguanglaser.com\/?post_type=product&#038;p=1214"},"modified":"2025-07-03T17:38:23","modified_gmt":"2025-07-03T17:38:23","slug":"jy-11-series-high-precision-linear-ball-screw-modules","status":"publish","type":"product","link":"https:\/\/shiguanglaser.com\/de\/jy-11-series-high-precision-linear-ball-screw-modules\/","title":{"rendered":"Serie JY-11 | Hochpr\u00e4zise Linear-Kugelgewindemodule"},"content":{"rendered":"<h2 class=\"section-title\"><span style=\"color: #477ff6;\"><strong>\u25b8 Produkteinf\u00fchrung<\/strong><\/span><\/h2>\n<hr class=\"blue\" \/>\n<p>&nbsp;<\/p>\n<p class=\"ng-star-inserted\" style=\"padding-left: 40px;\"><span class=\"ng-star-inserted\" style=\"color: #000000;\"><strong>Die hochpr\u00e4zisen Linear-Kugelgewindemodule der Serie JY-11<\/strong> repr\u00e4sentieren eine umfassende Palette von einachsigen Linearmodulen, die als Kernbausteine f\u00fcr Pr\u00e4zisionsbewegungssysteme konzipiert sind. Ganz gleich, ob Sie eine kundenspezifische Laserschneidmaschine, einen CNC-Router, ein Pick-and-Place-System oder eine andere automatisierte Anlage konstruieren, diese Module bieten die f\u00fcr die industrielle Leistung erforderliche Genauigkeit und Robustheit. In jedem Modul ist ein hochwertiges lineares F\u00fchrungsschienensystem mit einer pr\u00e4zisionsgeschliffenen Kugelumlaufspindel integriert, das eine reibungslose, reibungsarme Bewegung und eine hohe Tragf\u00e4higkeit gew\u00e4hrleistet.<\/span><\/p>\n<p class=\"ng-star-inserted\" style=\"padding-left: 40px;\"><span class=\"ng-star-inserted\" style=\"color: #000000;\">Die Module sind in einem starren Aluminiumprofil untergebracht und durch eine einzigartige staubdichte Struktur aus Edelstahl gesch\u00fctzt, die die internen Komponenten vor Staub, Schmutz und Spritzern sch\u00fctzt. Dadurch wird die Lebensdauer erheblich verl\u00e4ngert und der Wartungsaufwand reduziert. Die JY-11-Serie ist in einer Vielzahl von Gr\u00f6\u00dfen und Hubl\u00e4ngen erh\u00e4ltlich, von kompakten 60-mm-Modulen bis hin zu hochbelastbaren 175-mm-Modulen mit H\u00fcben bis zu 2000 mm, und bietet eine vielseitige L\u00f6sung f\u00fcr jede Automatisierungsherausforderung.<\/span><\/p>\n<p><!-- Product Features --><\/p>\n<h2 class=\"section-title\"><strong><span style=\"color: #477ff6;\">\u25b8 Produktmerkmale<\/span><\/strong><\/h2>\n<hr class=\"blue\" \/>\n<p>&nbsp;<\/p>\n<p style=\"padding-left: 40px;\"><span style=\"color: #000000;\">\u2705 <strong class=\"ng-star-inserted\"><span class=\"ng-star-inserted\">Hohe Pr\u00e4zision und Steifigkeit:<\/span><\/strong><span class=\"ng-star-inserted\">\u00a0<\/span><\/span><\/p>\n<p style=\"padding-left: 40px;\"><span class=\"ng-star-inserted\" style=\"color: #000000;\">Die Kombination aus einem starren, stranggepressten K\u00f6rper und einem Pr\u00e4zisions-Kugelgewindetrieb sorgt f\u00fcr hohe Steifigkeit und ausgezeichnete Positioniergenauigkeit, wobei die G\u00fcteklassen bis C3 erh\u00e4ltlich sind.<\/span><\/p>\n<p style=\"padding-left: 40px;\"><span style=\"color: #000000;\"><strong class=\"ng-star-inserted\"><span class=\"ng-star-inserted\">\u2705 Haltbar und langlebig:<\/span><\/strong><span class=\"ng-star-inserted\">\u00a0<\/span><\/span><\/p>\n<p style=\"padding-left: 40px;\"><span class=\"ng-star-inserted\" style=\"color: #000000;\">Entwickelt f\u00fcr eine hohe Verschlei\u00dffestigkeit, die eine zuverl\u00e4ssige Leistung \u00fcber Millionen von Zyklen in kontinuierlichen Produktionsumgebungen gew\u00e4hrleistet.<\/span><\/p>\n<p style=\"padding-left: 40px;\"><span style=\"color: #000000;\"><strong class=\"ng-star-inserted\"><span class=\"ng-star-inserted\">\u2705 Effektiver staubdichter Schutz:<\/span><\/strong><span class=\"ng-star-inserted\">\u00a0<\/span><\/span><\/p>\n<p style=\"padding-left: 40px;\"><span class=\"ng-star-inserted\" style=\"color: #000000;\">Eine serienm\u00e4\u00dfige Bandabdeckung aus Edelstahl dichtet das Modul ab und sch\u00fctzt die Kugelumlaufspindel und die F\u00fchrungsschienen vor Verunreinigungen aus der Umgebung, wodurch es ideal f\u00fcr staubige oder raue Werkst\u00e4tten ist.<\/span><\/p>\n<p style=\"padding-left: 40px;\"><span style=\"color: #000000;\"><strong class=\"ng-star-inserted\"><span class=\"ng-star-inserted\">\u2705 Hohe Tragf\u00e4higkeit:<\/span><\/strong><span class=\"ng-star-inserted\">\u00a0<\/span><\/span><\/p>\n<p style=\"padding-left: 40px;\"><span class=\"ng-star-inserted\" style=\"color: #000000;\">Dank der robusten Bauweise k\u00f6nnen die Module erhebliche vertikale und horizontale Lasten bew\u00e4ltigen und gleichzeitig eine reibungslose Bewegung gew\u00e4hrleisten.<\/span><\/p>\n<p style=\"padding-left: 40px;\"><span style=\"color: #000000;\"><strong class=\"ng-star-inserted\"><span class=\"ng-star-inserted\">\u2705 Einfache Integration:<\/span><\/strong><span class=\"ng-star-inserted\">\u00a0<\/span><\/span><\/p>\n<p style=\"padding-left: 40px;\"><span class=\"ng-star-inserted\" style=\"color: #000000;\">Durch die standardisierte, kompakte und leichte Bauweise sind diese Module einfach zu installieren und zu warten und k\u00f6nnen problemlos zu mehrachsigen Portalsystemen (XY, XYZ) kombiniert werden.<\/span><\/p>\n<p style=\"padding-left: 40px;\"><span style=\"color: #000000;\"><strong class=\"ng-star-inserted\"><span class=\"ng-star-inserted\">\u2705 Gro\u00dfe Auswahl an Modellen:<\/span><\/strong><span class=\"ng-star-inserted\">\u00a0<\/span><\/span><\/p>\n<p style=\"padding-left: 40px;\"><span class=\"ng-star-inserted\" style=\"color: #000000;\">Von der Feinabstimmung manueller Tische bis hin zu automatisierten Achsen mit langen H\u00fcben und hoher Geschwindigkeit bietet die Serie eine L\u00f6sung f\u00fcr nahezu jede Anwendungsanforderung.<\/span><\/p>\n<ul>\n<li style=\"list-style-type: none;\">\n<ul>\n<li style=\"list-style-type: none;\"><\/li>\n<\/ul>\n<\/li>\n<\/ul>\n<p>&nbsp;<\/p>\n<p><!-- Product Parameters --><\/p>\n<h2 class=\"section-title\"><strong><span style=\"color: #477ff6;\">\u25b8 Produktparameter<\/span><\/strong><\/h2>\n<hr class=\"blue\" \/>\n<p>&nbsp;<\/p>\n<ul class=\"ng-star-inserted\">\n<li class=\"ng-star-inserted\">\n<p class=\"ng-star-inserted\"><span style=\"color: #000000;\"><strong class=\"ng-star-inserted\"><span class=\"ng-star-inserted\">\u25c6 JY-11-001A (60 Module):<\/span><\/strong><span class=\"ng-star-inserted\">\u00a0Kompaktes, hochpr\u00e4zises Modul f\u00fcr die Automatisierung im kleinen Rahmen.<\/span><\/span><\/p>\n<\/li>\n<li class=\"ng-star-inserted\">\n<p class=\"ng-star-inserted\"><span style=\"color: #000000;\"><strong class=\"ng-star-inserted\"><span class=\"ng-star-inserted\">\u25c6 JY-11-001B (70 Feinabstimmung):<\/span><\/strong><span class=\"ng-star-inserted\">\u00a0Manueller Verstelltisch f\u00fcr pr\u00e4zise, nicht motorisierte Positionierung.<\/span><\/span><\/p>\n<\/li>\n<li class=\"ng-star-inserted\">\n<p class=\"ng-star-inserted\"><span style=\"color: #000000;\"><strong class=\"ng-star-inserted\"><span class=\"ng-star-inserted\">\u25c6 JY-11-001C (80 Module):<\/span><\/strong><span class=\"ng-star-inserted\">\u00a0Mittelgro\u00dfes manuelles Modul f\u00fcr Einrichtungs- und Einstellarbeiten.<\/span><\/span><\/p>\n<\/li>\n<li class=\"ng-star-inserted\">\n<p class=\"ng-star-inserted\"><span style=\"color: #000000;\"><strong class=\"ng-star-inserted\"><span class=\"ng-star-inserted\">\u25c6 JY-11-002A (95 Module):<\/span><\/strong><span class=\"ng-star-inserted\">\u00a0Vielseitiges motorisiertes Modul mit H\u00fcben bis zu 800 mm.<\/span><\/span><\/p>\n<\/li>\n<li class=\"ng-star-inserted\">\n<p class=\"ng-star-inserted\"><span style=\"color: #000000;\"><strong class=\"ng-star-inserted\"><span class=\"ng-star-inserted\">\u25c6 JY-11-003A (155 Modul):<\/span><\/strong><span class=\"ng-star-inserted\">\u00a0Langhubmodul mit einem Verfahrweg von bis zu 1400 mm, ideal f\u00fcr gro\u00dfe Gantry-Achsen.<\/span><\/span><\/p>\n<\/li>\n<li class=\"ng-star-inserted\">\n<p class=\"ng-star-inserted\"><span style=\"color: #000000;\"><strong class=\"ng-star-inserted\"><span class=\"ng-star-inserted\">\u25c6 JY-11-004A (155 Schneidmodul):<\/span><\/strong><span class=\"ng-star-inserted\">\u00a0Eine spezielle Version des Moduls 155, optimiert f\u00fcr dynamische Schneidanwendungen.<\/span><\/span><\/p>\n<\/li>\n<li class=\"ng-star-inserted\">\n<p class=\"ng-star-inserted\"><span style=\"color: #000000;\"><strong class=\"ng-star-inserted\"><span class=\"ng-star-inserted\">\u25c6 JY-11-005A (Modul 175):<\/span><\/strong><span class=\"ng-star-inserted\">\u00a0Hochleistungsmodul mit den l\u00e4ngsten H\u00fcben (bis zu 2000 mm) f\u00fcr gro\u00dfformatige Maschinen.<\/span><\/span><\/p>\n<\/li>\n<li class=\"ng-star-inserted\">\n<p class=\"ng-star-inserted\"><span style=\"color: #000000;\"><strong class=\"ng-star-inserted\"><span class=\"ng-star-inserted\">\u25c6 JY-11-006B (155 Handbuchmodul):<\/span><\/strong><span class=\"ng-star-inserted\">\u00a0Eine manuelle Version des robusten 155er Moduls f\u00fcr schwere Einstellarbeiten.<\/span><\/span><\/p>\n<\/li>\n<\/ul>\n<p>&nbsp;<\/p>\n<p>&nbsp;<\/p>","protected":false},"excerpt":{"rendered":"<p><span style=\"color: #000000;\"><strong>Serie JY-11 | Hochpr\u00e4zise Linear-Kugelgewindemodule<\/strong><\/span><\/p>\n<p><span style=\"color: #000000;\">Die hochpr\u00e4zisen Linearf\u00fchrungsmodule der Serie JY-11 bilden die Grundlage f\u00fcr Ihr automatisiertes System. Angetrieben von hochwertigen Kugelumlaufspindeln bieten diese einachsigen Aktuatoren eine au\u00dfergew\u00f6hnliche Steifigkeit, Genauigkeit und Zuverl\u00e4ssigkeit f\u00fcr eine breite Palette von industriellen Anwendungen. Mit ihrem robusten, staubdichten Design und einer Riemenabdeckung aus rostfreiem Stahl ist die JY-11-Serie f\u00fcr eine lange Lebensdauer und minimalen Wartungsaufwand selbst in den anspruchsvollsten Umgebungen ausgelegt.<\/span><\/p>","protected":false},"featured_media":1217,"template":"","meta":[],"product_brand":[],"product_cat":[30,24],"product_tag":[],"class_list":{"0":"post-1214","1":"product","2":"type-product","3":"status-publish","4":"has-post-thumbnail","6":"product_cat-module","7":"product_cat-components","9":"first","10":"instock","11":"shipping-taxable","12":"product-type-simple"},"_links":{"self":[{"href":"https:\/\/shiguanglaser.com\/de\/wp-json\/wp\/v2\/product\/1214","targetHints":{"allow":["GET"]}}],"collection":[{"href":"https:\/\/shiguanglaser.com\/de\/wp-json\/wp\/v2\/product"}],"about":[{"href":"https:\/\/shiguanglaser.com\/de\/wp-json\/wp\/v2\/types\/product"}],"wp:featuredmedia":[{"embeddable":true,"href":"https:\/\/shiguanglaser.com\/de\/wp-json\/wp\/v2\/media\/1217"}],"wp:attachment":[{"href":"https:\/\/shiguanglaser.com\/de\/wp-json\/wp\/v2\/media?parent=1214"}],"wp:term":[{"taxonomy":"product_brand","embeddable":true,"href":"https:\/\/shiguanglaser.com\/de\/wp-json\/wp\/v2\/product_brand?post=1214"},{"taxonomy":"product_cat","embeddable":true,"href":"https:\/\/shiguanglaser.com\/de\/wp-json\/wp\/v2\/product_cat?post=1214"},{"taxonomy":"product_tag","embeddable":true,"href":"https:\/\/shiguanglaser.com\/de\/wp-json\/wp\/v2\/product_tag?post=1214"}],"curies":[{"name":"wp","href":"https:\/\/api.w.org\/{rel}","templated":true}]}}