{"id":1204,"date":"2025-06-24T09:16:46","date_gmt":"2025-06-24T09:16:46","guid":{"rendered":"https:\/\/shiguanglaser.com\/?post_type=product&#038;p=1204"},"modified":"2025-07-03T17:39:28","modified_gmt":"2025-07-03T17:39:28","slug":"hengxin-hx-sc-series-4-in-1-handheld-laser-welder-cutter-cleaner","status":"publish","type":"product","link":"https:\/\/shiguanglaser.com\/de\/hengxin-hx-sc-series-4-in-1-handheld-laser-welder-cutter-cleaner\/","title":{"rendered":"Hengxin HX-SC Serie | 4-in-1 Handlaserschwei\u00dfger\u00e4t, Schneideger\u00e4t und Reinigungsger\u00e4t"},"content":{"rendered":"<h2 class=\"section-title\"><span style=\"color: #477ff6;\"><strong>\u25b8 Produkteinf\u00fchrung<\/strong><\/span><\/h2>\n<hr class=\"blue\" \/>\n<p>&nbsp;<\/p>\n<p class=\"ng-star-inserted\" style=\"padding-left: 40px;\"><span class=\"ng-star-inserted\" style=\"color: #000000;\"><strong>Die Hengxin HX-SC-Serie<\/strong> ist das \"Schweizer Taschenmesser\" der Laserbearbeitung, das die Leistung und Pr\u00e4zision der Lasertechnologie in jeden Arbeitsbereich bringt. Dieses kompakte und mobile System integriert vier Schl\u00fcsselfunktionen, die es dem Benutzer erm\u00f6glichen, in Sekundenschnelle zwischen verschiedenen Aufgaben zu wechseln, indem er einfach die D\u00fcse und die Systemeinstellungen \u00e4ndert. Es macht mehrere separate Maschinen \u00fcberfl\u00fcssig und spart so wertvollen Platz und Investitionen.<\/span><\/p>\n<p class=\"ng-star-inserted\" style=\"padding-left: 40px;\"><span class=\"ng-star-inserted\" style=\"color: #000000;\">Der ergonomische, leichte Handkopf und die 10 Meter lange Faser sorgen f\u00fcr eine hervorragende Reichweite und Man\u00f6vrierbarkeit, so dass auch gro\u00dfe oder unhandlich geformte Teile problemlos bearbeitet werden k\u00f6nnen. Ob Sie starke, saubere Schwei\u00dfn\u00e4hte erzeugen, schnelle Schnitte machen, Verf\u00e4rbungen nach dem Schwei\u00dfen entfernen oder Rost und Farbe abtragen, das Hengxin 4-in-1-System bietet eine schnelle, effiziente und hochwertige L\u00f6sung.<\/span><\/p>\n<p>&nbsp;<\/p>\n<p><!-- Product Features --><\/p>\n<h2 class=\"section-title\"><strong><span style=\"color: #477ff6;\">\u25b8 Produktmerkmale<\/span><\/strong><\/h2>\n<hr class=\"blue\" \/>\n<p>&nbsp;<\/p>\n<p style=\"padding-left: 80px;\"><span style=\"color: #000000;\">\u2705 <strong class=\"ng-star-inserted\"><span class=\"ng-star-inserted\">4-in-1 Vielseitigkeit:<\/span><\/strong><span class=\"ng-star-inserted\">\u00a0<\/span><\/span><\/p>\n<p style=\"padding-left: 80px;\"><span class=\"ng-star-inserted\" style=\"color: #000000;\">Nahtloser Wechsel zwischen vier Funktionen:<\/span><\/p>\n<ul class=\"ng-star-inserted\">\n<li style=\"list-style-type: none;\">\n<ul class=\"ng-star-inserted\">\n<li style=\"list-style-type: none;\">\n<ul class=\"ng-star-inserted\">\n<li class=\"ng-star-inserted\">\n<p class=\"ng-star-inserted\"><span style=\"color: #000000;\"><strong class=\"ng-star-inserted\"><span class=\"ng-star-inserted\">&gt; Schwei\u00dfen:<\/span><\/strong><span class=\"ng-star-inserted\">\u00a0Erzeugt starke, sch\u00f6ne N\u00e4hte auf verschiedenen Metallen mit minimaler W\u00e4rmeverformung.<\/span><\/span><\/p>\n<\/li>\n<li class=\"ng-star-inserted\">\n<p class=\"ng-star-inserted\"><span style=\"color: #000000;\"><strong class=\"ng-star-inserted\"><span class=\"ng-star-inserted\">&gt; Schneiden:<\/span><\/strong><span class=\"ng-star-inserted\">\u00a0F\u00fchrt saubere, schnelle Schnitte an d\u00fcnnen Blechen durch.<\/span><\/span><\/p>\n<\/li>\n<li class=\"ng-star-inserted\">\n<p class=\"ng-star-inserted\"><span style=\"color: #000000;\"><strong class=\"ng-star-inserted\"><span class=\"ng-star-inserted\">&gt; Schwei\u00dfnaht-Reinigung:<\/span><\/strong><span class=\"ng-star-inserted\">\u00a0Entfernt Blauf\u00e4rbung und Verf\u00e4rbungen nach dem Schwei\u00dfen f\u00fcr ein perfektes Finish.<\/span><\/span><\/p>\n<\/li>\n<li class=\"ng-star-inserted\">\n<p class=\"ng-star-inserted\"><span style=\"color: #000000;\"><strong class=\"ng-star-inserted\"><span class=\"ng-star-inserted\">&gt; Oberfl\u00e4chenreinigung:<\/span><\/strong><span class=\"ng-star-inserted\">\u00a0Entfernt wirkungsvoll Rost, Farbe, \u00d6l und andere Verunreinigungen, ohne den Untergrund zu besch\u00e4digen.<\/span><\/span><\/p>\n<\/li>\n<\/ul>\n<\/li>\n<\/ul>\n<\/li>\n<\/ul>\n<p>&nbsp;<\/p>\n<ul>\n<li style=\"list-style-type: none;\">\n<ul class=\"ng-star-inserted\">\n<li class=\"ng-star-inserted\">\n<p class=\"ng-star-inserted\"><span style=\"color: #000000;\"><strong class=\"ng-star-inserted\"><span class=\"ng-star-inserted\">\u2705 Benutzerfreundlicher Betrieb:<\/span><\/strong><span class=\"ng-star-inserted\">\u00a0<\/span><\/span><\/p>\n<\/li>\n<li class=\"ng-star-inserted\">\n<p class=\"ng-star-inserted\"><span class=\"ng-star-inserted\" style=\"color: #000000;\">Das System ist einfach einzurichten und zu bedienen, so dass es auch von Anwendern genutzt werden kann, die mit der Lasertechnologie nicht vertraut sind.<\/span><\/p>\n<\/li>\n<\/ul>\n<\/li>\n<\/ul>\n<ul>\n<li style=\"list-style-type: none;\">\n<ul class=\"ng-star-inserted\">\n<li class=\"ng-star-inserted\">\n<p class=\"ng-star-inserted\"><span style=\"color: #000000;\"><strong class=\"ng-star-inserted\"><span class=\"ng-star-inserted\">\u2705 Einstellbarer Schwei\u00dfpunkt:<\/span><\/strong><span class=\"ng-star-inserted\">\u00a0<\/span><\/span><\/p>\n<\/li>\n<li class=\"ng-star-inserted\">\n<p class=\"ng-star-inserted\"><span class=\"ng-star-inserted\" style=\"color: #000000;\">Die einstellbare Punktgr\u00f6\u00dfe von 0-5 mm erm\u00f6glicht die Feinabstimmung der Schwei\u00dfraupe auf verschiedene Verbindungsarten und Materialst\u00e4rken.<\/span><\/p>\n<\/li>\n<\/ul>\n<\/li>\n<\/ul>\n<ul>\n<li style=\"list-style-type: none;\">\n<ul class=\"ng-star-inserted\">\n<li class=\"ng-star-inserted\">\n<p class=\"ng-star-inserted\"><span style=\"color: #000000;\"><strong class=\"ng-star-inserted\"><span class=\"ng-star-inserted\">\u2705 Hochwertige Schwei\u00dfn\u00e4hte:<\/span><\/strong><span class=\"ng-star-inserted\">\u00a0<\/span><\/span><\/p>\n<\/li>\n<li class=\"ng-star-inserted\">\n<p class=\"ng-star-inserted\"><span class=\"ng-star-inserted\" style=\"color: #000000;\">Erzeugt glatte, starke Schwei\u00dfn\u00e4hte mit einem ausgezeichneten Verh\u00e4ltnis von Tiefe zu Breite, die oft keine Nachbearbeitung oder Schleifen erfordern.<\/span><\/p>\n<\/li>\n<\/ul>\n<\/li>\n<\/ul>\n<ul>\n<li style=\"list-style-type: none;\">\n<ul class=\"ng-star-inserted\">\n<li class=\"ng-star-inserted\">\n<p class=\"ng-star-inserted\"><span style=\"color: #000000;\"><strong class=\"ng-star-inserted\"><span class=\"ng-star-inserted\">\u2705 Tragbar und mobil:<\/span><\/strong><span class=\"ng-star-inserted\">\u00a0<\/span><\/span><\/p>\n<\/li>\n<li class=\"ng-star-inserted\">\n<p class=\"ng-star-inserted\"><span class=\"ng-star-inserted\" style=\"color: #000000;\">Das kompakte Design mit Lenkrollen macht es einfach, die Maschine in der Werkstatt zu bewegen oder zu einer Baustelle zu transportieren.<\/span><\/p>\n<\/li>\n<\/ul>\n<\/li>\n<\/ul>\n<p>&nbsp;<\/p>\n<p>&nbsp;<\/p>\n<p><!-- Product Parameters --><\/p>\n<h2 class=\"section-title\"><strong><span style=\"color: #477ff6;\">\u25b8 Produktparameter<\/span><\/strong><\/h2>\n<hr class=\"blue\" \/>\n<p>&nbsp;<\/p>\n<table width=\"1154\">\n<tbody>\n<tr>\n<td style=\"padding-left: 40px;\" width=\"522\"><span style=\"color: #000000;\"><strong>Maschinenmodell<\/strong><\/span><\/td>\n<td style=\"padding-left: 40px;\" colspan=\"2\" width=\"631\"><span style=\"color: #000000;\">HX-SC-1000W\/1500W\/2000W<\/span><\/td>\n<\/tr>\n<tr style=\"padding-left: 40px;\">\n<td style=\"padding-left: 40px;\" width=\"522\"><span style=\"color: #000000;\"><strong>Laserleistung<\/strong><\/span><\/td>\n<td style=\"padding-left: 40px;\" colspan=\"2\" width=\"631\"><span style=\"color: #000000;\">1000W\/1500W\/2000W(Optional)<\/span><\/td>\n<\/tr>\n<tr style=\"padding-left: 40px;\">\n<td style=\"padding-left: 40px;\" width=\"522\"><span style=\"color: #000000;\"><strong>Laser-Typ<\/strong><\/span><\/td>\n<td style=\"padding-left: 40px;\" colspan=\"2\" width=\"631\"><span style=\"color: #000000;\">Kontinuierlicher Faserlaser<\/span><\/td>\n<\/tr>\n<tr style=\"padding-left: 40px;\">\n<td style=\"padding-left: 40px;\" width=\"522\"><span style=\"color: #000000;\"><strong>Faserl\u00e4nge<\/strong><\/span><\/td>\n<td style=\"padding-left: 40px;\" colspan=\"2\" width=\"631\"><span style=\"color: #000000;\">10m<\/span><\/td>\n<\/tr>\n<tr style=\"padding-left: 40px;\">\n<td style=\"padding-left: 40px;\" width=\"522\"><span style=\"color: #000000;\"><strong>Wellenl\u00e4nge<\/strong><\/span><\/td>\n<td style=\"padding-left: 40px;\" colspan=\"2\" width=\"631\"><span style=\"color: #000000;\">1080nm<\/span><\/td>\n<\/tr>\n<tr style=\"padding-left: 40px;\">\n<td style=\"padding-left: 40px;\" width=\"522\"><span style=\"color: #000000;\"><strong>Marke des Laserkopfes<\/strong><\/span><\/td>\n<td style=\"padding-left: 40px;\" colspan=\"2\" width=\"631\"><span style=\"color: #000000;\">SUP23T\/SKH3000<\/span><\/td>\n<\/tr>\n<tr style=\"padding-left: 40px;\">\n<td style=\"padding-left: 40px;\" width=\"522\"><span style=\"color: #000000;\"><strong>Schwei\u00dfpunktgr\u00f6\u00dfe<\/strong><\/span><\/td>\n<td style=\"padding-left: 40px;\" colspan=\"2\" width=\"631\"><span style=\"color: #000000;\">0-5mm Einstellbar<\/span><\/td>\n<\/tr>\n<tr style=\"padding-left: 40px;\">\n<td style=\"padding-left: 40px;\" width=\"522\"><span style=\"color: #000000;\"><strong>Anforderungen an Schwei\u00dfspalte<\/strong><\/span><\/td>\n<td style=\"padding-left: 40px;\" colspan=\"2\" width=\"631\"><span style=\"color: #000000;\">&lt;0,5mm<\/span><\/td>\n<\/tr>\n<tr style=\"padding-left: 40px;\">\n<td style=\"padding-left: 40px;\" width=\"522\"><span style=\"color: #000000;\"><strong>Empfohlene Schwei\u00dfst\u00e4rke<\/strong><\/span><\/td>\n<td style=\"padding-left: 40px;\" colspan=\"2\" width=\"631\"><span style=\"color: #000000;\">0,5-3 mm<\/span><\/td>\n<\/tr>\n<tr style=\"padding-left: 40px;\">\n<td style=\"padding-left: 40px;\" width=\"522\"><span style=\"color: #000000;\"><strong>Anforderungen an das Schwei\u00dfen<\/strong><\/span><\/td>\n<td style=\"padding-left: 40px;\" colspan=\"2\" width=\"631\"><span style=\"color: #000000;\">Gleichm\u00e4\u00dfige Geschwindigkeit<\/span><\/td>\n<\/tr>\n<tr style=\"padding-left: 40px;\">\n<td style=\"padding-left: 40px;\" width=\"522\"><span style=\"color: #000000;\"><strong>Stromversorgung<\/strong><\/span><\/td>\n<td style=\"padding-left: 40px;\" colspan=\"2\" width=\"631\"><span style=\"color: #000000;\">AC220V\u00b110%50Hz<\/span><\/td>\n<\/tr>\n<tr style=\"padding-left: 40px;\">\n<td style=\"padding-left: 40px;\" width=\"522\"><span style=\"color: #000000;\"><strong>Arbeitstemperatur<\/strong><\/span><\/td>\n<td style=\"padding-left: 40px;\" colspan=\"2\" width=\"631\"><span style=\"color: #000000;\">15-35\u2103<\/span><\/td>\n<\/tr>\n<tr style=\"padding-left: 40px;\">\n<td style=\"padding-left: 40px;\" width=\"522\"><span style=\"color: #000000;\"><strong>Hilfsger\u00e4t<\/strong><\/span><\/td>\n<td style=\"padding-left: 40px;\" colspan=\"2\" width=\"631\"><span style=\"color: #000000;\">Wasserk\u00fchler (mit destilliertem Wasser oder gereinigtem Wasser)<\/span><\/td>\n<\/tr>\n<tr style=\"padding-left: 40px;\">\n<td style=\"padding-left: 40px;\" width=\"522\"><span style=\"color: #000000;\"><strong>Arbeitsfeuchtigkeit<\/strong><\/span><\/td>\n<td style=\"padding-left: 40px;\" colspan=\"2\" width=\"631\"><span style=\"color: #000000;\">5%-95%kein Kondenswasser<\/span><\/td>\n<\/tr>\n<tr style=\"padding-left: 40px;\">\n<td style=\"padding-left: 40px;\" width=\"522\"><span style=\"color: #000000;\"><strong>Farbe<\/strong><\/span><\/td>\n<td style=\"padding-left: 40px;\" colspan=\"2\" width=\"631\"><span style=\"color: #000000;\">Grau, blau, gelb, oder anpassbar<\/span><\/td>\n<\/tr>\n<tr style=\"padding-left: 40px;\">\n<td style=\"padding-left: 40px;\" width=\"522\"><span style=\"color: #000000;\"><strong>Gr\u00f6\u00dfe der Maschine<\/strong><\/span><\/td>\n<td style=\"padding-left: 40px;\" colspan=\"2\" width=\"631\"><span style=\"color: #000000;\">1100mm*650mm*1180mm<\/span><\/td>\n<\/tr>\n<\/tbody>\n<\/table>\n<p>&nbsp;<\/p>\n<p>&nbsp;<\/p>","protected":false},"excerpt":{"rendered":"<h3 class=\"ng-star-inserted\"><span style=\"color: #000000;\"><strong class=\"ng-star-inserted\"><span class=\"ng-star-inserted\">Hengxin Serie 4-in-1 Hand-Laserger\u00e4t<\/span><\/strong><\/span><\/h3>\n<p><span style=\"color: #000000;\">Erleben Sie ultimative Vielseitigkeit mit dem Hengxin 4-in-1 Handlaser-System. Dieses All-in-One-Ger\u00e4t vereint die Leistung von Laserschwei\u00dfen, Schneiden, Schwei\u00dfnahtreinigung und Oberfl\u00e4chenreinigung in einem einzigen, tragbaren Ger\u00e4t. Mit einem leichten SUP23T\/SKH3000-Kopf und einer einstellbaren Punktgr\u00f6\u00dfe von bis zu 5 mm ist es unglaublich einfach zu bedienen und perfekt f\u00fcr kleine Werkst\u00e4tten, Reparaturen vor Ort und kundenspezifische Fertigungsprojekte.<\/span><\/p>","protected":false},"featured_media":1213,"template":"","meta":[],"product_brand":[],"product_cat":[41,23],"product_tag":[],"class_list":{"0":"post-1204","1":"product","2":"type-product","3":"status-publish","4":"has-post-thumbnail","6":"product_cat-handheld-laser-welding-clean-machine","7":"product_cat-laser-machine","9":"first","10":"instock","11":"shipping-taxable","12":"product-type-simple"},"_links":{"self":[{"href":"https:\/\/shiguanglaser.com\/de\/wp-json\/wp\/v2\/product\/1204","targetHints":{"allow":["GET"]}}],"collection":[{"href":"https:\/\/shiguanglaser.com\/de\/wp-json\/wp\/v2\/product"}],"about":[{"href":"https:\/\/shiguanglaser.com\/de\/wp-json\/wp\/v2\/types\/product"}],"wp:featuredmedia":[{"embeddable":true,"href":"https:\/\/shiguanglaser.com\/de\/wp-json\/wp\/v2\/media\/1213"}],"wp:attachment":[{"href":"https:\/\/shiguanglaser.com\/de\/wp-json\/wp\/v2\/media?parent=1204"}],"wp:term":[{"taxonomy":"product_brand","embeddable":true,"href":"https:\/\/shiguanglaser.com\/de\/wp-json\/wp\/v2\/product_brand?post=1204"},{"taxonomy":"product_cat","embeddable":true,"href":"https:\/\/shiguanglaser.com\/de\/wp-json\/wp\/v2\/product_cat?post=1204"},{"taxonomy":"product_tag","embeddable":true,"href":"https:\/\/shiguanglaser.com\/de\/wp-json\/wp\/v2\/product_tag?post=1204"}],"curies":[{"name":"wp","href":"https:\/\/api.w.org\/{rel}","templated":true}]}}