{"id":1202,"date":"2025-06-24T08:37:10","date_gmt":"2025-06-24T08:37:10","guid":{"rendered":"https:\/\/shiguanglaser.com\/?post_type=product&#038;p=1202"},"modified":"2025-07-03T17:41:21","modified_gmt":"2025-07-03T17:41:21","slug":"hans-focus-rw306-3d-5-axis-laser-welding-head","status":"publish","type":"product","link":"https:\/\/shiguanglaser.com\/de\/hans-focus-rw306-3d-5-axis-laser-welding-head\/","title":{"rendered":"Han's Focus RW306 | 3D 5-Achsen-Laserschwei\u00dfkopf"},"content":{"rendered":"<h2 class=\"section-title\"><span style=\"color: #477ff6;\"><strong>\u25b8 Produkteinf\u00fchrung<\/strong><\/span><\/h2>\n<hr class=\"blue\" \/>\n<p>&nbsp;<\/p>\n<p class=\"ng-star-inserted\" style=\"padding-left: 40px;\"><span class=\"ng-star-inserted\" style=\"color: #000000;\"><strong>Der Fokus der Han RW306<\/strong> ist eine hochmoderne Schwei\u00dfverbindung, die f\u00fcr die nahtlose Integration mit 6-Achsen-Robotern und CNC-Portalsystemen entwickelt wurde. Es bietet die Pr\u00e4zision des Faserlaserschwei\u00dfens f\u00fcr die komplexesten 3D-Komponenten, wie z. B. Karosseriestrukturen im Automobilbau, hydrogeformte Teile und Baugruppen f\u00fcr die Luft- und Raumfahrt. Die C-Achse (stufenlose Rotation) und die A-Achse (\u00b1135\u00b0 Neigung) des Kopfes bieten v\u00f6llige Bewegungsfreiheit und erm\u00f6glichen den Zugang und das Schwei\u00dfen komplizierter N\u00e4hte, die f\u00fcr Standard-Schwei\u00dfk\u00f6pfe unm\u00f6glich sind.<\/span><\/p>\n<p class=\"ng-star-inserted\" style=\"padding-left: 40px;\"><span class=\"ng-star-inserted\" style=\"color: #000000;\">Ein Hauptmerkmal ist die direkt angetriebene Schwenkfunktion (Wobble), die den Laserstrahl in einem kontrollierten Muster oszillieren l\u00e4sst. Dadurch wird die Schwei\u00dfqualit\u00e4t bei gr\u00f6\u00dferen Spaltma\u00dfen deutlich verbessert, die \u00c4sthetik der Naht erh\u00f6ht und die Toleranz f\u00fcr Abweichungen bei der Teileanpassung verbessert. Der RW306 verf\u00fcgt \u00fcber ein modulares, leichtes Design und einen hochgradig abgedichteten Strahlengang und ist f\u00fcr einen dauerhaften, leistungsstarken Betrieb in anspruchsvollen industriellen Umgebungen konzipiert.<\/span><\/p>\n<p>&nbsp;<\/p>\n<p><!-- Product Features --><\/p>\n<h2 class=\"section-title\"><strong><span style=\"color: #477ff6;\">\u25b8 Produktmerkmale<\/span><\/strong><\/h2>\n<hr class=\"blue\" \/>\n<p>&nbsp;<\/p>\n<p style=\"padding-left: 40px;\"><span style=\"color: #000000;\">\u2705 <strong class=\"ng-star-inserted\"><span class=\"ng-star-inserted\">Echte 3D-Schwei\u00dff\u00e4higkeit:<\/span><\/strong><span class=\"ng-star-inserted\">\u00a0<\/span><\/span><\/p>\n<p style=\"padding-left: 40px;\"><span class=\"ng-star-inserted\" style=\"color: #000000;\">Durch die stufenlose Drehung der C-Achse und die Neigung der A-Achse um \u00b1135\u00b0 kann sie jede dreidimensional gekr\u00fcmmte Oberfl\u00e4che mit au\u00dfergew\u00f6hnlicher Pr\u00e4zision schwei\u00dfen.<\/span><\/p>\n<ul class=\"ng-star-inserted\">\n<li class=\"ng-star-inserted\">\n<p class=\"ng-star-inserted\"><span style=\"color: #000000;\"><strong class=\"ng-star-inserted\"><span class=\"ng-star-inserted\">\u2705 Schlanke Direktantriebstechnik:<\/span><\/strong><span class=\"ng-star-inserted\">\u00a0<\/span><\/span><\/p>\n<\/li>\n<li class=\"ng-star-inserted\">\n<p class=\"ng-star-inserted\"><span class=\"ng-star-inserted\" style=\"color: #000000;\">Die \"Swing\"- oder Taumelschwei\u00dffunktion verbessert die Verarbeitungseffizienz, erh\u00f6ht die \u00c4sthetik der Schwei\u00dfnaht und liefert bessere Ergebnisse bei Teilen mit ungleichm\u00e4\u00dfigen Spalten.<\/span><\/p>\n<\/li>\n<li class=\"ng-star-inserted\">\n<p class=\"ng-star-inserted\"><span style=\"color: #000000;\"><strong class=\"ng-star-inserted\"><span class=\"ng-star-inserted\">\u2705 Hohe Abdichtungsleistung:<\/span><\/strong><span class=\"ng-star-inserted\">\u00a0<\/span><\/span><\/p>\n<\/li>\n<li class=\"ng-star-inserted\">\n<p class=\"ng-star-inserted\"><span class=\"ng-star-inserted\" style=\"color: #000000;\">Der interne Strahlengang ist vollst\u00e4ndig versiegelt, um Verunreinigungen durch Staub und Rauch zu vermeiden, was eine langfristige optische Stabilit\u00e4t und dauerhafte Leistung gew\u00e4hrleistet.<\/span><\/p>\n<\/li>\n<li class=\"ng-star-inserted\">\n<p class=\"ng-star-inserted\"><span style=\"color: #000000;\"><strong class=\"ng-star-inserted\"><span class=\"ng-star-inserted\">\u2705 Integrierter Anti-Kollisionsschutz:<\/span><\/strong><span class=\"ng-star-inserted\">\u00a0<\/span><\/span><\/p>\n<\/li>\n<li class=\"ng-star-inserted\">\n<p class=\"ng-star-inserted\"><span class=\"ng-star-inserted\" style=\"color: #000000;\">Sch\u00fctzt den Kopf vor Sch\u00e4den durch unerwartete St\u00fcrze und minimiert so Ausfallzeiten und kostspielige Reparaturen.<\/span><\/p>\n<\/li>\n<li class=\"ng-star-inserted\">\n<p class=\"ng-star-inserted\"><span style=\"color: #000000;\"><strong class=\"ng-star-inserted\"><span class=\"ng-star-inserted\">\u2705 Einfache Wartung:<\/span><\/strong><span class=\"ng-star-inserted\">\u00a0<\/span><\/span><\/p>\n<\/li>\n<li class=\"ng-star-inserted\">\n<p class=\"ng-star-inserted\"><span class=\"ng-star-inserted\" style=\"color: #000000;\">Das modulare und leichte Design vereinfacht die Wartung und Integration und macht es f\u00fcr Techniker und Automatisierungsingenieure benutzerfreundlich.<\/span><\/p>\n<\/li>\n<\/ul>\n<p>&nbsp;<\/p>\n<p><!-- Product Parameters --><\/p>\n<h2 class=\"section-title\"><strong><span style=\"color: #477ff6;\">\u25b8 Produktparameter<\/span><\/strong><\/h2>\n<hr class=\"blue\" \/>\n<p>&nbsp;<\/p>\n<table width=\"790\">\n<tbody>\n<tr>\n<td style=\"padding-left: 40px;\" width=\"455\"><span style=\"color: #000000;\"><strong>Produktmodell<\/strong><\/span><\/td>\n<td style=\"padding-left: 40px;\" width=\"335\"><span style=\"color: #000000;\">RW306<\/span><\/td>\n<\/tr>\n<tr style=\"padding-left: 40px;\">\n<td style=\"padding-left: 40px;\" width=\"455\"><span style=\"color: #000000;\"><strong>Maximale Laserleistung<\/strong><\/span><\/td>\n<td style=\"padding-left: 40px;\" width=\"335\"><span style=\"color: #000000;\">\u22646kW<\/span><\/td>\n<\/tr>\n<tr style=\"padding-left: 40px;\">\n<td style=\"padding-left: 40px;\" width=\"455\"><span style=\"color: #000000;\"><strong>Kollimierte Brennweite<\/strong><\/span><\/td>\n<td style=\"padding-left: 40px;\" width=\"335\"><span style=\"color: #000000;\">150mm<\/span><\/td>\n<\/tr>\n<tr style=\"padding-left: 40px;\">\n<td style=\"padding-left: 40px;\" width=\"455\"><span style=\"color: #000000;\"><strong>Fokussierung Brennweite<\/strong><\/span><\/td>\n<td style=\"padding-left: 40px;\" width=\"335\"><span style=\"color: #000000;\">300mm<\/span><\/td>\n<\/tr>\n<tr style=\"padding-left: 40px;\">\n<td style=\"padding-left: 40px;\" width=\"455\"><span style=\"color: #000000;\"><strong>Maximale effektive Blende<\/strong><\/span><\/td>\n<td style=\"padding-left: 40px;\" width=\"335\"><span style=\"color: #000000;\">\u03c632mm<\/span><\/td>\n<\/tr>\n<tr style=\"padding-left: 40px;\">\n<td style=\"padding-left: 40px;\" width=\"455\"><span style=\"color: #000000;\"><strong>Reisen<\/strong><\/span><\/td>\n<td style=\"padding-left: 40px;\" width=\"335\"><span style=\"color: #000000;\">C-Achse: unendliche Drehung<\/span><br \/>\n<span style=\"color: #000000;\">A-Achse:\u00b1135\u00b0<\/span><\/td>\n<\/tr>\n<tr style=\"padding-left: 40px;\">\n<td style=\"padding-left: 40px;\" width=\"455\"><span style=\"color: #000000;\"><strong>Faserschnittstelle<\/strong><\/span><\/td>\n<td style=\"padding-left: 40px;\" width=\"335\"><span style=\"color: #000000;\">QBH\u3001Q+\u3001QD<\/span><\/td>\n<\/tr>\n<tr style=\"padding-left: 40px;\">\n<td style=\"padding-left: 40px;\" width=\"455\"><span style=\"color: #000000;\"><strong>Gewicht<\/strong><\/span><\/td>\n<td style=\"padding-left: 40px;\" width=\"335\"><span style=\"color: #000000;\">47kg<\/span><\/td>\n<\/tr>\n<\/tbody>\n<\/table>\n<p>&nbsp;<\/p>\n<h4><span style=\"color: #000000;\"><strong>&gt; Wichtigste Industrieanwendungen:<\/strong><\/span><\/h4>\n<p>&nbsp;<\/p>\n<ul>\n<li><span style=\"color: #000000;\">\u25c6 Komponenten von Flugzeugtriebwerken<\/span><\/li>\n<\/ul>\n<p>&nbsp;<\/p>\n<ul>\n<li><span style=\"color: #000000;\">\u25c6 Schwei\u00dfen von EV-Batterietr\u00e4gern<\/span><\/li>\n<\/ul>\n<p>&nbsp;<\/p>\n<ul>\n<li><span style=\"color: #000000;\">\u25c6 Reparatur von Schiffspropellern<\/span><\/li>\n<\/ul>\n<p>&nbsp;<\/p>\n<p>&nbsp;<\/p>","protected":false},"excerpt":{"rendered":"<p><span style=\"color: #000000;\"><strong>HAN'S FOCUS RW306 5-Achsen-Laserschwei\u00dfkopf | \u00b10,005\u00b0 Wiederholgenauigkeit &amp; \u00b1135\u00b0 Neigung f\u00fcr komplexe 3D-Oberfl\u00e4chen<\/strong><\/span><\/p>\n<p><span style=\"color: #000000;\">Meistern Sie komplexe, dreidimensionale Schwei\u00dfarbeiten mit dem Han's Focus RW306. Dieser fortschrittliche 5-Achsen-Schwei\u00dfkopf wurde f\u00fcr Roboteranwendungen entwickelt und erm\u00f6glicht fehlerfreie Schwei\u00dfungen auf jeder gekr\u00fcmmten Oberfl\u00e4che. Sein schlankes, direktangetriebenes Design mit Swing- (Taumel-) Funktion und Antikollisionsschutz sorgt f\u00fcr \u00fcberragende Effizienz und Schwei\u00dfqualit\u00e4t und macht ihn zur ersten Wahl f\u00fcr die Automobil-, Luft- und Raumfahrt- sowie die High-Tech-Fertigungsindustrie.<\/span><\/p>","protected":false},"featured_media":1203,"template":"","meta":[],"product_brand":[],"product_cat":[38,23],"product_tag":[],"class_list":{"0":"post-1202","1":"product","2":"type-product","3":"status-publish","4":"has-post-thumbnail","6":"product_cat-laser-welding-head","7":"product_cat-laser-machine","9":"first","10":"instock","11":"shipping-taxable","12":"product-type-simple"},"_links":{"self":[{"href":"https:\/\/shiguanglaser.com\/de\/wp-json\/wp\/v2\/product\/1202","targetHints":{"allow":["GET"]}}],"collection":[{"href":"https:\/\/shiguanglaser.com\/de\/wp-json\/wp\/v2\/product"}],"about":[{"href":"https:\/\/shiguanglaser.com\/de\/wp-json\/wp\/v2\/types\/product"}],"wp:featuredmedia":[{"embeddable":true,"href":"https:\/\/shiguanglaser.com\/de\/wp-json\/wp\/v2\/media\/1203"}],"wp:attachment":[{"href":"https:\/\/shiguanglaser.com\/de\/wp-json\/wp\/v2\/media?parent=1202"}],"wp:term":[{"taxonomy":"product_brand","embeddable":true,"href":"https:\/\/shiguanglaser.com\/de\/wp-json\/wp\/v2\/product_brand?post=1202"},{"taxonomy":"product_cat","embeddable":true,"href":"https:\/\/shiguanglaser.com\/de\/wp-json\/wp\/v2\/product_cat?post=1202"},{"taxonomy":"product_tag","embeddable":true,"href":"https:\/\/shiguanglaser.com\/de\/wp-json\/wp\/v2\/product_tag?post=1202"}],"curies":[{"name":"wp","href":"https:\/\/api.w.org\/{rel}","templated":true}]}}