{"id":1198,"date":"2025-06-24T07:28:36","date_gmt":"2025-06-24T07:28:36","guid":{"rendered":"https:\/\/shiguanglaser.com\/?post_type=product&#038;p=1198"},"modified":"2025-07-03T17:42:43","modified_gmt":"2025-07-03T17:42:43","slug":"ospri-lcf-series-intelligent-information-bevel-laser-cutting-head15kw-20kw","status":"publish","type":"product","link":"https:\/\/shiguanglaser.com\/de\/ospri-lcf-series-intelligent-information-bevel-laser-cutting-head15kw-20kw\/","title":{"rendered":"OSPRI LCF Serie | Intelligenter Informationsfasenlaserschneidkopf (15KW\/20KW)"},"content":{"rendered":"<h2 class=\"section-title\"><span style=\"color: #477ff6;\"><strong>\u25b8 Produkteinf\u00fchrung<\/strong><\/span><\/h2>\n<hr class=\"blue\" \/>\n<p>&nbsp;<\/p>\n<p class=\"ng-star-inserted\" style=\"padding-left: 40px;\"><span class=\"ng-star-inserted\" style=\"color: #000000;\"><strong>Die OSPRI LCF-Reihe<\/strong> bringt die Vorteile des intelligenten Hochleistungslaserschneidens in die Welt des Fasenschneidens. Durch die M\u00f6glichkeit, pr\u00e4zise, saubere Fasen f\u00fcr die Schwei\u00dfnahtvorbereitung direkt auf der Schneidmaschine zu erzeugen, werden sekund\u00e4re Schleif- und Fr\u00e4svorg\u00e4nge \u00fcberfl\u00fcssig. Das spart enorm viel Zeit, Arbeit und Platz in der Werkstatt und f\u00fchrt gleichzeitig zu einem genaueren und gleichm\u00e4\u00dfigeren Ergebnis.<\/span><\/p>\n<p class=\"ng-star-inserted\" style=\"padding-left: 40px;\"><span class=\"ng-star-inserted\" style=\"color: #000000;\">Das LCF ist mit Lasern bis zu 20 kW kompatibel und verf\u00fcgt \u00fcber die f\u00fcr OSPRI typische Intelligenz. Er verf\u00fcgt \u00fcber eine interne Gasdruck\u00fcberwachung, Bluetooth-Konnektivit\u00e4t f\u00fcr die Echtzeit\u00fcberwachung und ein optionales 5G-Modul f\u00fcr die Datenfern\u00fcbertragung. Ein unabh\u00e4ngiges Schutzfenster, interne Wasserk\u00fchlkreise und ein robustes Anti-Kollisions-Design sorgen daf\u00fcr, dass der Kopf den harten Bedingungen des industriellen Dauereinsatzes standh\u00e4lt und maximale Betriebszeit und Leistung bietet.<\/span><\/p>\n<p>&nbsp;<\/p>\n<p><!-- Product Features --><\/p>\n<h2 class=\"section-title\"><strong><span style=\"color: #477ff6;\">\u25b8 Produktmerkmale<\/span><\/strong><\/h2>\n<hr class=\"blue\" \/>\n<p>&nbsp;<\/p>\n<p style=\"padding-left: 40px;\"><span style=\"color: #000000;\">\u2705 <strong class=\"ng-star-inserted\"><span class=\"ng-star-inserted\">Hochgeschwindigkeitsfr\u00e4sen:<\/span><\/strong><span class=\"ng-star-inserted\">\u00a0<\/span><\/span><\/p>\n<p style=\"padding-left: 40px;\"><span class=\"ng-star-inserted\" style=\"color: #000000;\">Speziell f\u00fcr die Erstellung von pr\u00e4zisen Fasen an Blechen entwickelt, wodurch zeitaufw\u00e4ndige Nachbearbeitungen entfallen.<\/span><\/p>\n<ul class=\"ng-star-inserted\">\n<li class=\"ng-star-inserted\">\n<p class=\"ng-star-inserted\"><span style=\"color: #000000;\"><strong class=\"ng-star-inserted\"><span class=\"ng-star-inserted\">\u2705 Blitzschneller Autofokus:<\/span><\/strong><span class=\"ng-star-inserted\">\u00a0<\/span><\/span><\/p>\n<\/li>\n<li class=\"ng-star-inserted\">\n<p class=\"ng-star-inserted\"><span class=\"ng-star-inserted\" style=\"color: #000000;\">Mit einer Fokussiergeschwindigkeit von 400 mm\/s und einem gro\u00dfen Fokussierbereich sorgt es f\u00fcr perfekte Sch\u00e4rfe bei komplexen mehrachsigen Bewegungen.<\/span><\/p>\n<\/li>\n<li class=\"ng-star-inserted\">\n<p class=\"ng-star-inserted\"><span style=\"color: #000000;\"><strong class=\"ng-star-inserted\"><span class=\"ng-star-inserted\">\u2705 Erweiterte Konnektivit\u00e4t und \u00dcberwachung:<\/span><\/strong><span class=\"ng-star-inserted\">\u00a0<\/span><\/span><\/p>\n<\/li>\n<li class=\"ng-star-inserted\">\n<p class=\"ng-star-inserted\"><span class=\"ng-star-inserted\" style=\"color: #000000;\">Wie andere OSPRI-K\u00f6pfe verf\u00fcgt er \u00fcber eingebaute Sensoren, Bluetooth-\u00dcberwachung und optional 5G f\u00fcr einen vollst\u00e4ndigen Prozesseinblick und die Integration von Industrie 4.0.<\/span><\/p>\n<\/li>\n<li class=\"ng-star-inserted\">\n<p class=\"ng-star-inserted\"><span style=\"color: #000000;\"><strong class=\"ng-star-inserted\"><span class=\"ng-star-inserted\">\u2705 Robustes Antikollisionssystem:<\/span><\/strong><span class=\"ng-star-inserted\">\u00a0<\/span><\/span><\/p>\n<\/li>\n<li class=\"ng-star-inserted\">\n<p class=\"ng-star-inserted\"><span class=\"ng-star-inserted\" style=\"color: #000000;\">Eine spezielle Antikollisionsstruktur sch\u00fctzt den Kopf vor Sch\u00e4den durch Programmierfehler oder umgest\u00fcrzte Teile und sorgt f\u00fcr eine schnelle Wiederherstellung und minimale Ausfallzeiten.<\/span><\/p>\n<\/li>\n<li class=\"ng-star-inserted\">\n<p class=\"ng-star-inserted\"><span style=\"color: #000000;\"><strong class=\"ng-star-inserted\"><span class=\"ng-star-inserted\">\u2705 \u00dcberlegene K\u00fchlung:<\/span><\/strong><span class=\"ng-star-inserted\">\u00a0<\/span><\/span><\/p>\n<\/li>\n<li class=\"ng-star-inserted\">\n<p class=\"ng-star-inserted\"><span class=\"ng-star-inserted\" style=\"color: #000000;\">Die sensor\u00fcberwachte, interne Wasserk\u00fchlung des Hohlraums sorgt f\u00fcr ein effektives W\u00e4rmemanagement und gew\u00e4hrleistet die optische Stabilit\u00e4t im Hochleistungsbetrieb.<\/span><\/p>\n<\/li>\n<li class=\"ng-star-inserted\">\n<p class=\"ng-star-inserted\"><span style=\"color: #000000;\"><strong class=\"ng-star-inserted\"><span class=\"ng-star-inserted\">\u2705 Prozessoptimierung:<\/span><\/strong><span class=\"ng-star-inserted\">\u00a0<\/span><\/span><\/p>\n<\/li>\n<li class=\"ng-star-inserted\">\n<p class=\"ng-star-inserted\"><span class=\"ng-star-inserted\" style=\"color: #000000;\">Kompatibel mit fortschrittlichen Systemfunktionen wie Prozess\u00fcberwachung und einem geschlossenen Gaskreislauf, um ein H\u00f6chstma\u00df an Schnittqualit\u00e4t und Effizienz zu erreichen.<\/span><\/p>\n<\/li>\n<\/ul>\n<p>&nbsp;<\/p>\n<p><!-- Product Parameters --><\/p>\n<h2 class=\"section-title\"><strong><span style=\"color: #477ff6;\">\u25b8 Produktparameter<\/span><\/strong><\/h2>\n<hr class=\"blue\" \/>\n<p>&nbsp;<\/p>\n<table style=\"height: 318px;\" width=\"954\">\n<tbody>\n<tr>\n<td width=\"259\"><span style=\"color: #000000;\"><strong>Modell des Produkts<\/strong><\/span><\/td>\n<td width=\"373\"><span style=\"color: #000000;\"><strong>LCF15A1<\/strong><\/span><\/td>\n<td width=\"398\"><span style=\"color: #000000;\"><strong>LCF20A1<\/strong><\/span><\/td>\n<\/tr>\n<tr>\n<td width=\"259\"><span style=\"color: #000000;\"><strong>Anwendbare Leistung<\/strong><\/span><\/td>\n<td width=\"373\"><span style=\"color: #000000;\">15kW<\/span><\/td>\n<td width=\"398\"><span style=\"color: #000000;\">20kW<\/span><\/td>\n<\/tr>\n<tr>\n<td width=\"259\"><span style=\"color: #000000;\"><strong>Anwendbare Wellenl\u00e4nge<\/strong><\/span><\/td>\n<td width=\"373\"><span style=\"color: #000000;\">1080nm\u00b110nm<\/span><\/td>\n<td width=\"398\"><span style=\"color: #000000;\">1080nm\u00b110nm<\/span><\/td>\n<\/tr>\n<tr>\n<td width=\"259\"><span style=\"color: #000000;\"><strong>Kollimation L\u00e4nge<\/strong><\/span><\/td>\n<td width=\"373\"><span style=\"color: #000000;\">100mm<\/span><\/td>\n<td width=\"398\"><span style=\"color: #000000;\">100mm<\/span><\/td>\n<\/tr>\n<tr>\n<td width=\"259\"><span style=\"color: #000000;\"><strong>Brennweite<\/strong><\/span><\/td>\n<td width=\"373\"><span style=\"color: #000000;\">250mm\/300mm<\/span><\/td>\n<td width=\"398\"><span style=\"color: #000000;\">250mm\/300mm<\/span><\/td>\n<\/tr>\n<tr>\n<td width=\"259\"><span style=\"color: #000000;\"><strong>Fokussiergeschwindigkeit<\/strong><\/span><\/td>\n<td width=\"373\"><span style=\"color: #000000;\">400mm\/s<\/span><\/td>\n<td width=\"398\"><span style=\"color: #000000;\">400mm\/s<\/span><\/td>\n<\/tr>\n<tr>\n<td width=\"259\"><span style=\"color: #000000;\"><strong>Fokussierbereich<\/strong><\/span><\/td>\n<td width=\"373\"><span style=\"color: #000000;\">-50mm~+50mm -70mm~+70mm<\/span><\/td>\n<td><span style=\"color: #000000;\">-50mm~+50mm -70mm~+70mm<\/span><\/td>\n<\/tr>\n<tr>\n<td width=\"259\"><span style=\"color: #000000;\"><strong>Zentrierbereich<\/strong><\/span><\/td>\n<td width=\"373\"><span style=\"color: #000000;\">\u00b11,5 mm<\/span><\/td>\n<td width=\"398\"><span style=\"color: #000000;\">\u00b11,5 mm<\/span><\/td>\n<\/tr>\n<tr>\n<td width=\"259\"><span style=\"color: #000000;\"><strong>Gasdruck<\/strong><\/span><\/td>\n<td width=\"373\"><span style=\"color: #000000;\">\u22643Mpa<\/span><\/td>\n<td width=\"398\"><span style=\"color: #000000;\">\u22643Mpa<\/span><\/td>\n<\/tr>\n<tr>\n<td width=\"259\"><span style=\"color: #000000;\"><strong>Gesamtgewicht<\/strong><\/span><\/td>\n<td width=\"373\"><span style=\"color: #000000;\">9.5KG<\/span><\/td>\n<td width=\"398\"><span style=\"color: #000000;\">10KG<\/span><\/td>\n<\/tr>\n<tr>\n<td width=\"259\"><span style=\"color: #000000;\"><strong>Typ der Schnittstelle<\/strong><\/span><\/td>\n<td width=\"373\"><span style=\"color: #000000;\">Q+\u3001QD\u3001LOE3.1\u3001LOE3.2<\/span><\/td>\n<td width=\"398\"><span style=\"color: #000000;\">Q+\u3001QD\u3001LOE3.1\u3001LOE3.2<\/span><\/td>\n<\/tr>\n<\/tbody>\n<\/table>\n<p>&nbsp;<\/p>\n<p>&nbsp;<\/p>","protected":false},"excerpt":{"rendered":"<h3><span style=\"color: #000000;\">OSPRI LCF Serie | Intelligenter Informationsfasenlaserschneidkopf (15KW\/20KW)<\/span><\/h3>\n<p><span style=\"color: #000000;\">Optimieren Sie Ihre Schwei\u00dfnahtvorbereitung mit der OSPRI LCF-Serie, einem intelligenten Fasenschneidkopf, der mit Lasern bis zu 20 kW kompatibel ist. Dieser Kopf wurde entwickelt, um pr\u00e4zise Fasen an flachen Blechen in einem einzigen, effizienten Arbeitsgang zu erzeugen. Die LCF-Serie verf\u00fcgt \u00fcber einen au\u00dfergew\u00f6hnlich schnellen Autofokus (400 mm\/s), ein robustes Antikollisionsdesign und eine umfassende Palette interner Sensoren mit Bluetooth- und optionaler 5G-Konnektivit\u00e4t, wodurch sekund\u00e4res Schleifen entf\u00e4llt und die Produktivit\u00e4t f\u00fcr fortschrittliche Fertigungsprozesse gesteigert wird.<\/span><\/p>","protected":false},"featured_media":1201,"template":"","meta":[],"product_brand":[],"product_cat":[37,23],"product_tag":[],"class_list":{"0":"post-1198","1":"product","2":"type-product","3":"status-publish","4":"has-post-thumbnail","6":"product_cat-laser-cutting-head","7":"product_cat-laser-machine","9":"first","10":"instock","11":"shipping-taxable","12":"product-type-simple"},"_links":{"self":[{"href":"https:\/\/shiguanglaser.com\/de\/wp-json\/wp\/v2\/product\/1198","targetHints":{"allow":["GET"]}}],"collection":[{"href":"https:\/\/shiguanglaser.com\/de\/wp-json\/wp\/v2\/product"}],"about":[{"href":"https:\/\/shiguanglaser.com\/de\/wp-json\/wp\/v2\/types\/product"}],"wp:featuredmedia":[{"embeddable":true,"href":"https:\/\/shiguanglaser.com\/de\/wp-json\/wp\/v2\/media\/1201"}],"wp:attachment":[{"href":"https:\/\/shiguanglaser.com\/de\/wp-json\/wp\/v2\/media?parent=1198"}],"wp:term":[{"taxonomy":"product_brand","embeddable":true,"href":"https:\/\/shiguanglaser.com\/de\/wp-json\/wp\/v2\/product_brand?post=1198"},{"taxonomy":"product_cat","embeddable":true,"href":"https:\/\/shiguanglaser.com\/de\/wp-json\/wp\/v2\/product_cat?post=1198"},{"taxonomy":"product_tag","embeddable":true,"href":"https:\/\/shiguanglaser.com\/de\/wp-json\/wp\/v2\/product_tag?post=1198"}],"curies":[{"name":"wp","href":"https:\/\/api.w.org\/{rel}","templated":true}]}}