{"id":1193,"date":"2025-06-24T07:08:14","date_gmt":"2025-06-24T07:08:14","guid":{"rendered":"https:\/\/shiguanglaser.com\/?post_type=product&#038;p=1193"},"modified":"2025-07-03T17:44:29","modified_gmt":"2025-07-03T17:44:29","slug":"ospri-lck-series-new-tech-ultra-high-power-autofocus-laser-cutting-head","status":"publish","type":"product","link":"https:\/\/shiguanglaser.com\/de\/ospri-lck-series-new-tech-ultra-high-power-autofocus-laser-cutting-head\/","title":{"rendered":"OSPRI LCK Serie | New-Tech Ultra-Hochleistungs-Autofokus-Laserschneidkopf"},"content":{"rendered":"<h2 class=\"section-title\"><span style=\"color: #477ff6;\"><strong>\u25b8 Produkteinf\u00fchrung<\/strong><\/span><\/h2>\n<hr class=\"blue\" \/>\n<p>&nbsp;<\/p>\n<p class=\"ng-star-inserted\" style=\"padding-left: 40px;\"><span class=\"ng-star-inserted\" style=\"color: #000000;\"><strong>Die OSPRI LCK-Serie<\/strong> wurde speziell entwickelt, um das volle Potenzial der heutigen Ultra-Hochleistungs-Faserlaser auszusch\u00f6pfen. Mit Modellen f\u00fcr 20 kW, 30 kW und branchenf\u00fchrenden 40 kW ist das LCK das ma\u00dfgebliche Werkzeug f\u00fcr Unternehmen, die dicke Metallplatten mit beispielloser Geschwindigkeit und Effizienz schneiden m\u00fcssen. Sein robustes optisches und mechanisches Design ist so konzipiert, dass es den starken thermischen und physikalischen Belastungen des Dauerbetriebs mit hoher Leistung standh\u00e4lt.<\/span><\/p>\n<p class=\"ng-star-inserted\" style=\"padding-left: 40px;\"><span class=\"ng-star-inserted\" style=\"color: #000000;\">Die LCK-Serie ist nicht nur in der Lage, Strom zu transportieren, sondern verf\u00fcgt auch \u00fcber moderne Kommunikationstechnologie. Ein integriertes 4G-Modul und Bluetooth erm\u00f6glichen sowohl die Daten\u00fcbertragung im Nah- als auch im Fernbereich und damit die Prozess\u00fcberwachung und Datenprotokollierung in Echtzeit. Diese Kombination aus extremer Leistung, Hochgeschwindigkeits-Autofokus und intelligenter Konnektivit\u00e4t sorgt daf\u00fcr, dass die LCK-Serie auch in den anspruchsvollsten Industrieumgebungen \u00fcberragende Leistung und Zuverl\u00e4ssigkeit bietet.<\/span><\/p>\n<p>&nbsp;<\/p>\n<p><!-- Product Features --><\/p>\n<h2 class=\"section-title\"><strong><span style=\"color: #477ff6;\">\u25b8 Produktmerkmale<\/span><\/strong><\/h2>\n<hr class=\"blue\" \/>\n<p>&nbsp;<\/p>\n<p style=\"padding-left: 40px;\"><span style=\"color: #000000;\">\u2705 <strong class=\"ng-star-inserted\"><span class=\"ng-star-inserted\">Extreme Leistungsaufnahme (bis zu 40 kW):<\/span><\/strong><span class=\"ng-star-inserted\">\u00a0<\/span><\/span><\/p>\n<p style=\"padding-left: 40px;\"><span class=\"ng-star-inserted\" style=\"color: #000000;\">Das Flaggschiff LCK40 ist f\u00fcr eine zuverl\u00e4ssige Laserleistung von 40.000 Watt ausgelegt und erm\u00f6glicht das schnelle Schneiden sehr dicker Metallplatten.<\/span><\/p>\n<ul class=\"ng-star-inserted\">\n<li class=\"ng-star-inserted\">\n<p class=\"ng-star-inserted\"><span style=\"color: #000000;\"><strong class=\"ng-star-inserted\"><span class=\"ng-star-inserted\">\u2705 Ultraschnelle Brennweitenverstellung:<\/span><\/strong><span class=\"ng-star-inserted\">\u00a0<\/span><\/span><\/p>\n<\/li>\n<li class=\"ng-star-inserted\">\n<p class=\"ng-star-inserted\"><span class=\"ng-star-inserted\" style=\"color: #000000;\">Erreicht eine Fokusverstellgeschwindigkeit von 300 mm\/s, wodurch die Nebenzeiten minimiert und die Gesamtproduktivit\u00e4t der Maschine erheblich gesteigert werden.<\/span><\/p>\n<\/li>\n<li class=\"ng-star-inserted\">\n<p class=\"ng-star-inserted\"><span style=\"color: #000000;\"><strong class=\"ng-star-inserted\"><span class=\"ng-star-inserted\">\u2705 Gro\u00dfer Fokussierbereich (-40mm ~ +60mm):<\/span><\/strong><\/span><\/p>\n<\/li>\n<li class=\"ng-star-inserted\">\n<p class=\"ng-star-inserted\"><span style=\"color: #000000;\"><span class=\"ng-star-inserted\">\u00a0Der umfangreiche Fokussierungsbereich bietet eine au\u00dfergew\u00f6hnliche Flexibilit\u00e4t beim Durchstechen und Schneiden einer Vielzahl von Materialtypen und -st\u00e4rken.<\/span><\/span><\/p>\n<\/li>\n<li class=\"ng-star-inserted\">\n<p class=\"ng-star-inserted\"><span style=\"color: #000000;\"><strong class=\"ng-star-inserted\"><span class=\"ng-star-inserted\">\u2705 Integriertes 4G und Bluetooth:<\/span><\/strong><span class=\"ng-star-inserted\">\u00a0<\/span><\/span><\/p>\n<\/li>\n<li class=\"ng-star-inserted\">\n<p class=\"ng-star-inserted\"><span class=\"ng-star-inserted\" style=\"color: #000000;\">Eingebaute Kommunikationsmodule erm\u00f6glichen sowohl die lokale als auch die Fern\u00fcbertragung von Daten zur Prozess\u00fcberwachung, Diagnose und Integration in intelligente Fabriksysteme.<\/span><\/p>\n<\/li>\n<li class=\"ng-star-inserted\">\n<p class=\"ng-star-inserted\"><span style=\"color: #000000;\"><strong class=\"ng-star-inserted\"><span class=\"ng-star-inserted\">\u2705 Robuste Konstruktion:<\/span><\/strong><span class=\"ng-star-inserted\">\u00a0<\/span><\/span><\/p>\n<\/li>\n<li class=\"ng-star-inserted\">\n<p class=\"ng-star-inserted\"><span class=\"ng-star-inserted\" style=\"color: #000000;\">Die solide Bauweise des 10,6 kg schweren Kopfes und die fortschrittliche K\u00fchlung sorgen f\u00fcr Stabilit\u00e4t und langfristige Leistung unter der Belastung des Ultra-High-Power-Cutings.<\/span><\/p>\n<\/li>\n<li class=\"ng-star-inserted\">\n<p class=\"ng-star-inserted\"><span style=\"color: #000000;\"><strong class=\"ng-star-inserted\"><span class=\"ng-star-inserted\">\u2705 Breite Laserkompatibilit\u00e4t:<\/span><\/strong><span class=\"ng-star-inserted\">\u00a0<\/span><\/span><\/p>\n<\/li>\n<li class=\"ng-star-inserted\">\n<p class=\"ng-star-inserted\"><span class=\"ng-star-inserted\" style=\"color: #000000;\">Kompatibel mit einer Vielzahl g\u00e4ngiger Laserschnittstellen, einschlie\u00dflich QBH, QD, Q+ und LOE.<\/span><\/p>\n<\/li>\n<\/ul>\n<p>&nbsp;<\/p>\n<p>&nbsp;<\/p>\n<p><!-- Product Parameters --><\/p>\n<h2 class=\"section-title\"><strong><span style=\"color: #477ff6;\">\u25b8 Produktparameter<\/span><\/strong><\/h2>\n<hr class=\"blue\" \/>\n<p>&nbsp;<\/p>\n<table width=\"757\">\n<tbody>\n<tr>\n<td width=\"309\"><span style=\"color: #000000;\"><strong>Modell des Produkts<\/strong><\/span><\/td>\n<td width=\"158\"><span style=\"color: #000000;\"><strong>LCK20<\/strong><\/span><\/td>\n<td width=\"154\"><span style=\"color: #000000;\"><strong>LCK30<\/strong><\/span><\/td>\n<td width=\"135\"><span style=\"color: #000000;\"><strong>LCK40<\/strong><\/span><\/td>\n<\/tr>\n<tr>\n<td width=\"309\"><span style=\"color: #000000;\"><strong>Anwendbare Leistung<\/strong><\/span><\/td>\n<td width=\"158\"><span style=\"color: #000000;\">\u226420KW<\/span><\/td>\n<td width=\"154\"><span style=\"color: #000000;\">\u00a0\u226430KW<\/span><\/td>\n<td width=\"135\"><span style=\"color: #000000;\">\u00a0\u226440KW<\/span><\/td>\n<\/tr>\n<tr>\n<td width=\"309\"><span style=\"color: #000000;\"><strong>Anwendbare Wellenl\u00e4nge<\/strong><\/span><\/td>\n<td width=\"158\"><span style=\"color: #000000;\">1080nm\u00b110nm<\/span><\/td>\n<td width=\"154\"><span style=\"color: #000000;\">1080nm\u00b110nm<\/span><\/td>\n<td width=\"135\"><span style=\"color: #000000;\">1080nm\u00b110nm<\/span><\/td>\n<\/tr>\n<tr>\n<td width=\"309\"><span style=\"color: #000000;\"><strong>Kollimationsl\u00e4nge<\/strong><\/span><\/td>\n<td width=\"158\"><span style=\"color: #000000;\">100mm<\/span><\/td>\n<td width=\"154\"><span style=\"color: #000000;\">100mm<\/span><\/td>\n<td width=\"135\"><span style=\"color: #000000;\">100mm<\/span><\/td>\n<\/tr>\n<tr>\n<td width=\"309\"><span style=\"color: #000000;\"><strong>Brennweite<\/strong><\/span><\/td>\n<td width=\"158\"><span style=\"color: #000000;\">250mm<\/span><\/td>\n<td width=\"154\"><span style=\"color: #000000;\">250mm<\/span><\/td>\n<td width=\"135\"><span style=\"color: #000000;\">250mm<\/span><\/td>\n<\/tr>\n<tr>\n<td width=\"309\"><span style=\"color: #000000;\"><strong>Geschwindigkeit der Fokalverstellung<\/strong><\/span><\/td>\n<td width=\"158\"><span style=\"color: #000000;\">300mm\/s<\/span><\/td>\n<td width=\"154\"><span style=\"color: #000000;\">300mm\/s<\/span><\/td>\n<td width=\"135\"><span style=\"color: #000000;\">300mm\/s<\/span><\/td>\n<\/tr>\n<tr>\n<td width=\"309\"><span style=\"color: #000000;\"><strong>Fokussierbereich<\/strong><\/span><\/td>\n<td width=\"158\"><span style=\"color: #000000;\">-40mm~+60mm<\/span><\/td>\n<td width=\"154\"><span style=\"color: #000000;\">-40mm~+60mm<\/span><\/td>\n<td width=\"135\"><span style=\"color: #000000;\">-40mm~+60mm<\/span><\/td>\n<\/tr>\n<tr>\n<td width=\"309\"><span style=\"color: #000000;\"><strong>Zentrierbereich<\/strong><\/span><\/td>\n<td width=\"158\"><span style=\"color: #000000;\">\u00b11,5 mm<\/span><\/td>\n<td width=\"154\"><span style=\"color: #000000;\">\u00b11,5 mm<\/span><\/td>\n<td width=\"135\"><span style=\"color: #000000;\">\u00b11,5 mm<\/span><\/td>\n<\/tr>\n<tr>\n<td width=\"309\"><span style=\"color: #000000;\"><strong>Gasdruck<\/strong><\/span><\/td>\n<td width=\"158\"><span style=\"color: #000000;\">\u22643Mpa<\/span><\/td>\n<td width=\"154\"><span style=\"color: #000000;\">\u22643Mpa<\/span><\/td>\n<td width=\"135\"><span style=\"color: #000000;\">\u22643Mpa<\/span><\/td>\n<\/tr>\n<tr>\n<td width=\"309\"><span style=\"color: #000000;\"><strong>Gesamtgewicht<\/strong><\/span><\/td>\n<td width=\"158\"><span style=\"color: #000000;\">10.6KG<\/span><\/td>\n<td width=\"154\"><span style=\"color: #000000;\">10.6KG<\/span><\/td>\n<td width=\"135\"><span style=\"color: #000000;\">10.6KG<\/span><\/td>\n<\/tr>\n<tr>\n<td width=\"309\"><span style=\"color: #000000;\"><strong>Typ der Schnittstelle<\/strong><\/span><\/td>\n<td width=\"158\"><span style=\"color: #000000;\">QBH\u3001QD\u3001Q+\u3001LOE<\/span><\/td>\n<td width=\"154\"><span style=\"color: #000000;\">QBH\u3001QD\u3001Q+\u3001LOE<\/span><\/td>\n<td width=\"135\"><span style=\"color: #000000;\">QBH\u3001QD\u3001Q+\u3001LOE<\/span><\/td>\n<\/tr>\n<\/tbody>\n<\/table>\n<p>&nbsp;<\/p>\n<p>&nbsp;<\/p>\n<p>&nbsp;<\/p>","protected":false},"excerpt":{"rendered":"<h3 class=\"ng-star-inserted\"><span style=\"color: #000000;\"><strong class=\"ng-star-inserted\"><span class=\"ng-star-inserted\">OSPRI LCK-Reihe <span class=\"OYPEnA font-feature-liga-off font-feature-clig-off font-feature-calt-off text-decoration-none text-strikethrough-none\">New-Tech Auto-Fokus-Faserlaserschneidkopf<\/span> (20kW \/ 30kW \/ 40kW)<\/span><\/strong><\/span><\/h3>\n<p><span style=\"color: #000000;\">Mit der OSPRI Cyclops LCK-Serie meistern Sie die anspruchsvollsten Anwendungen im Dickblechschneiden. Dieser Hightech-Schneidkopf ist f\u00fcr extreme Laserleistungen bis zu 40.000 W (40 kW) ausgelegt und kombiniert rohe Leistung mit intelligenter Konnektivit\u00e4t. Mit einer rasanten Fokusverstellgeschwindigkeit von 300 mm\/s und einem enormen Fokussierbereich ist der LCK f\u00fcr maximale Produktivit\u00e4t ausgelegt. Integrierte 4G- und Bluetooth-Module sorgen f\u00fcr die notwendige Daten\u00fcbertragung und machen ihn zur ersten Wahl f\u00fcr das Schneiden in der Schwerindustrie.<\/span><\/p>\n<p>&nbsp;<\/p>","protected":false},"featured_media":1197,"template":"","meta":[],"product_brand":[],"product_cat":[37,23],"product_tag":[],"class_list":{"0":"post-1193","1":"product","2":"type-product","3":"status-publish","4":"has-post-thumbnail","6":"product_cat-laser-cutting-head","7":"product_cat-laser-machine","9":"first","10":"instock","11":"shipping-taxable","12":"product-type-simple"},"_links":{"self":[{"href":"https:\/\/shiguanglaser.com\/de\/wp-json\/wp\/v2\/product\/1193","targetHints":{"allow":["GET"]}}],"collection":[{"href":"https:\/\/shiguanglaser.com\/de\/wp-json\/wp\/v2\/product"}],"about":[{"href":"https:\/\/shiguanglaser.com\/de\/wp-json\/wp\/v2\/types\/product"}],"wp:featuredmedia":[{"embeddable":true,"href":"https:\/\/shiguanglaser.com\/de\/wp-json\/wp\/v2\/media\/1197"}],"wp:attachment":[{"href":"https:\/\/shiguanglaser.com\/de\/wp-json\/wp\/v2\/media?parent=1193"}],"wp:term":[{"taxonomy":"product_brand","embeddable":true,"href":"https:\/\/shiguanglaser.com\/de\/wp-json\/wp\/v2\/product_brand?post=1193"},{"taxonomy":"product_cat","embeddable":true,"href":"https:\/\/shiguanglaser.com\/de\/wp-json\/wp\/v2\/product_cat?post=1193"},{"taxonomy":"product_tag","embeddable":true,"href":"https:\/\/shiguanglaser.com\/de\/wp-json\/wp\/v2\/product_tag?post=1193"}],"curies":[{"name":"wp","href":"https:\/\/api.w.org\/{rel}","templated":true}]}}