{"id":1181,"date":"2025-06-24T03:48:36","date_gmt":"2025-06-24T03:48:36","guid":{"rendered":"https:\/\/shiguanglaser.com\/?post_type=product&#038;p=1181"},"modified":"2025-07-03T17:47:11","modified_gmt":"2025-07-03T17:47:11","slug":"ospri-cyclops-lch-b0-series-intelligent-information-autofocus-cutting-head","status":"publish","type":"product","link":"https:\/\/shiguanglaser.com\/de\/ospri-cyclops-lch-b0-series-intelligent-information-autofocus-cutting-head\/","title":{"rendered":"OSPRI LCH-B0 Serie | Intelligenter Informations-Autofokus-Schneidkopf"},"content":{"rendered":"<h2 class=\"section-title\"><span style=\"color: #477ff6;\"><strong>\u25b8 Produkteinf\u00fchrung<\/strong><\/span><\/h2>\n<hr class=\"blue\" \/>\n<p>&nbsp;<\/p>\n<p class=\"ng-star-inserted\" style=\"padding-left: 40px;\"><span class=\"ng-star-inserted\" style=\"color: #000000;\"><strong>Die OSPRI LCH-B0-Serie<\/strong> wurde entwickelt, um dem Hochleistungs-Faserlaserschneiden ein neues Ma\u00df an Intelligenz und Konnektivit\u00e4t zu verleihen. Erh\u00e4ltlich in Modellen, die mit Lasern bis zu 15 kW, 20 kW und 30 kW kompatibel sind, ist dieser Kopf mehr als nur ein Schneidwerkzeug - er ist ein umfassendes \u00dcberwachungssystem. Es bietet Bedienern und Anlagenmanagern eine detaillierte Live-Ansicht des Zustands und der Leistung des Schneidkopfs und erm\u00f6glicht so eine proaktive Wartung und Prozessoptimierung.<\/span><\/p>\n<p class=\"ng-star-inserted\" style=\"padding-left: 40px;\"><span class=\"ng-star-inserted\" style=\"color: #000000;\">Der LCH-B0 verf\u00fcgt \u00fcber eine ganze Reihe interner Sensoren, und sein optionales 5G-Modul erm\u00f6glicht die Fern\u00fcbertragung dieser wichtigen Daten zur zentralen \u00dcberwachung. Ein unabh\u00e4ngiges, leicht austauschbares Schutzfenstermodul und eine praktische Schnittschutzspiegelschublade minimieren Ausfallzeiten und vereinfachen die Wartung. Dieser Kopf ist die perfekte Wahl f\u00fcr Hersteller, die ihre Betriebszeit maximieren, die Schnittqualit\u00e4t verbessern und ihre Schneidvorg\u00e4nge in ein intelligentes \u00d6kosystem integrieren m\u00f6chten.<\/span><\/p>\n<p>&nbsp;<\/p>\n<p><!-- Product Features --><\/p>\n<h2 class=\"section-title\"><strong><span style=\"color: #477ff6;\">\u25b8 Produktmerkmale<\/span><\/strong><\/h2>\n<hr class=\"blue\" \/>\n<p>&nbsp;<\/p>\n<p style=\"padding-left: 40px;\"><span style=\"color: #000000;\">\u2705 <strong class=\"ng-star-inserted\"><span class=\"ng-star-inserted\">Umfassende interne \u00dcberwachung:<\/span><\/strong><span class=\"ng-star-inserted\">\u00a0<\/span><\/span><\/p>\n<p style=\"padding-left: 40px;\"><span class=\"ng-star-inserted\" style=\"color: #000000;\">Eingebaute Sensoren f\u00fcr Gasdruck, Temperatur und Luftfeuchtigkeit im Inneren des Hohlraums liefern ein vollst\u00e4ndiges Bild der Betriebsumgebung des Kopfes.<\/span><\/p>\n<ul class=\"ng-star-inserted\">\n<li class=\"ng-star-inserted\">\n<p class=\"ng-star-inserted\"><span style=\"color: #000000;\"><strong class=\"ng-star-inserted\"><span class=\"ng-star-inserted\">\u2705 Erweiterte Konnektivit\u00e4t (Bluetooth &amp; 5G):<\/span><\/strong><span class=\"ng-star-inserted\">\u00a0<\/span><\/span><\/p>\n<\/li>\n<li class=\"ng-star-inserted\">\n<p class=\"ng-star-inserted\"><span class=\"ng-star-inserted\" style=\"color: #000000;\">Standard-Bluetooth und ein optionales 5G-Modul erm\u00f6glichen die Daten\u00fcbertragung in Echtzeit sowohl f\u00fcr die \u00dcberwachung auf dem lokalen Host-Computer als auch f\u00fcr die Remote-\u00dcberwachung in der Cloud.<\/span><\/p>\n<\/li>\n<li class=\"ng-star-inserted\">\n<p class=\"ng-star-inserted\"><span style=\"color: #000000;\"><strong class=\"ng-star-inserted\"><span class=\"ng-star-inserted\">\u2705 Vollst\u00e4ndige optische Gesundheits\u00fcberwachung:<\/span><\/strong><span class=\"ng-star-inserted\">\u00a0<\/span><\/span><\/p>\n<\/li>\n<li class=\"ng-star-inserted\">\n<p class=\"ng-star-inserted\"><span class=\"ng-star-inserted\" style=\"color: #000000;\">\u00dcberwacht aktiv die Temperatur aller optischen Komponenten und best\u00e4tigt, dass das Schutzfenster vorhanden ist, um kostspielige Sch\u00e4den zu vermeiden.<\/span><\/p>\n<\/li>\n<li class=\"ng-star-inserted\">\n<p class=\"ng-star-inserted\"><span style=\"color: #000000;\"><strong class=\"ng-star-inserted\"><span class=\"ng-star-inserted\">\u2705 Intelligente Prozesssteuerung:<\/span><\/strong><span class=\"ng-star-inserted\">\u00a0<\/span><\/span><\/p>\n<\/li>\n<li class=\"ng-star-inserted\">\n<p class=\"ng-star-inserted\"><span class=\"ng-star-inserted\" style=\"color: #000000;\">Mit Echtzeit-\u00dcberwachung der D\u00fcsentemperatur f\u00fcr eine verbesserte Kapazit\u00e4tskompensation sowie optionaler Perforationserkennung und einem geschlossenen Gaskreislauf f\u00fcr einen vollst\u00e4ndig optimierten Schneidprozess.<\/span><\/p>\n<\/li>\n<li class=\"ng-star-inserted\">\n<p class=\"ng-star-inserted\"><span style=\"color: #000000;\"><strong class=\"ng-star-inserted\"><span class=\"ng-star-inserted\">\u2705 Benutzerfreundliche Wartung:<\/span><\/strong><span class=\"ng-star-inserted\">\u00a0<\/span><\/span><\/p>\n<\/li>\n<li class=\"ng-star-inserted\">\n<p class=\"ng-star-inserted\"><span class=\"ng-star-inserted\" style=\"color: #000000;\">Ein unabh\u00e4ngiges Schutzfenstermodul und eine ausziehbare Spiegelschublade sorgen f\u00fcr eine schnelle, einfache und problemlose Routinewartung.<\/span><\/p>\n<\/li>\n<li class=\"ng-star-inserted\">\n<p class=\"ng-star-inserted\"><span style=\"color: #000000;\"><strong class=\"ng-star-inserted\"><span class=\"ng-star-inserted\">\u2705 Hochgeschwindigkeits-Autofokus:<\/span><\/strong><span class=\"ng-star-inserted\">\u00a0<\/span><\/span><\/p>\n<\/li>\n<li class=\"ng-star-inserted\">\n<p class=\"ng-star-inserted\"><span class=\"ng-star-inserted\" style=\"color: #000000;\">Erzielt eine schnelle Fokussiergeschwindigkeit von 200 mm\/s und gew\u00e4hrleistet eine schnelle Anpassung an unterschiedliche Materialien und Dicken, um die Produktivit\u00e4t zu maximieren.<\/span><\/p>\n<\/li>\n<\/ul>\n<p>&nbsp;<\/p>\n<p><!-- Product Parameters --><\/p>\n<h2 class=\"section-title\"><strong><span style=\"color: #477ff6;\">\u25b8 Produktparameter<\/span><\/strong><\/h2>\n<hr class=\"blue\" \/>\n<p>&nbsp;<\/p>\n<table width=\"1054\">\n<tbody>\n<tr>\n<td width=\"281\"><span style=\"color: #000000;\"><strong>Modell des Produkts<\/strong><\/span><\/td>\n<td width=\"244\"><span style=\"color: #000000;\"><strong>LCH15B0<\/strong><\/span><\/td>\n<td width=\"244\"><span style=\"color: #000000;\"><strong>LCH20B0<\/strong><\/span><\/td>\n<td width=\"283\"><span style=\"color: #000000;\"><strong>LCH30B0<\/strong><\/span><\/td>\n<\/tr>\n<tr>\n<td width=\"281\"><span style=\"color: #000000;\"><strong>Anwendbare Leistung<\/strong><\/span><\/td>\n<td width=\"244\"><span style=\"color: #000000;\">\u226415KW<\/span><\/td>\n<td width=\"244\"><span style=\"color: #000000;\">\u226420KW<\/span><\/td>\n<td width=\"283\"><span style=\"color: #000000;\">\u226430KW<\/span><\/td>\n<\/tr>\n<tr>\n<td width=\"281\"><span style=\"color: #000000;\"><strong>Anwendbare Wellenl\u00e4nge<\/strong><\/span><\/td>\n<td width=\"244\"><span style=\"color: #000000;\">1080nm\u00b110nm<\/span><\/td>\n<td width=\"244\"><span style=\"color: #000000;\">1080nm\u00b110nm<\/span><\/td>\n<td width=\"283\"><span style=\"color: #000000;\">1080nm\u00b110nm<\/span><\/td>\n<\/tr>\n<tr>\n<td width=\"281\"><span style=\"color: #000000;\"><strong>Kollimationsl\u00e4nge<\/strong><\/span><\/td>\n<td width=\"244\"><span style=\"color: #000000;\">100mm<\/span><\/td>\n<td width=\"244\"><span style=\"color: #000000;\">100mm<\/span><\/td>\n<td width=\"283\"><span style=\"color: #000000;\">100mm<\/span><\/td>\n<\/tr>\n<tr>\n<td width=\"281\"><span style=\"color: #000000;\"><strong>Brennweite<\/strong><\/span><\/td>\n<td width=\"244\"><span style=\"color: #000000;\">200mm\/250mm\/300mm<\/span><\/td>\n<td width=\"244\"><span style=\"color: #000000;\">200mm\/250mm\/300mm<\/span><\/td>\n<td width=\"283\"><span style=\"color: #000000;\">250mm\/300mm<\/span><\/td>\n<\/tr>\n<tr>\n<td width=\"281\"><span style=\"color: #000000;\"><strong>Fokussiergeschwindigkeit<\/strong><\/span><\/td>\n<td width=\"244\"><span style=\"color: #000000;\">200mm\/s<\/span><\/td>\n<td width=\"244\"><span style=\"color: #000000;\">200mm\/s<\/span><\/td>\n<td width=\"283\"><span style=\"color: #000000;\">200mm\/s<\/span><\/td>\n<\/tr>\n<tr>\n<td width=\"281\"><span style=\"color: #000000;\"><strong>Fokussierbereich<\/strong><\/span><\/td>\n<td width=\"244\"><span style=\"color: #000000;\">-39mm~+30mm<\/span><\/td>\n<td width=\"244\"><span style=\"color: #000000;\">-39mm~+30mm<\/span><\/td>\n<td width=\"283\"><span style=\"color: #000000;\">-39mm~+30mm<\/span><\/td>\n<\/tr>\n<tr>\n<td width=\"281\"><span style=\"color: #000000;\"><strong>Zentrierbereich<\/strong><\/span><\/td>\n<td width=\"244\"><span style=\"color: #000000;\">\u00b11,5 mm<\/span><\/td>\n<td width=\"244\"><span style=\"color: #000000;\">\u00b11,5 mm<\/span><\/td>\n<td width=\"283\"><span style=\"color: #000000;\">\u00b11,5 mm<\/span><\/td>\n<\/tr>\n<tr>\n<td width=\"281\"><span style=\"color: #000000;\"><strong>Gasdruck<\/strong><\/span><\/td>\n<td width=\"244\"><span style=\"color: #000000;\">\u22643Mpa<\/span><\/td>\n<td width=\"244\"><span style=\"color: #000000;\">\u22643Mpa<\/span><\/td>\n<td width=\"283\"><span style=\"color: #000000;\">\u22643Mpa<\/span><\/td>\n<\/tr>\n<tr>\n<td width=\"281\"><span style=\"color: #000000;\"><strong>Gesamtgewicht<\/strong><\/span><\/td>\n<td width=\"244\"><span style=\"color: #000000;\">7KG<\/span><\/td>\n<td width=\"244\"><span style=\"color: #000000;\">7KG<\/span><\/td>\n<td width=\"283\"><span style=\"color: #000000;\">7.5KG<\/span><\/td>\n<\/tr>\n<tr>\n<td width=\"281\"><span style=\"color: #000000;\"><strong>Typ der Schnittstelle<\/strong><\/span><\/td>\n<td width=\"244\"><span style=\"color: #000000;\">QBH\u3001QD\u3001Q+\u3001LOE\/QF-D<\/span><\/td>\n<td width=\"244\"><span style=\"color: #000000;\">QBH\u3001QD\u3001Q+\u3001LOE\/QF-D<\/span><\/td>\n<td width=\"283\"><span style=\"color: #000000;\">QBH\u3001QD\u3001Q+\u3001LOE\/QF-D<\/span><\/td>\n<\/tr>\n<\/tbody>\n<\/table>\n<p>&nbsp;<\/p>\n<p>&nbsp;<\/p>\n<p>&nbsp;<\/p>","protected":false},"excerpt":{"rendered":"<p><span style=\"color: #000000;\"><strong>OSPRI LCH Serie Smart Fiber Laser Head | 15-30kW Leistung &amp; 5G Fern\u00fcberwachung mit Echtzeit-Hohlraumdiagnose<\/strong><\/span><\/p>\n<p class=\"ng-star-inserted\"><span style=\"color: #000000;\">Mit dem OSPRI Cyclops LCH-B0 Series, einem intelligenten Schneidkopf f\u00fcr die datengesteuerte Werkstatt, k\u00f6nnen Sie Industrie 4.0 nutzen. Er kann bis zu 30 kW verarbeiten und ist mit Sensoren zur \u00dcberwachung von Innentemperatur, Druck, Feuchtigkeit und D\u00fcsentemperatur in Echtzeit ausgestattet. Mit integriertem Bluetooth und einem optionalen 5G-Kommunikationsmodul bietet der LCH-B0 einen beispiellosen Prozesseinblick und eine Datenfern\u00fcbertragung, was ihn zum ultimativen Werkzeug f\u00fcr intelligentes Hochleistungslaserschneiden macht.<\/span><\/p>\n<p>&nbsp;<\/p>","protected":false},"featured_media":1189,"template":"","meta":[],"product_brand":[],"product_cat":[37,23],"product_tag":[],"class_list":{"0":"post-1181","1":"product","2":"type-product","3":"status-publish","4":"has-post-thumbnail","6":"product_cat-laser-cutting-head","7":"product_cat-laser-machine","9":"first","10":"instock","11":"shipping-taxable","12":"product-type-simple"},"_links":{"self":[{"href":"https:\/\/shiguanglaser.com\/de\/wp-json\/wp\/v2\/product\/1181","targetHints":{"allow":["GET"]}}],"collection":[{"href":"https:\/\/shiguanglaser.com\/de\/wp-json\/wp\/v2\/product"}],"about":[{"href":"https:\/\/shiguanglaser.com\/de\/wp-json\/wp\/v2\/types\/product"}],"wp:featuredmedia":[{"embeddable":true,"href":"https:\/\/shiguanglaser.com\/de\/wp-json\/wp\/v2\/media\/1189"}],"wp:attachment":[{"href":"https:\/\/shiguanglaser.com\/de\/wp-json\/wp\/v2\/media?parent=1181"}],"wp:term":[{"taxonomy":"product_brand","embeddable":true,"href":"https:\/\/shiguanglaser.com\/de\/wp-json\/wp\/v2\/product_brand?post=1181"},{"taxonomy":"product_cat","embeddable":true,"href":"https:\/\/shiguanglaser.com\/de\/wp-json\/wp\/v2\/product_cat?post=1181"},{"taxonomy":"product_tag","embeddable":true,"href":"https:\/\/shiguanglaser.com\/de\/wp-json\/wp\/v2\/product_tag?post=1181"}],"curies":[{"name":"wp","href":"https:\/\/api.w.org\/{rel}","templated":true}]}}