{"id":1176,"date":"2025-06-24T03:09:44","date_gmt":"2025-06-24T03:09:44","guid":{"rendered":"https:\/\/shiguanglaser.com\/?post_type=product&#038;p=1176"},"modified":"2025-07-03T17:48:24","modified_gmt":"2025-07-03T17:48:24","slug":"hans-focus-hc-tj-series-intelligent-high-power-autofocus-laser-cutting-head","status":"publish","type":"product","link":"https:\/\/shiguanglaser.com\/de\/hans-focus-hc-tj-series-intelligent-high-power-autofocus-laser-cutting-head\/","title":{"rendered":"Han's Focus HC-TJ Serie | Intelligenter Hochleistungs-Autofokus-Laserschneidkopf"},"content":{"rendered":"<h2 class=\"section-title\"><span style=\"color: #477ff6;\"><strong>\u25b8 Produkteinf\u00fchrung<\/strong><\/span><\/h2>\n<hr class=\"blue\" \/>\n<p>&nbsp;<\/p>\n<p class=\"ng-star-inserted\" style=\"padding-left: 40px;\"><span class=\"ng-star-inserted\" style=\"color: #000000;\"><strong>Die HC-TJ-Serie von Han's Focus<\/strong> ist die endg\u00fcltige L\u00f6sung f\u00fcr das Schneiden von flachen Blechen und Platten mit hoher Leistung. Diese Schneidk\u00f6pfe sind in Konfigurationen mit einer Leistung von bis zu 15 kW (HC-TJ100), 20 kW (HC-TJ200) und 30 kW (HC-TJ300) erh\u00e4ltlich und wurden zur Maximierung der Produktivit\u00e4t moderner Faserlaser entwickelt. Das Herzst\u00fcck der HC-TJ-Serie ist ihre Intelligenz. Gesteuert \u00fcber Bus-Kommunikation f\u00fcr ein hohes Ma\u00df an Systemintegration, bietet sie Echtzeit-Feedback und fortschrittliche Prozesssteuerung.<\/span><\/p>\n<p class=\"ng-star-inserted\" style=\"padding-left: 40px;\"><span class=\"ng-star-inserted\" style=\"color: #000000;\">Der Kopf \u00fcberwacht aktiv die Innentemperatur, den Werkzeuginnendruck und die Linsenverschmutzung und zeigt seinen Status \u00fcber Kontrollleuchten f\u00fcr eine proaktive Wartung an. Eine patentierte, mehrschichtige, staubdichte Struktur sch\u00fctzt die kritischen internen Optiken und verl\u00e4ngert die Lebensdauer der Linsen selbst in rauen Schneidumgebungen mit hoher Leistung erheblich.<\/span><\/p>\n<p>&nbsp;<\/p>\n<p><!-- Product Features --><\/p>\n<h2 class=\"section-title\"><strong><span style=\"color: #477ff6;\">\u25b8 Produktmerkmale<\/span><\/strong><\/h2>\n<hr class=\"blue\" \/>\n<p>&nbsp;<\/p>\n<p style=\"padding-left: 40px;\"><span style=\"color: #000000;\">\u2705 <strong class=\"ng-star-inserted\"><span class=\"ng-star-inserted\">Ultra-hohe Leistungskapazit\u00e4t:<\/span><\/strong><span class=\"ng-star-inserted\">\u00a0<\/span><\/span><\/p>\n<p style=\"padding-left: 40px;\"><span class=\"ng-star-inserted\" style=\"color: #000000;\">Erh\u00e4ltlich in den Versionen 15 kW, 20 kW und 30 kW zum einfachen und effizienten Schneiden von dicken Kohlenstoffstahl-, Edelstahl- und Aluminiumplatten.<\/span><\/p>\n<p style=\"padding-left: 40px;\"><span style=\"color: #000000;\"><strong class=\"ng-star-inserted\"><span class=\"ng-star-inserted\">\u2705 Intelligente interne \u00dcberwachung:<\/span><\/strong><span class=\"ng-star-inserted\">\u00a0<\/span><\/span><\/p>\n<p style=\"padding-left: 40px;\"><span class=\"ng-star-inserted\" style=\"color: #000000;\">Echtzeitsensoren f\u00fcr Temperatur, Druck und Verschmutzung liefern aktuelle Statusmeldungen, die katastrophale Ausf\u00e4lle verhindern und eine vorausschauende Wartung erm\u00f6glichen.<\/span><\/p>\n<p style=\"padding-left: 40px;\"><span style=\"color: #000000;\"><strong class=\"ng-star-inserted\"><span class=\"ng-star-inserted\">\u2705 Erweiterte Perforations- und Durchschneidungserkennung:<\/span><\/strong><span class=\"ng-star-inserted\">\u00a0<\/span><\/span><\/p>\n<p style=\"padding-left: 40px;\"><span class=\"ng-star-inserted\" style=\"color: #000000;\">Erkennt automatisch, wenn der Laser das Material vollst\u00e4ndig durchdrungen hat, was die Perforationszeiten verk\u00fcrzt. Au\u00dferdem wird \u00fcberpr\u00fcft, ob der Schnitt vollst\u00e4ndig ist, und gegebenenfalls ein erneuter Schnitt eingeleitet, um Ausschussteile zu vermeiden.<\/span><\/p>\n<p style=\"padding-left: 40px;\"><span style=\"color: #000000;\"><strong class=\"ng-star-inserted\"><span class=\"ng-star-inserted\">\u2705 Schneller Servo-Autofokus:<\/span><\/strong><span class=\"ng-star-inserted\">\u00a0<\/span><\/span><\/p>\n<p style=\"padding-left: 40px;\"><span class=\"ng-star-inserted\" style=\"color: #000000;\">Das Fokusmodul wird von einem Hochgeschwindigkeits-Servomotor angetrieben, der eine schnelle und hochpr\u00e4zise Fokussierung f\u00fcr optimales Schneiden bei unterschiedlichen Materialst\u00e4rken erm\u00f6glicht.<\/span><\/p>\n<p style=\"padding-left: 40px;\"><span style=\"color: #000000;\"><strong class=\"ng-star-inserted\"><span class=\"ng-star-inserted\">\u2705 Patentiertes staubdichtes Design:<\/span><\/strong><span class=\"ng-star-inserted\">\u00a0<\/span><\/span><\/p>\n<p style=\"padding-left: 40px;\"><span class=\"ng-star-inserted\" style=\"color: #000000;\">Eine doppelte obere und untere Schutzstruktur sorgt f\u00fcr einen versiegelten Innenraum, der Verunreinigungen wirksam verhindert und die Lebensdauer der teuren Optiken verl\u00e4ngert.<\/span><\/p>\n<p style=\"padding-left: 40px;\"><span style=\"color: #000000;\"><strong class=\"ng-star-inserted\"><span class=\"ng-star-inserted\">\u2705 Bussteuerungssystem:<\/span><\/strong><span class=\"ng-star-inserted\">\u00a0<\/span><\/span><\/p>\n<p style=\"padding-left: 40px;\"><span class=\"ng-star-inserted\" style=\"color: #000000;\">Nutzt die Buskommunikation f\u00fcr ein hohes Ma\u00df an Integration mit der CNC-Steuerung und erm\u00f6glicht so erweiterte Funktionen und einen rationalisierten Betrieb.<\/span><\/p>\n<p style=\"padding-left: 40px;\"><span style=\"color: #000000;\">\u00a0 <\/span><\/p>\n<p>&nbsp;<\/p>\n<p><!-- Product Parameters --><\/p>\n<h2 class=\"section-title\"><strong><span style=\"color: #477ff6;\">\u25b8 Produktparameter<\/span><\/strong><\/h2>\n<hr class=\"blue\" \/>\n<p>&nbsp;<\/p>\n<table width=\"733\">\n<tbody>\n<tr>\n<td width=\"241\"><span style=\"color: #000000;\"><strong>Parameter<\/strong><\/span><\/td>\n<td width=\"164\"><span style=\"color: #000000;\"><strong>HC-TJ100 (15kW)<\/strong><\/span><\/td>\n<td width=\"164\"><span style=\"color: #000000;\"><strong>HC-TJ200 (20kW)<\/strong><\/span><\/td>\n<td width=\"164\"><span style=\"color: #000000;\"><strong>HC-TJ300 (30kW)<\/strong><\/span><\/td>\n<\/tr>\n<tr>\n<td width=\"241\"><span style=\"color: #000000;\"><strong>Maximale Laserleistung<\/strong><\/span><\/td>\n<td width=\"164\"><span style=\"color: #000000;\">\u226415kW<\/span><\/td>\n<td width=\"164\"><span style=\"color: #000000;\">\u226420kW<\/span><\/td>\n<td width=\"164\"><span style=\"color: #000000;\">\u226430kW<\/span><\/td>\n<\/tr>\n<tr>\n<td width=\"241\"><span style=\"color: #000000;\"><strong>Fokussierungsabstand<\/strong><\/span><\/td>\n<td width=\"164\"><span style=\"color: #000000;\">+25, -30 mm<\/span><\/td>\n<td width=\"164\"><span style=\"color: #000000;\">\u00b125mm<\/span><\/td>\n<td width=\"164\"><span style=\"color: #000000;\">\u00b160mm<\/span><\/td>\n<\/tr>\n<tr>\n<td width=\"241\"><span style=\"color: #000000;\"><strong>Fokussierung Brennweite<\/strong><\/span><\/td>\n<td width=\"164\"><span style=\"color: #000000;\">200mm<\/span><\/td>\n<td width=\"164\"><span style=\"color: #000000;\">200mm<\/span><\/td>\n<td width=\"164\"><span style=\"color: #000000;\">300mm<\/span><\/td>\n<\/tr>\n<tr>\n<td width=\"241\"><span style=\"color: #000000;\"><strong>Maximaler Luftdruck<\/strong><\/span><\/td>\n<td width=\"164\"><span style=\"color: #000000;\">25bar<\/span><\/td>\n<td width=\"164\"><span style=\"color: #000000;\">25bar<\/span><\/td>\n<td width=\"164\"><span style=\"color: #000000;\">25bar<\/span><\/td>\n<\/tr>\n<tr>\n<td width=\"241\"><span style=\"color: #000000;\"><strong>Faserschnittstelle<\/strong><\/span><\/td>\n<td width=\"164\"><span style=\"color: #000000;\">QBH, Q+, QD, LOE<\/span><\/td>\n<td width=\"164\"><span style=\"color: #000000;\">QBH, Q+, QD, LOE<\/span><\/td>\n<td width=\"164\"><span style=\"color: #000000;\">QBH, Q+, QD, LOE<\/span><\/td>\n<\/tr>\n<tr>\n<td width=\"241\"><span style=\"color: #000000;\"><strong>NA<\/strong><\/span><\/td>\n<td width=\"164\"><span style=\"color: #000000;\">0.14\u00a0<\/span><\/td>\n<td width=\"164\"><span style=\"color: #000000;\">0.14\u00a0<\/span><\/td>\n<td width=\"164\"><span style=\"color: #000000;\">0.14\u00a0<\/span><\/td>\n<\/tr>\n<tr>\n<td width=\"241\"><span style=\"color: #000000;\"><strong>Keramischer Ring<\/strong><\/span><\/td>\n<td width=\"164\"><span style=\"color: #000000;\">\u03c641<\/span><\/td>\n<td width=\"164\"><span style=\"color: #000000;\">\u03c641<\/span><\/td>\n<td width=\"164\"><span style=\"color: #000000;\">\u03c641<\/span><\/td>\n<\/tr>\n<tr>\n<td width=\"241\"><span style=\"color: #000000;\"><strong>D\u00fcse mit Gewinde<\/strong><\/span><\/td>\n<td width=\"164\"><span style=\"color: #000000;\">M11*0.75<\/span><\/td>\n<td width=\"164\"><span style=\"color: #000000;\">M11*0.75<\/span><\/td>\n<td width=\"164\"><span style=\"color: #000000;\">M11*0.75<\/span><\/td>\n<\/tr>\n<tr>\n<td width=\"241\"><span style=\"color: #000000;\"><strong>Koaxialer Einstellbereich<\/strong><\/span><\/td>\n<td width=\"164\"><span style=\"color: #000000;\">\u00b11,5 mm<\/span><\/td>\n<td width=\"164\"><span style=\"color: #000000;\">\u00b11,5 mm<\/span><\/td>\n<td width=\"164\"><span style=\"color: #000000;\">\u00b11,5 mm<\/span><\/td>\n<\/tr>\n<tr>\n<td width=\"241\"><span style=\"color: #000000;\"><strong>Gewicht<\/strong><\/span><\/td>\n<td width=\"164\"><span style=\"color: #000000;\">\u22646.6kg<\/span><\/td>\n<td width=\"164\"><span style=\"color: #000000;\">9,5 kg<\/span><\/td>\n<td width=\"164\"><span style=\"color: #000000;\">9,8 kg<\/span><\/td>\n<\/tr>\n<\/tbody>\n<\/table>\n<p>&nbsp;<\/p>\n<h4><strong>&gt; <span style=\"color: #000000;\">Wichtigste Industrieanwendungen:<\/span><\/strong><\/h4>\n<p>&nbsp;<\/p>\n<ul>\n<li><span style=\"color: #000000;\">\u25c6 Luft- und Raumfahrtindustrie<\/span><\/li>\n<\/ul>\n<p>&nbsp;<\/p>\n<ul>\n<li><span style=\"color: #000000;\">\u25c6 Schiffbauindustrie<\/span><\/li>\n<\/ul>\n<p>&nbsp;<\/p>\n<ul>\n<li><span style=\"color: #000000;\">\u25c6 Verarbeitende Industrie<\/span><\/li>\n<\/ul>\n<p>&nbsp;<\/p>\n<p>&nbsp;<\/p>","protected":false},"excerpt":{"rendered":"<h3 class=\"ng-star-inserted\"><span style=\"color: #000000;\"><strong class=\"ng-star-inserted\"><span class=\"ng-star-inserted\">Han's Focus HC-TJ Serie Laserschneidkopf (15kW \/ 20kW \/ 30kW)<\/span><\/strong><\/span><\/h3>\n<p><span style=\"color: #000000;\">Die Han's Focus HC-TJ Serie wurde f\u00fcr die Anforderungen des Ultra-Hochleistungs-Faserlaserschneidens entwickelt und bew\u00e4ltigt eine Laserleistung von bis zu 30 kW f\u00fcr das m\u00fchelose Schneiden dicker Metallplatten. Dieser intelligente Kopf verf\u00fcgt \u00fcber einen servogesteuerten Autofokus, interne Echtzeit\u00fcberwachung und eine fortschrittliche Perforations-\/Durchbrucherkennung. Mit ihrer hochintegrierten Bussteuerung und einem patentierten staubdichten Design bietet die HC-TJ-Serie un\u00fcbertroffene Leistung, Zuverl\u00e4ssigkeit und Intelligenz f\u00fcr industrielle Anwendungen.<\/span><\/p>","protected":false},"featured_media":1180,"template":"","meta":[],"product_brand":[],"product_cat":[37,23],"product_tag":[],"class_list":{"0":"post-1176","1":"product","2":"type-product","3":"status-publish","4":"has-post-thumbnail","6":"product_cat-laser-cutting-head","7":"product_cat-laser-machine","9":"first","10":"instock","11":"shipping-taxable","12":"product-type-simple"},"_links":{"self":[{"href":"https:\/\/shiguanglaser.com\/de\/wp-json\/wp\/v2\/product\/1176","targetHints":{"allow":["GET"]}}],"collection":[{"href":"https:\/\/shiguanglaser.com\/de\/wp-json\/wp\/v2\/product"}],"about":[{"href":"https:\/\/shiguanglaser.com\/de\/wp-json\/wp\/v2\/types\/product"}],"wp:featuredmedia":[{"embeddable":true,"href":"https:\/\/shiguanglaser.com\/de\/wp-json\/wp\/v2\/media\/1180"}],"wp:attachment":[{"href":"https:\/\/shiguanglaser.com\/de\/wp-json\/wp\/v2\/media?parent=1176"}],"wp:term":[{"taxonomy":"product_brand","embeddable":true,"href":"https:\/\/shiguanglaser.com\/de\/wp-json\/wp\/v2\/product_brand?post=1176"},{"taxonomy":"product_cat","embeddable":true,"href":"https:\/\/shiguanglaser.com\/de\/wp-json\/wp\/v2\/product_cat?post=1176"},{"taxonomy":"product_tag","embeddable":true,"href":"https:\/\/shiguanglaser.com\/de\/wp-json\/wp\/v2\/product_tag?post=1176"}],"curies":[{"name":"wp","href":"https:\/\/api.w.org\/{rel}","templated":true}]}}