{"id":1164,"date":"2025-06-23T09:02:18","date_gmt":"2025-06-23T09:02:18","guid":{"rendered":"https:\/\/shiguanglaser.com\/?post_type=product&#038;p=1164"},"modified":"2025-07-03T17:49:00","modified_gmt":"2025-07-03T17:49:00","slug":"jingwen-zh-series-online-laser-welding-system-for-tube-mill-integration","status":"publish","type":"product","link":"https:\/\/shiguanglaser.com\/de\/jingwen-zh-series-online-laser-welding-system-for-tube-mill-integration\/","title":{"rendered":"JINGWEN ZH-Serie | Online-Laserschwei\u00dfsystem f\u00fcr die Integration in Rohrwerke"},"content":{"rendered":"<h1 class=\"section-title\"><span style=\"color: #477ff6;\"><strong>\u25b8 Produkteinf\u00fchrung<\/strong><\/span><\/h1>\n<hr class=\"blue-line\" \/>\n<p>&nbsp;<\/p>\n<p class=\"ng-star-inserted\" style=\"padding-left: 40px;\"><span class=\"ng-star-inserted\" style=\"color: #000000;\"><strong>Die JINGWEN ZH-Serie<\/strong> ist eine leistungsstarke und intelligente Laserschwei\u00dfl\u00f6sung, die f\u00fcr die Nachr\u00fcstung bestehender Rohrproduktionslinien konzipiert ist. Dieses System bietet einen klaren Upgrade-Pfad f\u00fcr Hersteller, die die bedeutenden Vorteile des Faserlaserschwei\u00dfens nutzen m\u00f6chten, ohne ihr gesamtes Rohrwerk zu ersetzen. Wenn Sie ein \u00e4lteres Schwei\u00dfger\u00e4t gegen die ZH-Serie austauschen, k\u00f6nnen Sie h\u00f6here Produktionsgeschwindigkeiten, eine bessere Schwei\u00dfqualit\u00e4t und die M\u00f6glichkeit zur Verarbeitung einer gr\u00f6\u00dferen Bandbreite von Materialien, einschlie\u00dflich hochreflektierender Metalle, erzielen.<\/span><\/p>\n<p class=\"ng-star-inserted\" style=\"padding-left: 40px;\"><span class=\"ng-star-inserted\" style=\"color: #000000;\">Das System ist modular aufgebaut und besteht aus einer Hochleistungs-Faserlaserquelle, einem Pr\u00e4zisionsschwei\u00dfzangenhalter und einem intelligenten Steuerschrank. Mit fortschrittlichen optionalen Funktionen kann es als vollautomatisches, selbstkorrigierendes System betrieben werden, das Stunde f\u00fcr Stunde perfekte Schwei\u00dfn\u00e4hte gew\u00e4hrleistet.<\/span><\/p>\n<p>&nbsp;<\/p>\n<h2 class=\"section-title\"><strong><span style=\"color: #477ff6;\">\u25b8 Produktmerkmale<\/span><\/strong><\/h2>\n<hr class=\"blue-line\" \/>\n<p>&nbsp;<\/p>\n<ul class=\"ng-star-inserted\">\n<li class=\"ng-star-inserted\">\n<p class=\"ng-star-inserted\"><span style=\"color: #000000;\"><strong class=\"ng-star-inserted\"><span class=\"ng-star-inserted\">\u2705 Leistungsstarkes Upgrade f\u00fcr bestehende M\u00fchlen:<\/span><\/strong><span class=\"ng-star-inserted\">\u00a0<\/span><\/span><\/p>\n<\/li>\n<li class=\"ng-star-inserted\">\n<p class=\"ng-star-inserted\"><span class=\"ng-star-inserted\" style=\"color: #000000;\">L\u00e4sst sich nahtlos in Ihre aktuelle Produktionslinie integrieren und ersetzt weniger effiziente Schwei\u00dfverfahren, was zu einer sofortigen Steigerung von Leistung und Qualit\u00e4t f\u00fchrt.<\/span><\/p>\n<\/li>\n<li class=\"ng-star-inserted\">\n<p class=\"ng-star-inserted\"><span style=\"color: #000000;\"><strong class=\"ng-star-inserted\"><span class=\"ng-star-inserted\">\u2705 Extremer Leistungsbereich (bis zu 12000 W):<\/span><\/strong><\/span><\/p>\n<\/li>\n<li class=\"ng-star-inserted\">\n<p class=\"ng-star-inserted\"><span style=\"color: #000000;\"><span class=\"ng-star-inserted\">\u00a0Die optionale Hochleistungslaserquelle erm\u00f6glicht unglaublich hohe Schwei\u00dfgeschwindigkeiten, selbst bei dickwandigen Rohren, und steigert so den Gesamtdurchsatz Ihrer Anlage drastisch.<\/span><\/span><\/p>\n<\/li>\n<li class=\"ng-star-inserted\">\n<p class=\"ng-star-inserted\"><span style=\"color: #000000;\"><strong class=\"ng-star-inserted\"><span class=\"ng-star-inserted\">\u2705 Optionales System zur Schwei\u00dfnahtverfolgung:<\/span><\/strong><span class=\"ng-star-inserted\">\u00a0<\/span><\/span><\/p>\n<\/li>\n<li class=\"ng-star-inserted\">\n<p class=\"ng-star-inserted\"><span class=\"ng-star-inserted\" style=\"color: #000000;\">Ein intelligentes Bildverarbeitungssystem erkennt und verfolgt die Schwei\u00dfnaht automatisch in Echtzeit und gleicht Materialabweichungen aus, um zu gew\u00e4hrleisten, dass der Laser immer perfekt zentriert ist und eine einwandfreie Schwei\u00dfnaht liefert.<\/span><\/p>\n<\/li>\n<li class=\"ng-star-inserted\">\n<p class=\"ng-star-inserted\"><span style=\"color: #000000;\"><strong class=\"ng-star-inserted\"><span class=\"ng-star-inserted\">\u2705 Optionale intelligente Steuerung und Datenbank:<\/span><\/strong><span class=\"ng-star-inserted\">\u00a0<\/span><\/span><\/p>\n<\/li>\n<li class=\"ng-star-inserted\">\n<p class=\"ng-star-inserted\"><span class=\"ng-star-inserted\" style=\"color: #000000;\">Das intelligente Steuerungssystem kann Schwei\u00dfparameter f\u00fcr verschiedene Materialien und Dicken speichern, was eine sofortige, wiederholbare Auftragseinrichtung erm\u00f6glicht und eine gleichbleibende Qualit\u00e4t \u00fcber alle Chargen hinweg gew\u00e4hrleistet.<\/span><\/p>\n<\/li>\n<li class=\"ng-star-inserted\">\n<p class=\"ng-star-inserted\"><span style=\"color: #000000;\"><strong class=\"ng-star-inserted\"><span class=\"ng-star-inserted\">\u2705 Verbesserte Schwei\u00dfnahtfestigkeit und \u00c4sthetik:<\/span><\/strong><span class=\"ng-star-inserted\">\u00a0<\/span><\/span><\/p>\n<\/li>\n<li class=\"ng-star-inserted\">\n<p class=\"ng-star-inserted\"><span class=\"ng-star-inserted\" style=\"color: #000000;\">Beim Laserschwei\u00dfen entsteht eine tiefe, schmale Schwei\u00dfnaht mit feinem Korngef\u00fcge, was zu einer Verbindung f\u00fchrt, die st\u00e4rker und optisch ansprechender ist als herk\u00f6mmliche Schwei\u00dfn\u00e4hte.<\/span><\/p>\n<\/li>\n<li class=\"ng-star-inserted\">\n<p class=\"ng-star-inserted\"><span style=\"color: #000000;\"><strong class=\"ng-star-inserted\"><span class=\"ng-star-inserted\">\u2705 Kompakte Integration:<\/span><\/strong><span class=\"ng-star-inserted\">\u00a0<\/span><\/span><\/p>\n<\/li>\n<li class=\"ng-star-inserted\">\n<p class=\"ng-star-inserted\"><span class=\"ng-star-inserted\" style=\"color: #000000;\">Das System wurde mit einem minimalen Platzbedarf entwickelt und verf\u00fcgt \u00fcber eine kompakte Installationsplatine (175x125mm) und einen ausgereiften Schwei\u00dfzangenhalter f\u00fcr eine einfache Platzierung in Ihrer Linie.<\/span><\/p>\n<\/li>\n<\/ul>\n<p>&nbsp;<\/p>\n<h2 class=\"section-title\"><strong><span style=\"color: #477ff6;\">\u25b8 Produktparameter<\/span><\/strong><\/h2>\n<hr class=\"blue-line\" \/>\n<p>&nbsp;<\/p>\n<table width=\"1652\">\n<tbody>\n<tr>\n<td width=\"772\"><span style=\"color: #000000;\"><strong>Modell<\/strong><\/span><\/td>\n<td colspan=\"2\" width=\"879\"><span style=\"color: #000000;\">ZH-ZH2\/ZH5<\/span><\/td>\n<\/tr>\n<tr>\n<td width=\"772\"><span style=\"color: #000000;\"><strong>Strom<\/strong><\/span><\/td>\n<td colspan=\"2\" width=\"879\"><span style=\"color: #000000;\">1000-12000W(Optional)<\/span><\/td>\n<\/tr>\n<tr>\n<td width=\"772\"><span style=\"color: #000000;\"><strong>System zur Schwei\u00dfnahtverfolgung<\/strong><\/span><\/td>\n<td colspan=\"2\" width=\"879\"><span style=\"color: #000000;\">Optional<\/span><\/td>\n<\/tr>\n<tr>\n<td width=\"772\"><span style=\"color: #000000;\"><strong>Intelligentes Kontrollsystem<\/strong><\/span><\/td>\n<td colspan=\"2\" width=\"879\"><span style=\"color: #000000;\">Optional<\/span><\/td>\n<\/tr>\n<tr>\n<td width=\"772\"><span style=\"color: #000000;\"><strong>Datenbank f\u00fcr Schwei\u00dfparameter<\/strong><\/span><\/td>\n<td colspan=\"2\" width=\"879\"><span style=\"color: #000000;\">Optional<\/span><\/td>\n<\/tr>\n<tr>\n<td width=\"772\"><span style=\"color: #000000;\"><strong>Installationsbrett Gr\u00f6\u00dfe<\/strong><\/span><\/td>\n<td colspan=\"2\" width=\"879\"><span style=\"color: #000000;\">175*125mm<\/span><\/td>\n<\/tr>\n<tr>\n<td width=\"772\"><span style=\"color: #000000;\"><strong>\u00c4u\u00dfere Abmessungen des Schwei\u00dfpistolenhalters<\/strong><\/span><\/td>\n<td colspan=\"2\" width=\"879\"><span style=\"color: #000000;\">660mm*520mm*940mm<\/span><\/td>\n<\/tr>\n<\/tbody>\n<\/table>\n<h4><\/h4>\n<p>&nbsp;<\/p>\n<p>&nbsp;<\/p>\n<hr class=\"blue-line\" \/>","protected":false},"excerpt":{"rendered":"<p class=\"cvGsUA direction-ltr align-start para-style-body\"><span style=\"color: #000000;\"><strong><span class=\"OYPEnA font-feature-liga-off font-feature-clig-off font-feature-calt-off text-decoration-none text-strikethrough-none\">JINGWEN ZH-Serie <\/span><span class=\"OYPEnA font-feature-liga-off font-feature-clig-off font-feature-calt-off text-decoration-none text-strikethrough-none\">Geschwei\u00dfte Rohre Online Laserschwei\u00dfsystem f\u00fcr gerade N\u00e4hte<\/span><\/strong><\/span><\/p>\n<p><span style=\"color: #000000;\">R\u00fcsten Sie Ihr bestehendes Rohrwerk mit der JINGWEN ZH-Serie auf, einem leistungsstarken Online-Lasernahtschwei\u00dfsystem. Dieses modulare System wurde entwickelt, um veraltete WIG- oder Hochfrequenzschwei\u00dfger\u00e4te zu ersetzen und l\u00e4sst sich direkt in Ihre Produktionslinie integrieren. Mit Leistungsoptionen von bis zu 12000 W und verf\u00fcgbaren Funktionen wie der automatischen Schwei\u00dfnahtverfolgung erh\u00f6ht die ZH-Serie die Schwei\u00dfgeschwindigkeit drastisch, verbessert die Nahtfestigkeit und steigert die allgemeine Produktqualit\u00e4t, was Ihrem Fertigungsprozess einen Wettbewerbsvorteil verschafft.<\/span><\/p>","protected":false},"featured_media":1168,"template":"","meta":[],"product_brand":[],"product_cat":[40,23],"product_tag":[],"class_list":{"0":"post-1164","1":"product","2":"type-product","3":"status-publish","4":"has-post-thumbnail","6":"product_cat-tube-fiber-laser-welder","7":"product_cat-laser-machine","9":"first","10":"instock","11":"shipping-taxable","12":"product-type-simple"},"_links":{"self":[{"href":"https:\/\/shiguanglaser.com\/de\/wp-json\/wp\/v2\/product\/1164","targetHints":{"allow":["GET"]}}],"collection":[{"href":"https:\/\/shiguanglaser.com\/de\/wp-json\/wp\/v2\/product"}],"about":[{"href":"https:\/\/shiguanglaser.com\/de\/wp-json\/wp\/v2\/types\/product"}],"wp:featuredmedia":[{"embeddable":true,"href":"https:\/\/shiguanglaser.com\/de\/wp-json\/wp\/v2\/media\/1168"}],"wp:attachment":[{"href":"https:\/\/shiguanglaser.com\/de\/wp-json\/wp\/v2\/media?parent=1164"}],"wp:term":[{"taxonomy":"product_brand","embeddable":true,"href":"https:\/\/shiguanglaser.com\/de\/wp-json\/wp\/v2\/product_brand?post=1164"},{"taxonomy":"product_cat","embeddable":true,"href":"https:\/\/shiguanglaser.com\/de\/wp-json\/wp\/v2\/product_cat?post=1164"},{"taxonomy":"product_tag","embeddable":true,"href":"https:\/\/shiguanglaser.com\/de\/wp-json\/wp\/v2\/product_tag?post=1164"}],"curies":[{"name":"wp","href":"https:\/\/api.w.org\/{rel}","templated":true}]}}