{"id":1159,"date":"2025-06-23T07:57:14","date_gmt":"2025-06-23T07:57:14","guid":{"rendered":"https:\/\/shiguanglaser.com\/?post_type=product&#038;p=1159"},"modified":"2025-07-03T17:51:55","modified_gmt":"2025-07-03T17:51:55","slug":"weizhuo-wz-beveling-5-axis-bevel-laser-tube-cutting-machine","status":"publish","type":"product","link":"https:\/\/shiguanglaser.com\/de\/weizhuo-wz-beveling-5-axis-bevel-laser-tube-cutting-machine\/","title":{"rendered":"Weizhuo WZ-Beveling | 5-Achsen-Fasenlaser-Rohrschneidemaschine"},"content":{"rendered":"<h2 class=\"section-title\"><span style=\"color: #477ff6;\"><strong>\u25b8 Produkteinf\u00fchrung<\/strong><\/span><\/h2>\n<hr class=\"blue\" \/>\n<p>&nbsp;<\/p>\n<p class=\"ng-star-inserted\"><span class=\"ng-star-inserted\" style=\"color: #000000;\"><strong>Die Weizhuo WZ-Fasenschleifmaschine<\/strong> ist ein entscheidender Faktor f\u00fcr Branchen, in denen die Integrit\u00e4t von Schwei\u00dfn\u00e4hten und komplexe strukturelle Montagen von gr\u00f6\u00dfter Bedeutung sind. Der fortschrittliche 5-Achsen-Schneidkopf kann um \u00b145\u00b0 geneigt werden und erm\u00f6glicht so die Erstellung von V-Nuten, X-Nuten und anderen kundenspezifischen Fasenprofilen direkt auf dem Rohr. Dieser einstufige Prozess ist schneller, genauer und wiederholbarer als herk\u00f6mmliche mehrstufige Methoden.<\/span><\/p>\n<p class=\"ng-star-inserted\"><span class=\"ng-star-inserted\" style=\"color: #000000;\">Die auf einem robusten Rahmen aufgebaute und mit Hochgeschwindigkeits-Servoantrieben ausgestattete Maschine bietet sowohl komplexe Funktionalit\u00e4t als auch Hochgeschwindigkeitsleistung. Das integrierte automatische Zuf\u00fchrungsgestell und das intelligente CNC-System sorgen f\u00fcr einen nahtlosen, automatisierten Prozess vom Rohmaterial bis zum perfekt abgeschr\u00e4gten, schwei\u00dffertigen Teil.<\/span><\/p>\n<p>&nbsp;<\/p>\n<p><!-- Product Features --><\/p>\n<h2 class=\"section-title\"><strong><span style=\"color: #477ff6;\">\u25b8 Produktmerkmale\u00a0<\/span><\/strong><\/h2>\n<hr class=\"blue\" \/>\n<p>&nbsp;<\/p>\n<ul class=\"ng-star-inserted\">\n<li class=\"ng-star-inserted\"><span style=\"color: #000000;\"><strong class=\"ng-star-inserted\"><span class=\"ng-star-inserted\">\u2705 <\/span><\/strong><strong class=\"ng-star-inserted\"><span class=\"ng-star-inserted\">Fortschrittliches \u00b145\u00b0-Fasenschneiden:<\/span><\/strong> <\/span><\/li>\n<li class=\"ng-star-inserted\"><span class=\"ng-star-inserted\" style=\"color: #000000;\">Der 5-Achsen-Kopf f\u00fchrt pr\u00e4zise Fasen f\u00fcr eine perfekte Schwei\u00dfnahtvorbereitung aus und verbessert so die Festigkeit und Qualit\u00e4t von Strukturverbindungen.<\/span><\/li>\n<\/ul>\n<p>&nbsp;<\/p>\n<ul class=\"ng-star-inserted\">\n<li class=\"ng-star-inserted\"><span style=\"color: #000000;\"><strong class=\"ng-star-inserted\"><span class=\"ng-star-inserted\">\u2705 Eliminiert sekund\u00e4re Operationen:<\/span><\/strong><span class=\"ng-star-inserted\">\u00a0<\/span><\/span><\/li>\n<li class=\"ng-star-inserted\"><span class=\"ng-star-inserted\" style=\"color: #000000;\">Kombiniert Schneiden und Anfasen in einem flie\u00dfenden Prozess und spart dadurch viel Zeit, Arbeit und Platz in der Werkstatt, da das Schleifen nach dem Schneiden entf\u00e4llt.<\/span><\/li>\n<\/ul>\n<p>&nbsp;<\/p>\n<ul class=\"ng-star-inserted\">\n<li class=\"ng-star-inserted\"><span style=\"color: #000000;\"><strong class=\"ng-star-inserted\"><span class=\"ng-star-inserted\">\u2705 Hochgeschwindigkeitsdynamik:<\/span><\/strong><\/span><\/li>\n<li class=\"ng-star-inserted\"><span class=\"ng-star-inserted\" style=\"color: #000000;\">Erzielt schnelle Verfahrgeschwindigkeiten von bis zu 1000 mm\/s, so dass auch komplexe Fasenarbeiten mit hoher Effizienz ausgef\u00fchrt werden k\u00f6nnen.<\/span><\/li>\n<\/ul>\n<p>&nbsp;<\/p>\n<ul class=\"ng-star-inserted\">\n<li class=\"ng-star-inserted\"><span style=\"color: #000000;\"><strong class=\"ng-star-inserted\"><span class=\"ng-star-inserted\">\u2705 \u00dcberlegene Genauigkeit:<\/span><\/strong><span class=\"ng-star-inserted\">\u00a0<\/span><\/span><\/li>\n<li class=\"ng-star-inserted\"><span class=\"ng-star-inserted\" style=\"color: #000000;\">Bietet eine Schnitt- und Positioniergenauigkeit von \u00b10,1 mm und garantiert, dass alle Winkel und Abmessungen den strengen technischen Toleranzen entsprechen.<\/span><\/li>\n<\/ul>\n<p>&nbsp;<\/p>\n<ul class=\"ng-star-inserted\">\n<li class=\"ng-star-inserted\"><span style=\"color: #000000;\"><strong class=\"ng-star-inserted\"><span class=\"ng-star-inserted\">\u2705 Integrierte Automatisierung:<\/span><\/strong><span class=\"ng-star-inserted\">\u00a0<\/span><\/span><\/li>\n<li class=\"ng-star-inserted\"><span class=\"ng-star-inserted\" style=\"color: #000000;\">Standardm\u00e4\u00dfig mit einem automatischen Zuf\u00fchrungsgestell und einem leistungsstarken Rohrschneidesystem (Bai Chu) f\u00fcr eine hochgradig automatisierte und benutzerfreundliche Erfahrung.<\/span><\/li>\n<\/ul>\n<p>&nbsp;<\/p>\n<ul class=\"ng-star-inserted\">\n<li class=\"ng-star-inserted\"><span style=\"color: #000000;\"><strong class=\"ng-star-inserted\"><span class=\"ng-star-inserted\">\u2705 Vielseitige Profilverarbeitung:<\/span><\/strong><span class=\"ng-star-inserted\">\u00a0<\/span><\/span><\/li>\n<li class=\"ng-star-inserted\"><span class=\"ng-star-inserted\" style=\"color: #000000;\">Verarbeitet runde, quadratische und andere Rohrtypen bis zu einem maximalen Au\u00dfendurchmesser von 80 mm und ist damit f\u00fcr eine Vielzahl von Anwendungen geeignet.<\/span><\/li>\n<\/ul>\n<p>&nbsp;<\/p>\n<p><!-- Product Parameters --><\/p>\n<h2 class=\"section-title\"><strong><span style=\"color: #477ff6;\">\u25b8 Produktparameter<\/span><\/strong><\/h2>\n<hr class=\"blue\" \/>\n<p>&nbsp;<\/p>\n<table width=\"1404\">\n<tbody>\n<tr>\n<td rowspan=\"2\" width=\"339\"><span style=\"color: #000000;\"><strong>Genauigkeit<\/strong><\/span><\/td>\n<td colspan=\"2\" width=\"580\"><span style=\"color: #000000;\"><strong>Pr\u00e4zision beim Schneiden<\/strong><\/span><\/td>\n<td width=\"484\"><span style=\"color: #000000;\">\u00b10,1mm<\/span><\/td>\n<\/tr>\n<tr>\n<td colspan=\"2\" width=\"580\"><span style=\"color: #000000;\"><strong>Positionsgenauigkeit<\/strong><\/span><\/td>\n<td width=\"484\"><span style=\"color: #000000;\">\u00b10,1 mm<\/span><\/td>\n<\/tr>\n<tr>\n<td width=\"339\"><span style=\"color: #000000;\"><strong>Spezifikationen f\u00fcr die Beladung<\/strong><\/span><\/td>\n<td colspan=\"2\" width=\"580\"><span style=\"color: #000000;\"><strong>L\u00e4nge des Zuf\u00fchrungsrohrs Material<\/strong><\/span><\/td>\n<td width=\"484\"><span style=\"color: #000000;\">6000 mm<\/span><\/td>\n<\/tr>\n<tr>\n<td rowspan=\"3\" width=\"339\"><span style=\"color: #000000;\"><strong>Anforderungen an die Leistung <\/strong><\/span><\/td>\n<td colspan=\"2\" width=\"580\"><span style=\"color: #000000;\"><strong>Grenzspannung der Stromversorgung<\/strong><\/span><\/td>\n<td width=\"484\"><span style=\"color: #000000;\">380v<\/span><\/td>\n<\/tr>\n<tr>\n<td colspan=\"2\" width=\"580\"><span style=\"color: #000000;\"><strong>Phase Nunber<\/strong><\/span><\/td>\n<td width=\"484\"><span style=\"color: #000000;\">3 Phrasen<\/span><\/td>\n<\/tr>\n<tr>\n<td colspan=\"2\" width=\"580\"><span style=\"color: #000000;\"><strong>Frequenz<\/strong><\/span><\/td>\n<td width=\"484\"><span style=\"color: #000000;\">50-60hz<\/span><\/td>\n<\/tr>\n<tr>\n<td rowspan=\"3\" width=\"339\"><span style=\"color: #000000;\"><strong>Laserger\u00e4t<\/strong><\/span><\/td>\n<td colspan=\"2\" width=\"580\"><span style=\"color: #000000;\"><strong>Zentrale Strahlungswellenl\u00e4nge<\/strong><\/span><\/td>\n<td width=\"484\"><span style=\"color: #000000;\">1070-1080nm<\/span><\/td>\n<\/tr>\n<tr>\n<td colspan=\"2\" width=\"580\"><span style=\"color: #000000;\"><strong>\u00dcbertragung Faserdurchmesser<\/strong><\/span><\/td>\n<td width=\"484\"><span style=\"color: #000000;\">\u226550um<\/span><\/td>\n<\/tr>\n<tr>\n<td colspan=\"2\" width=\"580\"><span style=\"color: #000000;\"><strong>Laser-Ausgangsleistung<\/strong><\/span><\/td>\n<td width=\"484\"><span style=\"color: #000000;\">1500-3000W(wahlweise)<\/span><\/td>\n<\/tr>\n<tr>\n<td rowspan=\"4\" width=\"339\"><span style=\"color: #000000;\"><strong>Gewicht, Gr\u00f6\u00dfe, Sonstiges<\/strong><\/span><\/td>\n<td colspan=\"2\" width=\"580\"><span style=\"color: #000000;\"><strong>Tragf\u00e4higkeit des Futters<\/strong><\/span><\/td>\n<td width=\"484\"><span style=\"color: #000000;\">80kg<\/span><\/td>\n<\/tr>\n<tr>\n<td colspan=\"2\" width=\"580\"><span style=\"color: #000000;\"><strong>Gewicht der gesamten Maschine<\/strong><\/span><\/td>\n<td width=\"484\"><span style=\"color: #000000;\">2.2t<\/span><\/td>\n<\/tr>\n<tr>\n<td colspan=\"2\" width=\"580\"><span style=\"color: #000000;\"><strong>Nennleistung der gesamten Maschine<\/strong><\/span><\/td>\n<td width=\"484\"><span style=\"color: #000000;\">8 kW (ohne Laserk\u00fchlung)<\/span><\/td>\n<\/tr>\n<tr>\n<td colspan=\"2\" width=\"580\"><span style=\"color: #000000;\"><strong>Werkzeugmaschine Qutlineal (L*B*H)<\/strong><\/span><\/td>\n<td width=\"484\"><span style=\"color: #000000;\">3000*1400*1800mm<\/span><\/td>\n<\/tr>\n<\/tbody>\n<\/table>\n<p>&nbsp;<\/p>\n<p>&nbsp;<\/p>\n<table width=\"1240\">\n<tbody>\n<tr>\n<td width=\"345\"><span style=\"color: #000000;\"><strong>Hauptkomponenten<\/strong><\/span><\/td>\n<td colspan=\"2\" width=\"333\"><span style=\"color: #000000;\"><strong>Spezifikationen des Modells<\/strong><\/span><\/td>\n<td width=\"90\"><span style=\"color: #000000;\"><strong>Einheit<\/strong><\/span><\/td>\n<td width=\"196\"><span style=\"color: #000000;\"><strong>Menge<\/strong><\/span><\/td>\n<td width=\"275\"><span style=\"color: #000000;\"><strong>Marke<\/strong><\/span><\/td>\n<\/tr>\n<tr>\n<td width=\"345\"><span style=\"color: #000000;\"><strong>Faserlaser<\/strong><\/span><\/td>\n<td colspan=\"2\" width=\"333\"><span style=\"color: #000000;\">2000T(fakultativ)<\/span><\/td>\n<td width=\"90\"><span style=\"color: #000000;\">Einheit<\/span><\/td>\n<td width=\"196\"><span style=\"color: #000000;\">1\u00a0<\/span><\/td>\n<td width=\"275\"><span style=\"color: #000000;\">Kipling\/Chuangxin<\/span><\/td>\n<\/tr>\n<tr>\n<td width=\"345\"><span style=\"color: #000000;\"><strong>Schneidkopf<\/strong><\/span><\/td>\n<td colspan=\"2\" width=\"333\"><span style=\"color: #000000;\">LC218S-S<\/span><\/td>\n<td width=\"90\"><span style=\"color: #000000;\">einstellen.<\/span><\/td>\n<td width=\"196\"><span style=\"color: #000000;\">1\u00a0<\/span><\/td>\n<td width=\"275\"><span style=\"color: #000000;\">Ospri<\/span><\/td>\n<\/tr>\n<tr>\n<td width=\"345\"><span style=\"color: #000000;\"><strong>Rohrschneidsystem<\/strong><\/span><\/td>\n<td colspan=\"2\" width=\"333\"><\/td>\n<td width=\"90\"><span style=\"color: #000000;\">einstellen.<\/span><\/td>\n<td width=\"196\"><span style=\"color: #000000;\">6\u00a0<\/span><\/td>\n<td width=\"275\"><span style=\"color: #000000;\">Bai Chu<\/span><\/td>\n<\/tr>\n<tr>\n<td width=\"345\"><span style=\"color: #000000;\"><strong>Servo<\/strong><\/span><\/td>\n<td colspan=\"2\" width=\"333\"><\/td>\n<td width=\"90\"><span style=\"color: #000000;\">einstellen.<\/span><\/td>\n<td width=\"196\"><span style=\"color: #000000;\">1\u00a0<\/span><\/td>\n<td width=\"275\"><span style=\"color: #000000;\">Delta<\/span><\/td>\n<\/tr>\n<tr>\n<td width=\"345\"><span style=\"color: #000000;\"><strong>Spezial-Kabinett<\/strong><\/span><\/td>\n<td colspan=\"2\" width=\"333\"><\/td>\n<td width=\"90\"><span style=\"color: #000000;\">einstellen.<\/span><\/td>\n<td width=\"196\"><span style=\"color: #000000;\">1\u00a0<\/span><\/td>\n<td width=\"275\"><span style=\"color: #000000;\">Weizhuo<\/span><\/td>\n<\/tr>\n<tr>\n<td width=\"345\"><span style=\"color: #000000;\"><strong>Elektronische Steuerung<\/strong><\/span><\/td>\n<td colspan=\"2\" width=\"333\"><\/td>\n<td width=\"90\"><span style=\"color: #000000;\">einstellen.<\/span><\/td>\n<td width=\"196\"><span style=\"color: #000000;\">1\u00a0<\/span><\/td>\n<td width=\"275\"><span style=\"color: #000000;\">Weizhuo<\/span><\/td>\n<\/tr>\n<tr>\n<td width=\"345\"><span style=\"color: #000000;\"><strong>Getriebe und Zahnstange<\/strong><\/span><\/td>\n<td colspan=\"2\" width=\"333\"><\/td>\n<td width=\"90\"><span style=\"color: #000000;\">einstellen.<\/span><\/td>\n<td width=\"196\"><span style=\"color: #000000;\">1\u00a0<\/span><\/td>\n<td width=\"275\"><span style=\"color: #000000;\">Kundenspezifisch<\/span><\/td>\n<\/tr>\n<tr>\n<td width=\"345\"><span style=\"color: #000000;\"><strong>Reduzierst\u00fcck<\/strong><\/span><\/td>\n<td colspan=\"2\" width=\"333\"><\/td>\n<td width=\"90\"><span style=\"color: #000000;\">einstellen.<\/span><\/td>\n<td width=\"196\"><span style=\"color: #000000;\">1\u00a0<\/span><\/td>\n<td width=\"275\"><span style=\"color: #000000;\">Kundenspezifisch<\/span><\/td>\n<\/tr>\n<tr>\n<td width=\"345\"><span style=\"color: #000000;\"><strong>K\u00fchlwasser-Maschine<\/strong><\/span><\/td>\n<td colspan=\"2\" width=\"333\"><\/td>\n<td width=\"90\"><span style=\"color: #000000;\">einstellen.<\/span><\/td>\n<td width=\"196\"><span style=\"color: #000000;\">1\u00a0<\/span><\/td>\n<td width=\"275\"><span style=\"color: #000000;\">Eisquelle<\/span><\/td>\n<\/tr>\n<tr>\n<td width=\"345\"><span style=\"color: #000000;\"><strong>Automatisches Beschickungsregal<\/strong><\/span><\/td>\n<td colspan=\"2\" width=\"333\"><\/td>\n<td width=\"90\"><span style=\"color: #000000;\">einstellen.<\/span><\/td>\n<td width=\"196\"><span style=\"color: #000000;\">1\u00a0<\/span><\/td>\n<td width=\"275\"><span style=\"color: #000000;\">Weizhuo<\/span><\/td>\n<\/tr>\n<tr>\n<td width=\"345\"><span style=\"color: #000000;\"><strong>Modul<\/strong><\/span><\/td>\n<td colspan=\"2\" width=\"333\"><\/td>\n<td width=\"90\"><span style=\"color: #000000;\">einstellen.<\/span><\/td>\n<td width=\"196\"><span style=\"color: #000000;\">3\u00a0<\/span><\/td>\n<td width=\"275\"><span style=\"color: #000000;\">Xisko<\/span><\/td>\n<\/tr>\n<tr>\n<td width=\"345\"><span style=\"color: #000000;\"><strong>Chuck<\/strong><\/span><\/td>\n<td colspan=\"2\" width=\"333\"><\/td>\n<td width=\"90\"><span style=\"color: #000000;\">einstellen.<\/span><\/td>\n<td width=\"196\"><span style=\"color: #000000;\">1\u00a0<\/span><\/td>\n<td width=\"275\"><span style=\"color: #000000;\">Kundenspezifisch<\/span><\/td>\n<\/tr>\n<\/tbody>\n<\/table>\n<p>&nbsp;<\/p>\n<p>&nbsp;<\/p>\n<hr class=\"blue\" \/>","protected":false},"excerpt":{"rendered":"<p><span style=\"color: #000000;\"><strong>WZ Fasenschneiden Faserlaser-Rohrschneider | \u00b10,1mm Pr\u00e4zision &amp; \u00b145\u00b0 Fasenwinkel<\/strong><\/span><\/p>\n<p><span style=\"color: #000000;\">Mit der Weizhuo WZ-Fasenschneidmaschine, einem speziellen 5-Achsen-Faserlaserschneider, k\u00f6nnen Sie mehr als nur 90\u00b0-Schnitte ausf\u00fchren. Mit einem Hochleistungsschneidkopf mit einem Verfahrweg von \u00b145\u00b0 ist diese Maschine f\u00fcr die Erstellung pr\u00e4ziser Fasen, Abschr\u00e4gungen und komplexer Verbindungen zur Vorbereitung hochfester Schwei\u00dfn\u00e4hte konzipiert. Da Schneiden und Fasen in einem einzigen Arbeitsgang erfolgen, entf\u00e4llt das sekund\u00e4re Schleifen oder Fr\u00e4sen, was Ihren Arbeitsablauf f\u00fcr die Stahlkonstruktion und die fortgeschrittene Fertigung erheblich rationalisiert.<\/span><\/p>","protected":false},"featured_media":1160,"template":"","meta":[],"product_brand":[],"product_cat":[39,23],"product_tag":[],"class_list":{"0":"post-1159","1":"product","2":"type-product","3":"status-publish","4":"has-post-thumbnail","6":"product_cat-tube-fiber-laser-cutter","7":"product_cat-laser-machine","9":"first","10":"instock","11":"shipping-taxable","12":"product-type-simple"},"_links":{"self":[{"href":"https:\/\/shiguanglaser.com\/de\/wp-json\/wp\/v2\/product\/1159","targetHints":{"allow":["GET"]}}],"collection":[{"href":"https:\/\/shiguanglaser.com\/de\/wp-json\/wp\/v2\/product"}],"about":[{"href":"https:\/\/shiguanglaser.com\/de\/wp-json\/wp\/v2\/types\/product"}],"wp:featuredmedia":[{"embeddable":true,"href":"https:\/\/shiguanglaser.com\/de\/wp-json\/wp\/v2\/media\/1160"}],"wp:attachment":[{"href":"https:\/\/shiguanglaser.com\/de\/wp-json\/wp\/v2\/media?parent=1159"}],"wp:term":[{"taxonomy":"product_brand","embeddable":true,"href":"https:\/\/shiguanglaser.com\/de\/wp-json\/wp\/v2\/product_brand?post=1159"},{"taxonomy":"product_cat","embeddable":true,"href":"https:\/\/shiguanglaser.com\/de\/wp-json\/wp\/v2\/product_cat?post=1159"},{"taxonomy":"product_tag","embeddable":true,"href":"https:\/\/shiguanglaser.com\/de\/wp-json\/wp\/v2\/product_tag?post=1159"}],"curies":[{"name":"wp","href":"https:\/\/api.w.org\/{rel}","templated":true}]}}