{"id":1153,"date":"2025-06-20T10:54:42","date_gmt":"2025-06-20T10:54:42","guid":{"rendered":"https:\/\/shiguanglaser.com\/?post_type=product&#038;p=1153"},"modified":"2025-07-03T17:58:29","modified_gmt":"2025-07-03T17:58:29","slug":"ltgc-cfw-series-3d-metal-fiber-optic-cutting-machine","status":"publish","type":"product","link":"https:\/\/shiguanglaser.com\/de\/ltgc-cfw-series-3d-metal-fiber-optic-cutting-machine\/","title":{"rendered":"LTGC-CFW Serie 3D-Metall-Lichtwellenleiter-Schneidemaschine"},"content":{"rendered":"<h2 class=\"section-title\"><span style=\"color: #477ff6;\"><strong>\u25b8 Produkteinf\u00fchrung<\/strong><\/span><\/h2>\n<hr class=\"blue-line\" \/>\n<p>&nbsp;<\/p>\n<p style=\"padding-left: 40px;\"><span style=\"color: #000000;\"><strong>Die LTGC CFW-Serie<\/strong> verwandeln die Plattform in ein kompaktes 3D\/5-Achsen-Mikrobearbeitungszentrum und sind f\u00fcr die Bearbeitung kleiner, komplexer dreidimensionaler Metallteile mit hoher Pr\u00e4zision ausgelegt. Sie sind ideal f\u00fcr das Prototyping und die Herstellung komplizierter Komponenten f\u00fcr die Luft- und Raumfahrt, medizinische Implantate und Pr\u00e4zisionsformen, wo komplexe Geometrien die Norm sind.<\/span><\/p>\n<p>&nbsp;<\/p>\n<h2 class=\"section-title\"><strong><span style=\"color: #477ff6;\">\u25b8 Produktmerkmale<\/span><\/strong><\/h2>\n<hr class=\"blue-line\" \/>\n<p>&nbsp;<\/p>\n<ul class=\"ng-star-inserted\">\n<li class=\"ng-star-inserted\">\n<p class=\"ng-star-inserted\"><span style=\"color: #000000;\"><strong class=\"ng-star-inserted\"><span class=\"ng-star-inserted\">\u2705 Schl\u00fcsseltechnologie:<\/span><\/strong><span class=\"ng-star-inserted\">\u00a03D\/5-Achsen-Schneidkopf<\/span><\/span><\/p>\n<\/li>\n<li class=\"ng-star-inserted\">\n<p class=\"ng-star-inserted\"><span style=\"color: #000000;\"><strong class=\"ng-star-inserted\"><span class=\"ng-star-inserted\">\u2705 Geeignet f\u00fcr:<\/span><\/strong><span class=\"ng-star-inserted\">\u00a0Kleine, komplexe 3D-Metallteile und Prototypen<\/span><\/span><\/p>\n<\/li>\n<li class=\"ng-star-inserted\">\n<p class=\"ng-star-inserted\"><span style=\"color: #000000;\"><strong class=\"ng-star-inserted\"><span class=\"ng-star-inserted\">\u2705 Hauptmerkmal:<\/span><\/strong><span class=\"ng-star-inserted\">\u00a0Echtes 3D-Schneiden in einem kompakten, hochpr\u00e4zisen Geh\u00e4use.<\/span><\/span><\/p>\n<\/li>\n<\/ul>\n<p>&nbsp;<\/p>\n<h2 class=\"section-title\"><strong><span style=\"color: #477ff6;\">\u25b8 Produktparameter<\/span><\/strong><\/h2>\n<hr \/>\n<p>&nbsp;<\/p>\n<table width=\"1447\">\n<tbody>\n<tr>\n<td style=\"padding-left: 40px;\" width=\"543\"><span style=\"color: #000000;\"><strong>Modell\u00a0\u00a0<\/strong>\u00a0\u00a0\u00a0\u00a0\u00a0\u00a0\u00a0<\/span><\/td>\n<td style=\"padding-left: 40px;\" colspan=\"2\" width=\"442\"><span style=\"color: #000000;\">CFW3020<\/span><\/td>\n<td style=\"padding-left: 40px;\" width=\"461\"><span style=\"color: #000000;\">CFW5030<\/span><\/td>\n<\/tr>\n<tr style=\"padding-left: 40px;\">\n<td style=\"padding-left: 40px;\" width=\"543\"><span style=\"color: #000000;\"><strong>Verarbeitungsbereich (L*B*H)<\/strong><\/span><\/td>\n<td style=\"padding-left: 40px;\" colspan=\"2\" width=\"442\"><span style=\"color: #000000;\">300mm*300mm*200mm<\/span><\/td>\n<td style=\"padding-left: 40px;\" width=\"461\"><span style=\"color: #000000;\">500mm*500mm*300mm<\/span><\/td>\n<\/tr>\n<tr style=\"padding-left: 40px;\">\n<td style=\"padding-left: 40px;\" width=\"543\"><span style=\"color: #000000;\"><strong>Verfahrweg der X-Achse<\/strong><\/span><\/td>\n<td style=\"padding-left: 40px;\" colspan=\"2\" width=\"442\"><span style=\"color: #000000;\">305mm<\/span><\/td>\n<td style=\"padding-left: 40px;\" width=\"461\"><span style=\"color: #000000;\">505mm<\/span><\/td>\n<\/tr>\n<tr style=\"padding-left: 40px;\">\n<td style=\"padding-left: 40px;\" width=\"543\"><span style=\"color: #000000;\"><strong>Verfahrweg der Y-Achse<\/strong><\/span><\/td>\n<td style=\"padding-left: 40px;\" colspan=\"2\" width=\"442\"><span style=\"color: #000000;\">305mm<\/span><\/td>\n<td style=\"padding-left: 40px;\" width=\"461\"><span style=\"color: #000000;\">505mm<\/span><\/td>\n<\/tr>\n<tr style=\"padding-left: 40px;\">\n<td style=\"padding-left: 40px;\" width=\"543\"><span style=\"color: #000000;\"><strong>Verfahrweg Z-Achse<\/strong><\/span><\/td>\n<td style=\"padding-left: 40px;\" colspan=\"2\" width=\"442\"><span style=\"color: #000000;\">230 mm<\/span><\/td>\n<td style=\"padding-left: 40px;\" width=\"461\"><span style=\"color: #000000;\">330mm<\/span><\/td>\n<\/tr>\n<tr style=\"padding-left: 40px;\">\n<td style=\"padding-left: 40px;\" width=\"543\"><span style=\"color: #000000;\"><strong>Wiederholgenauigkeit der X\/Y-Achse<\/strong><\/span><\/td>\n<td style=\"padding-left: 40px;\" colspan=\"2\" width=\"442\"><span style=\"color: #000000;\">\u22640,02mm<\/span><\/td>\n<td style=\"padding-left: 40px;\" width=\"461\"><span style=\"color: #000000;\">\u22640,02mm<\/span><\/td>\n<\/tr>\n<tr style=\"padding-left: 40px;\">\n<td style=\"padding-left: 40px;\" width=\"543\"><span style=\"color: #000000;\"><strong>Maximale Verbundgeschwindigkeit<\/strong><\/span><\/td>\n<td style=\"padding-left: 40px;\" colspan=\"2\" width=\"442\"><span style=\"color: #000000;\">30m\/min<\/span><\/td>\n<td style=\"padding-left: 40px;\" width=\"461\"><span style=\"color: #000000;\">30m\/min<\/span><\/td>\n<\/tr>\n<tr style=\"padding-left: 40px;\">\n<td style=\"padding-left: 40px;\" width=\"543\"><span style=\"color: #000000;\"><strong>Maximale Beschleunigung<\/strong><\/span><\/td>\n<td style=\"padding-left: 40px;\" colspan=\"2\" width=\"442\"><span style=\"color: #000000;\">1.0G<\/span><\/td>\n<td style=\"padding-left: 40px;\" width=\"461\"><span style=\"color: #000000;\">1.0G<\/span><\/td>\n<\/tr>\n<tr style=\"padding-left: 40px;\">\n<td style=\"padding-left: 40px;\" width=\"543\"><span style=\"color: #000000;\"><strong>Laserleistung<\/strong><\/span><\/td>\n<td style=\"padding-left: 40px;\" colspan=\"2\" width=\"442\"><span style=\"color: #000000;\">300-3000w Optional<\/span><\/td>\n<td style=\"padding-left: 40px;\" width=\"461\"><span style=\"color: #000000;\">300-3000w Optional<\/span><\/td>\n<\/tr>\n<tr style=\"padding-left: 40px;\">\n<td style=\"padding-left: 40px;\" width=\"543\"><span style=\"color: #000000;\"><strong>Spannfutter tragend<\/strong><\/span><\/td>\n<td style=\"padding-left: 40px;\" colspan=\"2\" width=\"442\"><span style=\"color: #000000;\">\u226450KG<\/span><\/td>\n<td style=\"padding-left: 40px;\" width=\"461\"><span style=\"color: #000000;\">\u226450KG<\/span><\/td>\n<\/tr>\n<tr style=\"padding-left: 40px;\">\n<td style=\"padding-left: 40px;\" width=\"543\"><span style=\"color: #000000;\"><strong>Gewicht der Maschine<\/strong><\/span><\/td>\n<td style=\"padding-left: 40px;\" colspan=\"2\" width=\"442\"><span style=\"color: #000000;\">800Kg<\/span><\/td>\n<td style=\"padding-left: 40px;\" width=\"461\"><span style=\"color: #000000;\">800Kg<\/span><\/td>\n<\/tr>\n<tr style=\"padding-left: 40px;\">\n<td style=\"padding-left: 40px;\" width=\"543\"><span style=\"color: #000000;\"><strong>Abmessungen der Maschine<\/strong><\/span><\/td>\n<td style=\"padding-left: 40px;\" colspan=\"2\" width=\"442\"><span style=\"color: #000000;\">1500mm*1500mm*1800mm<\/span><\/td>\n<td style=\"padding-left: 40px;\" width=\"461\"><span style=\"color: #000000;\">1500mm*1500mm*1800mm<\/span><\/td>\n<\/tr>\n<\/tbody>\n<\/table>\n<p>&nbsp;<\/p>\n<p>&nbsp;<\/p>\n<h4 style=\"padding-left: 40px;\"><span style=\"color: #000000;\"><strong>&gt; <\/strong><strong>Branchenf\u00fchrende Anwendungen:<\/strong><\/span><\/h4>\n<p>&nbsp;<\/p>\n<ul class=\"ng-star-inserted\">\n<li class=\"ng-star-inserted\">\n<p class=\"ng-star-inserted\"><span style=\"color: #000000;\"><strong class=\"ng-star-inserted\"><span class=\"ng-star-inserted\"><strong>\u25c6<\/strong>Medizinische Ger\u00e4te:<\/span><\/strong><span class=\"ng-star-inserted\">\u00a0Herstellung von Stents, chirurgischen Instrumenten, Implantaten und diagnostischen Komponenten.<\/span><\/span><\/p>\n<\/li>\n<\/ul>\n<p>&nbsp;<\/p>\n<ul class=\"ng-star-inserted\">\n<li class=\"ng-star-inserted\">\n<p class=\"ng-star-inserted\"><span style=\"color: #000000;\"><strong class=\"ng-star-inserted\"><span class=\"ng-star-inserted\"><strong>\u25c6<\/strong>Elektronik (3C):<\/span><\/strong><span class=\"ng-star-inserted\">\u00a0Schneiden von Telefonrahmen, internen Komponenten und Halbleitermaterialien.<\/span><\/span><\/p>\n<\/li>\n<\/ul>\n<p>&nbsp;<\/p>\n<ul class=\"ng-star-inserted\">\n<li class=\"ng-star-inserted\">\n<p class=\"ng-star-inserted\"><span style=\"color: #000000;\"><strong class=\"ng-star-inserted\"><span class=\"ng-star-inserted\"><strong>\u25c6<\/strong>Luft- und Raumfahrt &amp; Verteidigung:<\/span><\/strong><span class=\"ng-star-inserted\">\u00a0Prototyping und Herstellung komplexer, leichter Bauteile.<\/span><\/span><\/p>\n<\/li>\n<\/ul>\n<p>&nbsp;<\/p>\n<ul class=\"ng-star-inserted\">\n<li class=\"ng-star-inserted\">\n<p class=\"ng-star-inserted\"><span style=\"color: #000000;\"><strong class=\"ng-star-inserted\"><span class=\"ng-star-inserted\"><strong>\u25c6<\/strong>Automobilindustrie:<\/span><\/strong><span class=\"ng-star-inserted\">\u00a0Pr\u00e4zisionsschneiden von Einspritzd\u00fcsen, Sensoren und Innenteilen.<\/span><\/span><\/p>\n<\/li>\n<\/ul>\n<p>&nbsp;<\/p>\n<ul class=\"ng-star-inserted\">\n<li class=\"ng-star-inserted\">\n<p class=\"ng-star-inserted\"><span style=\"color: #000000;\"><strong class=\"ng-star-inserted\"><span class=\"ng-star-inserted\"><strong>\u25c6<\/strong>Schmuck und Uhrmacherei:<\/span><\/strong><span class=\"ng-star-inserted\">\u00a0Kompliziertes Schneiden von Edelmetallen und Uhrenkomponenten.<\/span><\/span><\/p>\n<\/li>\n<\/ul>\n<p>&nbsp;<\/p>\n<ul class=\"ng-star-inserted\">\n<li class=\"ng-star-inserted\">\n<p class=\"ng-star-inserted\"><span style=\"color: #000000;\"><strong class=\"ng-star-inserted\"><span class=\"ng-star-inserted\"><strong>\u25c6<\/strong>Wissenschaftliche Forschung:<\/span><\/strong><span class=\"ng-star-inserted\">\u00a0Herstellung von kundenspezifischen Laborger\u00e4ten, Mikrofluidik und optischen Komponenten.<\/span><\/span><\/p>\n<\/li>\n<\/ul>\n<p>&nbsp;<\/p>\n<p>&nbsp;<\/p>\n<p style=\"padding-left: 40px;\">","protected":false},"excerpt":{"rendered":"<h4 class=\"ng-star-inserted\"><span style=\"color: #000000;\"><strong class=\"ng-star-inserted\"><span class=\"ng-star-inserted\">LTGC-CFW: 3D-Metall-Mikrobearbeitung<\/span><\/strong><\/span><\/h4>\n<p><span style=\"color: #000000;\">Platzsparender Tisch-Laserschneider mit 3000 W Leistung, \u00b10,02 mm Genauigkeit und 330 mm Z-Achse f\u00fcr die Herstellung von Prototypen in Kleinserien. Kompakte Stellfl\u00e4che (1500\u00d71500\u00d71800 mm) mit 300-3000 W Faserlaseroptionen. Verarbeitet Rohre mit kleinem Durchmesser und Vorrichtungen \u226450kg.<\/span><\/p>\n<p>&nbsp;<\/p>","protected":false},"featured_media":1150,"template":"","meta":[],"product_brand":[],"product_cat":[46,23],"product_tag":[],"class_list":{"0":"post-1153","1":"product","2":"type-product","3":"status-publish","4":"has-post-thumbnail","6":"product_cat-high-precision-laser-cutting-machine","7":"product_cat-laser-machine","9":"first","10":"instock","11":"shipping-taxable","12":"product-type-simple"},"_links":{"self":[{"href":"https:\/\/shiguanglaser.com\/de\/wp-json\/wp\/v2\/product\/1153","targetHints":{"allow":["GET"]}}],"collection":[{"href":"https:\/\/shiguanglaser.com\/de\/wp-json\/wp\/v2\/product"}],"about":[{"href":"https:\/\/shiguanglaser.com\/de\/wp-json\/wp\/v2\/types\/product"}],"wp:featuredmedia":[{"embeddable":true,"href":"https:\/\/shiguanglaser.com\/de\/wp-json\/wp\/v2\/media\/1150"}],"wp:attachment":[{"href":"https:\/\/shiguanglaser.com\/de\/wp-json\/wp\/v2\/media?parent=1153"}],"wp:term":[{"taxonomy":"product_brand","embeddable":true,"href":"https:\/\/shiguanglaser.com\/de\/wp-json\/wp\/v2\/product_brand?post=1153"},{"taxonomy":"product_cat","embeddable":true,"href":"https:\/\/shiguanglaser.com\/de\/wp-json\/wp\/v2\/product_cat?post=1153"},{"taxonomy":"product_tag","embeddable":true,"href":"https:\/\/shiguanglaser.com\/de\/wp-json\/wp\/v2\/product_tag?post=1153"}],"curies":[{"name":"wp","href":"https:\/\/api.w.org\/{rel}","templated":true}]}}