{"id":1152,"date":"2025-06-20T10:40:40","date_gmt":"2025-06-20T10:40:40","guid":{"rendered":"https:\/\/shiguanglaser.com\/?post_type=product&#038;p=1152"},"modified":"2025-07-03T17:58:58","modified_gmt":"2025-07-03T17:58:58","slug":"ltgc-cfz-k-series-glass-high-precision-fiber-optic-cutting-machine","status":"publish","type":"product","link":"https:\/\/shiguanglaser.com\/de\/ltgc-cfz-k-series-glass-high-precision-fiber-optic-cutting-machine\/","title":{"rendered":"LTGC-CFZ-K Serie hochpr\u00e4zise Glasfaserschneidemaschine"},"content":{"rendered":"<h2 class=\"section-title\"><span style=\"color: #477ff6;\"><strong>\u25b8 Produkteinf\u00fchrung<\/strong><\/span><\/h2>\n<hr class=\"blue-line\" \/>\n<p>&nbsp;<\/p>\n<p style=\"padding-left: 40px;\"><span style=\"color: #000000;\"><strong>Die CFZ-K-Serie<\/strong>wurde sorgf\u00e4ltig f\u00fcr die pr\u00e4zisesten Aufgaben entwickelt und nutzt die Spitzenleistung eines modernen Pikosekunden-Ultrakurzzeitlasers. Diese innovative Technologie f\u00fchrt eine bemerkenswerte \"kalte Ablation\" durch, bei der das Material effizient verdampft wird, ohne dass es zu einer nennenswerten W\u00e4rme\u00fcbertragung auf angrenzende Bereiche kommt. Folglich erm\u00f6glicht sie ein einwandfreies, glattes und spanfreies Schneiden von transparenten und ultraharten Materialien wie Glas, Saphir und sogar Diamant - eine Leistung, die herk\u00f6mmliche Laser aufgrund ihrer unzureichenden Bearbeitungsm\u00f6glichkeiten nur schwer erbringen k\u00f6nnen.<\/span><\/p>\n<p>&nbsp;<\/p>\n<h2 class=\"section-title\"><strong><span style=\"color: #477ff6;\">\u25b8 Produktmerkmale<\/span><\/strong><\/h2>\n<hr class=\"blue-line\" \/>\n<p>&nbsp;<\/p>\n<ul class=\"ng-star-inserted\">\n<li class=\"ng-star-inserted\">\n<p class=\"ng-star-inserted\"><span style=\"color: #000000;\"><strong class=\"ng-star-inserted\"><span class=\"ng-star-inserted\">\u2705 Schl\u00fcsseltechnologie:<\/span><\/strong><span class=\"ng-star-inserted\">\u00a0Pikosekunden-Ultrakurzpulslaser<\/span><\/span><\/p>\n<\/li>\n<li class=\"ng-star-inserted\">\n<p class=\"ng-star-inserted\"><span style=\"color: #000000;\"><strong class=\"ng-star-inserted\"><span class=\"ng-star-inserted\">\u2705 Geeignet f\u00fcr:<\/span><\/strong><span class=\"ng-star-inserted\">\u00a0Glas, Saphir, Diamant, empfindliche Polymere<\/span><\/span><\/p>\n<\/li>\n<li class=\"ng-star-inserted\">\n<p class=\"ng-star-inserted\"><span style=\"color: #000000;\"><strong class=\"ng-star-inserted\"><span class=\"ng-star-inserted\">\u2705 Hauptmerkmal:<\/span><\/strong><span class=\"ng-star-inserted\">\u00a0\"Kaltes\" Schneiden ohne thermische Belastung f\u00fcr perfekte Kantenqualit\u00e4t.<\/span><\/span><\/p>\n<\/li>\n<\/ul>\n<p>&nbsp;<\/p>\n<h2 class=\"section-title\"><strong><span style=\"color: #477ff6;\">\u25b8 Produktparameter<\/span><\/strong><\/h2>\n<hr \/>\n<p>&nbsp;<\/p>\n<table width=\"1587\">\n<tbody>\n<tr>\n<td style=\"padding-left: 40px;\" width=\"480\"><span style=\"color: #000000;\"><strong>Modell\u00a0\u00a0\u00a0\u00a0\u00a0<\/strong><\/span><\/td>\n<td style=\"padding-left: 40px;\" colspan=\"2\" width=\"372\"><span style=\"color: #000000;\">CFZ0305L<\/span><\/td>\n<td style=\"padding-left: 40px;\" width=\"362\"><span style=\"color: #000000;\">CFZ0604L\u00a0<\/span><\/td>\n<td style=\"padding-left: 40px;\" width=\"372\"><span style=\"color: #000000;\">CFZ0606L<\/span><\/td>\n<\/tr>\n<tr style=\"padding-left: 40px;\">\n<td style=\"padding-left: 40px;\" width=\"480\"><span style=\"color: #000000;\"><strong>Verarbeitungsbereich (L*B)<\/strong><\/span><\/td>\n<td style=\"padding-left: 40px;\" colspan=\"2\" width=\"372\"><span style=\"color: #000000;\">500mm*300mm<\/span><\/td>\n<td style=\"padding-left: 40px;\" width=\"362\"><span style=\"color: #000000;\">600mm*400mm<\/span><\/td>\n<td style=\"padding-left: 40px;\" width=\"372\"><span style=\"color: #000000;\">600mm*600mm<\/span><\/td>\n<\/tr>\n<tr style=\"padding-left: 40px;\">\n<td style=\"padding-left: 40px;\" width=\"480\"><span style=\"color: #000000;\"><strong>Verfahrweg der X-Achse<\/strong><\/span><\/td>\n<td style=\"padding-left: 40px;\" colspan=\"2\" width=\"372\"><span style=\"color: #000000;\">305mm<\/span><\/td>\n<td style=\"padding-left: 40px;\" width=\"362\"><span style=\"color: #000000;\">405mm<\/span><\/td>\n<td style=\"padding-left: 40px;\" width=\"372\"><span style=\"color: #000000;\">605mm<\/span><\/td>\n<\/tr>\n<tr style=\"padding-left: 40px;\">\n<td style=\"padding-left: 40px;\" width=\"480\"><span style=\"color: #000000;\"><strong>Verfahrweg der Y-Achse<\/strong><\/span><\/td>\n<td style=\"padding-left: 40px;\" colspan=\"2\" width=\"372\"><span style=\"color: #000000;\">505mm<\/span><\/td>\n<td style=\"padding-left: 40px;\" width=\"362\"><span style=\"color: #000000;\">605mm<\/span><\/td>\n<td style=\"padding-left: 40px;\" width=\"372\"><span style=\"color: #000000;\">605mm<\/span><\/td>\n<\/tr>\n<tr style=\"padding-left: 40px;\">\n<td style=\"padding-left: 40px;\" width=\"480\"><span style=\"color: #000000;\"><strong>Verfahrweg Z-Achse<\/strong><\/span><\/td>\n<td style=\"padding-left: 40px;\" colspan=\"2\" width=\"372\"><span style=\"color: #000000;\">50mm<\/span><\/td>\n<td style=\"padding-left: 40px;\" width=\"362\"><span style=\"color: #000000;\">50mm<\/span><\/td>\n<td style=\"padding-left: 40px;\" width=\"372\"><span style=\"color: #000000;\">50mm<\/span><\/td>\n<\/tr>\n<tr style=\"padding-left: 40px;\">\n<td style=\"padding-left: 40px;\" width=\"480\"><span style=\"color: #000000;\"><strong>Wiederholgenauigkeit der X\/Y-Achse<\/strong><\/span><\/td>\n<td style=\"padding-left: 40px;\" colspan=\"2\" width=\"372\"><span style=\"color: #000000;\">\u22640,005mm<\/span><\/td>\n<td style=\"padding-left: 40px;\" width=\"362\"><span style=\"color: #000000;\">\u22640,01mm<\/span><\/td>\n<td style=\"padding-left: 40px;\" width=\"372\"><span style=\"color: #000000;\">\u22640,01mm<\/span><\/td>\n<\/tr>\n<tr style=\"padding-left: 40px;\">\n<td style=\"padding-left: 40px;\" width=\"480\"><span style=\"color: #000000;\"><strong>Maximale Verbundgeschwindigkeit<\/strong><\/span><\/td>\n<td style=\"padding-left: 40px;\" colspan=\"2\" width=\"372\"><span style=\"color: #000000;\">30m\/min<\/span><\/td>\n<td style=\"padding-left: 40px;\" width=\"362\"><span style=\"color: #000000;\">30m\/min<\/span><\/td>\n<td style=\"padding-left: 40px;\" width=\"372\"><span style=\"color: #000000;\">30m\/min<\/span><\/td>\n<\/tr>\n<tr style=\"padding-left: 40px;\">\n<td style=\"padding-left: 40px;\" width=\"480\"><span style=\"color: #000000;\"><strong>Maximale Beschleunigung<\/strong><\/span><\/td>\n<td style=\"padding-left: 40px;\" colspan=\"2\" width=\"372\"><span style=\"color: #000000;\">1.0G<\/span><\/td>\n<td style=\"padding-left: 40px;\" width=\"362\"><span style=\"color: #000000;\">1.0G<\/span><\/td>\n<td style=\"padding-left: 40px;\" width=\"372\"><span style=\"color: #000000;\">1.0G<\/span><\/td>\n<\/tr>\n<tr style=\"padding-left: 40px;\">\n<td style=\"padding-left: 40px;\" width=\"480\"><span style=\"color: #000000;\"><strong>Laserleistung<\/strong><\/span><\/td>\n<td style=\"padding-left: 40px;\" colspan=\"2\" width=\"372\"><span style=\"color: #000000;\">Pikosekunden 30-150W Optional<\/span><\/td>\n<td style=\"padding-left: 40px;\" width=\"362\"><span style=\"color: #000000;\">Pikosekunden 30-150W Optional<\/span><\/td>\n<td style=\"padding-left: 40px;\" width=\"372\"><span style=\"color: #000000;\">Pikosekunden 30-150W Optional<\/span><\/td>\n<\/tr>\n<tr style=\"padding-left: 40px;\">\n<td style=\"padding-left: 40px;\" width=\"480\"><span style=\"color: #000000;\"><strong>Spannfutter tragend<\/strong><\/span><\/td>\n<td style=\"padding-left: 40px;\" colspan=\"2\" width=\"372\"><span style=\"color: #000000;\">\u2264200KG<\/span><\/td>\n<td style=\"padding-left: 40px;\" width=\"362\"><span style=\"color: #000000;\">\u2264200KG<\/span><\/td>\n<td style=\"padding-left: 40px;\" width=\"372\"><span style=\"color: #000000;\">\u2264200KG<\/span><\/td>\n<\/tr>\n<tr style=\"padding-left: 40px;\">\n<td style=\"padding-left: 40px;\" width=\"480\"><span style=\"color: #000000;\"><strong>Gewicht der Maschine<\/strong><\/span><\/td>\n<td style=\"padding-left: 40px;\" colspan=\"2\" width=\"372\"><span style=\"color: #000000;\">2500Kg<\/span><\/td>\n<td style=\"padding-left: 40px;\" width=\"362\"><span style=\"color: #000000;\">2800Kg<\/span><\/td>\n<td style=\"padding-left: 40px;\" width=\"372\"><span style=\"color: #000000;\">3000Kg<\/span><\/td>\n<\/tr>\n<tr style=\"padding-left: 40px;\">\n<td style=\"padding-left: 40px;\" width=\"480\"><span style=\"color: #000000;\"><strong>Abmessungen der Maschine<\/strong><\/span><\/td>\n<td style=\"padding-left: 40px;\" colspan=\"2\" width=\"372\"><span style=\"color: #000000;\">1900mm*1450mm*1800mm<\/span><\/td>\n<td style=\"padding-left: 40px;\" width=\"362\"><span style=\"color: #000000;\">1900mm*1450mm*1800mm<\/span><\/td>\n<td style=\"padding-left: 40px;\" width=\"372\"><span style=\"color: #000000;\">2150mm*1900mm*1800mm<\/span><\/td>\n<\/tr>\n<\/tbody>\n<\/table>\n<h4 style=\"padding-left: 40px;\"><\/h4>\n<p>&nbsp;<\/p>\n<h4 style=\"padding-left: 40px;\"><span style=\"color: #000000;\"><strong>&gt; <\/strong><strong>Branchenf\u00fchrende Anwendungen:<\/strong><\/span><\/h4>\n<p>&nbsp;<\/p>\n<ul class=\"ng-star-inserted\">\n<li class=\"ng-star-inserted\">\n<p class=\"ng-star-inserted\"><span style=\"color: #000000;\"><strong class=\"ng-star-inserted\"><span class=\"ng-star-inserted\"><strong>\u25c6<\/strong>Medizinische Ger\u00e4te:<\/span><\/strong><span class=\"ng-star-inserted\">\u00a0Herstellung von Stents, chirurgischen Instrumenten, Implantaten und diagnostischen Komponenten.<\/span><\/span><\/p>\n<\/li>\n<\/ul>\n<p>&nbsp;<\/p>\n<ul class=\"ng-star-inserted\">\n<li class=\"ng-star-inserted\">\n<p class=\"ng-star-inserted\"><span style=\"color: #000000;\"><strong class=\"ng-star-inserted\"><span class=\"ng-star-inserted\"><strong>\u25c6<\/strong>Elektronik (3C):<\/span><\/strong><span class=\"ng-star-inserted\">\u00a0Schneiden von Telefonrahmen, internen Komponenten und Halbleitermaterialien.<\/span><\/span><\/p>\n<\/li>\n<\/ul>\n<p>&nbsp;<\/p>\n<ul class=\"ng-star-inserted\">\n<li class=\"ng-star-inserted\">\n<p class=\"ng-star-inserted\"><span style=\"color: #000000;\"><strong class=\"ng-star-inserted\"><span class=\"ng-star-inserted\"><strong>\u25c6<\/strong>Luft- und Raumfahrt &amp; Verteidigung:<\/span><\/strong><span class=\"ng-star-inserted\">\u00a0Prototyping und Herstellung komplexer, leichter Bauteile.<\/span><\/span><\/p>\n<\/li>\n<\/ul>\n<p>&nbsp;<\/p>\n<ul class=\"ng-star-inserted\">\n<li class=\"ng-star-inserted\">\n<p class=\"ng-star-inserted\"><span style=\"color: #000000;\"><strong class=\"ng-star-inserted\"><span class=\"ng-star-inserted\"><strong>\u25c6<\/strong>Automobilindustrie:<\/span><\/strong><span class=\"ng-star-inserted\">\u00a0Pr\u00e4zisionsschneiden von Einspritzd\u00fcsen, Sensoren und Innenteilen.<\/span><\/span><\/p>\n<\/li>\n<\/ul>\n<p>&nbsp;<\/p>\n<ul class=\"ng-star-inserted\">\n<li class=\"ng-star-inserted\">\n<p class=\"ng-star-inserted\"><span style=\"color: #000000;\"><strong class=\"ng-star-inserted\"><span class=\"ng-star-inserted\"><strong>\u25c6<\/strong>Schmuck und Uhrmacherei:<\/span><\/strong><span class=\"ng-star-inserted\">\u00a0Kompliziertes Schneiden von Edelmetallen und Uhrenkomponenten.<\/span><\/span><\/p>\n<\/li>\n<\/ul>\n<p>&nbsp;<\/p>\n<ul class=\"ng-star-inserted\">\n<li class=\"ng-star-inserted\">\n<p class=\"ng-star-inserted\"><span style=\"color: #000000;\"><strong class=\"ng-star-inserted\"><span class=\"ng-star-inserted\"><strong>\u25c6<\/strong>Wissenschaftliche Forschung:<\/span><\/strong><span class=\"ng-star-inserted\">\u00a0Herstellung von kundenspezifischen Laborger\u00e4ten, Mikrofluidik und optischen Komponenten.<\/span><\/span><\/p>\n<\/li>\n<\/ul>\n<p>&nbsp;<\/p>\n<p>&nbsp;<\/p>\n<p style=\"padding-left: 40px;\">","protected":false},"excerpt":{"rendered":"<h4 class=\"ng-star-inserted\"><span style=\"color: #000000;\"><strong class=\"ng-star-inserted\"><span class=\"ng-star-inserted\">LTGC-CFZ-K: Ultrafeines Glas &amp; Saphir <\/span><\/strong><span class=\"OYPEnA font-feature-liga-off font-feature-clig-off font-feature-calt-off text-decoration-none text-strikethrough-none\">Faseroptische Schneidemaschine<\/span><\/span><\/h4>\n<p><span style=\"color: #000000;\">Der CFZ-K wurde f\u00fcr die empfindlichsten Aufgaben entwickelt und arbeitet mit einem fortschrittlichen Pikosekunden-Ultrakurzpulslaser. Diese Technologie f\u00fchrt eine \"kalte Ablation\" durch und verdampft das Material praktisch ohne W\u00e4rme\u00fcbertragung an die Umgebung. Dies erm\u00f6glicht ein makellos glattes, spanfreies Schneiden von transparenten und ultraharten Materialien wie Glas, Saphir und Diamant, die mit herk\u00f6mmlichen Lasern nicht sauber zu bearbeiten sind.<\/span><\/p>\n<p>&nbsp;<\/p>\n<p>&nbsp;<\/p>","protected":false},"featured_media":1150,"template":"","meta":[],"product_brand":[],"product_cat":[46,23],"product_tag":[],"class_list":{"0":"post-1152","1":"product","2":"type-product","3":"status-publish","4":"has-post-thumbnail","6":"product_cat-high-precision-laser-cutting-machine","7":"product_cat-laser-machine","9":"first","10":"instock","11":"shipping-taxable","12":"product-type-simple"},"_links":{"self":[{"href":"https:\/\/shiguanglaser.com\/de\/wp-json\/wp\/v2\/product\/1152","targetHints":{"allow":["GET"]}}],"collection":[{"href":"https:\/\/shiguanglaser.com\/de\/wp-json\/wp\/v2\/product"}],"about":[{"href":"https:\/\/shiguanglaser.com\/de\/wp-json\/wp\/v2\/types\/product"}],"wp:featuredmedia":[{"embeddable":true,"href":"https:\/\/shiguanglaser.com\/de\/wp-json\/wp\/v2\/media\/1150"}],"wp:attachment":[{"href":"https:\/\/shiguanglaser.com\/de\/wp-json\/wp\/v2\/media?parent=1152"}],"wp:term":[{"taxonomy":"product_brand","embeddable":true,"href":"https:\/\/shiguanglaser.com\/de\/wp-json\/wp\/v2\/product_brand?post=1152"},{"taxonomy":"product_cat","embeddable":true,"href":"https:\/\/shiguanglaser.com\/de\/wp-json\/wp\/v2\/product_cat?post=1152"},{"taxonomy":"product_tag","embeddable":true,"href":"https:\/\/shiguanglaser.com\/de\/wp-json\/wp\/v2\/product_tag?post=1152"}],"curies":[{"name":"wp","href":"https:\/\/api.w.org\/{rel}","templated":true}]}}