{"id":1151,"date":"2025-06-20T10:15:40","date_gmt":"2025-06-20T10:15:40","guid":{"rendered":"https:\/\/shiguanglaser.com\/?post_type=product&#038;p=1151"},"modified":"2025-07-03T17:59:23","modified_gmt":"2025-07-03T17:59:23","slug":"ltgc-cfz-c-precision-ceramic-brittle-material-laser-cutting-machine","status":"publish","type":"product","link":"https:\/\/shiguanglaser.com\/de\/ltgc-cfz-c-precision-ceramic-brittle-material-laser-cutting-machine\/","title":{"rendered":"LTGC-CFZ-C-Serie: Pr\u00e4zisionslaserschneidmaschine f\u00fcr Keramik und spr\u00f6des Material"},"content":{"rendered":"<h2 class=\"section-title\"><span style=\"color: #477ff6;\"><strong>\u25b8 Produkteinf\u00fchrung<\/strong><\/span><\/h2>\n<hr class=\"blue-line\" \/>\n<p>&nbsp;<\/p>\n<p style=\"padding-left: 40px;\"><span style=\"color: #000000;\" data-slate-fragment=\"JTVCJTdCJTIyY2hpbGRyZW4lMjIlM0ElNUIlN0IlMjJ0ZXh0JTIyJTNBJTIyVGhlJTIwQ0ZaLUMlMjBpcyUyMGRpc3RpbmN0aXZlbHklMjBvdXRmaXR0ZWQlMjB3aXRoJTIwYSUyMFF1YXNpLUNvbnRpbnVvdXMlMjBXYXZlJTIwKFFDVyklMjBmaWJlciUyMGxhc2VyJTJDJTIwcmVuZGVyaW5nJTIwaXQlMjBwZXJmZWN0bHklMjBzdWl0ZWQlMjBmb3IlMjBwcm9jZXNzaW5nJTIwZGVsaWNhdGUlMjBhbmQlMjBoaWdoLXJlZmxlY3Rpdml0eSUyMG1hdGVyaWFscyUyMHN1Y2glMjBhcyUyMGNlcmFtaWNzLiUyMFRoZSUyMFFDVyUyMGxhc2VyJTIwZGVsaXZlcnMlMjByb2J1c3QlMjBwZWFrJTIwcG93ZXIlMjB3aGlsZSUyMG1haW50YWluaW5nJTIwbWluaW1hbCUyMHRoZXJtYWwlMjBpbnB1dCUyQyUyMGVmZmVjdGl2ZWx5JTIwcmVkdWNpbmclMjB0aGUlMjBoZWF0LWFmZmVjdGVkJTIwem9uZSUyMChIQVopLiUyMFRoaXMlMjBpbm5vdmF0aXZlJTIwZmVhdHVyZSUyMG1pdGlnYXRlcyUyMHRoZSUyMHJpc2slMjBvZiUyMG1pY3JvLWNyYWNraW5nJTIwYW5kJTIwZW5zdXJlcyUyMHRoZSUyMGF0dGFpbm1lbnQlMjBvZiUyMGElMjBmbGF3bGVzcyUyQyUyMGNsZWFuLWN1dCUyMGVkZ2UlMjBvbiUyMG1hdGVyaWFscyUyMGxpa2UlMjBhbHVtaW5hJTIwYW5kJTIwemlyY29uaWElMkMlMjB0aGVyZWJ5JTIwZW5oYW5jaW5nJTIwdGhlJTIwb3ZlcmFsbCUyMHF1YWxpdHklMjBhbmQlMjBwcmVjaXNpb24lMjBvZiUyMHRoZSUyMHByb2Nlc3NpbmclMjBvdXRjb21lcy4lMjIlN0QlNUQlMkMlMjJ0eXBlJTIyJTNBJTIycCUyMiUyQyUyMmlkJTIyJTNBJTIyZ2pjM3MlMjIlN0QlNUQ=\"><strong>Die LTGC CFZ-C-Serie<\/strong> sind mit einem Quasi-Continuous-Wave (QCW)-Faserlaser ausgestattet, der sich perfekt f\u00fcr die Bearbeitung empfindlicher und hochreflektierender Materialien wie Keramik eignet. Der QCW-Laser liefert eine robuste Spitzenleistung bei minimaler W\u00e4rmeeinbringung, wodurch die w\u00e4rmebeeinflusste Zone (HAZ) effektiv reduziert wird. Dieses innovative Merkmal mindert das Risiko von Mikrorissen und sorgt f\u00fcr makellose, saubere Schnittkanten bei Materialien wie Aluminiumoxid und Zirkoniumdioxid, wodurch die Gesamtqualit\u00e4t und Pr\u00e4zision der Bearbeitungsergebnisse verbessert wird.<\/span><\/p>\n<p>&nbsp;<\/p>\n<h2 class=\"section-title\"><strong><span style=\"color: #477ff6;\">\u25b8 Produktmerkmale<\/span><\/strong><\/h2>\n<hr class=\"blue-line\" \/>\n<p>&nbsp;<\/p>\n<ul class=\"ng-star-inserted\">\n<li class=\"ng-star-inserted\">\n<p class=\"ng-star-inserted\"><span style=\"color: #000000;\"><strong class=\"ng-star-inserted\"><span class=\"ng-star-inserted\">\u2705 Schl\u00fcsseltechnologie:<\/span><\/strong><span class=\"ng-star-inserted\">\u00a0<\/span><\/span><\/p>\n<\/li>\n<li class=\"ng-star-inserted\">\n<p class=\"ng-star-inserted\"><span class=\"ng-star-inserted\" style=\"color: #000000;\">Quasi-kontinuierliche Wellen (QCW) Faserlaser<\/span><\/p>\n<\/li>\n<li class=\"ng-star-inserted\">\n<p class=\"ng-star-inserted\"><span style=\"color: #000000;\"><strong class=\"ng-star-inserted\"><span class=\"ng-star-inserted\">\u2705 Geeignet f\u00fcr:<\/span><\/strong><span class=\"ng-star-inserted\">\u00a0<\/span><\/span><\/p>\n<\/li>\n<li class=\"ng-star-inserted\">\n<p class=\"ng-star-inserted\"><span class=\"ng-star-inserted\" style=\"color: #000000;\">Aluminiumoxid-Keramik, Zirkoniumdioxid-Keramik, Silizium-Wafer<\/span><\/p>\n<\/li>\n<li class=\"ng-star-inserted\">\n<p class=\"ng-star-inserted\"><span style=\"color: #000000;\"><strong class=\"ng-star-inserted\"><span class=\"ng-star-inserted\">\u2705 Hauptmerkmal:<\/span><\/strong><span class=\"ng-star-inserted\">\u00a0<\/span><\/span><\/p>\n<\/li>\n<li class=\"ng-star-inserted\">\n<p class=\"ng-star-inserted\"><span class=\"ng-star-inserted\" style=\"color: #000000;\">Minimale Hitzesch\u00e4den f\u00fcr sauberes, rissfreies Schneiden von spr\u00f6den Materialien.<\/span><\/p>\n<\/li>\n<\/ul>\n<p>&nbsp;<\/p>\n<h2 class=\"section-title\"><strong><span style=\"color: #477ff6;\">\u25b8 Produktparameter<\/span><\/strong><\/h2>\n<hr \/>\n<p>&nbsp;<\/p>\n<table width=\"1516\">\n<tbody>\n<tr>\n<td style=\"padding-left: 40px;\" width=\"480\"><span style=\"color: #000000;\"><strong>Modell<\/strong><\/span><\/td>\n<td style=\"padding-left: 40px;\" colspan=\"2\" width=\"328\"><span style=\"color: #000000;\">CFZ0305C\u00a0<\/span><\/td>\n<td style=\"padding-left: 40px;\" width=\"337\"><span style=\"color: #000000;\">CFZ0604C\u00a0\u00a0<\/span><\/td>\n<td style=\"padding-left: 40px;\" width=\"369\"><span style=\"color: #000000;\">CFZ0606C<\/span><\/td>\n<\/tr>\n<tr style=\"padding-left: 40px;\">\n<td style=\"padding-left: 40px;\" width=\"480\"><span style=\"color: #000000;\"><strong>Verarbeitungsbereich (L*B)<\/strong><\/span><\/td>\n<td style=\"padding-left: 40px;\" colspan=\"2\" width=\"328\"><span style=\"color: #000000;\">500mm*300mm<\/span><\/td>\n<td style=\"padding-left: 40px;\" width=\"337\"><span style=\"color: #000000;\">600mm*400mm<\/span><\/td>\n<td style=\"padding-left: 40px;\" width=\"369\"><span style=\"color: #000000;\">600mm*600mm<\/span><\/td>\n<\/tr>\n<tr style=\"padding-left: 40px;\">\n<td style=\"padding-left: 40px;\" width=\"480\"><span style=\"color: #000000;\"><strong>Verfahrweg der X-Achse<\/strong><\/span><\/td>\n<td style=\"padding-left: 40px;\" colspan=\"2\" width=\"328\"><span style=\"color: #000000;\">305mm<\/span><\/td>\n<td style=\"padding-left: 40px;\" width=\"337\"><span style=\"color: #000000;\">405mm<\/span><\/td>\n<td style=\"padding-left: 40px;\" width=\"369\"><span style=\"color: #000000;\">605mm<\/span><\/td>\n<\/tr>\n<tr style=\"padding-left: 40px;\">\n<td style=\"padding-left: 40px;\" width=\"480\"><span style=\"color: #000000;\"><strong>Verfahrweg der Y-Achse<\/strong><\/span><\/td>\n<td style=\"padding-left: 40px;\" colspan=\"2\" width=\"328\"><span style=\"color: #000000;\">505mm<\/span><\/td>\n<td style=\"padding-left: 40px;\" width=\"337\"><span style=\"color: #000000;\">605mm<\/span><\/td>\n<td style=\"padding-left: 40px;\" width=\"369\"><span style=\"color: #000000;\">605mm<\/span><\/td>\n<\/tr>\n<tr style=\"padding-left: 40px;\">\n<td style=\"padding-left: 40px;\" width=\"480\"><span style=\"color: #000000;\"><strong>Verfahrweg Z-Achse<\/strong><\/span><\/td>\n<td style=\"padding-left: 40px;\" colspan=\"2\" width=\"328\"><span style=\"color: #000000;\">50mm<\/span><\/td>\n<td style=\"padding-left: 40px;\" width=\"337\"><span style=\"color: #000000;\">50mm<\/span><\/td>\n<td style=\"padding-left: 40px;\" width=\"369\"><span style=\"color: #000000;\">50mm<\/span><\/td>\n<\/tr>\n<tr style=\"padding-left: 40px;\">\n<td style=\"padding-left: 40px;\" width=\"480\"><span style=\"color: #000000;\"><strong>Wiederholgenauigkeit der X\/Y-Achse<\/strong><\/span><\/td>\n<td style=\"padding-left: 40px;\" colspan=\"2\" width=\"328\"><span style=\"color: #000000;\">\u22640,01mm<\/span><\/td>\n<td style=\"padding-left: 40px;\" width=\"337\"><span style=\"color: #000000;\">\u22640,015mm<\/span><\/td>\n<td style=\"padding-left: 40px;\" width=\"369\"><span style=\"color: #000000;\">\u22640,02mm<\/span><\/td>\n<\/tr>\n<tr style=\"padding-left: 40px;\">\n<td style=\"padding-left: 40px;\" width=\"480\"><span style=\"color: #000000;\"><strong>Maximale Verbundgeschwindigkeit<\/strong><\/span><\/td>\n<td style=\"padding-left: 40px;\" colspan=\"2\" width=\"328\"><span style=\"color: #000000;\">30m\/min<\/span><\/td>\n<td style=\"padding-left: 40px;\" width=\"337\"><span style=\"color: #000000;\">30m\/min<\/span><\/td>\n<td style=\"padding-left: 40px;\" width=\"369\"><span style=\"color: #000000;\">30m\/min<\/span><\/td>\n<\/tr>\n<tr style=\"padding-left: 40px;\">\n<td style=\"padding-left: 40px;\" width=\"480\"><span style=\"color: #000000;\"><strong>Maximale Beschleunigung<\/strong><\/span><\/td>\n<td style=\"padding-left: 40px;\" colspan=\"2\" width=\"328\"><span style=\"color: #000000;\">1.0G<\/span><\/td>\n<td style=\"padding-left: 40px;\" width=\"337\"><span style=\"color: #000000;\">1.0G<\/span><\/td>\n<td style=\"padding-left: 40px;\" width=\"369\"><span style=\"color: #000000;\">1.0G<\/span><\/td>\n<\/tr>\n<tr style=\"padding-left: 40px;\">\n<td style=\"padding-left: 40px;\" width=\"480\"><span style=\"color: #000000;\"><strong>Laserleistung<\/strong><\/span><\/td>\n<td style=\"padding-left: 40px;\" colspan=\"2\" width=\"328\"><span style=\"color: #000000;\">QCW150-600w Optional<\/span><\/td>\n<td style=\"padding-left: 40px;\" width=\"337\"><span style=\"color: #000000;\">QCW150-600w Optional<\/span><\/td>\n<td style=\"padding-left: 40px;\" width=\"369\"><span style=\"color: #000000;\">QCW150-600w Optional<\/span><\/td>\n<\/tr>\n<tr style=\"padding-left: 40px;\">\n<td style=\"padding-left: 40px;\" width=\"480\"><span style=\"color: #000000;\"><strong>Spannfutter tragend<\/strong><\/span><\/td>\n<td style=\"padding-left: 40px;\" colspan=\"2\" width=\"328\"><span style=\"color: #000000;\">\u2264200KG<\/span><\/td>\n<td style=\"padding-left: 40px;\" width=\"337\"><span style=\"color: #000000;\">\u2264200KG<\/span><\/td>\n<td style=\"padding-left: 40px;\" width=\"369\"><span style=\"color: #000000;\">\u2264200KG<\/span><\/td>\n<\/tr>\n<tr style=\"padding-left: 40px;\">\n<td style=\"padding-left: 40px;\" width=\"480\"><span style=\"color: #000000;\"><strong>Gewicht der Maschine<\/strong><\/span><\/td>\n<td style=\"padding-left: 40px;\" colspan=\"2\" width=\"328\"><span style=\"color: #000000;\">2500Kg<\/span><\/td>\n<td style=\"padding-left: 40px;\" width=\"337\"><span style=\"color: #000000;\">2800Kg<\/span><\/td>\n<td style=\"padding-left: 40px;\" width=\"369\"><span style=\"color: #000000;\">3000Kg<\/span><\/td>\n<\/tr>\n<tr style=\"padding-left: 40px;\">\n<td style=\"padding-left: 40px;\" width=\"480\"><span style=\"color: #000000;\"><strong>Abmessungen der Maschine<\/strong><\/span><\/td>\n<td style=\"padding-left: 40px;\" colspan=\"2\" width=\"328\"><span style=\"color: #000000;\">1900mm*1450mm*1800mm<\/span><\/td>\n<td style=\"padding-left: 40px;\" width=\"337\"><span style=\"color: #000000;\">1900mm*1450mm*1800mm<\/span><\/td>\n<td style=\"padding-left: 40px;\" width=\"369\"><span style=\"color: #000000;\">2150mm*1900mm*1800mm<\/span><\/td>\n<\/tr>\n<\/tbody>\n<\/table>\n<h4 style=\"padding-left: 40px;\"><\/h4>\n<p>&nbsp;<\/p>\n<h4 style=\"padding-left: 40px;\"><span style=\"color: #000000;\"><strong>&gt; <\/strong><strong>Branchenf\u00fchrende Anwendungen:<\/strong><\/span><\/h4>\n<p>&nbsp;<\/p>\n<ul class=\"ng-star-inserted\">\n<li class=\"ng-star-inserted\">\n<p class=\"ng-star-inserted\"><span style=\"color: #000000;\"><strong class=\"ng-star-inserted\"><span class=\"ng-star-inserted\"><strong>\u25c6<\/strong>Medizinische Ger\u00e4te:<\/span><\/strong><span class=\"ng-star-inserted\">\u00a0Herstellung von Stents, chirurgischen Instrumenten, Implantaten und diagnostischen Komponenten.<\/span><\/span><\/p>\n<\/li>\n<\/ul>\n<p>&nbsp;<\/p>\n<ul class=\"ng-star-inserted\">\n<li class=\"ng-star-inserted\">\n<p class=\"ng-star-inserted\"><span style=\"color: #000000;\"><strong class=\"ng-star-inserted\"><span class=\"ng-star-inserted\"><strong>\u25c6<\/strong>Elektronik (3C):<\/span><\/strong><span class=\"ng-star-inserted\">\u00a0Schneiden von Telefonrahmen, internen Komponenten und Halbleitermaterialien.<\/span><\/span><\/p>\n<\/li>\n<\/ul>\n<p>&nbsp;<\/p>\n<ul class=\"ng-star-inserted\">\n<li class=\"ng-star-inserted\">\n<p class=\"ng-star-inserted\"><span style=\"color: #000000;\"><strong class=\"ng-star-inserted\"><span class=\"ng-star-inserted\"><strong>\u25c6<\/strong>Luft- und Raumfahrt &amp; Verteidigung:<\/span><\/strong><span class=\"ng-star-inserted\">\u00a0Prototyping und Herstellung komplexer, leichter Bauteile.<\/span><\/span><\/p>\n<\/li>\n<\/ul>\n<p>&nbsp;<\/p>\n<ul class=\"ng-star-inserted\">\n<li class=\"ng-star-inserted\">\n<p class=\"ng-star-inserted\"><span style=\"color: #000000;\"><strong class=\"ng-star-inserted\"><span class=\"ng-star-inserted\"><strong>\u25c6<\/strong>Automobilindustrie:<\/span><\/strong><span class=\"ng-star-inserted\">\u00a0Pr\u00e4zisionsschneiden von Einspritzd\u00fcsen, Sensoren und Innenteilen.<\/span><\/span><\/p>\n<\/li>\n<\/ul>\n<p>&nbsp;<\/p>\n<ul class=\"ng-star-inserted\">\n<li class=\"ng-star-inserted\">\n<p class=\"ng-star-inserted\"><span style=\"color: #000000;\"><strong class=\"ng-star-inserted\"><span class=\"ng-star-inserted\"><strong>\u25c6<\/strong>Schmuck und Uhrmacherei:<\/span><\/strong><span class=\"ng-star-inserted\">\u00a0Kompliziertes Schneiden von Edelmetallen und Uhrenkomponenten.<\/span><\/span><\/p>\n<\/li>\n<\/ul>\n<p>&nbsp;<\/p>\n<ul class=\"ng-star-inserted\">\n<li class=\"ng-star-inserted\">\n<p class=\"ng-star-inserted\"><span style=\"color: #000000;\"><strong class=\"ng-star-inserted\"><span class=\"ng-star-inserted\"><strong>\u25c6<\/strong>Wissenschaftliche Forschung:<\/span><\/strong><span class=\"ng-star-inserted\">\u00a0Herstellung von kundenspezifischen Laborger\u00e4ten, Mikrofluidik und optischen Komponenten.<\/span><\/span><\/p>\n<\/li>\n<\/ul>\n<p>&nbsp;<\/p>\n<p>&nbsp;<\/p>\n<p style=\"padding-left: 40px;\">","protected":false},"excerpt":{"rendered":"<h4 class=\"ng-star-inserted\"><span class=\"OYPEnA font-feature-liga-off font-feature-clig-off font-feature-calt-off text-decoration-none text-strikethrough-none\" style=\"color: #000000;\"> LTGC-CFZ-C Serie keramische Hochpr\u00e4zisions-Faserschneidemaschine<\/span><\/h4>\n<p><span style=\"color: #000000;\">Das CFZ-C ist speziell mit einem Quasi-Continuous Wave (QCW)-Faserlaser ausgestattet, der sich ideal f\u00fcr die Bearbeitung von spr\u00f6den und hochreflektierenden Materialien wie Keramik eignet. Der QCW-Laser bietet eine hohe Spitzenleistung bei geringer W\u00e4rmeeinbringung und minimiert die W\u00e4rmeeinflusszone (WEZ), um Mikrorisse zu vermeiden und eine perfekte, saubere Schnittkante bei Materialien wie Aluminiumoxid und Zirkoniumdioxid zu gew\u00e4hrleisten.<\/span><\/p>\n<p>&nbsp;<\/p>\n<p>&nbsp;<\/p>","protected":false},"featured_media":1150,"template":"","meta":[],"product_brand":[],"product_cat":[46,23],"product_tag":[],"class_list":{"0":"post-1151","1":"product","2":"type-product","3":"status-publish","4":"has-post-thumbnail","6":"product_cat-high-precision-laser-cutting-machine","7":"product_cat-laser-machine","9":"first","10":"instock","11":"shipping-taxable","12":"product-type-simple"},"_links":{"self":[{"href":"https:\/\/shiguanglaser.com\/de\/wp-json\/wp\/v2\/product\/1151","targetHints":{"allow":["GET"]}}],"collection":[{"href":"https:\/\/shiguanglaser.com\/de\/wp-json\/wp\/v2\/product"}],"about":[{"href":"https:\/\/shiguanglaser.com\/de\/wp-json\/wp\/v2\/types\/product"}],"wp:featuredmedia":[{"embeddable":true,"href":"https:\/\/shiguanglaser.com\/de\/wp-json\/wp\/v2\/media\/1150"}],"wp:attachment":[{"href":"https:\/\/shiguanglaser.com\/de\/wp-json\/wp\/v2\/media?parent=1151"}],"wp:term":[{"taxonomy":"product_brand","embeddable":true,"href":"https:\/\/shiguanglaser.com\/de\/wp-json\/wp\/v2\/product_brand?post=1151"},{"taxonomy":"product_cat","embeddable":true,"href":"https:\/\/shiguanglaser.com\/de\/wp-json\/wp\/v2\/product_cat?post=1151"},{"taxonomy":"product_tag","embeddable":true,"href":"https:\/\/shiguanglaser.com\/de\/wp-json\/wp\/v2\/product_tag?post=1151"}],"curies":[{"name":"wp","href":"https:\/\/api.w.org\/{rel}","templated":true}]}}