{"id":1149,"date":"2025-06-20T09:45:52","date_gmt":"2025-06-20T09:45:52","guid":{"rendered":"https:\/\/shiguanglaser.com\/?post_type=product&#038;p=1149"},"modified":"2025-07-03T18:00:57","modified_gmt":"2025-07-03T18:00:57","slug":"ltgc-cfz-series-ultra-precision-fiber-laser-cutting-platform","status":"publish","type":"product","link":"https:\/\/shiguanglaser.com\/de\/ltgc-cfz-series-ultra-precision-fiber-laser-cutting-platform\/","title":{"rendered":"LTGC-CFZ Serie | Ultrapr\u00e4zise Faserlaserschneidplattform"},"content":{"rendered":"<h2 class=\"section-title\"><span style=\"color: #477ff6;\"><strong>\u25b8 Produkteinf\u00fchrung<\/strong><\/span><\/h2>\n<hr class=\"blue-line\" \/>\n<p>&nbsp;<\/p>\n<p class=\"ng-star-inserted\" style=\"padding-left: 40px;\"><span style=\"color: #000000;\">Wir stellen vor: <strong>die Baureihe LTGC-CFZ<\/strong>ist eine hochmoderne Plattform f\u00fcr Anwendungen, bei denen Pr\u00e4zision im Mikrometerbereich nicht nur ein Ziel, sondern eine Anforderung ist. Auf einem Fundament aus nat\u00fcrlichem Jinan-Granit aufgebaut und von Linearmotoren mit hoher Beschleunigung angetrieben, bietet diese Serie unvergleichliche Stabilit\u00e4t und Genauigkeit. Die LTGC-CFZ-Plattform ist mit hochwertigen Komponenten von Siemens und Renishaw ausgestattet und kann f\u00fcr eine Reihe anspruchsvoller Anwendungen konfiguriert werden, darunter die Hochgeschwindigkeitszerspanung von Metall, die empfindliche Keramikbearbeitung, das Schneiden von ultrafeinem Glas und die komplexe 3D-Mikrobearbeitung.<\/span><\/p>\n<p>&nbsp;<\/p>\n<p style=\"padding-left: 40px;\"><span style=\"color: #000000;\">Die\u00a0<strong>LTGC-CFZ Serie Faserlaser-Rohrschneidemaschine<\/strong>\u00a0repr\u00e4sentiert die 3. Generation der industriellen Hochleistungsschneidsysteme und bietet\u00a0<strong>\u00b10,005 mm Positioniergenauigkeit<\/strong>\u00a0(\u00fcber Renishaw-Gitterwaagen) und\u00a0<strong>60m\/min Schnittgeschwindigkeiten<\/strong>. Entwickelt mit einer\u00a0<strong>Naturgranit-Strukturbett<\/strong>\u00a0f\u00fcr vibrationsfreie Stabilit\u00e4t und\u00a0<strong>Quertr\u00e4ger aus Aluminium-Magnesium-Legierung in Luft- und Raumfahrtqualit\u00e4t<\/strong>Diese Serie verarbeitet Rohre bis zu 1200\u00d7600 mm ohne thermische Verformung.<\/span><\/p>\n<p>&nbsp;<\/p>\n<h2 class=\"section-title\"><strong><span style=\"color: #477ff6;\">\u25b8 Produktmerkmale<\/span><\/strong><\/h2>\n<hr class=\"blue-line\" \/>\n<p>&nbsp;<\/p>\n<ul class=\"ng-star-inserted\">\n<li class=\"ng-star-inserted\">\n<p class=\"ng-star-inserted\"><strong class=\"ng-star-inserted\"><span class=\"ng-star-inserted\"><span style=\"color: #000000;\">\u2705 Schl\u00fcsseltechnologie:<\/span><\/span><\/strong><span class=\"ng-star-inserted\" style=\"color: #000000;\">\u00a0<\/span><\/p>\n<\/li>\n<li class=\"ng-star-inserted\">\n<p class=\"ng-star-inserted\"><span class=\"ng-star-inserted\" style=\"color: #000000;\">Kontinuierliche Wellen (CW) Faserlaser<\/span><\/p>\n<\/li>\n<li class=\"ng-star-inserted\">\n<p class=\"ng-star-inserted\"><span style=\"color: #000000;\"><strong class=\"ng-star-inserted\"><span class=\"ng-star-inserted\">\u2705 Geeignet f\u00fcr:<\/span><\/strong><span class=\"ng-star-inserted\">\u00a0<\/span><\/span><\/p>\n<\/li>\n<li class=\"ng-star-inserted\">\n<p class=\"ng-star-inserted\"><span style=\"color: #000000;\"><span class=\"ng-star-inserted\">Rostfreier Stahl, Kohlenstoffstahl, Aluminium, Kupfer<\/span><\/span><\/p>\n<\/li>\n<li class=\"ng-star-inserted\">\n<p class=\"ng-star-inserted\"><span style=\"color: #000000;\"><strong class=\"ng-star-inserted\"><span class=\"ng-star-inserted\">\u2705 Hauptmerkmal:<\/span><\/strong><span class=\"ng-star-inserted\">\u00a0<\/span><\/span><\/p>\n<\/li>\n<li class=\"ng-star-inserted\">\n<p class=\"ng-star-inserted\"><span style=\"color: #000000;\"><span class=\"ng-star-inserted\">Hohe Geschwindigkeit (60m\/min) und hohe Beschleunigung (2,0G) f\u00fcr maximale Produktivit\u00e4t.<\/span><\/span><\/p>\n<\/li>\n<\/ul>\n<p style=\"padding-left: 40px;\"><span style=\"color: #000000;\">\u2705\u00a0<strong>Deutsches Siemens CNC-System<\/strong>: <\/span><\/p>\n<p style=\"padding-left: 40px;\"><span style=\"color: #000000;\">Echtzeit-Bewegungssteuerung mit SMART CAM Verschachtelungssoftware (15% Materialeinsparung)<\/span><\/p>\n<p style=\"padding-left: 40px;\"><span style=\"color: #000000;\">\u2705\u00a0<strong>U.S.-importierte Linearmotoren<\/strong>: <\/span><\/p>\n<p style=\"padding-left: 40px;\"><span style=\"color: #000000;\">2.0G Beschleunigung f\u00fcr komplexe Konturen<\/span><\/p>\n<p style=\"padding-left: 40px;\"><span style=\"color: #000000;\">\u2705\u00a0<strong>IMAGE 500-Pixel-Bildverarbeitungssystem<\/strong>: <\/span><\/p>\n<p style=\"padding-left: 40px;\"><span style=\"color: #000000;\">Automatisierte Rohrausrichtung (\u00b10,1 mm)<\/span><\/p>\n<p style=\"padding-left: 40px;\"><span style=\"color: #000000;\">\u2705 <strong>Vollst\u00e4ndiges Laser-Geh\u00e4use<\/strong>: <\/span><\/p>\n<p style=\"padding-left: 40px;\"><span style=\"color: #000000;\">ISO-konformer Strahlenschutz<\/span><\/p>\n<p>&nbsp;<\/p>\n<h2 class=\"section-title\"><strong><span style=\"color: #477ff6;\">\u25b8 Produktparameter<\/span><\/strong><\/h2>\n<hr \/>\n<p>&nbsp;<\/p>\n<table style=\"height: 409px;\" width=\"1415\">\n<tbody>\n<tr>\n<td style=\"padding-left: 40px;\" width=\"474\"><span style=\"color: #000000;\"><strong>Modell<\/strong><\/span><\/td>\n<td style=\"padding-left: 40px;\" colspan=\"3\" width=\"333\"><span style=\"color: #000000;\"><strong>CFZ0604<\/strong><\/span><\/td>\n<td style=\"padding-left: 40px;\" width=\"351\"><span style=\"color: #000000;\"><strong>CFZ0806<\/strong><\/span><\/td>\n<td style=\"padding-left: 40px;\" width=\"384\"><span style=\"color: #000000;\"><strong>CFZ1206<\/strong><\/span><\/td>\n<\/tr>\n<tr style=\"padding-left: 40px;\">\n<td style=\"padding-left: 40px;\" width=\"474\"><span style=\"color: #000000;\"><strong>Verarbeitungsbereich (L\u00e4nge x Durchmesser)<\/strong><\/span><\/td>\n<td style=\"padding-left: 40px;\" colspan=\"3\" width=\"333\"><span style=\"color: #000000;\">600mmx400mm<\/span><\/td>\n<td style=\"padding-left: 40px;\" width=\"351\"><span style=\"color: #000000;\">800mmx600mm<\/span><\/td>\n<td style=\"padding-left: 40px;\" width=\"384\"><span style=\"color: #000000;\">1200mmx600mm<\/span><\/td>\n<\/tr>\n<tr style=\"padding-left: 40px;\">\n<td style=\"padding-left: 40px;\" width=\"474\"><span style=\"color: #000000;\"><strong>Verfahrweg der X-Achse<\/strong><\/span><\/td>\n<td style=\"padding-left: 40px;\" colspan=\"3\" width=\"333\"><span style=\"color: #000000;\">405mm<\/span><\/td>\n<td style=\"padding-left: 40px;\" width=\"351\"><span style=\"color: #000000;\">605mm<\/span><\/td>\n<td style=\"padding-left: 40px;\" width=\"384\"><span style=\"color: #000000;\">605mm<\/span><\/td>\n<\/tr>\n<tr style=\"padding-left: 40px;\">\n<td style=\"padding-left: 40px;\" width=\"474\"><span style=\"color: #000000;\"><strong>Verfahrweg der Y-Achse<\/strong><\/span><\/td>\n<td style=\"padding-left: 40px;\" colspan=\"3\" width=\"333\"><span style=\"color: #000000;\">610mm<\/span><\/td>\n<td style=\"padding-left: 40px;\" width=\"351\"><span style=\"color: #000000;\">810mm<\/span><\/td>\n<td style=\"padding-left: 40px;\" width=\"384\"><span style=\"color: #000000;\">1220mm<\/span><\/td>\n<\/tr>\n<tr style=\"padding-left: 40px;\">\n<td style=\"padding-left: 40px;\" width=\"474\"><span style=\"color: #000000;\"><strong>Verfahrweg Z-Achse<\/strong><\/span><\/td>\n<td style=\"padding-left: 40px;\" colspan=\"3\" width=\"333\"><span style=\"color: #000000;\">50mm<\/span><\/td>\n<td style=\"padding-left: 40px;\" width=\"351\"><span style=\"color: #000000;\">50mm<\/span><\/td>\n<td style=\"padding-left: 40px;\" width=\"384\"><span style=\"color: #000000;\">50mm<\/span><\/td>\n<\/tr>\n<tr style=\"padding-left: 40px;\">\n<td style=\"padding-left: 40px;\" width=\"474\"><span style=\"color: #000000;\"><strong>Wiederholgenauigkeit der X\/Y-Achse<\/strong><\/span><\/td>\n<td style=\"padding-left: 40px;\" colspan=\"3\" width=\"333\"><span style=\"color: #000000;\">\u22640,015mm<\/span><\/td>\n<td style=\"padding-left: 40px;\" width=\"351\"><span style=\"color: #000000;\">\u22640,015mm<\/span><\/td>\n<td style=\"padding-left: 40px;\" width=\"384\"><span style=\"color: #000000;\">\u22640,02mm<\/span><\/td>\n<\/tr>\n<tr style=\"padding-left: 40px;\">\n<td style=\"padding-left: 40px;\" width=\"474\"><span style=\"color: #000000;\"><strong>Maximale Verbundgeschwindigkeit<\/strong><\/span><\/td>\n<td style=\"padding-left: 40px;\" colspan=\"3\" width=\"333\"><span style=\"color: #000000;\">60m\/min<\/span><\/td>\n<td style=\"padding-left: 40px;\" width=\"351\"><span style=\"color: #000000;\">60m\/min<\/span><\/td>\n<td style=\"padding-left: 40px;\" width=\"384\"><span style=\"color: #000000;\">60m\/min<\/span><\/td>\n<\/tr>\n<tr style=\"padding-left: 40px;\">\n<td style=\"padding-left: 40px;\" width=\"474\"><span style=\"color: #000000;\"><strong>Maximale Beschleunigung<\/strong><\/span><\/td>\n<td style=\"padding-left: 40px;\" colspan=\"3\" width=\"333\"><span style=\"color: #000000;\">2.0G<\/span><\/td>\n<td style=\"padding-left: 40px;\" width=\"351\"><span style=\"color: #000000;\">2.0G<\/span><\/td>\n<td style=\"padding-left: 40px;\" width=\"384\"><span style=\"color: #000000;\">2.0G<\/span><\/td>\n<\/tr>\n<tr style=\"padding-left: 40px;\">\n<td style=\"padding-left: 40px;\" width=\"474\"><span style=\"color: #000000;\"><strong>Laserleistung<\/strong><\/span><\/td>\n<td style=\"padding-left: 40px;\" colspan=\"3\" width=\"333\"><span style=\"color: #000000;\">100-6000w Optional<\/span><\/td>\n<td style=\"padding-left: 40px;\" width=\"351\"><span style=\"color: #000000;\">100-6000w Optional<\/span><\/td>\n<td style=\"padding-left: 40px;\" width=\"384\"><span style=\"color: #000000;\">100-6000w Optional<\/span><\/td>\n<\/tr>\n<tr style=\"padding-left: 40px;\">\n<td style=\"padding-left: 40px;\" width=\"474\"><span style=\"color: #000000;\"><strong>Spannfutter tragend<\/strong><\/span><\/td>\n<td style=\"padding-left: 40px;\" colspan=\"3\" width=\"333\"><span style=\"color: #000000;\">\u2264200KG<\/span><\/td>\n<td style=\"padding-left: 40px;\" width=\"351\"><span style=\"color: #000000;\">\u2264200KG<\/span><\/td>\n<td style=\"padding-left: 40px;\" width=\"384\"><span style=\"color: #000000;\">\u2264200KG<\/span><\/td>\n<\/tr>\n<tr style=\"padding-left: 40px;\">\n<td style=\"padding-left: 40px;\" width=\"474\"><span style=\"color: #000000;\"><strong>Gewicht der Maschine<\/strong><\/span><\/td>\n<td style=\"padding-left: 40px;\" colspan=\"3\" width=\"333\"><span style=\"color: #000000;\">2500Kg<\/span><\/td>\n<td style=\"padding-left: 40px;\" width=\"351\"><span style=\"color: #000000;\">2800Kg<\/span><\/td>\n<td style=\"padding-left: 40px;\" width=\"384\"><span style=\"color: #000000;\">3000Kg<\/span><\/td>\n<\/tr>\n<tr style=\"padding-left: 40px;\">\n<td style=\"padding-left: 40px;\" width=\"474\"><span style=\"color: #000000;\"><strong>Abmessungen der Maschine<\/strong><\/span><\/td>\n<td style=\"padding-left: 40px;\" colspan=\"3\" width=\"333\"><span style=\"color: #000000;\">1900mmx1450mm x1800mm<\/span><\/td>\n<td style=\"padding-left: 40px;\" width=\"351\"><span style=\"color: #000000;\">2100mmx1700mm x1850mm<\/span><\/td>\n<td style=\"padding-left: 40px;\" width=\"384\"><span style=\"color: #000000;\">2150mmx2550mm x1900mm<\/span><\/td>\n<\/tr>\n<\/tbody>\n<\/table>\n<h4 style=\"padding-left: 40px;\"><\/h4>\n<p>&nbsp;<\/p>\n<h4 style=\"padding-left: 40px;\"><span style=\"color: #000000;\"><strong>&gt; <\/strong><strong>Branchenf\u00fchrende Anwendungen:<\/strong><\/span><\/h4>\n<p>&nbsp;<\/p>\n<ul class=\"ng-star-inserted\">\n<li class=\"ng-star-inserted\">\n<p class=\"ng-star-inserted\"><span style=\"color: #000000;\"><strong class=\"ng-star-inserted\"><span class=\"ng-star-inserted\"><strong>\u25c6 Auspuffanlagen f\u00fcr Kraftfahrzeuge<\/strong><\/span><\/strong><\/span><\/p>\n<\/li>\n<\/ul>\n<p>&nbsp;<\/p>\n<ul class=\"ng-star-inserted\">\n<li class=\"ng-star-inserted\">\n<p class=\"ng-star-inserted\"><span style=\"color: #000000;\"><strong class=\"ng-star-inserted\"><span class=\"ng-star-inserted\"><strong>\u25c6 Luft- und Raumfahrthydraulik<\/strong><\/span><\/strong><\/span><\/p>\n<\/li>\n<\/ul>\n<p>&nbsp;<\/p>\n<ul class=\"ng-star-inserted\">\n<li class=\"ng-star-inserted\">\n<p class=\"ng-star-inserted\"><span style=\"color: #000000;\"><strong class=\"ng-star-inserted\"><span class=\"ng-star-inserted\"><strong>\u25c6 Schl\u00e4uche f\u00fcr medizinische Implantate<\/strong><\/span><\/strong><\/span><\/p>\n<\/li>\n<\/ul>\n<p>&nbsp;<\/p>\n<p>&nbsp;<\/p>\n<p>&nbsp;<\/p>\n<p>&nbsp;<\/p>\n<p style=\"padding-left: 40px;\">","protected":false},"excerpt":{"rendered":"<h4 class=\"ng-star-inserted\"><span style=\"color: #000000;\"><strong class=\"ng-star-inserted\"><span class=\"ng-star-inserted\">LTGC-CFZ: Hochpr\u00e4zises Schneiden von Metallrohren und Bauteilen<\/span><\/strong><\/span><\/h4>\n<p class=\"ng-star-inserted\"><span class=\"ng-star-inserted\" style=\"color: #000000;\">Diese Konfiguration ist das Arbeitspferd der Serie und f\u00fcr das schnelle, hochpr\u00e4zise Schneiden von Metallrohren und komplizierten Komponenten optimiert. Mit einem leistungsstarken CW-Faserlaser (bis zu 6000 W) und einer schnellen Beschleunigung von 2,0 G ist sie perfekt f\u00fcr die Herstellung medizinischer Ger\u00e4te, elektronischer 3K-Teile und anderer kleiner bis mittelgro\u00dfer Metallprodukte geeignet, bei denen Pr\u00e4zision und Kantenqualit\u00e4t entscheidend sind.<\/span><\/p>\n<p>&nbsp;<\/p>\n<p>&nbsp;<\/p>","protected":false},"featured_media":1150,"template":"","meta":[],"product_brand":[],"product_cat":[46,23],"product_tag":[],"class_list":{"0":"post-1149","1":"product","2":"type-product","3":"status-publish","4":"has-post-thumbnail","6":"product_cat-high-precision-laser-cutting-machine","7":"product_cat-laser-machine","9":"first","10":"instock","11":"shipping-taxable","12":"product-type-simple"},"_links":{"self":[{"href":"https:\/\/shiguanglaser.com\/de\/wp-json\/wp\/v2\/product\/1149","targetHints":{"allow":["GET"]}}],"collection":[{"href":"https:\/\/shiguanglaser.com\/de\/wp-json\/wp\/v2\/product"}],"about":[{"href":"https:\/\/shiguanglaser.com\/de\/wp-json\/wp\/v2\/types\/product"}],"wp:featuredmedia":[{"embeddable":true,"href":"https:\/\/shiguanglaser.com\/de\/wp-json\/wp\/v2\/media\/1150"}],"wp:attachment":[{"href":"https:\/\/shiguanglaser.com\/de\/wp-json\/wp\/v2\/media?parent=1149"}],"wp:term":[{"taxonomy":"product_brand","embeddable":true,"href":"https:\/\/shiguanglaser.com\/de\/wp-json\/wp\/v2\/product_brand?post=1149"},{"taxonomy":"product_cat","embeddable":true,"href":"https:\/\/shiguanglaser.com\/de\/wp-json\/wp\/v2\/product_cat?post=1149"},{"taxonomy":"product_tag","embeddable":true,"href":"https:\/\/shiguanglaser.com\/de\/wp-json\/wp\/v2\/product_tag?post=1149"}],"curies":[{"name":"wp","href":"https:\/\/api.w.org\/{rel}","templated":true}]}}