{"id":1144,"date":"2025-06-20T08:37:32","date_gmt":"2025-06-20T08:37:32","guid":{"rendered":"https:\/\/shiguanglaser.com\/?post_type=product&#038;p=1144"},"modified":"2025-07-03T18:01:29","modified_gmt":"2025-07-03T18:01:29","slug":"jingwen-zx-f-series-online-squareround-tube-fiber-laser-cutting-machine","status":"publish","type":"product","link":"https:\/\/shiguanglaser.com\/de\/jingwen-zx-f-series-online-squareround-tube-fiber-laser-cutting-machine\/","title":{"rendered":"Jingwen ZX-F Serie Online Quadrat&amp;Rund Rohr Faser Laser Schneidmaschine"},"content":{"rendered":"<h2 class=\"section-title\"><span style=\"color: #477ff6;\"><strong>\u25b8 Produkteinf\u00fchrung<\/strong><\/span><\/h2>\n<hr class=\"blue-line\" \/>\n<p class=\"ng-star-inserted\" style=\"padding-left: 40px;\"><span class=\"ng-star-inserted\" style=\"color: #000000;\"><strong>Die JINGWEN ZX-F-Serie<\/strong> ist die ultimative Multiprofil-L\u00f6sung f\u00fcr moderne Rohrwerke und Anlagen der Schwerindustrie. Als hochmodernes \"Online\"- oder \"Flying Cut\"-System l\u00e4sst es sich direkt in Ihre Produktionslinie integrieren, um verschiedene Rohrformen - einschlie\u00dflich runder, quadratischer und rechteckiger Profile - zu schneiden, w\u00e4hrend sie sich kontinuierlich bewegen. Dies beseitigt Produktionsengp\u00e4sse, die mit herk\u00f6mmlichen Schneidmethoden verbunden sind, und erweitert Ihre Fertigungsm\u00f6glichkeiten \u00fcber einfache Rundrohre hinaus. Die ZX-F ist auf extreme Leistung ausgelegt und bietet die Flexibilit\u00e4t, eine breite Palette von Strukturkomponenten mit un\u00fcbertroffener Geschwindigkeit und Pr\u00e4zision herzustellen.<\/span><\/p>\n<p>&nbsp;<\/p>\n<h2 class=\"section-title\"><strong><span style=\"color: #477ff6;\">\u25b8 Produktmerkmale<\/span><\/strong><\/h2>\n<hr class=\"blue-line\" \/>\n<p>&nbsp;<\/p>\n<p class=\"ng-star-inserted\" style=\"padding-left: 40px;\"><span style=\"color: #000000;\"><strong class=\"ng-star-inserted\"><span class=\"ng-star-inserted\">\u2705 Multi-Profil Online-Schneiden:<\/span><\/strong><span class=\"ng-star-inserted\">\u00a0<\/span><\/span><\/p>\n<p class=\"ng-star-inserted\" style=\"padding-left: 40px;\"><span style=\"color: #000000;\"><span class=\"ng-star-inserted\">Der Hauptvorteil der ZX-F ist ihre F\u00e4higkeit, verschiedene Profile, einschlie\u00dflich runder, quadratischer, rechteckiger und anderer taillenf\u00f6rmiger Rohre, in einem einzigen integrierten Online-System zu bearbeiten.<\/span><\/span><\/p>\n<p class=\"ng-star-inserted\" style=\"padding-left: 40px;\"><span style=\"color: #000000;\"><strong class=\"ng-star-inserted\"><span class=\"ng-star-inserted\">\u2705 Unerreichte Schwerlastkapazit\u00e4t:<\/span><\/strong><span class=\"ng-star-inserted\">\u00a0<\/span><\/span><\/p>\n<p class=\"ng-star-inserted\" style=\"padding-left: 40px;\"><span class=\"ng-star-inserted\" style=\"color: #000000;\">Diese Maschine verf\u00fcgt \u00fcber einen enormen Verarbeitungsbereich und verarbeitet Rundrohre bis zu \u03a61050 mm und Vierkantrohre bis zu 1050x1050 mm, was sie zu einer der leistungsf\u00e4higsten Online-Schneidemaschinen auf dem Markt macht.<\/span><\/p>\n<p class=\"ng-star-inserted\" style=\"padding-left: 40px;\"><span style=\"color: #000000;\"><strong class=\"ng-star-inserted\"><span class=\"ng-star-inserted\">\u2705 Fortgeschrittene Synchronisation des fliegenden Schnitts:<\/span><\/strong><span class=\"ng-star-inserted\">\u00a0<\/span><\/span><\/p>\n<p class=\"ng-star-inserted\" style=\"padding-left: 40px;\"><span class=\"ng-star-inserted\" style=\"color: #000000;\">Sein ausgekl\u00fcgeltes Steuerungssystem sorgt daf\u00fcr, dass der Schneidkopf und die robusten Spannfutter dem sich bewegenden Rohr perfekt folgen und pr\u00e4zise, saubere Schnitte liefern, ohne Ihre Produktionslinie zu verlangsamen.<\/span><\/p>\n<p class=\"ng-star-inserted\" style=\"padding-left: 40px;\"><span style=\"color: #000000;\"><strong class=\"ng-star-inserted\"><span class=\"ng-star-inserted\">\u2705 Extreme Leistung f\u00fcr dicke Mauern:<\/span><\/strong><span class=\"ng-star-inserted\">\u00a0<\/span><\/span><\/p>\n<p class=\"ng-star-inserted\" style=\"padding-left: 40px;\"><span class=\"ng-star-inserted\" style=\"color: #000000;\">Mit einer Laserleistung von 1000W bis 12000W schneidet der ZX-F m\u00fchelos durch dickwandigen Baustahl und andere Materialien und gew\u00e4hrleistet so eine hohe Produktivit\u00e4t auch bei anspruchsvollen Auftr\u00e4gen.<\/span><\/p>\n<p class=\"ng-star-inserted\" style=\"padding-left: 40px;\"><span style=\"color: #000000;\"><strong class=\"ng-star-inserted\"><span class=\"ng-star-inserted\">\u2705 Vollst\u00e4ndige Automatisierung der Produktionslinie:<\/span><\/strong><span class=\"ng-star-inserted\">\u00a0<\/span><\/span><\/p>\n<p class=\"ng-star-inserted\" style=\"padding-left: 40px;\"><span class=\"ng-star-inserted\" style=\"color: #000000;\">Der ZX-F wurde f\u00fcr eine nahtlose Integration entwickelt und ersetzt ineffiziente Offline-Prozesse, indem er einen optimierten, vollautomatischen Arbeitsablauf von der Rohrformung bis zum Endschnitt schafft, der die Effizienz steigert und den Arbeitsaufwand reduziert.<\/span><\/p>\n<p class=\"ng-star-inserted\" style=\"padding-left: 40px;\"><span style=\"color: #000000;\"><strong class=\"ng-star-inserted\"><span class=\"ng-star-inserted\">\u2705 Garantierte Pr\u00e4zision (\u00b10,15 mm):<\/span><\/strong><span class=\"ng-star-inserted\">\u00a0<\/span><\/span><\/p>\n<p class=\"ng-star-inserted\" style=\"padding-left: 40px;\"><span class=\"ng-star-inserted\" style=\"color: #000000;\">Bietet au\u00dfergew\u00f6hnliche Genauigkeit f\u00fcr alle Profiltypen und stellt sicher, dass die fertigen Teile strenge Toleranzen f\u00fcr eine perfekte Passung beim Schwei\u00dfen und Montieren einhalten.<\/span><\/p>\n<p>&nbsp;<\/p>\n<h2 class=\"section-title\"><strong><span style=\"color: #477ff6;\">\u25b8 Produktparameter<\/span><\/strong><\/h2>\n<hr \/>\n<p>&nbsp;<\/p>\n<table width=\"1495\">\n<tbody>\n<tr>\n<td style=\"padding-left: 40px;\" width=\"541\"><span style=\"color: #000000;\"><strong>Modell<\/strong><\/span><\/td>\n<td style=\"padding-left: 40px;\" colspan=\"2\" width=\"953\"><span style=\"color: #000000;\">Z-ZX14F\/ZX26F\/ZX34F\/ZX58F\/ZX110F<\/span><\/td>\n<\/tr>\n<tr style=\"padding-left: 40px;\">\n<td style=\"padding-left: 40px;\" width=\"541\"><span style=\"color: #000000;\"><strong>Laserleistung<\/strong><\/span><\/td>\n<td style=\"padding-left: 40px;\" colspan=\"2\" width=\"953\"><span style=\"color: #000000;\">1000-12000W(Optional)<\/span><\/td>\n<\/tr>\n<tr style=\"padding-left: 40px;\">\n<td style=\"padding-left: 40px;\" width=\"541\"><span style=\"color: #000000;\"><strong>Pr\u00e4zision in der Verarbeitung<\/strong><\/span><\/td>\n<td style=\"padding-left: 40px;\" colspan=\"2\" width=\"953\"><span style=\"color: #000000;\">\u00b10,15mm<\/span><\/td>\n<\/tr>\n<tr style=\"padding-left: 40px;\">\n<td style=\"padding-left: 40px;\" width=\"541\"><span style=\"color: #000000;\"><strong>Schneiddurchmesser von Rundrohr<\/strong><\/span><\/td>\n<td style=\"padding-left: 40px;\" colspan=\"2\" width=\"953\"><span style=\"color: #000000;\">\u03a65~1050mm<\/span><\/td>\n<\/tr>\n<tr style=\"padding-left: 40px;\">\n<td style=\"padding-left: 40px;\" width=\"541\"><span style=\"color: #000000;\"><strong>Schneiddurchmesser von Rundrohr<\/strong><\/span><\/td>\n<td style=\"padding-left: 40px;\" colspan=\"2\" width=\"953\"><span style=\"color: #000000;\">5*5mm~1050*1050mm<\/span><\/td>\n<\/tr>\n<tr style=\"padding-left: 40px;\">\n<td style=\"padding-left: 40px;\" width=\"541\"><span style=\"color: #000000;\"><strong>Ausr\u00fcstung Abmessungen<\/strong><\/span><\/td>\n<td style=\"padding-left: 40px;\" colspan=\"2\" width=\"953\"><span style=\"color: #000000;\">2950*2860*3350mm<\/span><\/td>\n<\/tr>\n<tr style=\"padding-left: 40px;\">\n<td style=\"padding-left: 40px;\" width=\"541\"><span style=\"color: #000000;\"><strong>Material schneiden<\/strong><\/span><\/td>\n<td style=\"padding-left: 40px;\" colspan=\"2\" width=\"953\"><span style=\"color: #000000;\">Rostfreier Stahl, Kohlenstoffstahl, Aluminium, Kupfer, Eisen<\/span><\/td>\n<\/tr>\n<tr style=\"padding-left: 40px;\">\n<td style=\"padding-left: 40px;\" width=\"541\"><span style=\"color: #000000;\"><strong>Schneidrohr Typ<\/strong><\/span><\/td>\n<td style=\"padding-left: 40px;\" colspan=\"2\" width=\"953\"><span style=\"color: #000000;\">Rundes Rohr, Quadratisches Rohr, Rechteckiges Rohr, Taillenf\u00f6rmiges Rohr<\/span><\/td>\n<\/tr>\n<\/tbody>\n<\/table>\n<h4 style=\"padding-left: 40px;\"><\/h4>\n<p>&nbsp;<\/p>\n<h4 style=\"padding-left: 40px;\"><span style=\"color: #000000;\"><strong>&gt; <\/strong><strong>Branchenf\u00fchrende Anwendungen:<\/strong><\/span><\/h4>\n<p style=\"padding-left: 40px;\"><span style=\"color: #000000;\">Die ZX-F-Baureihe ist die ideale L\u00f6sung f\u00fcr Branchen, die eine hochvolumige, flexible Produktion von gro\u00dfen Strukturprofilen ben\u00f6tigen:<\/span><\/p>\n<p>&nbsp;<\/p>\n<ul class=\"ng-star-inserted\">\n<li class=\"ng-star-inserted\">\n<p class=\"ng-star-inserted\"><span style=\"color: #000000;\"><strong class=\"ng-star-inserted\"><span class=\"ng-star-inserted\"><strong>\u25c6<\/strong>Schwermaschinenbau<\/span><\/strong><\/span><\/p>\n<\/li>\n<\/ul>\n<p>&nbsp;<\/p>\n<ul class=\"ng-star-inserted\">\n<li class=\"ng-star-inserted\">\n<p class=\"ng-star-inserted\"><span style=\"color: #000000;\"><strong class=\"ng-star-inserted\"><span class=\"ng-star-inserted\"><strong>\u25c6<\/strong>Br\u00fccken- und Hochbau<\/span><\/strong><\/span><\/p>\n<\/li>\n<\/ul>\n<p>&nbsp;<\/p>\n<ul class=\"ng-star-inserted\">\n<li class=\"ng-star-inserted\">\n<p class=\"ng-star-inserted\"><span style=\"color: #000000;\"><strong class=\"ng-star-inserted\"><span class=\"ng-star-inserted\"><strong>\u25c6<\/strong>Herstellung von Stahlkonstruktionen<\/span><\/strong><\/span><\/p>\n<\/li>\n<\/ul>\n<p>&nbsp;<\/p>\n<ul class=\"ng-star-inserted\">\n<li class=\"ng-star-inserted\">\n<p class=\"ng-star-inserted\"><span style=\"color: #000000;\"><strong class=\"ng-star-inserted\"><span class=\"ng-star-inserted\"><strong>\u25c6<\/strong>Flughafen- und Stadionbau<\/span><\/strong><\/span><\/p>\n<\/li>\n<\/ul>\n<p>&nbsp;<\/p>\n<ul class=\"ng-star-inserted\">\n<li class=\"ng-star-inserted\">\n<p class=\"ng-star-inserted\"><span style=\"color: #000000;\"><strong class=\"ng-star-inserted\"><span class=\"ng-star-inserted\"><strong>\u25c6<\/strong>Landwirtschaftliche Ausr\u00fcstung Framing<\/span><\/strong><\/span><\/p>\n<\/li>\n<\/ul>\n<p>&nbsp;<\/p>\n<ul class=\"ng-star-inserted\">\n<li class=\"ng-star-inserted\">\n<p class=\"ng-star-inserted\"><span style=\"color: #000000;\"><strong class=\"ng-star-inserted\"><span class=\"ng-star-inserted\"><strong>\u25c6<\/strong>Spezialisierte Pipeline-Projekte<\/span><\/strong><\/span><\/p>\n<\/li>\n<\/ul>\n<p>&nbsp;<\/p>\n<p>&nbsp;<\/p>\n<p style=\"padding-left: 40px;\">","protected":false},"excerpt":{"rendered":"<p class=\"cvGsUA direction-ltr align-start para-style-body\"><span style=\"color: #000000;\"><strong><span class=\"OYPEnA font-feature-liga-off font-feature-clig-off font-feature-calt-off text-decoration-none text-strikethrough-none\">ZX-F Serie Online Quadratisch&amp;Rund <\/span><span class=\"OYPEnA font-feature-liga-off font-feature-clig-off font-feature-calt-off text-decoration-none text-strikethrough-none\">Rohr-Faserlaserschneidmaschine<\/span><\/strong><\/span><\/p>\n<p class=\"ng-star-inserted\"><span style=\"color: #000000;\">Steigern Sie Ihre Produktionskapazit\u00e4ten mit der JINGWEN ZX-F-Serie, dem fliegenden Online-Laserschneider f\u00fcr runde und profilierte Rohre. Diese Maschine bietet eine unvergleichliche Vielseitigkeit f\u00fcr kontinuierliche Produktionslinien und schneidet runde, quadratische und rechteckige Rohre im laufenden Betrieb. Mit einer massiven Kapazit\u00e4t von bis zu 1050x1050 mm und Leistungsoptionen von bis zu 12000 W bietet die ZX-F-Serie die ultimative Kombination aus Geschwindigkeit, Pr\u00e4zision und Flexibilit\u00e4t f\u00fcr anspruchsvolle strukturelle und industrielle Anwendungen.<\/span><\/p>\n<p>&nbsp;<\/p>","protected":false},"featured_media":1145,"template":"","meta":[],"product_brand":[],"product_cat":[39,23],"product_tag":[],"class_list":{"0":"post-1144","1":"product","2":"type-product","3":"status-publish","4":"has-post-thumbnail","6":"product_cat-tube-fiber-laser-cutter","7":"product_cat-laser-machine","9":"first","10":"instock","11":"shipping-taxable","12":"product-type-simple"},"_links":{"self":[{"href":"https:\/\/shiguanglaser.com\/de\/wp-json\/wp\/v2\/product\/1144","targetHints":{"allow":["GET"]}}],"collection":[{"href":"https:\/\/shiguanglaser.com\/de\/wp-json\/wp\/v2\/product"}],"about":[{"href":"https:\/\/shiguanglaser.com\/de\/wp-json\/wp\/v2\/types\/product"}],"wp:featuredmedia":[{"embeddable":true,"href":"https:\/\/shiguanglaser.com\/de\/wp-json\/wp\/v2\/media\/1145"}],"wp:attachment":[{"href":"https:\/\/shiguanglaser.com\/de\/wp-json\/wp\/v2\/media?parent=1144"}],"wp:term":[{"taxonomy":"product_brand","embeddable":true,"href":"https:\/\/shiguanglaser.com\/de\/wp-json\/wp\/v2\/product_brand?post=1144"},{"taxonomy":"product_cat","embeddable":true,"href":"https:\/\/shiguanglaser.com\/de\/wp-json\/wp\/v2\/product_cat?post=1144"},{"taxonomy":"product_tag","embeddable":true,"href":"https:\/\/shiguanglaser.com\/de\/wp-json\/wp\/v2\/product_tag?post=1144"}],"curies":[{"name":"wp","href":"https:\/\/api.w.org\/{rel}","templated":true}]}}