{"id":1140,"date":"2025-06-20T07:41:12","date_gmt":"2025-06-20T07:41:12","guid":{"rendered":"https:\/\/shiguanglaser.com\/?post_type=product&#038;p=1140"},"modified":"2025-07-03T18:02:07","modified_gmt":"2025-07-03T18:02:07","slug":"zx-d-series-online-round-tube-fiber-laser-cutting-machine","status":"publish","type":"product","link":"https:\/\/shiguanglaser.com\/de\/zx-d-series-online-round-tube-fiber-laser-cutting-machine\/","title":{"rendered":"Jingwen ZX-D Serie Online Rundrohr-Faserlaserschneidmaschine"},"content":{"rendered":"<h2 class=\"section-title\"><span style=\"color: #477ff6;\"><strong>\u25b8 Produkteinf\u00fchrung<\/strong><\/span><\/h2>\n<hr class=\"blue-line\" \/>\n<p>&nbsp;<\/p>\n<p style=\"padding-left: 40px;\"><span style=\"color: #000000;\"><strong>Die JINGWEN ZX-D-Serie<\/strong> repr\u00e4sentiert den Gipfel der Effizienz in der Rohrproduktion mit hohen St\u00fcckzahlen. Das als \"Online\"- oder \"Flying Cut\"-System konzipierte System l\u00e4sst sich direkt in Ihre Rohrproduktionslinie integrieren und schneidet Rundrohre ab, w\u00e4hrend sie in Bewegung sind. Dadurch entfallen Pufferspeicher, sekund\u00e4res Handling und Stop-and-Go-Schneideprozesse, wodurch ein wirklich kontinuierlicher und hoch automatisierter Arbeitsablauf entsteht. Durch den Ersatz traditioneller, langsamerer Methoden wie Friktionss\u00e4gen erh\u00f6ht die ZX-D-Serie die Produktionsgeschwindigkeit drastisch, verbessert die Schnittgenauigkeit und senkt die Betriebskosten, was sie f\u00fcr moderne Rohrwerke unverzichtbar macht.<\/span><\/p>\n<p>&nbsp;<\/p>\n<h2 class=\"section-title\"><strong><span style=\"color: #477ff6;\">\u25b8 Produktmerkmale<\/span><\/strong><\/h2>\n<hr class=\"blue-line\" \/>\n<p>&nbsp;<\/p>\n<p style=\"padding-left: 40px;\"><span style=\"color: #000000;\">\u2705 <strong class=\"ng-star-inserted\"><span class=\"ng-star-inserted\">Online Flying Cut Technologie:<\/span><\/strong><span class=\"ng-star-inserted\">\u00a0<\/span><\/span><\/p>\n<p style=\"padding-left: 40px;\"><span class=\"ng-star-inserted\" style=\"color: #000000;\">Der Schneidkopf und die Spannfutter synchronisieren sich perfekt mit der Geschwindigkeit des sich bewegenden Rohrs und f\u00fchren Hochgeschwindigkeitsschnitte ohne Unterbrechung der Produktionslinie durch. Dieser kontinuierliche Prozess maximiert die Effizienz und den Aussto\u00df.<\/span><\/p>\n<p style=\"padding-left: 40px;\"><span style=\"color: #000000;\">\u2705 <strong class=\"ng-star-inserted\"><span class=\"ng-star-inserted\">Spezialisiert f\u00fcr Rundrohre:<\/span><\/strong><span class=\"ng-star-inserted\">\u00a0<\/span><\/span><\/p>\n<p style=\"padding-left: 40px;\"><span class=\"ng-star-inserted\" style=\"color: #000000;\">Durch die ausschlie\u00dfliche Konzentration auf runde Profile bietet die ZX-D-Serie eine optimierte und kosteneffiziente L\u00f6sung f\u00fcr Industrien mit spezieller Rundrohrproduktion, die maximale Stabilit\u00e4t und Leistung gew\u00e4hrleistet.<\/span><\/p>\n<p style=\"padding-left: 40px;\"><span style=\"color: #000000;\">\u2705 <strong class=\"ng-star-inserted\"><span class=\"ng-star-inserted\">Massiver Schnittdurchmesser:<\/span><\/strong><span class=\"ng-star-inserted\">\u00a0<\/span><\/span><\/p>\n<p style=\"padding-left: 40px;\"><span class=\"ng-star-inserted\" style=\"color: #000000;\">Mit einem Bearbeitungsbereich von \u03a65 mm bis zu unglaublichen \u03a61050 mm ist diese Maschine f\u00fcr alles geeignet, von kleinen Rohrdurchmessern bis hin zu gro\u00dfen industriellen Rohrleitungen.<\/span><\/p>\n<p style=\"padding-left: 40px;\"><span style=\"color: #000000;\"><strong>\u2705 <\/strong><strong class=\"ng-star-inserted\"><span class=\"ng-star-inserted\">Extreme Leistung und Geschwindigkeit:<\/span><\/strong><span class=\"ng-star-inserted\">\u00a0<\/span><\/span><\/p>\n<p style=\"padding-left: 40px;\"><span class=\"ng-star-inserted\" style=\"color: #000000;\">Ausgestattet mit einer optionalen Laserquelle von 1000W bis 12000W, kann die ZX-D m\u00fchelos dickwandige Stahlrohre mit au\u00dfergew\u00f6hnlichen Geschwindigkeiten durchtrennen und so jedes Mal gratfreie, qualitativ hochwertige Schnitte gew\u00e4hrleisten.<\/span><\/p>\n<p style=\"padding-left: 40px;\"><span style=\"color: #000000;\"><strong>\u2705 <\/strong><strong class=\"ng-star-inserted\"><span class=\"ng-star-inserted\">Nahtlose Integration der Produktionslinie:<\/span><\/strong><span class=\"ng-star-inserted\">\u00a0<\/span><\/span><\/p>\n<p style=\"padding-left: 40px;\"><span class=\"ng-star-inserted\" style=\"color: #000000;\">Die Maschine wurde entwickelt, um ineffiziente Schneidestationen in bestehenden Rohrwerken zu ersetzen. Sie bietet eine kompakte Stellfl\u00e4che und intelligente Steuerungssysteme f\u00fcr eine einwandfreie Integration und Zuverl\u00e4ssigkeit rund um die Uhr.<\/span><\/p>\n<p class=\"ng-star-inserted\" style=\"padding-left: 40px;\"><span style=\"color: #000000;\"><strong class=\"ng-star-inserted\"><span class=\"ng-star-inserted\"><strong>\u2705<\/strong>\u00dcberlegene Verarbeitungspr\u00e4zision:<\/span><\/strong><span class=\"ng-star-inserted\">\u00a0<\/span><\/span><\/p>\n<p class=\"ng-star-inserted\" style=\"padding-left: 40px;\"><span class=\"ng-star-inserted\" style=\"color: #000000;\">Erzielt eine Wiederholgenauigkeit von \u00b10,15 mm und garantiert, dass jedes fertige Rohr den exakten L\u00e4ngenvorgaben entspricht, wodurch Abfall reduziert und die Produktqualit\u00e4t sichergestellt wird.<\/span><\/p>\n<p>&nbsp;<\/p>\n<h4 style=\"padding-left: 40px;\"><span style=\"color: #000000;\"><strong>Wettbewerbsvorteile:<\/strong><\/span><\/h4>\n<p style=\"padding-left: 40px;\"><span style=\"color: #000000;\">\u25c6\u00a0<strong>1050 mm Kapazit\u00e4t mit gro\u00dfem Durchmesser<\/strong>: Verarbeitet Rohre im industriellen Ma\u00dfstab in einem Durchgang.<\/span><\/p>\n<p style=\"padding-left: 40px;\"><span style=\"color: #000000;\">\u25c6\u00a0<strong>Gratfreies Schneiden<\/strong>: N\u2082\/O\u2082-Hilfsgase sorgen f\u00fcr glatte Kanten.<\/span><\/p>\n<p style=\"padding-left: 40px;\"><span style=\"color: #000000;\">\u25c6\u00a0<strong>Heavy-Duty-Rahmen<\/strong>: Die verst\u00e4rkte Stahlkonstruktion minimiert Vibrationen.<\/span><\/p>\n<p>&nbsp;<\/p>\n<h2 class=\"section-title\"><strong><span style=\"color: #477ff6;\">\u25b8 Produktparameter<\/span><\/strong><\/h2>\n<p>&nbsp;<\/p>\n<hr \/>\n<table style=\"height: 175px;\" width=\"1098\">\n<tbody>\n<tr>\n<td style=\"padding-left: 40px;\" width=\"600\"><span style=\"color: #000000;\"><strong>Modell<\/strong><\/span><\/td>\n<td style=\"padding-left: 40px;\" colspan=\"2\" width=\"867\"><span style=\"color: #000000;\">Z-ZX14D\/ZX26D\/ZX58D\/ZX110D<\/span><\/td>\n<\/tr>\n<tr style=\"padding-left: 40px;\">\n<td style=\"padding-left: 40px;\" width=\"600\"><span style=\"color: #000000;\"><strong>Laserleistung<\/strong><\/span><\/td>\n<td style=\"padding-left: 40px;\" colspan=\"2\" width=\"867\"><span style=\"color: #000000;\">1000-12000 W (optional) (IPG\/Raycus-Faserquelle)<\/span><\/td>\n<\/tr>\n<tr style=\"padding-left: 40px;\">\n<td style=\"padding-left: 40px;\" width=\"600\"><span style=\"color: #000000;\"><strong>Pr\u00e4zision in der Verarbeitung<\/strong><\/span><\/td>\n<td style=\"padding-left: 40px;\" colspan=\"2\" width=\"867\"><span style=\"color: #000000;\">\u00b10,15mm<\/span><\/td>\n<\/tr>\n<tr style=\"padding-left: 40px;\">\n<td style=\"padding-left: 40px;\" width=\"600\"><span style=\"color: #000000;\"><strong>Schneiddurchmesser von Rundrohr<\/strong><\/span><\/td>\n<td style=\"padding-left: 40px;\" colspan=\"2\" width=\"867\"><span style=\"color: #000000;\">\u03a65~1050mm<\/span><\/td>\n<\/tr>\n<tr style=\"padding-left: 40px;\">\n<td style=\"padding-left: 40px;\" width=\"600\"><span style=\"color: #000000;\"><strong>Ausr\u00fcstung Abmessungen<\/strong><\/span><\/td>\n<td style=\"padding-left: 40px;\" colspan=\"2\" width=\"867\"><span style=\"color: #000000;\">2950*2860*3350mm (L\u00d7B\u00d7H)<\/span><\/td>\n<\/tr>\n<tr style=\"padding-left: 40px;\">\n<td style=\"padding-left: 40px;\" width=\"600\"><span style=\"color: #000000;\"><strong>Schneidrohr Typ<\/strong><\/span><\/td>\n<td style=\"padding-left: 40px;\" colspan=\"2\" width=\"867\"><span style=\"color: #000000;\">Rundes Rohr<\/span><\/td>\n<\/tr>\n<tr style=\"padding-left: 40px;\">\n<td style=\"padding-left: 40px;\" width=\"600\"><span style=\"color: #000000;\"><strong>Material schneiden<\/strong><\/span><\/td>\n<td style=\"padding-left: 40px;\" colspan=\"2\" width=\"867\"><span style=\"color: #000000;\">Rostfreier Stahl, Kohlenstoffstahl, Aluminium, Kupfer, Eisen<\/span><\/td>\n<\/tr>\n<\/tbody>\n<\/table>\n<h4 style=\"padding-left: 40px;\"><span style=\"color: #000000;\"><strong>&gt; <\/strong><strong>Branchenf\u00fchrende Anwendungen:<\/strong><\/span><\/h4>\n<p style=\"padding-left: 40px;\"><span style=\"color: #000000;\">Die ZX-D-Serie ist die erste Wahl f\u00fcr Industrien, die auf die kontinuierliche Produktion von Rundrohren in hohen St\u00fcckzahlen angewiesen sind:<\/span><\/p>\n<p>&nbsp;<\/p>\n<ul>\n<li><span style=\"color: #000000;\"><strong>\u25c6 <\/strong><strong class=\"ng-star-inserted\"><span class=\"ng-star-inserted\">Herstellung von \u00d6l- und Gaspipelines<\/span><\/strong><\/span><\/li>\n<\/ul>\n<p>&nbsp;<\/p>\n<ul>\n<li><span style=\"color: #000000;\"><strong>\u25c6 <\/strong><strong class=\"ng-star-inserted\"><span class=\"ng-star-inserted\">Stahlbau und Bauwesen<\/span><\/strong><\/span><\/li>\n<\/ul>\n<p>&nbsp;<\/p>\n<ul>\n<li class=\"ng-star-inserted\">\n<p class=\"ng-star-inserted\"><span style=\"color: #000000;\"><strong class=\"ng-star-inserted\"><span class=\"ng-star-inserted\"><strong>\u25c6 <\/strong>Wasser- und Fl\u00fcssigkeitstransportsysteme<\/span><\/strong><\/span><\/p>\n<\/li>\n<\/ul>\n<p>&nbsp;<\/p>\n<ul>\n<li class=\"ng-star-inserted\">\n<p class=\"ng-star-inserted\"><span style=\"color: #000000;\"><strong class=\"ng-star-inserted\"><span class=\"ng-star-inserted\"><strong>\u25c6 <\/strong>Auspuffanlagen f\u00fcr Kraftfahrzeuge<\/span><\/strong><\/span><\/p>\n<\/li>\n<\/ul>\n<p>&nbsp;<\/p>\n<ul>\n<li class=\"ng-star-inserted\">\n<p class=\"ng-star-inserted\"><span style=\"color: #000000;\"><strong class=\"ng-star-inserted\"><span class=\"ng-star-inserted\"><strong>\u25c6 <\/strong>Produktion von Metallrohren in hohen St\u00fcckzahlen<\/span><\/strong><\/span><\/p>\n<\/li>\n<\/ul>\n<p>&nbsp;<\/p>\n<p>&nbsp;<\/p>","protected":false},"excerpt":{"rendered":"<p><span style=\"color: #000000;\"><strong>ZX-D Serie Industrieller Rundrohr-Laserschneider | \u00b10,15mm Pr\u00e4zision f\u00fcr \u00d85-1050mm Rohre<\/strong><\/span><\/p>\n<p class=\"ng-star-inserted\"><span style=\"color: #000000;\">Revolutionieren Sie Ihre Rohrproduktionslinie mit der ZX-D-Serie, einem fliegenden Hochleistungslaserschneider f\u00fcr die Bearbeitung von Rundrohren. Diese Maschine wurde f\u00fcr die nahtlose Integration in Rohrwerke entwickelt und schneidet Rohre bei laufendem Betrieb, wodurch Stopps vermieden und der Durchsatz maximiert wird. Mit einer massiven Schneidkapazit\u00e4t von bis zu \u03a61050 mm und Leistungsoptionen von bis zu 12000 W ist die ZX-D-Serie die ultimative L\u00f6sung f\u00fcr die kontinuierliche Fertigung von Pipelines, Konstruktionsrohren und mehr in hohen St\u00fcckzahlen.<\/span><\/p>\n<p>&nbsp;<\/p>","protected":false},"featured_media":1141,"template":"","meta":[],"product_brand":[],"product_cat":[39,23],"product_tag":[],"class_list":{"0":"post-1140","1":"product","2":"type-product","3":"status-publish","4":"has-post-thumbnail","6":"product_cat-tube-fiber-laser-cutter","7":"product_cat-laser-machine","9":"first","10":"instock","11":"shipping-taxable","12":"product-type-simple"},"_links":{"self":[{"href":"https:\/\/shiguanglaser.com\/de\/wp-json\/wp\/v2\/product\/1140","targetHints":{"allow":["GET"]}}],"collection":[{"href":"https:\/\/shiguanglaser.com\/de\/wp-json\/wp\/v2\/product"}],"about":[{"href":"https:\/\/shiguanglaser.com\/de\/wp-json\/wp\/v2\/types\/product"}],"wp:featuredmedia":[{"embeddable":true,"href":"https:\/\/shiguanglaser.com\/de\/wp-json\/wp\/v2\/media\/1141"}],"wp:attachment":[{"href":"https:\/\/shiguanglaser.com\/de\/wp-json\/wp\/v2\/media?parent=1140"}],"wp:term":[{"taxonomy":"product_brand","embeddable":true,"href":"https:\/\/shiguanglaser.com\/de\/wp-json\/wp\/v2\/product_brand?post=1140"},{"taxonomy":"product_cat","embeddable":true,"href":"https:\/\/shiguanglaser.com\/de\/wp-json\/wp\/v2\/product_cat?post=1140"},{"taxonomy":"product_tag","embeddable":true,"href":"https:\/\/shiguanglaser.com\/de\/wp-json\/wp\/v2\/product_tag?post=1140"}],"curies":[{"name":"wp","href":"https:\/\/api.w.org\/{rel}","templated":true}]}}