{"id":1138,"date":"2025-06-20T02:45:33","date_gmt":"2025-06-20T02:45:33","guid":{"rendered":"https:\/\/shiguanglaser.com\/?post_type=product&#038;p=1138"},"modified":"2025-07-03T18:03:51","modified_gmt":"2025-07-03T18:03:51","slug":"s-series-3d-5-axis-bevel-fiber-laser-tube-cutting-machine","status":"publish","type":"product","link":"https:\/\/shiguanglaser.com\/de\/s-series-3d-5-axis-bevel-fiber-laser-tube-cutting-machine\/","title":{"rendered":"S Serie 3D 5-Achsen-Faserlaser-Rohrschneidemaschine"},"content":{"rendered":"<h2 class=\"section-title\"><span style=\"color: #477ff6;\"><strong>\u25b8 Produkteinf\u00fchrung<\/strong><\/span><\/h2>\n<hr class=\"blue-line\" \/>\n<p>&nbsp;<\/p>\n<p style=\"padding-left: 40px;\"><span style=\"color: #000000;\"><strong>Die S-Serie S-S9Max\/S12Max<\/strong> ist eine hochmoderne 3D-Faserlaserschneidmaschine mit 5 Achsen, die f\u00fcr die anspruchsvollsten Herausforderungen in der Rohr- und Profilbearbeitung entwickelt wurde. Sie vereint fortschrittliche Fasenschneidfunktionen mit Hochgeschwindigkeitsleistung und bietet eine vielseitige und effiziente L\u00f6sung f\u00fcr Branchen, die komplexe Schnitte und eine hervorragende Kantenqualit\u00e4t ben\u00f6tigen. Von Edelstahl bis Aluminium bearbeitet diese Maschine eine Vielzahl von Materialien und Rohrformen mit beispielloser Genauigkeit, wodurch eine Nachbearbeitung \u00fcberfl\u00fcssig wird und der gesamte Produktionsablauf rationalisiert werden kann.<\/span><\/p>\n<p>&nbsp;<\/p>\n<h2 class=\"section-title\"><strong><span style=\"color: #477ff6;\">\u25b8 Produktmerkmale<\/span><\/strong><\/h2>\n<hr class=\"blue-line\" \/>\n<p>&nbsp;<\/p>\n<p style=\"padding-left: 40px;\"><span style=\"color: #000000;\">\u2705 <b><\/b><strong class=\"ng-star-inserted\"><span class=\"ng-star-inserted\">Fortschrittliches 3D-Fasenschneiden mit 5 Achsen:<\/span><\/strong><span class=\"ng-star-inserted\">\u00a0<\/span><\/span><\/p>\n<p style=\"padding-left: 40px;\"><span class=\"ng-star-inserted\" style=\"color: #000000;\">Der hochentwickelte 5-Achsen-Schneidkopf erm\u00f6glicht echtes Fasenschneiden, so dass Sie komplexe 3D-Profile, Fasen zur Schwei\u00dfnahtvorbereitung und komplizierte Verbindungen in einem einzigen Arbeitsgang erstellen k\u00f6nnen. Dies verk\u00fcrzt die Produktionszeit drastisch und verbessert die Qualit\u00e4t Ihrer Endprodukte.<\/span><\/p>\n<p style=\"padding-left: 40px;\"><span style=\"color: #000000;\">\u2705 <strong class=\"ng-star-inserted\"><span class=\"ng-star-inserted\">Ultrakurzes Tailing (\u226460mm):<\/span><\/strong><\/span><\/p>\n<p style=\"padding-left: 40px;\"><span class=\"ng-star-inserted\" style=\"color: #000000;\">\u00a0Maximieren Sie Ihre Materialausnutzung und minimieren Sie den Abfall mit unserem innovativen ultrakurzen Tailing-Design. Dieses Merkmal reduziert die L\u00e4nge des unbrauchbaren Rohrendes erheblich, was sich direkt in niedrigeren Materialkosten und einer h\u00f6heren Investitionsrendite niederschl\u00e4gt.<\/span><\/p>\n<p style=\"padding-left: 40px;\"><span style=\"color: #000000;\">\u2705 <strong class=\"ng-star-inserted\"><span class=\"ng-star-inserted\">Extrem hohe Schnittgeschwindigkeit:<\/span><\/strong><span class=\"ng-star-inserted\">\u00a0<\/span><\/span><\/p>\n<p style=\"padding-left: 40px;\"><span class=\"ng-star-inserted\" style=\"color: #000000;\">Die S-Serie wurde f\u00fcr einen hohen Durchsatz entwickelt und kombiniert eine leistungsstarke Faserlaserquelle (1000W-6000W) mit einem dynamischen Bewegungssystem, um ein extrem schnelles und effizientes Schneiden zu erm\u00f6glichen und Ihre Produktionskapazit\u00e4t erheblich zu steigern.<\/span><\/p>\n<p style=\"padding-left: 40px;\"><span style=\"color: #000000;\">\u2705 <strong class=\"ng-star-inserted\"><span class=\"ng-star-inserted\">Hochpr\u00e4zise f\u00fcr nahtloses Splei\u00dfen:<\/span><\/strong><span class=\"ng-star-inserted\">\u00a0<\/span><\/span><\/p>\n<p style=\"padding-left: 40px;\"><span class=\"ng-star-inserted\" style=\"color: #000000;\">Mit einer Bearbeitungsgenauigkeit von \u00b10,15 mm produziert die Maschine Teile mit au\u00dfergew\u00f6hnlicher Genauigkeit und Konsistenz. Dies garantiert, dass die Komponenten f\u00fcr eine nahtlose Verbindung und Montage perfekt zusammenpassen und die strukturelle Integrit\u00e4t und \u00e4sthetische Qualit\u00e4t des Endprodukts gew\u00e4hrleisten.<\/span><\/p>\n<p style=\"padding-left: 40px;\"><span style=\"color: #000000;\"><strong>\u2705 <\/strong><strong class=\"ng-star-inserted\"><span class=\"ng-star-inserted\">Vielseitige Rohr- und Materialverarbeitung:<\/span><\/strong> <\/span><\/p>\n<p style=\"padding-left: 40px;\"><span class=\"ng-star-inserted\" style=\"color: #000000;\">Schneiden Sie m\u00fchelos eine Vielzahl von Profilen, darunter runde, quadratische, rechteckige und taillenf\u00f6rmige Rohre. Die Maschine ist f\u00fcr die Bearbeitung von Materialien wie Edelstahl, Kohlenstoffstahl, Aluminium, Kupfer und Eisen optimiert und damit ein wahrhaft vielseitiger Gewinn f\u00fcr jede Werkstatt.<\/span><\/p>\n<p style=\"padding-left: 40px;\"><span style=\"color: #000000;\"><strong>\u2705 <\/strong><strong class=\"ng-star-inserted\"><span class=\"ng-star-inserted\">Hohe Kostenleistung:<\/span><\/strong><span class=\"ng-star-inserted\">\u00a0<\/span><\/span><\/p>\n<p style=\"padding-left: 40px;\"><span class=\"ng-star-inserted\" style=\"color: #000000;\">Durch die Kombination von hoher Geschwindigkeit, minimalem Materialabfall, Multifunktionalit\u00e4t (Schneiden, Fasen, Profilieren) und robuster Konstruktion bietet die S-Serie ein hervorragendes Preis-Leistungs-Verh\u00e4ltnis, das eine schnelle Amortisation und einen langfristigen Wert liefert.<\/span><\/p>\n<h4 style=\"padding-left: 40px;\"><span style=\"color: #000000;\"><strong>Wettbewerbsvorteile:<\/strong><\/span><\/h4>\n<p style=\"padding-left: 40px;\"><span style=\"color: #000000;\">\u25c6\u00a0<strong>60% Schnelleres Einrichten<\/strong>: Automatische Rohrdrehung und Laserkalibrierung.<\/span><\/p>\n<p style=\"padding-left: 40px;\"><span style=\"color: #000000;\">\u25c6\u00a0<strong>Keine Sekund\u00e4rverarbeitung<\/strong>: Gratfreie Kanten mit N\u2082\/O\u2082-Hilfsgasen.<\/span><\/p>\n<p style=\"padding-left: 40px;\"><span style=\"color: #000000;\">\u25c6\u00a0<strong>Energieeffizienter Betrieb<\/strong>: 30% niedrigerer Stromverbrauch im Vergleich zu CO\u2082-Systemen.<\/span><\/p>\n<p>&nbsp;<\/p>\n<h2 class=\"section-title\"><strong><span style=\"color: #477ff6;\">\u25b8 Produktparameter<\/span><\/strong><\/h2>\n<hr \/>\n<p>&nbsp;<\/p>\n<table width=\"1357\">\n<tbody>\n<tr>\n<td style=\"padding-left: 40px;\" width=\"504\"><strong><span style=\"color: #000000;\">Modell<\/span><\/strong><\/td>\n<td style=\"padding-left: 40px;\" colspan=\"2\" width=\"852\"><span style=\"color: #000000;\">S-S9Max\/S12Max<\/span><\/td>\n<\/tr>\n<tr style=\"padding-left: 40px;\">\n<td style=\"padding-left: 40px;\" width=\"504\"><strong><span style=\"color: #000000;\">Laserleistung<\/span><\/strong><\/td>\n<td style=\"padding-left: 40px;\" colspan=\"2\" width=\"852\"><span style=\"color: #000000;\">1000-6000W(wahlweise)<\/span><\/td>\n<\/tr>\n<tr style=\"padding-left: 40px;\">\n<td style=\"padding-left: 40px;\" width=\"504\"><strong><span style=\"color: #000000;\">Pr\u00e4zision in der Verarbeitung<\/span><\/strong><\/td>\n<td style=\"padding-left: 40px;\" colspan=\"2\" width=\"852\"><span style=\"color: #000000;\">\u00b10,15mm<\/span><\/td>\n<\/tr>\n<tr style=\"padding-left: 40px;\">\n<td style=\"padding-left: 40px;\" width=\"504\"><strong><span style=\"color: #000000;\">L\u00e4nge des Auslaufs<\/span><\/strong><\/td>\n<td style=\"padding-left: 40px;\" colspan=\"2\" width=\"852\"><span style=\"color: #000000;\">\u226460mm<\/span><\/td>\n<\/tr>\n<tr style=\"padding-left: 40px;\">\n<td style=\"padding-left: 40px;\" width=\"504\"><strong><span style=\"color: #000000;\">Schneiddurchmesser von Rundrohr<\/span><\/strong><\/td>\n<td style=\"padding-left: 40px;\" colspan=\"2\" width=\"852\"><span style=\"color: #000000;\">\u03a65~120mm<\/span><\/td>\n<\/tr>\n<tr style=\"padding-left: 40px;\">\n<td style=\"padding-left: 40px;\" width=\"504\"><strong><span style=\"color: #000000;\">Schnittdurchmesser von Vierkantrohr<\/span><\/strong><\/td>\n<td style=\"padding-left: 40px;\" colspan=\"2\" width=\"852\"><span style=\"color: #000000;\">5*5mm~120*120mm<\/span><\/td>\n<\/tr>\n<tr style=\"padding-left: 40px;\">\n<td style=\"padding-left: 40px;\" width=\"504\"><strong><span style=\"color: #000000;\">Maximale L\u00e4nge des bearbeiteten Rohrs<\/span><\/strong><\/td>\n<td style=\"padding-left: 40px;\" colspan=\"2\" width=\"852\"><span style=\"color: #000000;\">\u22646500mm<\/span><\/td>\n<\/tr>\n<tr style=\"padding-left: 40px;\">\n<td style=\"padding-left: 40px;\" width=\"504\"><strong><span style=\"color: #000000;\">Material schneiden<\/span><\/strong><\/td>\n<td style=\"padding-left: 40px;\" colspan=\"2\" width=\"852\"><span style=\"color: #000000;\">Rostfreier Stahl, Kohlenstoffstahl, Aluminium, Kupfer, Eisen<\/span><\/td>\n<\/tr>\n<tr style=\"padding-left: 40px;\">\n<td style=\"padding-left: 40px;\" width=\"504\"><strong><span style=\"color: #000000;\">Schneidrohr Typ<\/span><\/strong><\/td>\n<td style=\"padding-left: 40px;\" colspan=\"2\" width=\"852\"><span style=\"color: #000000;\">Rundes Rohr, Quadratisches Rohr, Rechteckiges Rohr, Taillenf\u00f6rmiges Rohr<\/span><\/td>\n<\/tr>\n<\/tbody>\n<\/table>\n<p>&nbsp;<\/p>\n<h4><span style=\"color: #000000;\"><strong>&gt; <\/strong><strong>Branchenf\u00fchrende Anwendungen:<\/strong><\/span><\/h4>\n<p>&nbsp;<\/p>\n<ul>\n<li><span style=\"color: #000000;\"><strong>\u25c6<\/strong><strong>Bauwesen<\/strong>: Gebogene Handl\u00e4ufe, strukturelle Ger\u00fcste<\/span><\/li>\n<\/ul>\n<p>&nbsp;<\/p>\n<ul>\n<li><span style=\"color: #000000;\"><strong>\u25c6<\/strong><strong>Luft- und Raumfahrt<\/strong>: Hydraulikverteiler, Motorlagerrohre<\/span><\/li>\n<\/ul>\n<p>&nbsp;<\/p>\n<ul>\n<li><span style=\"color: #000000;\"><strong>\u25c6Automotive: <\/strong>Kraftstoffeinspritzleitungen, Auspuffanlagen<\/span><\/li>\n<\/ul>\n<p>&nbsp;<\/p>\n<ul>\n<li><span style=\"color: #000000;\"><strong>\u25c6<\/strong><strong>M\u00f6bel<\/strong>: Kunstvolle Metallrahmen, ergonomische St\u00fctzen<\/span><\/li>\n<\/ul>\n<p>&nbsp;<\/p>\n<p>&nbsp;<\/p>\n<p>&nbsp;<\/p>\n<p>&nbsp;<\/p>","protected":false},"excerpt":{"rendered":"<p><span style=\"color: #000000;\"><strong>S Serie 5-Achsen Fasenlaser-Rohrschneider | \u00b10,15mm Pr\u00e4zision f\u00fcr \u00d85-120mm Rohre\u00a0<\/strong><\/span><\/p>\n<p><span style=\"color: #000000;\" data-slate-fragment=\"JTVCJTdCJTIyaWQlMjIlM0ElMjIxJTIyJTJDJTIydHlwZSUyMiUzQSUyMnAlMjIlMkMlMjJjaGlsZHJlbiUyMiUzQSU1QiU3QiUyMnRleHQlMjIlM0ElMjJFbmdpbmVlcmVkJTIwZm9yJTIwY29tcGxleCUyMGFwcGxpY2F0aW9ucyUyQyUyMHRoaXMlMjBtYWNoaW5lJTIwZGVsaXZlcnMlMjBleGNlcHRpb25hbCUyMHByZWNpc2lvbiUyMGZvciUyMGJldmVscyUyQyUyMGNoYW1mZXJzJTJDJTIwYW5kJTIwaW50cmljYXRlJTIwM0QlMjBwcm9maWxlcyUyQyUyMGVuYWJsaW5nJTIwc2VhbWxlc3MlMjBzcGxpY2luZyUyMG9mJTIwZmluaXNoZWQlMjBwYXJ0cy4lMjBGZWF0dXJpbmclMjBpbmR1c3RyeS1sZWFkaW5nJTIwdWx0cmEtc2hvcnQlMjB0YWlsaW5nJTIwdGVjaG5vbG9neSUyMCglRTIlODklQTQ2MG1tKSUyMHRvJTIwbWluaW1pemUlMjBtYXRlcmlhbCUyMHdhc3RlJTIwYW5kJTIwYW4lMjBleHRyZW1lbHklMjBmYXN0JTIwY3V0dGluZyUyMHNwZWVkJTJDJTIwdGhlJTIwUyUyMFNlcmllcyUyMGJvb3N0cyUyMHByb2R1Y3Rpdml0eSUyMGFuZCUyMGVuc3VyZXMlMjBoaWdoLWNvc3QlMjBwZXJmb3JtYW5jZSUyMGZvciUyMHlvdXIlMjBtYW51ZmFjdHVyaW5nJTIwb3BlcmF0aW9ucy4lMjIlN0QlNUQlMkMlMjJpbmRlbnQlMjIlM0ExJTJDJTIybGlzdFN0eWxlVHlwZSUyMiUzQSUyMmRpc2MlMjIlN0QlNUQ=\">Diese f\u00fcr komplexe Anwendungen konzipierte Maschine bietet au\u00dfergew\u00f6hnliche Pr\u00e4zision bei Fasen, Abschr\u00e4gungen und komplizierten 3D-Profilen und erm\u00f6glicht das nahtlose Verbinden von Fertigteilen. Mit der branchenf\u00fchrenden Ultrakurzschnitt-Technologie (\u226460 mm) zur Minimierung des Materialabfalls und einer extrem hohen Schnittgeschwindigkeit steigert die S-Serie die Produktivit\u00e4t und sorgt f\u00fcr eine hohe Wirtschaftlichkeit Ihrer Fertigungsprozesse.<\/span><\/p>","protected":false},"featured_media":1139,"template":"","meta":[],"product_brand":[],"product_cat":[39,23],"product_tag":[],"class_list":{"0":"post-1138","1":"product","2":"type-product","3":"status-publish","4":"has-post-thumbnail","6":"product_cat-tube-fiber-laser-cutter","7":"product_cat-laser-machine","9":"first","10":"instock","11":"shipping-taxable","12":"product-type-simple"},"_links":{"self":[{"href":"https:\/\/shiguanglaser.com\/de\/wp-json\/wp\/v2\/product\/1138","targetHints":{"allow":["GET"]}}],"collection":[{"href":"https:\/\/shiguanglaser.com\/de\/wp-json\/wp\/v2\/product"}],"about":[{"href":"https:\/\/shiguanglaser.com\/de\/wp-json\/wp\/v2\/types\/product"}],"wp:featuredmedia":[{"embeddable":true,"href":"https:\/\/shiguanglaser.com\/de\/wp-json\/wp\/v2\/media\/1139"}],"wp:attachment":[{"href":"https:\/\/shiguanglaser.com\/de\/wp-json\/wp\/v2\/media?parent=1138"}],"wp:term":[{"taxonomy":"product_brand","embeddable":true,"href":"https:\/\/shiguanglaser.com\/de\/wp-json\/wp\/v2\/product_brand?post=1138"},{"taxonomy":"product_cat","embeddable":true,"href":"https:\/\/shiguanglaser.com\/de\/wp-json\/wp\/v2\/product_cat?post=1138"},{"taxonomy":"product_tag","embeddable":true,"href":"https:\/\/shiguanglaser.com\/de\/wp-json\/wp\/v2\/product_tag?post=1138"}],"curies":[{"name":"wp","href":"https:\/\/api.w.org\/{rel}","templated":true}]}}