{"id":1130,"date":"2025-06-19T09:37:10","date_gmt":"2025-06-19T09:37:10","guid":{"rendered":"https:\/\/shiguanglaser.com\/?post_type=product&#038;p=1130"},"modified":"2025-07-03T18:04:03","modified_gmt":"2025-07-03T18:04:03","slug":"d-series-precision-high-speed-fully-automatic-tube-cutting-machine","status":"publish","type":"product","link":"https:\/\/shiguanglaser.com\/de\/d-series-precision-high-speed-fully-automatic-tube-cutting-machine\/","title":{"rendered":"D-Serie Pr\u00e4zisions-Hochgeschwindigkeits-Vollautomatische Rohrschneidemaschine"},"content":{"rendered":"<h2 class=\"section-title\"><span style=\"color: #477ff6;\"><strong>\u25b8 Produkteinf\u00fchrung<\/strong><\/span><\/h2>\n<hr class=\"blue-line\" \/>\n<p>&nbsp;<\/p>\n<p style=\"padding-left: 40px;\"><span style=\"color: #000000;\"><strong>D-Serie Pr\u00e4zisions-Hochgeschwindigkeits-Faserlaser-Rohrschneidemaschine<\/strong>\u00a0revolutioniert die industrielle Rohrverarbeitung mit\u00a0<strong>patentierte interne Abfallabsaugungstechnologie<\/strong>,\u00a0<strong>\u00b10,1 mm Schnittgenauigkeit<\/strong>und\u00a0<strong>\u226430mm R\u00fcckst\u00e4nde<\/strong>. <\/span><\/p>\n<p style=\"padding-left: 40px;\"><span style=\"color: #000000;\">Dieses vollautomatische System wurde f\u00fcr Produktionslinien mit hohen St\u00fcckzahlen entwickelt und erreicht\u00a0<strong>1-St\u00fcck-pro-Sekunde-Schnittgeschwindigkeit<\/strong>\u00a0bei der Verarbeitung von runden\/quadratischen\/rechteckigen Rohren mit un\u00fcbertroffener Effizienz.<\/span><\/p>\n<p>&nbsp;<\/p>\n<h2 class=\"section-title\"><strong><span style=\"color: #477ff6;\">\u25b8 Produktmerkmale<\/span><\/strong><\/h2>\n<hr class=\"blue-line\" \/>\n<p>&nbsp;<\/p>\n<p style=\"padding-left: 40px;\"><span style=\"color: #000000;\">\u2705\u00a0<strong>Patentiertes Abfall-Absaugsystem<\/strong>: Entfernt w\u00e4hrend des Schneidens automatisch Ablagerungen von den Innenw\u00e4nden der Rohre.<\/span><\/p>\n<p style=\"padding-left: 40px;\"><span style=\"color: #000000;\">\u2705\u00a0<strong>Automatische Materialtrennung Kopf\/Schwanz<\/strong>: Minimiert manuelle Eingriffe und reduziert den Ausschuss.<\/span><\/p>\n<p style=\"padding-left: 40px;\"><span style=\"color: #000000;\">\u2705\u00a0<strong>Robotische Materialhandhabung<\/strong>: Integriertes automatisches Ladesystem f\u00fcr kontinuierlichen 24\/7-Betrieb.<\/span><\/p>\n<p style=\"padding-left: 40px;\"><span style=\"color: #000000;\">\u2705\u00a0<strong>Ultra-Hochgeschwindigkeit<\/strong>: Verarbeitet 1 St\u00fcck pro Sekunde (z.B. 3mm Edelstahlrohre).<\/span><\/p>\n<p style=\"padding-left: 40px;\"><span style=\"color: #000000;\"><strong>\u2705Zero Downtime Design: <\/strong>Das patentierte Absaugsystem verhindert die Ansammlung von Schlacke.<\/span><\/p>\n<p style=\"padding-left: 40px;\"><span style=\"color: #000000;\"><strong>\u2705Materialeinsparungen:<\/strong> \u226430mm Abraum optimiert die Rohstoffausnutzung.<\/span><\/p>\n<p style=\"padding-left: 40px;\"><span style=\"color: #000000;\"><strong>\u2705Plug-and-Play-Automatisierung: <\/strong>Kompatibel mit intelligenten Industrie 4.0-Fabriken.<\/span><\/p>\n<p>&nbsp;<\/p>\n<h2 class=\"section-title\"><strong><span style=\"color: #477ff6;\">\u25b8 Produktparameter<\/span><\/strong><\/h2>\n<hr \/>\n<p>&nbsp;<\/p>\n<table width=\"1618\">\n<tbody>\n<tr>\n<td style=\"padding-left: 40px;\" colspan=\"2\" width=\"665\"><strong><span style=\"color: #000000;\">Modell<\/span><\/strong><\/td>\n<td style=\"padding-left: 40px;\" width=\"953\"><span style=\"color: #000000;\">D-C90D\/C120D\/C150D<\/span><\/td>\n<\/tr>\n<tr style=\"padding-left: 40px;\">\n<td style=\"padding-left: 40px;\" colspan=\"2\" width=\"665\"><strong><span style=\"color: #000000;\">Laserleistung<\/span><\/strong><\/td>\n<td style=\"padding-left: 40px;\" width=\"953\"><span style=\"color: #000000;\">1000-3000W(wahlweise)<\/span><\/td>\n<\/tr>\n<tr style=\"padding-left: 40px;\">\n<td style=\"padding-left: 40px;\" colspan=\"2\" width=\"665\"><strong><span style=\"color: #000000;\">Pr\u00e4zision in der Verarbeitung<\/span><\/strong><\/td>\n<td style=\"padding-left: 40px;\" width=\"953\"><span style=\"color: #000000;\">\u00b10,1mm<\/span><\/td>\n<\/tr>\n<tr style=\"padding-left: 40px;\">\n<td style=\"padding-left: 40px;\" colspan=\"2\" width=\"665\"><strong><span style=\"color: #000000;\">L\u00e4nge des Auslaufs<\/span><\/strong><\/td>\n<td style=\"padding-left: 40px;\" width=\"953\"><span style=\"color: #000000;\">\u226430mm<\/span><\/td>\n<\/tr>\n<tr style=\"padding-left: 40px;\">\n<td style=\"padding-left: 40px;\" colspan=\"2\" width=\"665\"><strong><span style=\"color: #000000;\">Abmessungen der Ausr\u00fcstung<\/span><\/strong><\/td>\n<td style=\"padding-left: 40px;\" width=\"953\"><span style=\"color: #000000;\">\u22489200x2900x2100mm<\/span><\/td>\n<\/tr>\n<tr style=\"padding-left: 40px;\">\n<td style=\"padding-left: 40px;\" colspan=\"2\" width=\"665\"><strong><span style=\"color: #000000;\">Schneiddurchmesser von Rundrohr<\/span><\/strong><\/td>\n<td style=\"padding-left: 40px;\" width=\"953\"><span style=\"color: #000000;\">\u03a620~140mm<\/span><\/td>\n<\/tr>\n<tr style=\"padding-left: 40px;\">\n<td style=\"padding-left: 40px;\" colspan=\"2\" width=\"665\"><strong><span style=\"color: #000000;\">Maximale L\u00e4nge des bearbeiteten Rohrs<\/span><\/strong><\/td>\n<td style=\"padding-left: 40px;\" width=\"953\"><span style=\"color: #000000;\">\u22646500mm<\/span><\/td>\n<\/tr>\n<tr style=\"padding-left: 40px;\">\n<td style=\"padding-left: 40px;\" colspan=\"2\" width=\"665\"><strong><span style=\"color: #000000;\">Material schneiden<\/span><\/strong><\/td>\n<td style=\"padding-left: 40px;\" width=\"953\"><span style=\"color: #000000;\">Rostfreier Stahl, Kohlenstoffstahl, Aluminium, Kupfer, Eisen<\/span><\/td>\n<\/tr>\n<tr style=\"padding-left: 40px;\">\n<td style=\"padding-left: 40px;\" colspan=\"2\" width=\"665\"><strong><span style=\"color: #000000;\">Schneidrohr Typ<\/span><\/strong><\/td>\n<td style=\"padding-left: 40px;\" width=\"953\"><span style=\"color: #000000;\">Rundes Rohr, Quadratisches Rohr, Rechteckiges Rohr, Taillenf\u00f6rmiges Rohr<\/span><\/td>\n<\/tr>\n<\/tbody>\n<\/table>\n<p>&nbsp;<\/p>\n<h4><span style=\"color: #000000;\"><strong>&gt; <\/strong><strong>Branchenf\u00fchrende Anwendungen:<\/strong><\/span><\/h4>\n<p>&nbsp;<\/p>\n<ul>\n<li><span style=\"color: #000000;\"><strong>\u25c6Medizinische Ger\u00e4te<\/strong>: Implantatstents, Schl\u00e4uche f\u00fcr chirurgische Instrumente<\/span><\/li>\n<\/ul>\n<p>&nbsp;<\/p>\n<ul>\n<li><span style=\"color: #000000;\"><strong>\u25c6Luft- und Raumfahrt<\/strong>: Hydraulische Leitungen, Sensorgeh\u00e4use<\/span><\/li>\n<\/ul>\n<p>&nbsp;<\/p>\n<ul>\n<li><span style=\"color: #000000;\"><strong>\u25c6Automotive<\/strong>: Einspritzleitungen, Auspuffanlagen<\/span><\/li>\n<\/ul>\n<p>&nbsp;<\/p>\n<ul>\n<li><span style=\"color: #000000;\"><strong>\u25c6Pr\u00e4zisionstechnik<\/strong>: Halterungen f\u00fcr optische Ger\u00e4te, Fl\u00fcssigkeitstransportsysteme<\/span><\/li>\n<\/ul>\n<p>&nbsp;<\/p>\n<p>&nbsp;<\/p>","protected":false},"excerpt":{"rendered":"<p><span style=\"color: #000000;\"><strong>D-Serie vollautomatischer Faserlaser-Rohrschneider | \u00b10,1mm Pr\u00e4zision &amp; \u226430mm Restst\u00fccke<\/strong><\/span><\/p>\n<p><span style=\"color: #000000;\">Automatischer Rohrlaserschneider in Industriequalit\u00e4t mit patentierter Abfallabsaugung, \u00b10,1 mm Genauigkeit, \u226430 mm Abfall und einer Schneidgeschwindigkeit von 1 St\u00fcck\/Sek.<\/span><\/p>","protected":false},"featured_media":1136,"template":"","meta":[],"product_brand":[],"product_cat":[39,23],"product_tag":[],"class_list":{"0":"post-1130","1":"product","2":"type-product","3":"status-publish","4":"has-post-thumbnail","6":"product_cat-tube-fiber-laser-cutter","7":"product_cat-laser-machine","9":"first","10":"instock","11":"shipping-taxable","12":"product-type-simple"},"_links":{"self":[{"href":"https:\/\/shiguanglaser.com\/de\/wp-json\/wp\/v2\/product\/1130","targetHints":{"allow":["GET"]}}],"collection":[{"href":"https:\/\/shiguanglaser.com\/de\/wp-json\/wp\/v2\/product"}],"about":[{"href":"https:\/\/shiguanglaser.com\/de\/wp-json\/wp\/v2\/types\/product"}],"wp:featuredmedia":[{"embeddable":true,"href":"https:\/\/shiguanglaser.com\/de\/wp-json\/wp\/v2\/media\/1136"}],"wp:attachment":[{"href":"https:\/\/shiguanglaser.com\/de\/wp-json\/wp\/v2\/media?parent=1130"}],"wp:term":[{"taxonomy":"product_brand","embeddable":true,"href":"https:\/\/shiguanglaser.com\/de\/wp-json\/wp\/v2\/product_brand?post=1130"},{"taxonomy":"product_cat","embeddable":true,"href":"https:\/\/shiguanglaser.com\/de\/wp-json\/wp\/v2\/product_cat?post=1130"},{"taxonomy":"product_tag","embeddable":true,"href":"https:\/\/shiguanglaser.com\/de\/wp-json\/wp\/v2\/product_tag?post=1130"}],"curies":[{"name":"wp","href":"https:\/\/api.w.org\/{rel}","templated":true}]}}