{"id":1123,"date":"2025-06-19T08:58:13","date_gmt":"2025-06-19T08:58:13","guid":{"rendered":"https:\/\/shiguanglaser.com\/?post_type=product&#038;p=1123"},"modified":"2025-07-03T14:47:21","modified_gmt":"2025-07-03T14:47:21","slug":"dx-series-precision-3d-laser-tube-cutting-machine","status":"publish","type":"product","link":"https:\/\/shiguanglaser.com\/de\/dx-series-precision-3d-laser-tube-cutting-machine\/","title":{"rendered":"DX-Serie Pr\u00e4zisions-3D-Laser-Rohrschneidemaschine"},"content":{"rendered":"<h2 class=\"section-title\"><span style=\"color: #477ff6;\"><strong>\u25b8 Produkteinf\u00fchrung<\/strong><\/span><\/h2>\n<hr class=\"blue-line\" \/>\n<p>&nbsp;<\/p>\n<p style=\"padding-left: 40px;\"><span style=\"color: #000000;\"><strong>DX-Serie Pr\u00e4zisions-3D-Laser-Rohrschneidemaschine<\/strong>\u00a0liefert\u00a0<strong>\u00b10,1 mm industrietaugliche Genauigkeit<\/strong>\u00a0f\u00fcr kritische Anwendungen in der Luft- und Raumfahrt, der Medizintechnik und der Automobilherstellung. Entwickelt f\u00fcr die Verarbeitung\u00a0<strong>runde Rohre (\u03a65-365mm)<\/strong>,\u00a0<strong>quadratische\/rechteckige Rohre (5\u00d75-365x365mm)<\/strong>und\u00a0<strong>ovale Rohre<\/strong>\u00a0bis zu\u00a0<strong>6.500 mm lang<\/strong>Dieses System minimiert den Materialabfall mit\u00a0<strong>\u226460mm Bergematerial<\/strong>.<\/span><\/p>\n<p>&nbsp;<\/p>\n<h2 class=\"section-title\"><strong><span style=\"color: #477ff6;\">\u25b8 Produktmerkmale<\/span><\/strong><\/h2>\n<hr class=\"blue-line\" \/>\n<p>&nbsp;<\/p>\n<p style=\"padding-left: 40px;\">\u2705\u00a0<span style=\"color: #000000;\"><strong>Nullstellung Umschaltung<\/strong>: Nahtloser Wechsel zwischen runden, quadratischen, rechteckigen und ovalen Rohren.<\/span><\/p>\n<p style=\"padding-left: 40px;\"><span style=\"color: #000000;\">\u2705\u00a0<strong>Hochgeschwindigkeitsschneiden<\/strong>6000W Faserlaser schneidet 6mm Kohlenstoffstahl bei 18m\/min.<\/span><\/p>\n<p style=\"padding-left: 40px;\"><span style=\"color: #000000;\">\u2705\u00a0<strong>Kollisionssicherer 3D-Kopf<\/strong>: Automatische H\u00f6heneinstellung f\u00fcr Schr\u00e4gschnitte und Fasen.<\/span><\/p>\n<p style=\"padding-left: 40px;\"><span style=\"color: #000000;\">\u2705\u00a0<strong>Energie-Effizienz<\/strong>: 40% niedrigerer Stromverbrauch im Vergleich zu CO\u2082-Lasern.<\/span><\/p>\n<p style=\"padding-left: 40px;\"><span style=\"color: #000000;\"><strong>\u2705Geschlossene Regelung<\/strong>: Die lineare Encoder-R\u00fcckmeldung gew\u00e4hrleistet eine Wiederholbarkeit von \u00b10,1 mm.<\/span><\/p>\n<p style=\"padding-left: 40px;\"><span style=\"color: #000000;\"><strong>\u2705AI-gest\u00fctzte Optimierung: Nesting-Software reduziert den Ausschuss um 25%.<\/strong><\/span><\/p>\n<p style=\"padding-left: 40px;\"><span style=\"color: #000000;\"><strong>\u2705<\/strong><strong>Modularer Aufbau<\/strong>: Integriert mit automatischen Ladeger\u00e4ten und IoT-\u00dcberwachung.<\/span><\/p>\n<p>&nbsp;<\/p>\n<h2 class=\"section-title\"><strong><span style=\"color: #477ff6;\">\u25b8 Produktparameter<\/span><\/strong><\/h2>\n<hr \/>\n<p>&nbsp;<\/p>\n<table style=\"height: 205px;\" width=\"1316\">\n<tbody>\n<tr>\n<td style=\"padding-left: 40px;\" width=\"559\"><strong><span style=\"color: #000000;\">Modell<\/span><\/strong><\/td>\n<td style=\"padding-left: 40px;\" colspan=\"2\" width=\"883\"><span style=\"color: #000000;\">DX-C13B\/C16B\/C22B\/C35B<\/span><\/td>\n<\/tr>\n<tr style=\"padding-left: 40px;\">\n<td style=\"padding-left: 40px;\" width=\"559\"><strong><span style=\"color: #000000;\">Laserleistung<\/span><\/strong><\/td>\n<td style=\"padding-left: 40px;\" colspan=\"2\" width=\"883\"><span style=\"color: #000000;\">1000-6000W (wahlweise)<\/span><\/td>\n<\/tr>\n<tr style=\"padding-left: 40px;\">\n<td style=\"padding-left: 40px;\" width=\"559\"><strong><span style=\"color: #000000;\">Pr\u00e4zision in der Verarbeitung<\/span><\/strong><\/td>\n<td style=\"padding-left: 40px;\" colspan=\"2\" width=\"883\"><span style=\"color: #000000;\">\u00b10,1mm<\/span><\/td>\n<\/tr>\n<tr style=\"padding-left: 40px;\">\n<td style=\"padding-left: 40px;\" width=\"559\"><strong><span style=\"color: #000000;\">L\u00e4nge des Auslaufs<\/span><\/strong><\/td>\n<td style=\"padding-left: 40px;\" colspan=\"2\" width=\"883\"><span style=\"color: #000000;\">\u226460mm<\/span><\/td>\n<\/tr>\n<tr style=\"padding-left: 40px;\">\n<td style=\"padding-left: 40px;\" width=\"559\"><strong><span style=\"color: #000000;\">Abmessungen der Ausr\u00fcstung<\/span><\/strong><\/td>\n<td style=\"padding-left: 40px;\" colspan=\"2\" width=\"883\"><span style=\"color: #000000;\">\u22489200x2900x2100mm (L\u00d7B\u00d7H)<\/span><\/td>\n<\/tr>\n<tr style=\"padding-left: 40px;\">\n<td style=\"padding-left: 40px;\" width=\"559\"><strong><span style=\"color: #000000;\">Schneiddurchmesser von Rundrohr<\/span><\/strong><\/td>\n<td style=\"padding-left: 40px;\" colspan=\"2\" width=\"883\"><span style=\"color: #000000;\">\u03a65~365mm<\/span><\/td>\n<\/tr>\n<tr style=\"padding-left: 40px;\">\n<td style=\"padding-left: 40px;\" width=\"559\"><strong><span style=\"color: #000000;\">Schnittdurchmesser von Vierkantrohr<\/span><\/strong><\/td>\n<td style=\"padding-left: 40px;\" colspan=\"2\" width=\"883\"><span style=\"color: #000000;\">5*5~365*365mm<\/span><\/td>\n<\/tr>\n<tr style=\"padding-left: 40px;\">\n<td style=\"padding-left: 40px;\" width=\"559\"><strong><span style=\"color: #000000;\">Maximale L\u00e4nge des bearbeiteten Rohrs<\/span><\/strong><\/td>\n<td style=\"padding-left: 40px;\" colspan=\"2\" width=\"883\"><span style=\"color: #000000;\">\u22646500mm<\/span><\/td>\n<\/tr>\n<tr style=\"padding-left: 40px;\">\n<td style=\"padding-left: 40px;\" width=\"559\"><strong><span style=\"color: #000000;\">Material schneiden<\/span><\/strong><\/td>\n<td style=\"padding-left: 40px;\" colspan=\"2\" width=\"883\"><span style=\"color: #000000;\">Rostfreier Stahl, Kohlenstoffstahl, Aluminium, Kupfer, Eisen<\/span><\/td>\n<\/tr>\n<tr style=\"padding-left: 40px;\">\n<td style=\"padding-left: 40px;\" width=\"559\"><strong><span style=\"color: #000000;\">Schneidrohr Typ<\/span><\/strong><\/td>\n<td style=\"padding-left: 40px;\" colspan=\"2\" width=\"883\"><span style=\"color: #000000;\">Rundes Rohr, Quadratisches Rohr, Rechteckiges Rohr, Taillenf\u00f6rmiges Rohr<\/span><\/td>\n<\/tr>\n<\/tbody>\n<\/table>\n<p>&nbsp;<\/p>\n<p style=\"padding-left: 40px;\"><strong style=\"color: #000000;\">&gt; <span style=\"color: #000000;\">Kritische Anwendungen:<\/span><\/strong><\/p>\n<p>&nbsp;<\/p>\n<ul>\n<li style=\"list-style-type: none;\">\n<ul>\n<li><span style=\"color: #000000;\"><strong>\u25c6 Medizinische Implantate<\/strong>: Chirurgische Instrumentenschl\u00e4uche, Stentger\u00fcste<\/span><\/li>\n<\/ul>\n<\/li>\n<\/ul>\n<ul>\n<li style=\"list-style-type: none;\">\n<ul>\n<li><span style=\"color: #000000;\"><strong>\u25c6 Komponenten f\u00fcr die Luft- und Raumfahrt<\/strong>: Hydraulikleitungen, Kraftstoffsystemkan\u00e4le<\/span><\/li>\n<\/ul>\n<\/li>\n<\/ul>\n<ul>\n<li style=\"list-style-type: none;\">\n<ul>\n<li><span style=\"color: #000000;\"><strong>\u25c6 Fahrzeugsysteme<\/strong>: Auspuffrohre, Chassis-Verst\u00e4rkungen<\/span><\/li>\n<\/ul>\n<\/li>\n<\/ul>\n<ul>\n<li style=\"list-style-type: none;\">\n<ul>\n<li><span style=\"color: #000000;\"><strong>\u25c6 Industrielle Maschinen<\/strong>: Hydraulische Zylinder, F\u00f6rderrahmen<\/span><\/li>\n<\/ul>\n<\/li>\n<\/ul>\n<p>&nbsp;<\/p>","protected":false},"excerpt":{"rendered":"<p><span style=\"color: #000000;\"><strong>DX Serie Industrieller Faserlaser Rohrschneider | \u00b10,1mm Pr\u00e4zision f\u00fcr Rohre \u03a65-365mm<\/strong><\/span><\/p>\n<p><span style=\"color: #000000;\">Hochpr\u00e4ziser 3D-Laser-Rohrschneider mit einer Toleranz von \u00b10,1 mm, \u226460 mm Verschnitt und einem maximalen Rohrdurchmesser von 365 mm. Verarbeitet Edelstahl\/Kohlenstoffstahl, Aluminium, Kupfer.<\/span><\/p>","protected":false},"featured_media":1128,"template":"","meta":[],"product_brand":[],"product_cat":[23,39],"product_tag":[],"class_list":{"0":"post-1123","1":"product","2":"type-product","3":"status-publish","4":"has-post-thumbnail","6":"product_cat-laser-machine","7":"product_cat-tube-fiber-laser-cutter","9":"first","10":"instock","11":"shipping-taxable","12":"product-type-simple"},"_links":{"self":[{"href":"https:\/\/shiguanglaser.com\/de\/wp-json\/wp\/v2\/product\/1123","targetHints":{"allow":["GET"]}}],"collection":[{"href":"https:\/\/shiguanglaser.com\/de\/wp-json\/wp\/v2\/product"}],"about":[{"href":"https:\/\/shiguanglaser.com\/de\/wp-json\/wp\/v2\/types\/product"}],"wp:featuredmedia":[{"embeddable":true,"href":"https:\/\/shiguanglaser.com\/de\/wp-json\/wp\/v2\/media\/1128"}],"wp:attachment":[{"href":"https:\/\/shiguanglaser.com\/de\/wp-json\/wp\/v2\/media?parent=1123"}],"wp:term":[{"taxonomy":"product_brand","embeddable":true,"href":"https:\/\/shiguanglaser.com\/de\/wp-json\/wp\/v2\/product_brand?post=1123"},{"taxonomy":"product_cat","embeddable":true,"href":"https:\/\/shiguanglaser.com\/de\/wp-json\/wp\/v2\/product_cat?post=1123"},{"taxonomy":"product_tag","embeddable":true,"href":"https:\/\/shiguanglaser.com\/de\/wp-json\/wp\/v2\/product_tag?post=1123"}],"curies":[{"name":"wp","href":"https:\/\/api.w.org\/{rel}","templated":true}]}}