{"id":1110,"date":"2025-06-19T06:54:39","date_gmt":"2025-06-19T06:54:39","guid":{"rendered":"https:\/\/shiguanglaser.com\/?post_type=product&#038;p=1110"},"modified":"2025-07-03T14:46:55","modified_gmt":"2025-07-03T14:46:55","slug":"xsk8gt-high-thrust-embedded-screw-module-for-3d-laser-tube-cutting-machines","status":"publish","type":"product","link":"https:\/\/shiguanglaser.com\/de\/xsk8gt-high-thrust-embedded-screw-module-for-3d-laser-tube-cutting-machines\/","title":{"rendered":"XSK8GT Modul f\u00fcr eingebettete Schrauben mit hoher Schubkraft f\u00fcr 3D-Laser-Rohrschneidmaschinen"},"content":{"rendered":"<h1 class=\"section-title\"><span style=\"color: #477ff6;\"><strong>\u25b8 Produkteinf\u00fchrung<\/strong><\/span><\/h1>\n<hr class=\"blue-line\" \/>\n<p>&nbsp;<\/p>\n<p style=\"padding-left: 40px;\"><span style=\"color: #000000;\"><span class=\"\" data-slate-leaf=\"true\">Das XSK5GT-Modul verf\u00fcgt \u00fcber eine <\/span><span class=\"\" data-slate-leaf=\"true\"><strong class=\"slate-bold\" data-slate-leaf=\"true\">staubdichte Struktur aus rostfreiem Stahlband<\/strong><\/span><span class=\"\" data-slate-leaf=\"true\"> Er erreicht IP54 Spritzwasserschutz, was f\u00fcr die Herstellung von medizinischen Ger\u00e4ten und Elektronik entscheidend ist. Mit einer Wiederholgenauigkeit von \u00b10,01 mm und einer maximalen Geschwindigkeit von 500 mm\/s (10 mm Steigung) unterst\u00fctzt er <\/span><span class=\"\" data-slate-leaf=\"true\"><strong class=\"slate-bold\" data-slate-leaf=\"true\">100-W-Servomotoren<\/strong><\/span><span class=\"\" data-slate-leaf=\"true\"> von Mitsubishi (HG-KR13), Panasonic (MSMD012G1U) und Delta. Zu den Anwendungen geh\u00f6ren das Schneiden von Halbleiterwafern und die Gravur optischer Komponenten, bei denen die Kontaminationskontrolle von gr\u00f6\u00dfter Bedeutung ist.<\/span><\/span><\/p>\n<p>&nbsp;<\/p>\n<h2 class=\"section-title\"><strong><span style=\"color: #477ff6;\">\u25b8 Produktmerkmale<\/span><\/strong><\/h2>\n<hr class=\"blue-line\" \/>\n<h4><\/h4>\n<p style=\"padding-left: 40px;\"><span style=\"color: #000000;\"><strong>Die Gleisstruktur wird mit Hilfe der Finite-Elemente-Methode analysiert, um die beste Steifigkeit und Qualit\u00e4t zu erreichen.<\/strong><\/span><\/p>\n<p>&nbsp;<\/p>\n<ul>\n<li style=\"list-style-type: none;\">\n<ul>\n<li><span style=\"color: #000000;\"><strong>\u2705 Geringe Gr\u00f6\u00dfe, geringes Gewicht, einfach zu installieren und zu warten<\/strong><\/span><\/li>\n<\/ul>\n<\/li>\n<li style=\"list-style-type: none;\">\n<ul>\n<li><strong><span style=\"color: #000000;\">\u2705 Hohe Steifigkeit, hohe Pr\u00e4zision, hohe Belastung, hohe Zuverl\u00e4ssigkeit<\/span><\/strong><\/li>\n<\/ul>\n<\/li>\n<li style=\"list-style-type: none;\">\n<ul>\n<li><strong><span style=\"color: #000000;\">\u2705 Hohe Verschlei\u00dffestigkeit, lange Lebensdauer<\/span><\/strong><\/li>\n<\/ul>\n<\/li>\n<li style=\"list-style-type: none;\">\n<ul>\n<li><strong><span style=\"color: #000000;\">\u2705 Edelstahl mit staubdichter Struktur, staubdicht und spritzwassergesch\u00fctzt.<\/span><\/strong><\/li>\n<\/ul>\n<\/li>\n<\/ul>\n<p>&nbsp;<\/p>\n<p>&nbsp;<\/p>\n<h2 class=\"section-title\"><strong><span style=\"color: #477ff6;\">\u25b8 Produktparameter<\/span><\/strong><\/h2>\n<hr class=\"blue-line\" \/>\n<h3><\/h3>\n<p style=\"padding-left: 40px;\"><span style=\"color: #000000;\"><strong>XSK5GT mit 100W Servomotor Parameterliste<\/strong><\/span><\/p>\n<p>&nbsp;<\/p>\n<p style=\"padding-left: 40px;\"><span style=\"color: #000000;\"><strong>&gt;XSK5GT Parameter<\/strong><\/span><\/p>\n<p style=\"padding-left: 40px;\"><img fetchpriority=\"high\" decoding=\"async\" class=\"alignnone wp-image-1083\" src=\"https:\/\/shiguanglaser.com\/wp-content\/uploads\/2025\/06\/58e9370acd7851ab5d5467900c7bd02-300x95.png\" alt=\"\" width=\"798\" height=\"253\" srcset=\"https:\/\/shiguanglaser.com\/wp-content\/uploads\/2025\/06\/58e9370acd7851ab5d5467900c7bd02-300x95.png 300w, https:\/\/shiguanglaser.com\/wp-content\/uploads\/2025\/06\/58e9370acd7851ab5d5467900c7bd02-600x190.png 600w, https:\/\/shiguanglaser.com\/wp-content\/uploads\/2025\/06\/58e9370acd7851ab5d5467900c7bd02-1024x324.png 1024w, https:\/\/shiguanglaser.com\/wp-content\/uploads\/2025\/06\/58e9370acd7851ab5d5467900c7bd02-768x243.png 768w, https:\/\/shiguanglaser.com\/wp-content\/uploads\/2025\/06\/58e9370acd7851ab5d5467900c7bd02.png 1499w\" sizes=\"(max-width: 798px) 100vw, 798px\" \/><\/p>\n<p style=\"padding-left: 40px;\"><span style=\"color: #000000;\"><strong>&gt;Konfigurations- und Basisparametertabelle (Einheit:mm)<\/strong><\/span><\/p>\n<p style=\"padding-left: 40px;\"><img decoding=\"async\" class=\"alignnone wp-image-1084\" src=\"https:\/\/shiguanglaser.com\/wp-content\/uploads\/2025\/06\/f3ca05556eb4e810c13784c18bb06fb-300x68.png\" alt=\"\" width=\"811\" height=\"184\" srcset=\"https:\/\/shiguanglaser.com\/wp-content\/uploads\/2025\/06\/f3ca05556eb4e810c13784c18bb06fb-300x68.png 300w, https:\/\/shiguanglaser.com\/wp-content\/uploads\/2025\/06\/f3ca05556eb4e810c13784c18bb06fb-600x135.png 600w, https:\/\/shiguanglaser.com\/wp-content\/uploads\/2025\/06\/f3ca05556eb4e810c13784c18bb06fb-768x173.png 768w, https:\/\/shiguanglaser.com\/wp-content\/uploads\/2025\/06\/f3ca05556eb4e810c13784c18bb06fb-1536x346.png 1536w\" sizes=\"(max-width: 811px) 100vw, 811px\" \/><\/p>\n<p style=\"padding-left: 40px;\"><span style=\"color: #000000;\"><strong>&gt;Schaltplan f\u00fcr den Sensor<\/strong><\/span><\/p>\n<p style=\"padding-left: 40px;\"><img decoding=\"async\" class=\"alignnone wp-image-1085\" src=\"https:\/\/shiguanglaser.com\/wp-content\/uploads\/2025\/06\/26c53cdd2c197e0aac90a66b11fd5e8-300x128.png\" alt=\"\" width=\"852\" height=\"364\" srcset=\"https:\/\/shiguanglaser.com\/wp-content\/uploads\/2025\/06\/26c53cdd2c197e0aac90a66b11fd5e8-300x128.png 300w, https:\/\/shiguanglaser.com\/wp-content\/uploads\/2025\/06\/26c53cdd2c197e0aac90a66b11fd5e8-600x255.png 600w, https:\/\/shiguanglaser.com\/wp-content\/uploads\/2025\/06\/26c53cdd2c197e0aac90a66b11fd5e8-1024x436.png 1024w, https:\/\/shiguanglaser.com\/wp-content\/uploads\/2025\/06\/26c53cdd2c197e0aac90a66b11fd5e8-768x327.png 768w\" sizes=\"(max-width: 852px) 100vw, 852px\" \/><\/p>\n<p style=\"padding-left: 40px;\"><span style=\"color: #000000;\"><strong>&gt;Tabelle der zul\u00e4ssigen Lastmomente\uff08Einheit:mm\uff09<\/strong><\/span><\/p>\n<p style=\"padding-left: 40px;\"><span style=\"color: #000000;\">\u00a0<\/span><img loading=\"lazy\" decoding=\"async\" class=\"alignnone wp-image-1086\" src=\"https:\/\/shiguanglaser.com\/wp-content\/uploads\/2025\/06\/2493b41890388c459b87249c3d56201-300x141.png\" alt=\"\" width=\"859\" height=\"404\" srcset=\"https:\/\/shiguanglaser.com\/wp-content\/uploads\/2025\/06\/2493b41890388c459b87249c3d56201-300x141.png 300w, https:\/\/shiguanglaser.com\/wp-content\/uploads\/2025\/06\/2493b41890388c459b87249c3d56201-600x282.png 600w, https:\/\/shiguanglaser.com\/wp-content\/uploads\/2025\/06\/2493b41890388c459b87249c3d56201-1024x481.png 1024w, https:\/\/shiguanglaser.com\/wp-content\/uploads\/2025\/06\/2493b41890388c459b87249c3d56201-768x361.png 768w, https:\/\/shiguanglaser.com\/wp-content\/uploads\/2025\/06\/2493b41890388c459b87249c3d56201.png 1431w\" sizes=\"(max-width: 859px) 100vw, 859px\" \/><\/p>\n<p style=\"padding-left: 40px;\"><span style=\"color: #000000;\"><strong>&gt;Statische zul\u00e4ssige Lasttr\u00e4gheit<\/strong><\/span><\/p>\n<h3 style=\"padding-left: 40px;\"><img loading=\"lazy\" decoding=\"async\" class=\"alignnone wp-image-1087\" src=\"https:\/\/shiguanglaser.com\/wp-content\/uploads\/2025\/06\/c574d154e9eb479cabd71c82030c689-300x101.png\" alt=\"\" width=\"861\" height=\"290\" srcset=\"https:\/\/shiguanglaser.com\/wp-content\/uploads\/2025\/06\/c574d154e9eb479cabd71c82030c689-300x101.png 300w, https:\/\/shiguanglaser.com\/wp-content\/uploads\/2025\/06\/c574d154e9eb479cabd71c82030c689-600x202.png 600w, https:\/\/shiguanglaser.com\/wp-content\/uploads\/2025\/06\/c574d154e9eb479cabd71c82030c689-1024x345.png 1024w, https:\/\/shiguanglaser.com\/wp-content\/uploads\/2025\/06\/c574d154e9eb479cabd71c82030c689-768x259.png 768w, https:\/\/shiguanglaser.com\/wp-content\/uploads\/2025\/06\/c574d154e9eb479cabd71c82030c689.png 1235w\" sizes=\"(max-width: 861px) 100vw, 861px\" \/><\/h3>\n<p style=\"padding-left: 40px;\"><span style=\"color: #000000;\"><strong>&gt;Liste kompatibler Servomotoren<\/strong><\/span><\/p>\n<p style=\"padding-left: 40px;\"><img loading=\"lazy\" decoding=\"async\" class=\"alignnone wp-image-1088\" src=\"https:\/\/shiguanglaser.com\/wp-content\/uploads\/2025\/06\/2884602eca0f692d2f008d00cca0775-300x55.png\" alt=\"\" width=\"855\" height=\"157\" srcset=\"https:\/\/shiguanglaser.com\/wp-content\/uploads\/2025\/06\/2884602eca0f692d2f008d00cca0775-300x55.png 300w, https:\/\/shiguanglaser.com\/wp-content\/uploads\/2025\/06\/2884602eca0f692d2f008d00cca0775-600x111.png 600w, https:\/\/shiguanglaser.com\/wp-content\/uploads\/2025\/06\/2884602eca0f692d2f008d00cca0775-1024x189.png 1024w, https:\/\/shiguanglaser.com\/wp-content\/uploads\/2025\/06\/2884602eca0f692d2f008d00cca0775-768x142.png 768w, https:\/\/shiguanglaser.com\/wp-content\/uploads\/2025\/06\/2884602eca0f692d2f008d00cca0775-1536x284.png 1536w, https:\/\/shiguanglaser.com\/wp-content\/uploads\/2025\/06\/2884602eca0f692d2f008d00cca0775.png 1710w\" sizes=\"(max-width: 855px) 100vw, 855px\" \/><\/p>\n<p>&nbsp;<\/p>\n<p>&nbsp;<\/p>","protected":false},"excerpt":{"rendered":"<p><span style=\"color: #000000;\"><strong>XSK8GT Eingebettetes Schraubenmodul mit hoher Schubkraft\u00a0<\/strong><\/span><\/p>\n<p><span class=\"\" style=\"color: #000000;\" data-slate-leaf=\"true\" data-slate-fragment=\"JTVCJTdCJTIyaW5kZW50JTIyJTNBMSUyQyUyMm9yaWdpbkxpc3ROb2RlJTIyJTNBdHJ1ZSUyQyUyMmxpc3RTdHlsZVR5cGUlMjIlM0ElMjJkaXNjJTIyJTJDJTIydHlwZSUyMiUzQSUyMnAlMjIlMkMlMjJjaGlsZHJlbiUyMiUzQSU1QiU3QiUyMnRleHQlMjIlM0ElMjJJUC1yYXRlZCUyMGR1c3Rwcm9vZiUyMG1vZHVsZSUyMHdpdGglMjA1MDBtbSUyRnNlYyUyMHNwZWVkJTIwYW5kJTIwTWl0c3ViaXNoaSUyRlBhbmFzb25pYyUyMHNlcnZvJTIwY29tcGF0aWJpbGl0eSUyMGZvciUyMGNsZWFucm9vbS1jb21wYXRpYmxlJTIwbGFzZXIlMjBzeXN0ZW1zLiUyMCUyMiU3RCU1RCUyQyUyMmlkJTIyJTNBJTIya2RiMHAlMjIlN0QlNUQ=\">Kompaktes 54 mm breites Linearmodul mit integriertem Spindelantrieb, staubdichter Edelstahlstruktur und 30 kg H\u00f6chstlast. Ideal f\u00fcr die Pr\u00e4zisionsautomatisierung. IP-gesch\u00fctztes, staubdichtes Modul mit 500 mm\/s Geschwindigkeit und Mitsubishi\/Panasonic-Servokompatibilit\u00e4t f\u00fcr reinraumtaugliche Lasersysteme. <\/span><\/p>\n<p>&nbsp;<\/p>","protected":false},"featured_media":1093,"template":"","meta":[],"product_brand":[],"product_cat":[30],"product_tag":[],"class_list":{"0":"post-1110","1":"product","2":"type-product","3":"status-publish","4":"has-post-thumbnail","6":"product_cat-module","8":"first","9":"instock","10":"shipping-taxable","11":"product-type-simple"},"_links":{"self":[{"href":"https:\/\/shiguanglaser.com\/de\/wp-json\/wp\/v2\/product\/1110","targetHints":{"allow":["GET"]}}],"collection":[{"href":"https:\/\/shiguanglaser.com\/de\/wp-json\/wp\/v2\/product"}],"about":[{"href":"https:\/\/shiguanglaser.com\/de\/wp-json\/wp\/v2\/types\/product"}],"wp:featuredmedia":[{"embeddable":true,"href":"https:\/\/shiguanglaser.com\/de\/wp-json\/wp\/v2\/media\/1093"}],"wp:attachment":[{"href":"https:\/\/shiguanglaser.com\/de\/wp-json\/wp\/v2\/media?parent=1110"}],"wp:term":[{"taxonomy":"product_brand","embeddable":true,"href":"https:\/\/shiguanglaser.com\/de\/wp-json\/wp\/v2\/product_brand?post=1110"},{"taxonomy":"product_cat","embeddable":true,"href":"https:\/\/shiguanglaser.com\/de\/wp-json\/wp\/v2\/product_cat?post=1110"},{"taxonomy":"product_tag","embeddable":true,"href":"https:\/\/shiguanglaser.com\/de\/wp-json\/wp\/v2\/product_tag?post=1110"}],"curies":[{"name":"wp","href":"https:\/\/api.w.org\/{rel}","templated":true}]}}