{"id":1071,"date":"2025-06-18T09:48:29","date_gmt":"2025-06-18T09:48:29","guid":{"rendered":"https:\/\/shiguanglaser.com\/?post_type=product&#038;p=1071"},"modified":"2025-07-03T14:45:48","modified_gmt":"2025-07-03T14:45:48","slug":"xsk-kk-series-steel-linear-guide-module","status":"publish","type":"product","link":"https:\/\/shiguanglaser.com\/de\/xsk-kk-series-steel-linear-guide-module\/","title":{"rendered":"Stahl-Linearf\u00fchrungsmodule der Serie XSK-KK | Hochsteife Mehrachsen-Bewegungssysteme"},"content":{"rendered":"<h1 class=\"section-title\"><span style=\"color: #477ff6;\"><strong>\u25b8 Produkteinf\u00fchrung<\/strong><\/span><\/h1>\n<hr class=\"blue-line\" \/>\n<p>&nbsp;<\/p>\n<p style=\"padding-left: 40px;\"><strong><span style=\"color: #000000;\">XISKO-KK Serie Stahlmodule<\/span> <\/strong>kombinieren hohe Steifigkeit, Leichtbauweise und Pr\u00e4zisionstechnik f\u00fcr die industrielle Automatisierung. Diese Module sind in den Breiten 40 mm (KK40K), 50 mm (KK50K), 60 mm (KK60K) und 86 mm (KK86K) erh\u00e4ltlich und unterst\u00fctzen Schienenl\u00e4ngen von bis zu 940 mm sowie Konfigurationen mit mehreren Schlitten. Zu den wichtigsten Merkmalen geh\u00f6ren die einfache Installation, die optimierte Steifigkeit durch Finite-Elemente-Analyse und die Kompatibilit\u00e4t mit Kugelumlaufspindeln (1-20 mm).<\/p>\n<p style=\"padding-left: 40px;\"><span style=\"color: #000000;\"><strong>Anwendungen<\/strong><\/span> Dazu geh\u00f6ren Pr\u00e4zisions-CNC-Ausr\u00fcstung, automatisierte Montagelinien und die Herstellung von Lithiumbatterien. Die Optionen umfassen Motorintegration (mit\/ohne Bremsen), Aluminium-\/Teleskopabdeckungen und Pr\u00e4zisionsklassen (P\/C). Die Module halten anspruchsvollen Umgebungen stand und sind mit \u00d6labstreifern und Fettanschl\u00fcssen ausgestattet, die eine langfristige Stabilit\u00e4t gew\u00e4hrleisten. Kundenspezifische Motorflansche (Mitsubishi, Panasonic) und F\u00fchrungsblocktypen (Standard A, Light Load S) erh\u00f6hen die Flexibilit\u00e4t f\u00fcr Robotik und Materialtransport.<\/p>\n<h4 style=\"padding-left: 40px;\"><\/h4>\n<h4><\/h4>\n<p>&nbsp;<\/p>\n<p style=\"padding-left: 40px;\"><strong><span style=\"color: #000000;\">Die wichtigsten Merkmale sind:<\/span><\/strong><\/p>\n<ul>\n<li style=\"list-style-type: none;\">\n<ul>\n<li><span style=\"color: #000000;\">&gt;<\/span><span style=\"color: #000000;\"><strong>Motor Optionen<\/strong>: Belichtet (BC), nach links\/rechts\/unten gefaltet (BL\/BR\/BM).<\/span><\/li>\n<li><span style=\"color: #000000;\">&gt;<strong>Pr\u00e4zision<\/strong>: Standard- (C) oder Pr\u00e4zisionsklasse (P).<\/span><\/li>\n<li><span style=\"color: #000000;\">&gt;<strong>Tragf\u00e4higkeit<\/strong>: Bis zu 50kg (KK50K) mit Kugelumlaufspindel (1-20mm).<\/span><\/li>\n<li><span style=\"color: #000000;\">&gt;<strong>Versiegeln<\/strong>: Aluminium- (C) oder Teleskopabdeckungen (B) zum Schutz vor Verschmutzung.<\/span>&nbsp;<\/li>\n<\/ul>\n<\/li>\n<\/ul>\n<p>&nbsp;<\/p>\n<h2 class=\"section-title\"><strong><span style=\"color: #477ff6;\">\u25b8 Produktmerkmale<\/span><\/strong><\/h2>\n<hr class=\"blue-line\" \/>\n<p>&nbsp;<\/p>\n<p style=\"padding-left: 40px;\"><span style=\"color: #000000;\"><strong>Die Gleisstruktur wird mit Hilfe der Finite-Elemente-Methode analysiert, um die beste Steifigkeit und Qualit\u00e4t zu erreichen.<\/strong><\/span><\/p>\n<blockquote>\n<ul>\n<li><strong><span style=\"color: #000000;\">&gt; Geringe Gr\u00f6\u00dfe, geringes Gewicht, einfache Installation und Wartung<\/span><\/strong><\/li>\n<li><strong><span style=\"color: #000000;\">&gt; Hohe Steifigkeit, hohe Pr\u00e4zision, hohe Zuverl\u00e4ssigkeit<\/span><\/strong><\/li>\n<li><strong><span style=\"color: #000000;\">&gt; Hohe Verschlei\u00dffestigkeit, lange Lebensdauer<\/span><\/strong><\/li>\n<\/ul>\n<p>&nbsp;<\/p><\/blockquote>\n<h2 class=\"section-title\"><strong><span style=\"color: #477ff6;\">\u25b8 Produktparameter<\/span><\/strong><\/h2>\n<h3 style=\"padding-left: 40px;\">&gt; Lastangaben<\/h3>\n<p style=\"padding-left: 40px;\"><img fetchpriority=\"high\" decoding=\"async\" class=\"alignnone wp-image-1080\" src=\"https:\/\/shiguanglaser.com\/wp-content\/uploads\/2025\/06\/9cf346924dc436422b5fa9d7ad17b7f-300x83.png\" alt=\"\" width=\"802\" height=\"222\" srcset=\"https:\/\/shiguanglaser.com\/wp-content\/uploads\/2025\/06\/9cf346924dc436422b5fa9d7ad17b7f-300x83.png 300w, https:\/\/shiguanglaser.com\/wp-content\/uploads\/2025\/06\/9cf346924dc436422b5fa9d7ad17b7f-600x167.png 600w, https:\/\/shiguanglaser.com\/wp-content\/uploads\/2025\/06\/9cf346924dc436422b5fa9d7ad17b7f-1024x285.png 1024w, https:\/\/shiguanglaser.com\/wp-content\/uploads\/2025\/06\/9cf346924dc436422b5fa9d7ad17b7f-768x213.png 768w, https:\/\/shiguanglaser.com\/wp-content\/uploads\/2025\/06\/9cf346924dc436422b5fa9d7ad17b7f.png 1364w\" sizes=\"(max-width: 802px) 100vw, 802px\" \/><\/p>\n<p><img decoding=\"async\" class=\"alignnone wp-image-1081\" src=\"https:\/\/shiguanglaser.com\/wp-content\/uploads\/2025\/06\/XSK-KK-300x212.png\" alt=\"\" width=\"864\" height=\"611\" srcset=\"https:\/\/shiguanglaser.com\/wp-content\/uploads\/2025\/06\/XSK-KK-300x212.png 300w, https:\/\/shiguanglaser.com\/wp-content\/uploads\/2025\/06\/XSK-KK-600x424.png 600w, https:\/\/shiguanglaser.com\/wp-content\/uploads\/2025\/06\/XSK-KK-1024x724.png 1024w, https:\/\/shiguanglaser.com\/wp-content\/uploads\/2025\/06\/XSK-KK-768x543.png 768w, https:\/\/shiguanglaser.com\/wp-content\/uploads\/2025\/06\/XSK-KK-1536x1086.png 1536w, https:\/\/shiguanglaser.com\/wp-content\/uploads\/2025\/06\/XSK-KK.png 2000w\" sizes=\"(max-width: 864px) 100vw, 864px\" \/><\/p>\n<h3 style=\"padding-left: 40px;\">&gt; Pr\u00e4zisionsklasse<\/h3>\n<table style=\"height: 620px;\" width=\"698\">\n<tbody>\n<tr>\n<td rowspan=\"2\" width=\"73\"><strong><span style=\"color: #000000;\">\u00a0Modell<\/span><\/strong><\/td>\n<td rowspan=\"2\" width=\"73\"><strong><span style=\"color: #000000;\">L\u00e4nge der Strecke<\/span><\/strong><\/td>\n<td colspan=\"2\" width=\"212\"><strong><span style=\"color: #000000;\">Positionierung<\/span><\/strong><br \/>\n<strong><span style=\"color: #000000;\">Wiederholbarkeit<\/span><\/strong><\/td>\n<td colspan=\"2\" width=\"212\"><strong><span style=\"color: #000000;\">Positionierung<\/span><\/strong><br \/>\n<strong><span style=\"color: #000000;\">Pr\u00e4zision<\/span><\/strong><\/td>\n<td colspan=\"2\" width=\"212\"><strong><span style=\"color: #000000;\">Reisen <\/span><\/strong><br \/>\n<strong><span style=\"color: #000000;\">Parallelit\u00e4t<\/span><\/strong><\/td>\n<td colspan=\"2\" width=\"212\"><strong><span style=\"color: #000000;\">Maximales Anlaufmoment<\/span><\/strong><br \/>\n<strong><span style=\"color: #000000;\">(N-cm)<\/span><\/strong><\/td>\n<\/tr>\n<tr>\n<td width=\"106\"><strong><span style=\"color: #000000;\">Pr\u00e4zision<\/span><\/strong><\/td>\n<td width=\"106\"><strong><span style=\"color: #000000;\">Kriterium<\/span><\/strong><\/td>\n<td width=\"106\"><strong><span style=\"color: #000000;\">Pr\u00e4zision<\/span><\/strong><\/td>\n<td width=\"106\"><strong><span style=\"color: #000000;\">Kriterium<\/span><\/strong><\/td>\n<td width=\"106\"><strong><span style=\"color: #000000;\">Pr\u00e4zision<\/span><\/strong><\/td>\n<td width=\"106\"><strong><span style=\"color: #000000;\">Kriterium<\/span><\/strong><\/td>\n<td width=\"106\"><strong><span style=\"color: #000000;\">Pr\u00e4zision<\/span><\/strong><\/td>\n<td width=\"106\"><strong><span style=\"color: #000000;\">Kriterium<\/span><\/strong><\/td>\n<\/tr>\n<tr>\n<td rowspan=\"3\" width=\"73\"><strong><span style=\"color: #000000;\">KK40K<\/span><\/strong><\/td>\n<td width=\"73\"><strong><span style=\"color: #000000;\">100\u00a0<\/span><\/strong><\/td>\n<td rowspan=\"3\" width=\"106\"><strong><span style=\"color: #000000;\">\u00b10.003<\/span><\/strong><\/td>\n<td rowspan=\"3\" width=\"106\"><strong><span style=\"color: #000000;\">\u00a0 \u00b10.01<\/span><\/strong><\/td>\n<td rowspan=\"3\" width=\"106\"><strong><span style=\"color: #000000;\">0.02\u00a0<\/span><\/strong><\/td>\n<td rowspan=\"3\" width=\"106\"><strong><span style=\"color: #000000;\">&#8211;<\/span><\/strong><\/td>\n<td rowspan=\"3\" width=\"106\"><strong><span style=\"color: #000000;\">0.01\u00a0<\/span><\/strong><\/td>\n<td rowspan=\"3\" width=\"106\"><strong><span style=\"color: #000000;\">&#8211;<\/span><\/strong><\/td>\n<td rowspan=\"3\" width=\"106\"><strong><span style=\"color: #000000;\">1.2\u00a0<\/span><\/strong><\/td>\n<td rowspan=\"3\" width=\"106\"><strong><span style=\"color: #000000;\">0.8\u00a0<\/span><\/strong><\/td>\n<\/tr>\n<tr>\n<td width=\"73\"><strong><span style=\"color: #000000;\">150\u00a0<\/span><\/strong><\/td>\n<\/tr>\n<tr>\n<td width=\"73\"><strong><span style=\"color: #000000;\">200\u00a0<\/span><\/strong><\/td>\n<\/tr>\n<tr>\n<td rowspan=\"4\" width=\"73\"><strong><span style=\"color: #000000;\">KK50K<\/span><\/strong><\/td>\n<td width=\"73\"><strong><span style=\"color: #000000;\">150\u00a0<\/span><\/strong><\/td>\n<td rowspan=\"4\" width=\"106\"><strong><span style=\"color: #000000;\">\u00b10.003<\/span><\/strong><\/td>\n<td rowspan=\"4\" width=\"106\"><strong><span style=\"color: #000000;\">\u00a0 \u00b10.01<\/span><\/strong><\/td>\n<td rowspan=\"4\" width=\"106\"><strong><span style=\"color: #000000;\">0.02\u00a0<\/span><\/strong><\/td>\n<td rowspan=\"4\" width=\"106\"><strong><span style=\"color: #000000;\">&#8211;<\/span><\/strong><\/td>\n<td rowspan=\"4\" width=\"106\"><strong><span style=\"color: #000000;\">0.01\u00a0<\/span><\/strong><\/td>\n<td rowspan=\"4\" width=\"106\"><strong><span style=\"color: #000000;\">&#8211;<\/span><\/strong><\/td>\n<td rowspan=\"4\" width=\"106\"><strong><span style=\"color: #000000;\">4\u00a0<\/span><\/strong><\/td>\n<td rowspan=\"4\" width=\"106\"><strong><span style=\"color: #000000;\">2\u00a0<\/span><\/strong><\/td>\n<\/tr>\n<tr>\n<td width=\"73\"><strong><span style=\"color: #000000;\">200\u00a0<\/span><\/strong><\/td>\n<\/tr>\n<tr>\n<td width=\"73\"><strong><span style=\"color: #000000;\">250\u00a0<\/span><\/strong><\/td>\n<\/tr>\n<tr>\n<td width=\"73\"><strong><span style=\"color: #000000;\">300\u00a0<\/span><\/strong><\/td>\n<\/tr>\n<tr>\n<td rowspan=\"6\" width=\"73\"><strong><span style=\"color: #000000;\">KK60K<\/span><\/strong><\/td>\n<td width=\"73\"><strong><span style=\"color: #000000;\">150\u00a0<\/span><\/strong><\/td>\n<td rowspan=\"4\" width=\"106\"><strong><span style=\"color: #000000;\">\u00b10.003<\/span><\/strong><\/td>\n<td rowspan=\"4\" width=\"106\"><strong><span style=\"color: #000000;\">\u00a0 \u00b10.01<\/span><\/strong><\/td>\n<td rowspan=\"4\" width=\"106\"><strong><span style=\"color: #000000;\">0.02\u00a0<\/span><\/strong><\/td>\n<td rowspan=\"4\" width=\"106\"><strong><span style=\"color: #000000;\">&#8211;<\/span><\/strong><\/td>\n<td rowspan=\"4\" width=\"106\"><strong><span style=\"color: #000000;\">0.01\u00a0<\/span><\/strong><\/td>\n<td rowspan=\"4\" width=\"106\"><strong><span style=\"color: #000000;\">&#8211;<\/span><\/strong><\/td>\n<td rowspan=\"4\" width=\"106\"><strong><span style=\"color: #000000;\">15\u00a0<\/span><\/strong><\/td>\n<td rowspan=\"4\" width=\"106\"><strong><span style=\"color: #000000;\">7\u00a0<\/span><\/strong><\/td>\n<\/tr>\n<tr>\n<td width=\"73\"><strong><span style=\"color: #000000;\">200\u00a0<\/span><\/strong><\/td>\n<\/tr>\n<tr>\n<td width=\"73\"><strong><span style=\"color: #000000;\">300\u00a0<\/span><\/strong><\/td>\n<\/tr>\n<tr>\n<td width=\"73\"><strong><span style=\"color: #000000;\">400\u00a0<\/span><\/strong><\/td>\n<\/tr>\n<tr>\n<td width=\"73\"><strong><span style=\"color: #000000;\">500\u00a0<\/span><\/strong><\/td>\n<td rowspan=\"2\" width=\"106\"><strong><span style=\"color: #000000;\">\u00b10.003<\/span><\/strong><\/td>\n<td rowspan=\"2\" width=\"106\"><strong><span style=\"color: #000000;\">\u00a0 \u00b10.01<\/span><\/strong><\/td>\n<td rowspan=\"2\" width=\"106\"><strong><span style=\"color: #000000;\">0.025\u00a0<\/span><\/strong><\/td>\n<td rowspan=\"2\" width=\"106\"><strong><span style=\"color: #000000;\">&#8211;<\/span><\/strong><\/td>\n<td rowspan=\"2\" width=\"106\"><strong><span style=\"color: #000000;\">0.015\u00a0<\/span><\/strong><\/td>\n<td rowspan=\"2\" width=\"106\"><strong><span style=\"color: #000000;\">&#8211;<\/span><\/strong><\/td>\n<td rowspan=\"2\" width=\"106\"><strong><span style=\"color: #000000;\">15\u00a0<\/span><\/strong><\/td>\n<td rowspan=\"2\" width=\"106\"><strong><span style=\"color: #000000;\">7\u00a0<\/span><\/strong><\/td>\n<\/tr>\n<tr>\n<td width=\"73\"><strong><span style=\"color: #000000;\">600\u00a0<\/span><\/strong><\/td>\n<\/tr>\n<tr>\n<td rowspan=\"6\" width=\"73\"><strong><span style=\"color: #000000;\">KK86K<\/span><\/strong><\/td>\n<td width=\"73\"><strong><span style=\"color: #000000;\">340\u00a0<\/span><\/strong><\/td>\n<td rowspan=\"4\" width=\"106\"><strong><span style=\"color: #000000;\">\u00b10.003<\/span><\/strong><\/td>\n<td rowspan=\"4\" width=\"106\"><strong><span style=\"color: #000000;\">\u00a0 \u00b10.01<\/span><\/strong><\/td>\n<td rowspan=\"4\" width=\"106\"><strong><span style=\"color: #000000;\">0.025\u00a0<\/span><\/strong><\/td>\n<td rowspan=\"4\" width=\"106\"><strong><span style=\"color: #000000;\">&#8211;<\/span><\/strong><\/td>\n<td rowspan=\"4\" width=\"106\"><strong><span style=\"color: #000000;\">0.015\u00a0<\/span><\/strong><\/td>\n<td rowspan=\"4\" width=\"106\"><strong><span style=\"color: #000000;\">&#8211;<\/span><\/strong><\/td>\n<td rowspan=\"4\" width=\"106\"><strong><span style=\"color: #000000;\">15\u00a0<\/span><\/strong><\/td>\n<td rowspan=\"4\" width=\"106\"><strong><span style=\"color: #000000;\">10\u00a0<\/span><\/strong><\/td>\n<\/tr>\n<tr>\n<td width=\"73\"><strong><span style=\"color: #000000;\">440\u00a0<\/span><\/strong><\/td>\n<\/tr>\n<tr>\n<td width=\"73\"><strong><span style=\"color: #000000;\">540\u00a0<\/span><\/strong><\/td>\n<\/tr>\n<tr>\n<td width=\"73\"><strong><span style=\"color: #000000;\">640\u00a0<\/span><\/strong><\/td>\n<\/tr>\n<tr>\n<td width=\"73\"><strong><span style=\"color: #000000;\">740\u00a0<\/span><\/strong><\/td>\n<td width=\"106\"><strong><span style=\"color: #000000;\">\u00b10.003<\/span><\/strong><\/td>\n<td width=\"106\"><strong><span style=\"color: #000000;\">\u00a0 \u00b10.01<\/span><\/strong><\/td>\n<td width=\"106\"><strong><span style=\"color: #000000;\">0.03\u00a0<\/span><\/strong><\/td>\n<td width=\"106\"><strong><span style=\"color: #000000;\">&#8211;<\/span><\/strong><\/td>\n<td width=\"106\"><strong><span style=\"color: #000000;\">0.02\u00a0<\/span><\/strong><\/td>\n<td width=\"106\"><strong><span style=\"color: #000000;\">&#8211;<\/span><\/strong><\/td>\n<td width=\"106\"><strong><span style=\"color: #000000;\">17\u00a0<\/span><\/strong><\/td>\n<td width=\"106\"><strong><span style=\"color: #000000;\">10\u00a0<\/span><\/strong><\/td>\n<\/tr>\n<tr>\n<td width=\"73\"><strong><span style=\"color: #000000;\">940\u00a0<\/span><\/strong><\/td>\n<td width=\"106\"><strong><span style=\"color: #000000;\">\u00b10.003<\/span><\/strong><\/td>\n<td width=\"106\"><strong><span style=\"color: #000000;\">\u00a0 \u00b10.01<\/span><\/strong><\/td>\n<td width=\"106\"><strong><span style=\"color: #000000;\">0.04\u00a0<\/span><\/strong><\/td>\n<td width=\"106\"><strong><span style=\"color: #000000;\">&#8211;<\/span><\/strong><\/td>\n<td width=\"106\"><strong><span style=\"color: #000000;\">0.03\u00a0<\/span><\/strong><\/td>\n<td width=\"106\"><strong><span style=\"color: #000000;\">&#8211;<\/span><\/strong><\/td>\n<td width=\"106\"><strong><span style=\"color: #000000;\">25\u00a0<\/span><\/strong><\/td>\n<td width=\"106\"><strong><span style=\"color: #000000;\">10\u00a0<\/span><\/strong><\/td>\n<\/tr>\n<\/tbody>\n<\/table>\n<p>&nbsp;<\/p>\n<h3 style=\"padding-left: 40px;\">&gt; H\u00f6chstgeschwindigkeit<\/h3>\n<table style=\"height: 1005px;\" width=\"437\">\n<tbody>\n<tr>\n<td rowspan=\"2\" width=\"74\"><strong>Modell<\/strong><\/td>\n<td rowspan=\"2\" width=\"111\"><strong>Kugelumlaufspindel<\/strong><br \/>\n<strong>\u00a0Blei<\/strong><br \/>\n<strong>(mm)<\/strong><\/td>\n<td rowspan=\"2\" width=\"118\"><strong>L\u00e4nge der Strecke<\/strong><br \/>\n<strong>L2<\/strong><br \/>\n<strong>(mm)<\/strong><\/td>\n<td colspan=\"2\" width=\"218\"><strong>Geschwindigkeit(mm\/sec)<\/strong><\/td>\n<\/tr>\n<tr>\n<td width=\"112\"><strong>Pr\u00e4zision<\/strong><\/td>\n<td width=\"106\"><strong>Kriterium<\/strong><\/td>\n<\/tr>\n<tr>\n<td rowspan=\"3\" width=\"74\"><strong>KK40K<\/strong><\/td>\n<td rowspan=\"3\" width=\"111\"><strong>01\u00a0<\/strong><\/td>\n<td width=\"118\"><strong>100\u00a0<\/strong><\/td>\n<td width=\"112\"><strong>190\u00a0<\/strong><\/td>\n<td width=\"106\"><strong>190\u00a0<\/strong><\/td>\n<\/tr>\n<tr>\n<td width=\"118\"><strong>150\u00a0<\/strong><\/td>\n<td width=\"112\"><strong>190\u00a0<\/strong><\/td>\n<td width=\"106\"><strong>190\u00a0<\/strong><\/td>\n<\/tr>\n<tr>\n<td width=\"118\"><strong>200\u00a0<\/strong><\/td>\n<td width=\"112\"><strong>190\u00a0<\/strong><\/td>\n<td width=\"106\"><strong>190\u00a0<\/strong><\/td>\n<\/tr>\n<tr>\n<td rowspan=\"4\" width=\"74\"><strong>KK50K<\/strong><\/td>\n<td rowspan=\"4\" width=\"111\"><strong>02\u00a0<\/strong><\/td>\n<td width=\"118\"><strong>150\u00a0<\/strong><\/td>\n<td width=\"112\"><strong>270\u00a0<\/strong><\/td>\n<td width=\"106\"><strong>270\u00a0<\/strong><\/td>\n<\/tr>\n<tr>\n<td width=\"118\"><strong>200\u00a0<\/strong><\/td>\n<td width=\"112\"><strong>270\u00a0<\/strong><\/td>\n<td width=\"106\"><strong>270\u00a0<\/strong><\/td>\n<\/tr>\n<tr>\n<td width=\"118\"><strong>250\u00a0<\/strong><\/td>\n<td width=\"112\"><strong>270\u00a0<\/strong><\/td>\n<td width=\"106\"><strong>270\u00a0<\/strong><\/td>\n<\/tr>\n<tr>\n<td width=\"118\"><strong>300\u00a0<\/strong><\/td>\n<td width=\"112\"><strong>270\u00a0<\/strong><\/td>\n<td width=\"106\"><strong>270\u00a0<\/strong><\/td>\n<\/tr>\n<tr>\n<td rowspan=\"12\" width=\"74\"><strong>KK60K<\/strong><\/td>\n<td rowspan=\"6\" width=\"111\"><strong>05\u00a0<\/strong><\/td>\n<td width=\"118\"><strong>150\u00a0<\/strong><\/td>\n<td width=\"112\"><strong>550\u00a0<\/strong><\/td>\n<td width=\"106\"><strong>390\u00a0<\/strong><\/td>\n<\/tr>\n<tr>\n<td width=\"118\"><strong>200\u00a0<\/strong><\/td>\n<td width=\"112\"><strong>550\u00a0<\/strong><\/td>\n<td width=\"106\"><strong>390\u00a0<\/strong><\/td>\n<\/tr>\n<tr>\n<td width=\"118\"><strong>300\u00a0<\/strong><\/td>\n<td width=\"112\"><strong>550\u00a0<\/strong><\/td>\n<td width=\"106\"><strong>390\u00a0<\/strong><\/td>\n<\/tr>\n<tr>\n<td width=\"118\"><strong>400\u00a0<\/strong><\/td>\n<td width=\"112\"><strong>550\u00a0<\/strong><\/td>\n<td width=\"106\"><strong>390\u00a0<\/strong><\/td>\n<\/tr>\n<tr>\n<td width=\"118\"><strong>500\u00a0<\/strong><\/td>\n<td width=\"112\"><strong>550\u00a0<\/strong><\/td>\n<td width=\"106\"><strong>390\u00a0<\/strong><\/td>\n<\/tr>\n<tr>\n<td width=\"118\"><strong>600\u00a0<\/strong><\/td>\n<td width=\"112\"><strong>340\u00a0<\/strong><\/td>\n<td width=\"106\"><strong>340\u00a0<\/strong><\/td>\n<\/tr>\n<tr>\n<td rowspan=\"6\" width=\"111\"><strong>10\u00a0<\/strong><\/td>\n<td width=\"118\"><strong>150\u00a0<\/strong><\/td>\n<td width=\"112\"><strong>1100\u00a0<\/strong><\/td>\n<td width=\"106\"><strong>790\u00a0<\/strong><\/td>\n<\/tr>\n<tr>\n<td width=\"118\"><strong>200\u00a0<\/strong><\/td>\n<td width=\"112\"><strong>1100\u00a0<\/strong><\/td>\n<td width=\"106\"><strong>790\u00a0<\/strong><\/td>\n<\/tr>\n<tr>\n<td width=\"118\"><strong>300\u00a0<\/strong><\/td>\n<td width=\"112\"><strong>1100\u00a0<\/strong><\/td>\n<td width=\"106\"><strong>790\u00a0<\/strong><\/td>\n<\/tr>\n<tr>\n<td width=\"118\"><strong>400\u00a0<\/strong><\/td>\n<td width=\"112\"><strong>1100\u00a0<\/strong><\/td>\n<td width=\"106\"><strong>790\u00a0<\/strong><\/td>\n<\/tr>\n<tr>\n<td width=\"118\"><strong>500\u00a0<\/strong><\/td>\n<td width=\"112\"><strong>1100\u00a0<\/strong><\/td>\n<td width=\"106\"><strong>790\u00a0<\/strong><\/td>\n<\/tr>\n<tr>\n<td width=\"118\"><strong>600\u00a0<\/strong><\/td>\n<td width=\"112\"><strong>670\u00a0<\/strong><\/td>\n<td width=\"106\"><strong>670\u00a0<\/strong><\/td>\n<\/tr>\n<tr>\n<td rowspan=\"12\" width=\"74\"><strong>KK86K<\/strong><\/td>\n<td rowspan=\"6\" width=\"111\"><strong>10\u00a0<\/strong><\/td>\n<td width=\"118\"><strong>S40<\/strong><\/td>\n<td width=\"112\"><strong>740\u00a0<\/strong><\/td>\n<td width=\"106\"><strong>520\u00a0<\/strong><\/td>\n<\/tr>\n<tr>\n<td width=\"118\"><strong>440\u00a0<\/strong><\/td>\n<td width=\"112\"><strong>740\u00a0<\/strong><\/td>\n<td width=\"106\"><strong>520\u00a0<\/strong><\/td>\n<\/tr>\n<tr>\n<td width=\"118\"><strong>540\u00a0<\/strong><\/td>\n<td width=\"112\"><strong>740\u00a0<\/strong><\/td>\n<td width=\"106\"><strong>520\u00a0<\/strong><\/td>\n<\/tr>\n<tr>\n<td width=\"118\"><strong>640\u00a0<\/strong><\/td>\n<td width=\"112\"><strong>740\u00a0<\/strong><\/td>\n<td width=\"106\"><strong>520\u00a0<\/strong><\/td>\n<\/tr>\n<tr>\n<td width=\"118\"><strong>740\u00a0<\/strong><\/td>\n<td width=\"112\"><strong>740\u00a0<\/strong><\/td>\n<td width=\"106\"><strong>520\u00a0<\/strong><\/td>\n<\/tr>\n<tr>\n<td width=\"118\"><strong>940\u00a0<\/strong><\/td>\n<td width=\"112\"><strong>610\u00a0<\/strong><\/td>\n<td width=\"106\"><strong>430\u00a0<\/strong><\/td>\n<\/tr>\n<tr>\n<td rowspan=\"6\" width=\"111\"><strong>20\u00a0<\/strong><\/td>\n<td width=\"118\"><strong>S40<\/strong><\/td>\n<td width=\"112\"><strong>1480\u00a0<\/strong><\/td>\n<td width=\"106\"><strong>1050\u00a0<\/strong><\/td>\n<\/tr>\n<tr>\n<td width=\"118\"><strong>440\u00a0<\/strong><\/td>\n<td width=\"112\"><strong>1480\u00a0<\/strong><\/td>\n<td width=\"106\"><strong>1050\u00a0<\/strong><\/td>\n<\/tr>\n<tr>\n<td width=\"118\"><strong>540\u00a0<\/strong><\/td>\n<td width=\"112\"><strong>1480\u00a0<\/strong><\/td>\n<td width=\"106\"><strong>1050\u00a0<\/strong><\/td>\n<\/tr>\n<tr>\n<td width=\"118\"><strong>640\u00a0<\/strong><\/td>\n<td width=\"112\"><strong>1480\u00a0<\/strong><\/td>\n<td width=\"106\"><strong>1050\u00a0<\/strong><\/td>\n<\/tr>\n<tr>\n<td width=\"118\"><strong>740\u00a0<\/strong><\/td>\n<td width=\"112\"><strong>1480\u00a0<\/strong><\/td>\n<td width=\"106\"><strong>1050\u00a0<\/strong><\/td>\n<\/tr>\n<tr>\n<td width=\"118\"><strong>940\u00a0<\/strong><\/td>\n<td width=\"112\"><strong>1220\u00a0<\/strong><\/td>\n<td width=\"106\"><strong>870\u00a0<\/strong><\/td>\n<\/tr>\n<\/tbody>\n<\/table>\n<p>&nbsp;<\/p>","protected":false},"excerpt":{"rendered":"<p>&nbsp;<\/p>\n<p><strong><span style=\"color: #000000;\">Die Stahlmodule der Serie XISKO-KK bieten hohe Steifigkeit, kompaktes Design und nahtlose Integration in die Automatisierung. Mit Breiten von 40-86 mm und H\u00fcben bis 940 mm unterst\u00fctzen sie mehrachsige Aufbauten. Finite-Elemente-optimierte Schienen sorgen f\u00fcr Zuverl\u00e4ssigkeit in Pr\u00e4zisionsmaschinen, in der Robotik und in der Lithiumbatterieproduktion. Zu den Optionen geh\u00f6ren Teleskopabdeckungen, Pr\u00e4zisionsf\u00fchrungen und Kugelumlaufspindeln.<\/span><\/strong><\/p>\n<p>&nbsp;<\/p>","protected":false},"featured_media":1079,"template":"","meta":[],"product_brand":[],"product_cat":[30],"product_tag":[],"class_list":{"0":"post-1071","1":"product","2":"type-product","3":"status-publish","4":"has-post-thumbnail","6":"product_cat-module","8":"first","9":"instock","10":"shipping-taxable","11":"product-type-simple"},"_links":{"self":[{"href":"https:\/\/shiguanglaser.com\/de\/wp-json\/wp\/v2\/product\/1071","targetHints":{"allow":["GET"]}}],"collection":[{"href":"https:\/\/shiguanglaser.com\/de\/wp-json\/wp\/v2\/product"}],"about":[{"href":"https:\/\/shiguanglaser.com\/de\/wp-json\/wp\/v2\/types\/product"}],"wp:featuredmedia":[{"embeddable":true,"href":"https:\/\/shiguanglaser.com\/de\/wp-json\/wp\/v2\/media\/1079"}],"wp:attachment":[{"href":"https:\/\/shiguanglaser.com\/de\/wp-json\/wp\/v2\/media?parent=1071"}],"wp:term":[{"taxonomy":"product_brand","embeddable":true,"href":"https:\/\/shiguanglaser.com\/de\/wp-json\/wp\/v2\/product_brand?post=1071"},{"taxonomy":"product_cat","embeddable":true,"href":"https:\/\/shiguanglaser.com\/de\/wp-json\/wp\/v2\/product_cat?post=1071"},{"taxonomy":"product_tag","embeddable":true,"href":"https:\/\/shiguanglaser.com\/de\/wp-json\/wp\/v2\/product_tag?post=1071"}],"curies":[{"name":"wp","href":"https:\/\/api.w.org\/{rel}","templated":true}]}}