{"id":1045,"date":"2025-06-17T07:44:49","date_gmt":"2025-06-17T07:44:49","guid":{"rendered":"https:\/\/shiguanglaser.com\/?post_type=product&#038;p=1045"},"modified":"2025-07-03T14:45:07","modified_gmt":"2025-07-03T14:45:07","slug":"lhq-series-all-in-one-laser-tube-welder-cutter-%cf%869-5-630mm-50m-min-0-2-12-7mm-thickness-2","status":"publish","type":"product","link":"https:\/\/shiguanglaser.com\/de\/lhq-series-all-in-one-laser-tube-welder-cutter-%cf%869-5-630mm-50m-min-0-2-12-7mm-thickness-2\/","title":{"rendered":"JINGWEN LHQ Serie | Integrierte Laser-Rohrschwei\u00df- und Schneid-Produktionslinie"},"content":{"rendered":"<h1 class=\"section-title\"><span style=\"color: #477ff6;\"><strong>\u25b8 Produkteinf\u00fchrung<\/strong><\/span><\/h1>\n<hr class=\"blue-line\" \/>\n<p>&nbsp;<\/p>\n<p class=\"ng-star-inserted\" style=\"padding-left: 40px;\"><span class=\"ng-star-inserted\" style=\"color: #000000;\"><strong>Die JINGWEN LHQ-Serie<\/strong> ist ein komplettes, durchg\u00e4ngiges Laser-Rohrwerk, das herk\u00f6mmliche, mehrstufige Produktionsmethoden ersetzen soll. Dieses ausgekl\u00fcgelte System automatisiert den gesamten Arbeitsablauf: Es wickelt das Rohmaterial ab, formt es mit hochwertigen Formen zu einem pr\u00e4zisen Profil, f\u00fchrt mit einem Hochleistungs-Faserlaser eine einwandfreie Geradnahtschwei\u00dfung durch und schneidet das Endlosrohr mit einem integrierten Online-Laserschneider auf die gew\u00fcnschte L\u00e4nge.<\/span><\/p>\n<p class=\"ng-star-inserted\" style=\"padding-left: 40px;\"><span class=\"ng-star-inserted\" style=\"color: #000000;\">Durch den Ersatz \u00e4lterer Technologien wie Hochfrequenz-Induktions- oder WIG-Schwei\u00dfen bietet die LHQ-Serie eine hervorragende Schwei\u00dfqualit\u00e4t mit einer kleineren W\u00e4rmeeinflusszone, was zu einer st\u00e4rkeren, glatteren und \u00e4sthetisch ansprechenderen Naht f\u00fchrt. Mit minimalen Verbrauchsmaterialien und einem hocheffizienten Prozess bietet diese Produktionslinie eine unvergleichliche Produktivit\u00e4t und eine schnelle Amortisation f\u00fcr jeden gro\u00dfen Rohrhersteller.<\/span><\/p>\n<p>&nbsp;<\/p>\n<h2 class=\"section-title\"><strong><span style=\"color: #477ff6;\">\u25b8 Produktmerkmale<\/span><\/strong><\/h2>\n<hr class=\"blue-line\" \/>\n<h3><\/h3>\n<p>&nbsp;<\/p>\n<p class=\"ng-star-inserted\" style=\"padding-left: 40px;\"><strong class=\"ng-star-inserted\"><span class=\"ng-star-inserted\">\u2705 <span style=\"color: #000000;\">Vollst\u00e4ndig integrierte Produktion:<\/span><\/span><\/strong><span class=\"ng-star-inserted\" style=\"color: #000000;\">\u00a0<\/span><\/p>\n<p class=\"ng-star-inserted\" style=\"padding-left: 40px;\"><span class=\"ng-star-inserted\" style=\"color: #000000;\">Kombiniert Umformung, Online-Laserschwei\u00dfen und Online-Laserschneiden in einem einzigen, kontinuierlichen und automatisierten Prozess, der den Arbeitsaufwand und die Bearbeitungszeit drastisch reduziert.<\/span><\/p>\n<p class=\"ng-star-inserted\" style=\"padding-left: 40px;\"><span style=\"color: #000000;\"><strong class=\"ng-star-inserted\"><span class=\"ng-star-inserted\">\u2705 Hochgeschwindigkeits- und Hochvolumenausgabe:<\/span><\/strong><span class=\"ng-star-inserted\">\u00a0<\/span><\/span><\/p>\n<p class=\"ng-star-inserted\" style=\"padding-left: 40px;\"><span class=\"ng-star-inserted\" style=\"color: #000000;\">Mit Bearbeitungsgeschwindigkeiten von 0,2 m bis 50 m pro Minute ist die LHQ-Serie auf maximalen Durchsatz ausgelegt, um auch den anspruchsvollsten Produktionspl\u00e4nen gerecht zu werden.<\/span><\/p>\n<p class=\"ng-star-inserted\" style=\"padding-left: 40px;\"><span style=\"color: #000000;\"><strong class=\"ng-star-inserted\"><span class=\"ng-star-inserted\">Hervorragende Schwei\u00dfnahtqualit\u00e4t:<\/span><\/strong><span class=\"ng-star-inserted\">\u00a0<\/span><\/span><\/p>\n<p class=\"ng-star-inserted\" style=\"padding-left: 40px;\"><span class=\"ng-star-inserted\" style=\"color: #000000;\">Das Faserlaserschwei\u00dfen erzeugt eine saubere, tief eingedrungene Schwei\u00dfnaht mit minimalen Spritzern und einer schmalen Naht, so dass ein Nachschwei\u00dfen oder Schleifen oft \u00fcberfl\u00fcssig ist.<\/span><\/p>\n<p class=\"ng-star-inserted\" style=\"padding-left: 40px;\"><span style=\"color: #000000;\"><strong class=\"ng-star-inserted\"><span class=\"ng-star-inserted\">\u2705 Au\u00dfergew\u00f6hnliche Vielseitigkeit:<\/span><\/strong><\/span><\/p>\n<p class=\"ng-star-inserted\" style=\"padding-left: 40px;\"><span class=\"ng-star-inserted\" style=\"color: #000000;\">\u00a0Sie kann eine breite Palette von Materialien und Profilen bearbeiten, darunter runde, quadratische, rechteckige und kundenspezifische Formen mit Durchmessern von \u03a69,5 mm bis hin zu massiven \u03a6630 mm.<\/span><\/p>\n<p class=\"ng-star-inserted\" style=\"padding-left: 40px;\"><span style=\"color: #000000;\"><strong class=\"ng-star-inserted\"><span class=\"ng-star-inserted\">\u2705 Geringe Verbrauchsmaterialien und hohe Kosteneffizienz:<\/span><\/strong><span class=\"ng-star-inserted\">\u00a0<\/span><\/span><\/p>\n<p class=\"ng-star-inserted\" style=\"padding-left: 40px;\"><span class=\"ng-star-inserted\" style=\"color: #000000;\">Der Laserprozess erfordert keine Schwei\u00dfzus\u00e4tze oder Schwei\u00dfelektroden, und die hohe Effizienz des Systems minimiert den Energieverbrauch und den Abfall, was zu deutlich niedrigeren Kosten pro Meter f\u00fchrt.<\/span><\/p>\n<p class=\"ng-star-inserted\" style=\"padding-left: 40px;\"><span style=\"color: #000000;\"><strong class=\"ng-star-inserted\"><span class=\"ng-star-inserted\">\u2705 Pr\u00e4zisionsformwerkzeuge:<\/span><\/strong><span class=\"ng-star-inserted\">\u00a0<\/span><\/span><\/p>\n<p class=\"ng-star-inserted\" style=\"padding-left: 40px;\"><span class=\"ng-star-inserted\" style=\"color: #000000;\">Verwendet hochpr\u00e4zise geschwei\u00dfte Rohrformen, um gleichbleibende Rohrabmessungen und Formgenauigkeit w\u00e4hrend des gesamten Produktionslaufs zu gew\u00e4hrleisten.<\/span><\/p>\n<p>&nbsp;<\/p>\n<h2 class=\"section-title\"><strong><span style=\"color: #477ff6;\">\u25b8 Produktparameter<\/span><\/strong><\/h2>\n<p>&nbsp;<\/p>\n<table style=\"border-collapse: collapse; width: 918px; height: 355px;\" border=\"0\" width=\"1419\" cellspacing=\"0\" cellpadding=\"0\">\n<tbody>\n<tr style=\"height: 30.00pt;\">\n<td class=\"et2\" style=\"height: 30pt; width: 851.6pt; padding-left: 40px;\" colspan=\"3\" width=\"1419\" height=\"50\"><span style=\"color: #000000;\"><strong>LHQ Serie Hochgeschwindigkeits- und stabiles Faserlaser-Rohrschwei\u00dfger\u00e4t mit hochpr\u00e4zisen geschwei\u00dften Rohrformen<\/strong><\/span><\/td>\n<\/tr>\n<tr style=\"height: 43pt; padding-left: 40px;\">\n<td class=\"et5\" style=\"height: 43pt; width: 333.25pt; padding-left: 40px;\" width=\"555\" height=\"71\"><span style=\"color: #000000;\"><strong>Modell<\/strong><\/span><\/td>\n<td class=\"et6\" style=\"width: 518.35pt; padding-left: 40px;\" colspan=\"2\" width=\"863\"><span style=\"color: #000000;\">LHQ-H40\/H50\/H60\/H70\/H80\/H90\/H100\/H120<\/span><\/td>\n<\/tr>\n<tr style=\"height: 41.25pt; padding-left: 40px;\">\n<td class=\"et5\" style=\"height: 41.25pt; width: 333.25pt; padding-left: 40px;\" width=\"555\" height=\"68\"><span style=\"color: #000000;\"><strong>Pr\u00e4zision in der Verarbeitung<\/strong><\/span><\/td>\n<td class=\"et6\" style=\"width: 518.35pt; padding-left: 40px;\" colspan=\"2\" width=\"863\"><span style=\"color: #000000;\">0,2mm~12,7mm<\/span><\/td>\n<\/tr>\n<tr style=\"height: 40.5pt; padding-left: 40px;\">\n<td class=\"et5\" style=\"height: 40.5pt; width: 333.25pt; padding-left: 40px;\" width=\"555\" height=\"67\"><span style=\"color: #000000;\"><strong>Verarbeitungsgeschwindigkeit<\/strong><\/span><\/td>\n<td class=\"et8\" style=\"width: 518.35pt; padding-left: 40px;\" colspan=\"2\" width=\"863\"><span style=\"color: #000000;\">0,2m~50m<\/span><\/td>\n<\/tr>\n<tr style=\"height: 40.5pt; padding-left: 40px;\">\n<td class=\"et5\" style=\"height: 40.5pt; width: 333.25pt; padding-left: 40px;\" width=\"555\" height=\"67\"><span style=\"color: #000000;\"><strong>Schneiddurchmesser von Rundrohr<\/strong><\/span><\/td>\n<td class=\"et8\" style=\"width: 518.35pt; padding-left: 40px;\" colspan=\"2\" width=\"863\"><span style=\"color: #000000;\">\u03a69,5~\u03a6630mm<\/span><\/td>\n<\/tr>\n<tr style=\"height: 40pt; padding-left: 40px;\">\n<td class=\"et5\" style=\"height: 40pt; width: 333.25pt; padding-left: 40px;\" width=\"555\" height=\"66\"><span style=\"color: #000000;\"><strong>Material schneiden<\/strong><\/span><\/td>\n<td class=\"et6\" style=\"width: 518.35pt; padding-left: 40px;\" colspan=\"2\" width=\"863\"><span style=\"color: #000000;\">Rostfreier Stahl, Kohlenstoffstahl, Aluminium, Kupfer, Eisen<\/span><\/td>\n<\/tr>\n<tr style=\"height: 40.25pt; padding-left: 40px;\">\n<td class=\"et5\" style=\"height: 40.25pt; width: 333.25pt; padding-left: 40px;\" width=\"555\" height=\"67\"><span style=\"color: #000000;\"><strong>Schneidrohr Typ<\/strong><\/span><\/td>\n<td class=\"et8\" style=\"width: 518.35pt; padding-left: 40px;\" colspan=\"2\" width=\"863\"><span style=\"color: #000000;\">Rundes Rohr, Quadratisches Rohr, Rechteckiges Rohr, Taillenf\u00f6rmiges Rohr<\/span><\/td>\n<\/tr>\n<\/tbody>\n<\/table>\n<p>&nbsp;<\/p>\n<h4><span style=\"color: #000000;\"><strong>&gt; Hauptanwendungsbereiche<\/strong><\/span><\/h4>\n<p class=\"ng-star-inserted\"><span class=\"ng-star-inserted\" style=\"color: #000000;\">Die LHQ-Serie ist die erste Wahl f\u00fcr Industriezweige, die geschwei\u00dfte Rohre im eigenen Haus in hohen St\u00fcckzahlen herstellen m\u00fcssen:<\/span><\/p>\n<ul class=\"ng-star-inserted\">\n<li class=\"ng-star-inserted\">\n<p class=\"ng-star-inserted\"><span class=\"ng-star-inserted\" style=\"color: #000000;\">\u25c6 Stahlbau und Bauwesen<\/span><\/p>\n<\/li>\n<li><\/li>\n<li class=\"ng-star-inserted\">\n<p class=\"ng-star-inserted\"><span class=\"ng-star-inserted\" style=\"color: #000000;\">\u25c6 Fahrzeugrahmen und -komponenten<\/span><\/p>\n<\/li>\n<li><\/li>\n<li class=\"ng-star-inserted\">\n<p class=\"ng-star-inserted\"><span class=\"ng-star-inserted\" style=\"color: #000000;\">\u25c6 M\u00f6belherstellung<\/span><\/p>\n<\/li>\n<li><\/li>\n<li class=\"ng-star-inserted\">\n<p class=\"ng-star-inserted\"><span class=\"ng-star-inserted\" style=\"color: #000000;\">\u25c6 \u00d6l-, Gas- und Wasserrohrleitungsproduktion<\/span><\/p>\n<\/li>\n<li><\/li>\n<li class=\"ng-star-inserted\">\n<p class=\"ng-star-inserted\"><span class=\"ng-star-inserted\" style=\"color: #000000;\">\u25c6 Landwirtschaftliche Maschinen<\/span><\/p>\n<\/li>\n<li><\/li>\n<li class=\"ng-star-inserted\">\n<p class=\"ng-star-inserted\"><span class=\"ng-star-inserted\" style=\"color: #000000;\">\u25c6 Allgemeine Metallverarbeitung<\/span><\/p>\n<\/li>\n<\/ul>\n<p>&nbsp;<\/p>\n<hr class=\"blue-line\" \/>","protected":false},"excerpt":{"rendered":"<p><span style=\"color: #000000;\"><strong>LHQ Serie All-in-One Laser-Rohrschwei\u00df- und Schneideger\u00e4t | \u03a69.5-630mm | 50m\/min | 0.2-12.7mm Dicke<\/strong><\/span><\/p>\n<p><span style=\"color: #000000;\">Rationalisieren Sie Ihren gesamten Rohrherstellungsprozess mit der JINGWEN LHQ-Serie, einer voll integrierten Produktionslinie, die flache Metallcoils in pr\u00e4zisionsgeschnittene Fertigrohre umwandelt. Dieses All-in-One-System kombiniert hochpr\u00e4zise Umformwerkzeuge, Hochgeschwindigkeits-Online-Laserschwei\u00dfen und automatisiertes Online-Laserschneiden. Die LHQ-Serie ist in der Lage, Rohre bis zu \u03a6630 mm bei Geschwindigkeiten von bis zu 50 m\/min zu produzieren und ist damit die ultimative L\u00f6sung f\u00fcr die Herstellung von Rohren in hohen St\u00fcckzahlen und hoher Qualit\u00e4t mit einem au\u00dfergew\u00f6hnlichen Preis-Leistungs-Verh\u00e4ltnis.<\/span><\/p>","protected":false},"featured_media":1069,"template":"","meta":[],"product_brand":[],"product_cat":[23,40],"product_tag":[],"class_list":{"0":"post-1045","1":"product","2":"type-product","3":"status-publish","4":"has-post-thumbnail","6":"product_cat-laser-machine","7":"product_cat-tube-fiber-laser-welder","9":"first","10":"instock","11":"shipping-taxable","12":"product-type-simple"},"_links":{"self":[{"href":"https:\/\/shiguanglaser.com\/de\/wp-json\/wp\/v2\/product\/1045","targetHints":{"allow":["GET"]}}],"collection":[{"href":"https:\/\/shiguanglaser.com\/de\/wp-json\/wp\/v2\/product"}],"about":[{"href":"https:\/\/shiguanglaser.com\/de\/wp-json\/wp\/v2\/types\/product"}],"wp:featuredmedia":[{"embeddable":true,"href":"https:\/\/shiguanglaser.com\/de\/wp-json\/wp\/v2\/media\/1069"}],"wp:attachment":[{"href":"https:\/\/shiguanglaser.com\/de\/wp-json\/wp\/v2\/media?parent=1045"}],"wp:term":[{"taxonomy":"product_brand","embeddable":true,"href":"https:\/\/shiguanglaser.com\/de\/wp-json\/wp\/v2\/product_brand?post=1045"},{"taxonomy":"product_cat","embeddable":true,"href":"https:\/\/shiguanglaser.com\/de\/wp-json\/wp\/v2\/product_cat?post=1045"},{"taxonomy":"product_tag","embeddable":true,"href":"https:\/\/shiguanglaser.com\/de\/wp-json\/wp\/v2\/product_tag?post=1045"}],"curies":[{"name":"wp","href":"https:\/\/api.w.org\/{rel}","templated":true}]}}