{"id":1014,"date":"2025-06-16T15:51:09","date_gmt":"2025-06-16T15:51:09","guid":{"rendered":"https:\/\/shiguanglaser.com\/?post_type=product&#038;p=1014"},"modified":"2025-07-03T14:44:40","modified_gmt":"2025-07-03T14:44:40","slug":"wz-70p-3d-fiber-laser-tube-cutter-1500w-6000w-auto-feeding-%c2%b10-15mm-precision","status":"publish","type":"product","link":"https:\/\/shiguanglaser.com\/de\/wz-70p-3d-fiber-laser-tube-cutter-1500w-6000w-auto-feeding-%c2%b10-15mm-precision\/","title":{"rendered":"Weizhuo WZ-70P \/ 70K Serie | 3D Rohr Faserlaserschneidmaschine"},"content":{"rendered":"<h2 class=\"section-title\"><span style=\"color: #477ff6;\"><strong>\u25b8 Produkteinf\u00fchrung<\/strong><\/span><\/h2>\n<hr class=\"blue\" \/>\n<p>&nbsp;<\/p>\n<p class=\"ng-star-inserted\"><span class=\"ng-star-inserted\" style=\"color: #000000;\"><strong>Die Weizhuo WZ-70P\/70K-Serie<\/strong> wurde entwickelt, um \u00fcber das einfache Schneiden hinauszugehen und in den Bereich der echten dreidimensionalen Fertigung vorzudringen. Sein Hauptmerkmal ist der fortschrittliche Schneidkopf, der auf einer W1-Achse mit unendlicher Rotation montiert ist und so komplexe Bearbeitungen am gesamten Umfang eines Rohrs ohne Anhalten oder Zur\u00fccksetzen durchf\u00fchren kann. Diese F\u00e4higkeit in Verbindung mit einem speziellen 3D-Rohrschneidesystem macht es einfach, STEP- oder IGES-Dateien zu importieren und komplizierte Teile direkt herzustellen.<\/span><\/p>\n<p class=\"ng-star-inserted\"><span class=\"ng-star-inserted\" style=\"color: #000000;\">Das System ist vollst\u00e4ndig automatisiert, vom B\u00fcndelladegestell bis zur Entnahme der fertigen Teile. Diese \"Lights-Out\"-Betriebsf\u00e4higkeit macht es zu einer hochproduktiven Anlage f\u00fcr die Herstellung von Teilen mit komplexen Tischlerarbeiten, k\u00fcnstlerischen Mustern oder funktionalen L\u00f6chern und Schlitzen.<\/span><\/p>\n<p><span style=\"color: #000000;\">Der WZ-70P wurde f\u00fcr komplizierte Schnitte an runden, quadratischen und rechteckigen Rohren (5\u00d75-120\u00d7120 mm) entwickelt und kombiniert 1500W-6000W Laserleistung mit einem 3-Achsen-Bewegungskopf. Das modulare automatische Zuf\u00fchrungsgestell und das 70-mm-Spannfutter erm\u00f6glichen eine schnelle Materialhandhabung, w\u00e4hrend Ospri-Schneidk\u00f6pfe und Xisko-Module ein reibungsloses Anfasen und Einstechen gew\u00e4hrleisten. Das Bai Chu-Steuerungssystem minimiert die Einrichtungszeit und eignet sich daher optimal f\u00fcr HVAC, Fahrradrahmen und architektonische Metallarbeiten.<\/span><\/p>\n<p>&nbsp;<\/p>\n<p><!-- Product Features --><\/p>\n<h2 class=\"section-title\"><strong><span style=\"color: #477ff6;\">\u25b8 Produktmerkmale\u00a0<\/span><\/strong><\/h2>\n<hr class=\"blue\" \/>\n<p>&nbsp;<\/p>\n<ul class=\"ng-star-inserted\">\n<li class=\"ng-star-inserted\">\n<p class=\"ng-star-inserted\"><span style=\"color: #000000;\"><strong class=\"ng-star-inserted\"><span class=\"ng-star-inserted\">\u2705 Echte 3D-Schneidef\u00e4higkeit:<\/span><\/strong><span class=\"ng-star-inserted\">\u00a0<\/span><\/span><\/p>\n<\/li>\n<li class=\"ng-star-inserted\">\n<p class=\"ng-star-inserted\"><span class=\"ng-star-inserted\" style=\"color: #000000;\">F\u00fchrt komplexe Schneidpfade, sich schneidende Linien und Profile an jeder beliebigen Stelle der Rohroberfl\u00e4che aus.<\/span><\/p>\n<\/li>\n<li class=\"ng-star-inserted\">\n<p class=\"ng-star-inserted\"><span style=\"color: #000000;\"><strong class=\"ng-star-inserted\"><span class=\"ng-star-inserted\">W1-Achse mit unendlicher Drehung:<\/span><\/strong><span class=\"ng-star-inserted\">\u00a0<\/span><\/span><\/p>\n<\/li>\n<li class=\"ng-star-inserted\">\n<p class=\"ng-star-inserted\"><span class=\"ng-star-inserted\" style=\"color: #000000;\">Erm\u00f6glicht nahtloses, kontinuierliches Schneiden rund um das Rohr, perfekt f\u00fcr komplizierte Muster und zur Vermeidung von Start-\/Stoppmarken.<\/span><\/p>\n<\/li>\n<li class=\"ng-star-inserted\">\n<p class=\"ng-star-inserted\"><span style=\"color: #000000;\"><strong class=\"ng-star-inserted\"><span class=\"ng-star-inserted\">\u2705 Vollst\u00e4ndig automatisierte Produktion:<\/span><\/strong><span class=\"ng-star-inserted\">\u00a0<\/span><\/span><\/p>\n<\/li>\n<li class=\"ng-star-inserted\">\n<p class=\"ng-star-inserted\"><span class=\"ng-star-inserted\" style=\"color: #000000;\">Umfasst ein automatisches F\u00fctterungsregal und ein intelligentes Steuerungssystem f\u00fcr eine vollst\u00e4ndige, unbeaufsichtigte Produktionsl\u00f6sung.<\/span><\/p>\n<\/li>\n<li class=\"ng-star-inserted\">\n<p class=\"ng-star-inserted\"><span style=\"color: #000000;\"><strong class=\"ng-star-inserted\"><span class=\"ng-star-inserted\">\u2705 Hochgeschwindigkeits-Positionierung:<\/span><\/strong><span class=\"ng-star-inserted\">\u00a0<\/span><\/span><\/p>\n<\/li>\n<li class=\"ng-star-inserted\">\n<p class=\"ng-star-inserted\"><span class=\"ng-star-inserted\" style=\"color: #000000;\">Mit einachsigen Geschwindigkeiten von 60 m\/min und einer Rotationsgeschwindigkeit von 75 U\/min h\u00e4lt sie auch bei komplexen Auftr\u00e4gen einen hohen Durchsatz aufrecht.<\/span><\/p>\n<\/li>\n<li class=\"ng-star-inserted\">\n<p class=\"ng-star-inserted\"><span style=\"color: #000000;\"><strong class=\"ng-star-inserted\"><span class=\"ng-star-inserted\">\u2705 Direkte 3D-Software-Integration:<\/span><\/strong><span class=\"ng-star-inserted\">\u00a0<\/span><\/span><\/p>\n<\/li>\n<li class=\"ng-star-inserted\">\n<p class=\"ng-star-inserted\"><span class=\"ng-star-inserted\" style=\"color: #000000;\">Unterst\u00fctzt nativ g\u00e4ngige 3D-CAD-Formate wie STEP und IGES und vereinfacht so den \u00dcbergang vom Entwurf zur Produktion.<\/span><\/p>\n<\/li>\n<li class=\"ng-star-inserted\">\n<p class=\"ng-star-inserted\"><span style=\"color: #000000;\"><strong class=\"ng-star-inserted\"><span class=\"ng-star-inserted\">\u2705 Hochpr\u00e4zise Drehung:<\/span><\/strong><span class=\"ng-star-inserted\">\u00a0<\/span><\/span><\/p>\n<\/li>\n<li class=\"ng-star-inserted\">\n<p class=\"ng-star-inserted\"><span class=\"ng-star-inserted\" style=\"color: #000000;\">Erzielt eine wiederholte Positioniergenauigkeit der Rotationsachse von &lt;\u00b110 Bogenminuten und gew\u00e4hrleistet, dass alle Merkmale perfekt ausgerichtet sind.<\/span><\/p>\n<\/li>\n<\/ul>\n<p>&nbsp;<\/p>\n<p>&nbsp;<\/p>\n<p><!-- Product Parameters --><\/p>\n<h2 class=\"section-title\"><strong><span style=\"color: #477ff6;\">\u25b8 Produktparameter<\/span><\/strong><\/h2>\n<hr class=\"blue\" \/>\n<p>&nbsp;<\/p>\n<table>\n<thead>\n<tr>\n<th><span style=\"color: #000000;\"><strong>Spezifikation<\/strong><\/span><\/th>\n<th><span style=\"color: #000000;\"><strong>Parameter<\/strong><\/span><\/th>\n<\/tr>\n<\/thead>\n<tbody>\n<tr>\n<td><span style=\"color: #000000;\"><strong>Ausr\u00fcstung Modell<\/strong><\/span><\/td>\n<td><span style=\"color: #000000;\">WZ-70P\/70K\u00a0<\/span><\/td>\n<\/tr>\n<tr>\n<td><span style=\"color: #000000;\"><strong>Nennausgangsleistung<\/strong><\/span><\/td>\n<td><span style=\"color: #000000;\">1500W (optional)<\/span><\/td>\n<\/tr>\n<tr>\n<td><span style=\"color: #000000;\"><strong>Strahlqualit\u00e4t<\/strong><\/span><\/td>\n<td><span style=\"color: #000000;\">&lt; 0,373 mrad<\/span><\/td>\n<\/tr>\n<tr>\n<td><span style=\"color: #000000;\"><strong>Laser-Wellenl\u00e4nge<\/strong><\/span><\/td>\n<td><span style=\"color: #000000;\">1070 nm<\/span><\/td>\n<\/tr>\n<tr>\n<td><span style=\"color: #000000;\"><strong>Maximale Schnittdicke von Kohlenstoffstahlrohren<\/strong><\/span><\/td>\n<td><span style=\"color: #000000;\">&lt; 2mm<\/span><\/td>\n<\/tr>\n<tr>\n<td><span style=\"color: #000000;\"><strong>Effektives Schneiden von Rohrdurchmessern<\/strong><\/span><\/td>\n<td><span style=\"color: #000000;\">\u03c610-64mm (10-85)<\/span><\/td>\n<\/tr>\n<tr>\n<td><span style=\"color: #000000;\"><strong>X-Achse Verfahrweg<\/strong><\/span><\/td>\n<td><span style=\"color: #000000;\">100mm<\/span><\/td>\n<\/tr>\n<tr>\n<td><span style=\"color: #000000;\"><strong>Y-Achse Reisen<\/strong><\/span><\/td>\n<td><span style=\"color: #000000;\">100mm<\/span><\/td>\n<\/tr>\n<tr>\n<td><span style=\"color: #000000;\"><strong>Z-Achse Verfahrweg<\/strong><\/span><\/td>\n<td><span style=\"color: #000000;\">100mm<\/span><\/td>\n<\/tr>\n<tr>\n<td><span style=\"color: #000000;\"><strong>W1 Axis Travel<\/strong><\/span><\/td>\n<td><span style=\"color: #000000;\">Unendliche Rotation<\/span><\/td>\n<\/tr>\n<tr>\n<td><span style=\"color: #000000;\"><strong>Positionierungsgenauigkeit der Rotationsachse<\/strong><\/span><\/td>\n<td><span style=\"color: #000000;\">&lt; \u00b120 Bogenminuten<\/span><\/td>\n<\/tr>\n<tr>\n<td><span style=\"color: #000000;\"><strong>Wiederholte Positionierungsgenauigkeit der Rotationsachse<\/strong><\/span><\/td>\n<td><span style=\"color: #000000;\">&lt; \u00b110 Bogenminuten<\/span><\/td>\n<\/tr>\n<tr>\n<td><span style=\"color: #000000;\"><strong>Maximale Positioniergeschwindigkeit (X-, Y-, Z-Achse)<\/strong><\/span><\/td>\n<td><span style=\"color: #000000;\">60 m\/min<\/span><\/td>\n<\/tr>\n<tr>\n<td><span style=\"color: #000000;\"><strong>W1-Achse Maximale Positioniergeschwindigkeit<\/strong><\/span><\/td>\n<td><span style=\"color: #000000;\">75 Umdrehungen pro Minute<\/span><\/td>\n<\/tr>\n<tr>\n<td><span style=\"color: #000000;\"><strong>Schneidesystem<\/strong><\/span><\/td>\n<td><span style=\"color: #000000;\">Dreidimensionales Rohr-Spezial-System<\/span><\/td>\n<\/tr>\n<tr>\n<td><span style=\"color: #000000;\"><strong>Unterst\u00fctzung von 3D-Zeichensoftware<\/strong><\/span><\/td>\n<td><span style=\"color: #000000;\">UG<\/span><\/td>\n<\/tr>\n<tr>\n<td><span style=\"color: #000000;\"><strong>Unterst\u00fctzung von Grafikformaten<\/strong><\/span><\/td>\n<td><span style=\"color: #000000;\">Schritt, Iges, etc.<\/span><\/td>\n<\/tr>\n<tr>\n<td><span style=\"color: #000000;\"><strong>Elektrizit\u00e4tsnachfrage<\/strong><\/span><\/td>\n<td><span style=\"color: #000000;\">380V \/ 50Hz \/ 100A<\/span><\/td>\n<\/tr>\n<tr>\n<td><span style=\"color: #000000;\"><strong>Anforderungen an Schneidgas<\/strong><\/span><\/td>\n<td><span style=\"color: #000000;\">Sauerstoff, Stickstoff oder Luft<\/span><\/td>\n<\/tr>\n<tr>\n<td><span style=\"color: #000000;\"><strong>Anforderungen an den Schneidluftdruck<\/strong><\/span><\/td>\n<td><span style=\"color: #000000;\">&gt; 13kg<\/span><\/td>\n<\/tr>\n<\/tbody>\n<\/table>\n<p>&nbsp;<\/p>\n<p>&nbsp;<\/p>\n<table>\n<thead>\n<tr>\n<th><span style=\"color: #000000;\"><strong>Hauptkomponenten<\/strong><\/span><\/th>\n<th><span style=\"color: #000000;\"><strong>Spezifikationen des Modells<\/strong><\/span><\/th>\n<th><span style=\"color: #000000;\"><strong>Einheit<\/strong><\/span><\/th>\n<th><span style=\"color: #000000;\"><strong>Menge<\/strong><\/span><\/th>\n<th><span style=\"color: #000000;\"><strong>Marke<\/strong><\/span><\/th>\n<\/tr>\n<\/thead>\n<tbody>\n<tr>\n<td><span style=\"color: #000000;\">Faserlaser<\/span><\/td>\n<td><span style=\"color: #000000;\">Bfl-Cw1500t-A (wahlweise)<\/span><\/td>\n<td><span style=\"color: #000000;\">Einheit<\/span><\/td>\n<td><span style=\"color: #000000;\">1<\/span><\/td>\n<td><span style=\"color: #000000;\">Kipling \/ Chuangxin<\/span><\/td>\n<\/tr>\n<tr>\n<td><span style=\"color: #000000;\">Schneidkopf<\/span><\/td>\n<td><span style=\"color: #000000;\">LC218S-S-Cep-31b-H04<\/span><\/td>\n<td><span style=\"color: #000000;\">einstellen.<\/span><\/td>\n<td><span style=\"color: #000000;\">1<\/span><\/td>\n<td><span style=\"color: #000000;\">Ospri<\/span><\/td>\n<\/tr>\n<tr>\n<td><span style=\"color: #000000;\">Rohrschneidsystem<\/span><\/td>\n<td><\/td>\n<td><span style=\"color: #000000;\">einstellen.<\/span><\/td>\n<td><span style=\"color: #000000;\">1<\/span><\/td>\n<td><span style=\"color: #000000;\">Bai Chu \/ Wei Hong<\/span><\/td>\n<\/tr>\n<tr>\n<td><span style=\"color: #000000;\">Servo<\/span><\/td>\n<td><\/td>\n<td><span style=\"color: #000000;\">einstellen.<\/span><\/td>\n<td><span style=\"color: #000000;\">6<\/span><\/td>\n<td><span style=\"color: #000000;\">Delta \/ Hechuan<\/span><\/td>\n<\/tr>\n<tr>\n<td><span style=\"color: #000000;\">Spezial-Kabinett<\/span><\/td>\n<td><\/td>\n<td><span style=\"color: #000000;\">einstellen.<\/span><\/td>\n<td><span style=\"color: #000000;\">1<\/span><\/td>\n<td><span style=\"color: #000000;\">Weizhuo<\/span><\/td>\n<\/tr>\n<tr>\n<td><span style=\"color: #000000;\">Elektronische Steuerung<\/span><\/td>\n<td><\/td>\n<td><span style=\"color: #000000;\">einstellen.<\/span><\/td>\n<td><span style=\"color: #000000;\">1<\/span><\/td>\n<td><span style=\"color: #000000;\">Weizhuo<\/span><\/td>\n<\/tr>\n<tr>\n<td><span style=\"color: #000000;\">K\u00fchlwasser-Maschine<\/span><\/td>\n<td><span style=\"color: #000000;\">1.5p<\/span><\/td>\n<td><span style=\"color: #000000;\">einstellen.<\/span><\/td>\n<td><span style=\"color: #000000;\">1<\/span><\/td>\n<td><span style=\"color: #000000;\">Eisquelle<\/span><\/td>\n<\/tr>\n<tr>\n<td><span style=\"color: #000000;\">Automatisches Beschickungsregal<\/span><\/td>\n<td><\/td>\n<td><span style=\"color: #000000;\">einstellen.<\/span><\/td>\n<td><span style=\"color: #000000;\">1<\/span><\/td>\n<td><span style=\"color: #000000;\">Weizhuo<\/span><\/td>\n<\/tr>\n<tr>\n<td><span style=\"color: #000000;\">Modul<\/span><\/td>\n<td><\/td>\n<td><span style=\"color: #000000;\">einstellen.<\/span><\/td>\n<td><span style=\"color: #000000;\">4<\/span><\/td>\n<td><span style=\"color: #000000;\">Xisko<\/span><\/td>\n<\/tr>\n<tr>\n<td><span style=\"color: #000000;\">Chuck<\/span><\/td>\n<td><span style=\"color: #000000;\">70mm<\/span><\/td>\n<td><span style=\"color: #000000;\">einstellen.<\/span><\/td>\n<td><span style=\"color: #000000;\">1<\/span><\/td>\n<td><span style=\"color: #000000;\">Kundenspezifisch<\/span><\/td>\n<\/tr>\n<\/tbody>\n<\/table>\n<p>&nbsp;<\/p>\n<p>&nbsp;<\/p>\n<hr class=\"blue\" \/>","protected":false},"excerpt":{"rendered":"<p><span style=\"color: #000000;\"><strong>Kompakte 3D-Rohrlaserschneider der Serie WZ-70P \/ 70K<\/strong><\/span><\/p>\n<p><span style=\"color: #000000;\">Entfesseln Sie Ihre kreative Freiheit mit der Weizhuo WZ-70P\/70K, einer 3D-Rohr-Faserlaserschneidanlage f\u00fcr die Herstellung komplexer Teile. Ausgestattet mit einem Schneidkopf mit stufenloser Rotation (W1-Achse) und einem automatischen Ladesystem schneidet sie m\u00fchelos komplizierte Muster, L\u00f6cher und Profile auf die Oberfl\u00e4che von Rohren. Diese Maschine ist ideal f\u00fcr Branchen wie Fitnessger\u00e4te, M\u00f6bel und die Automobilindustrie und verwandelt komplexe 3D-Zeichnungen mit au\u00dfergew\u00f6hnlicher Geschwindigkeit und Pr\u00e4zision in fertige Teile.<\/span><\/p>","protected":false},"featured_media":1162,"template":"","meta":[],"product_brand":[],"product_cat":[23,39],"product_tag":[],"class_list":{"0":"post-1014","1":"product","2":"type-product","3":"status-publish","4":"has-post-thumbnail","6":"product_cat-laser-machine","7":"product_cat-tube-fiber-laser-cutter","9":"first","10":"instock","11":"shipping-taxable","12":"product-type-simple"},"_links":{"self":[{"href":"https:\/\/shiguanglaser.com\/de\/wp-json\/wp\/v2\/product\/1014","targetHints":{"allow":["GET"]}}],"collection":[{"href":"https:\/\/shiguanglaser.com\/de\/wp-json\/wp\/v2\/product"}],"about":[{"href":"https:\/\/shiguanglaser.com\/de\/wp-json\/wp\/v2\/types\/product"}],"wp:featuredmedia":[{"embeddable":true,"href":"https:\/\/shiguanglaser.com\/de\/wp-json\/wp\/v2\/media\/1162"}],"wp:attachment":[{"href":"https:\/\/shiguanglaser.com\/de\/wp-json\/wp\/v2\/media?parent=1014"}],"wp:term":[{"taxonomy":"product_brand","embeddable":true,"href":"https:\/\/shiguanglaser.com\/de\/wp-json\/wp\/v2\/product_brand?post=1014"},{"taxonomy":"product_cat","embeddable":true,"href":"https:\/\/shiguanglaser.com\/de\/wp-json\/wp\/v2\/product_cat?post=1014"},{"taxonomy":"product_tag","embeddable":true,"href":"https:\/\/shiguanglaser.com\/de\/wp-json\/wp\/v2\/product_tag?post=1014"}],"curies":[{"name":"wp","href":"https:\/\/api.w.org\/{rel}","templated":true}]}}