{"id":1012,"date":"2025-06-16T15:32:21","date_gmt":"2025-06-16T15:32:21","guid":{"rendered":"https:\/\/shiguanglaser.com\/?post_type=product&#038;p=1012"},"modified":"2025-07-03T14:44:09","modified_gmt":"2025-07-03T14:44:09","slug":"wz-120k-dual-chuck-high-precision-fiber-laser-tube-cutting-system-%c2%b10-03mm-accuracy-120mm-max-diameter","status":"publish","type":"product","link":"https:\/\/shiguanglaser.com\/de\/wz-120k-dual-chuck-high-precision-fiber-laser-tube-cutting-system-%c2%b10-03mm-accuracy-120mm-max-diameter\/","title":{"rendered":"WZ-120K Dual-Chuck Hochpr\u00e4zisions-Faserlaser-Rohrschneidsystem | \u00b10,03mm Genauigkeit | 120mm Max Durchmesser"},"content":{"rendered":"<h2 class=\"section-title\"><span style=\"color: #477ff6;\"><strong>\u25b8 Produkteinf\u00fchrung<\/strong><\/span><\/h2>\n<hr class=\"blue\" \/>\n<p>&nbsp;<\/p>\n<p><span style=\"color: #000000;\"><strong>Die Baureihe WZ-120K<\/strong> nutzt zwei pneumatische Spannfutter und eine starre Bettstruktur, um eine Positioniergenauigkeit von \u00b10,03 mm\/m bei Rohren mit einem Durchmesser von bis zu 120 mm zu erreichen. Mit automatischer \u00d6leinspritzung, 40-mm-Restst\u00fcckoptimierung und Kompatibilit\u00e4t mit Kohlenstoffstahl, Edelstahl und Aluminium reduziert sie den Materialverschnitt um 15%+ bei Schnittgeschwindigkeiten von bis zu 30 m\/min (d\u00fcnnwandig). Ausgestattet mit Inovance-Servos, japanischen Getrieben und dem Bai Chu CNC-System gew\u00e4hrleistet sie 24\/7-Stabilit\u00e4t f\u00fcr die Automobil-, M\u00f6bel- und Bauelementefertigung.<\/span><\/p>\n<p>&nbsp;<\/p>\n<p><!-- Product Features --><\/p>\n<h2 class=\"section-title\"><strong><span style=\"color: #477ff6;\">\u25b8 Produktmerkmale\u00a0<\/span><\/strong><\/h2>\n<hr class=\"blue\" \/>\n<p>&nbsp;<\/p>\n<ul class=\"ng-star-inserted\">\n<li class=\"ng-star-inserted\">\n<p class=\"ng-star-inserted\"><strong class=\"ng-star-inserted\"><span class=\"ng-star-inserted\">\u2705\u00a0<span style=\"color: #000000;\">Doppeltes pneumatisches Spannfutter:<\/span><\/span><\/strong><span class=\"ng-star-inserted\" style=\"color: #000000;\">\u00a0Bietet eine \u00fcberragende Klemmkraft und Stabilit\u00e4t und eignet sich f\u00fcr eine Vielzahl von Rohrgr\u00f6\u00dfen und -formen, w\u00e4hrend es gleichzeitig ein extrem kurzes Auslaufen erm\u00f6glicht.<\/span><\/p>\n<\/li>\n<li class=\"ng-star-inserted\">\n<p class=\"ng-star-inserted\"><span style=\"color: #000000;\"><strong class=\"ng-star-inserted\"><span class=\"ng-star-inserted\">\u2705 Ultrakurzer Auslauf (40 mm):<\/span><\/strong><span class=\"ng-star-inserted\">\u00a0Drastische Reduzierung des Materialabfalls durch Minimierung des unbrauchbaren Endteils des Rohrs, Maximierung der Materialausbeute und Senkung der Produktionskosten.<\/span><\/span><\/p>\n<\/li>\n<li class=\"ng-star-inserted\">\n<p class=\"ng-star-inserted\"><span style=\"color: #000000;\"><strong class=\"ng-star-inserted\"><span class=\"ng-star-inserted\">\u2705 Hochgeschwindigkeit und Beschleunigung:<\/span><\/strong><span class=\"ng-star-inserted\">\u00a0Mit einer Beschleunigung von bis zu 1,5 G minimiert die Maschine die Stillstandszeiten zwischen den einzelnen Arbeitsg\u00e4ngen und erh\u00f6ht so den Gesamtdurchsatz und die Effizienz erheblich.<\/span><\/span><\/p>\n<\/li>\n<li class=\"ng-star-inserted\">\n<p class=\"ng-star-inserted\"><span style=\"color: #000000;\"><strong class=\"ng-star-inserted\"><span class=\"ng-star-inserted\">\u2705 Vielseitige Verarbeitung von Rohren:<\/span><\/strong><span class=\"ng-star-inserted\">\u00a0Sie kann runde Rohre bis zu \u03a6120 mm und quadratische Rohre bis zu 80x80 mm pr\u00e4zise schneiden und bietet so die Flexibilit\u00e4t, verschiedene Projekte zu bearbeiten.<\/span><\/span><\/p>\n<\/li>\n<li class=\"ng-star-inserted\">\n<p class=\"ng-star-inserted\"><span style=\"color: #000000;\"><strong class=\"ng-star-inserted\"><span class=\"ng-star-inserted\">\u2705 Hochpr\u00e4zise Leistung:<\/span><\/strong><span class=\"ng-star-inserted\">\u00a0Erreicht eine Positioniergenauigkeit von +0,03 mm\/m in der X\/Y-Achse, wodurch sichergestellt wird, dass die Teile genau nach den Spezifikationen geschnitten werden, um eine perfekte Passung und Montage zu erm\u00f6glichen.<\/span><\/span><\/p>\n<\/li>\n<li class=\"ng-star-inserted\">\n<p class=\"ng-star-inserted\"><span style=\"color: #000000;\"><strong class=\"ng-star-inserted\"><span class=\"ng-star-inserted\">\u2705 Zuverl\u00e4ssige Komponenten:<\/span><\/strong><span class=\"ng-star-inserted\">\u00a0Gebaut mit weltweit anerkannten Komponenten, einschlie\u00dflich eines japanischen New Treasure Hochpr\u00e4zisionsgetriebes und HIWIN Linearf\u00fchrungsschienen, f\u00fcr langfristige Zuverl\u00e4ssigkeit und stabilen Betrieb.<\/span><\/span><\/p>\n<\/li>\n<\/ul>\n<p>&nbsp;<\/p>\n<p><!-- Product Parameters --><\/p>\n<h2 class=\"section-title\"><strong><span style=\"color: #477ff6;\">\u25b8 Produktparameter<\/span><\/strong><\/h2>\n<hr class=\"blue\" \/>\n<table border=\"1\" cellspacing=\"0\" cellpadding=\"8\">\n<thead>\n<tr>\n<th><span style=\"color: #000000;\">Technische Anforderung<\/span><\/th>\n<th><span style=\"color: #000000;\">Technische Parameter<\/span><\/th>\n<\/tr>\n<\/thead>\n<tbody>\n<tr>\n<td rowspan=\"3\"><strong><span style=\"color: #000000;\">Umfang der Verarbeitung von Rohren<\/span><\/strong><\/td>\n<td><span style=\"color: #000000;\">Rundrohr: \u03c610mm ~ \u03c6120mm<\/span><\/td>\n<\/tr>\n<tr>\n<td><span style=\"color: #000000;\">Quadratisches Rohr: 10mm \u00d7 10mm ~ 80mm \u00d7 80mm<\/span><\/td>\n<\/tr>\n<tr>\n<td><span style=\"color: #000000;\">Unregelm\u00e4\u00dfiges Rohr: Au\u00dfenkreis \u2264 \u03c6120mm<\/span><\/td>\n<\/tr>\n<tr>\n<td rowspan=\"4\"><strong><span style=\"color: #000000;\">Ladebereich<\/span><\/strong><\/td>\n<td><span style=\"color: #000000;\">Rundrohr: \u03c610mm ~ \u03c6120mm<\/span><\/td>\n<\/tr>\n<tr>\n<td><span style=\"color: #000000;\">Quadratisches Rohr: 10mm \u00d7 10mm ~ 80mm \u00d7 80mm<\/span><\/td>\n<\/tr>\n<tr>\n<td><span style=\"color: #000000;\">Unregelm\u00e4\u00dfiges Rohr: Au\u00dfenkreis \u2264 120mm<\/span><\/td>\n<\/tr>\n<tr>\n<td><span style=\"color: #000000;\">Ladel\u00e4nge: 5800-6200mm<\/span><\/td>\n<\/tr>\n<tr>\n<td><strong><span style=\"color: #000000;\">Positioniergenauigkeit der X.Y-Achse<\/span><\/strong><\/td>\n<td><span style=\"color: #000000;\">\u00b10,03mm\/m (7000mm \u00b1 0,06mm)<\/span><\/td>\n<\/tr>\n<tr>\n<td><strong><span style=\"color: #000000;\">Beschleunigung<\/span><\/strong><\/td>\n<td><span style=\"color: #000000;\">1.5G<\/span><\/td>\n<\/tr>\n<tr>\n<td><strong><span style=\"color: #000000;\">L\u00e4nge des Schwanzmaterials (\u2265)<\/span><\/strong><\/td>\n<td><span style=\"color: #000000;\">40mm<\/span><\/td>\n<\/tr>\n<tr>\n<td><strong><span style=\"color: #000000;\">Tragf\u00e4higkeit des Futters<\/span><\/strong><\/td>\n<td><span style=\"color: #000000;\">50kg<\/span><\/td>\n<\/tr>\n<tr>\n<td><strong><span style=\"color: #000000;\">Abmessungen<\/span><\/strong><\/td>\n<td><span style=\"color: #000000;\">\u22489600mm \u00d7 3200mm \u00d7 1900mm<\/span><\/td>\n<\/tr>\n<tr>\n<td><strong><span style=\"color: #000000;\">Gewicht der gesamten Maschine<\/span><\/strong><\/td>\n<td><span style=\"color: #000000;\">\u22484.5t<\/span><\/td>\n<\/tr>\n<tr>\n<td><strong><span style=\"color: #000000;\">Leistungsanforderungen<\/span><\/strong><\/td>\n<td><span style=\"color: #000000;\">380V \/ 50Hz<\/span><\/td>\n<\/tr>\n<\/tbody>\n<\/table>\n<p>&nbsp;<\/p>\n<table border=\"1\" cellspacing=\"0\" cellpadding=\"8\">\n<thead>\n<tr>\n<th><span style=\"color: #000000;\">Konfiguration<\/span><\/th>\n<th><span style=\"color: #000000;\">Menge<\/span><\/th>\n<th><span style=\"color: #000000;\">Marke<\/span><\/th>\n<th><span style=\"color: #000000;\">Herkunft<\/span><\/th>\n<\/tr>\n<\/thead>\n<tbody>\n<tr>\n<td><strong><span style=\"color: #000000;\">Maschinenbett und Zubeh\u00f6r \/ 2000T (optional)<\/span><\/strong><\/td>\n<td><span style=\"color: #000000;\">1 (Satz)<\/span><\/td>\n<td><span style=\"color: #000000;\">Weizhuo \/ Kipling \/ Chuangxin<\/span><\/td>\n<td><span style=\"color: #000000;\">China<\/span><\/td>\n<\/tr>\n<tr>\n<td><strong><span style=\"color: #000000;\">Faserlaser-Generator<\/span><\/strong><\/td>\n<td><span style=\"color: #000000;\">1 (Satz)<\/span><\/td>\n<td><span style=\"color: #000000;\">Keplin \/ Tottenham Hotspur<\/span><\/td>\n<td><span style=\"color: #000000;\">China<\/span><\/td>\n<\/tr>\n<tr>\n<td><strong><span style=\"color: #000000;\">Laserschneidkopf<\/span><\/strong><\/td>\n<td><span style=\"color: #000000;\">1 (Satz)<\/span><\/td>\n<td><span style=\"color: #000000;\">Ospri \/ Gangchun<\/span><\/td>\n<td><span style=\"color: #000000;\">China<\/span><\/td>\n<\/tr>\n<tr>\n<td><strong><span style=\"color: #000000;\">Hochgeschwindigkeits-Servomotor und Treiber<\/span><\/strong><\/td>\n<td><span style=\"color: #000000;\">5 (Satz)<\/span><\/td>\n<td><span style=\"color: #000000;\">Inovance<\/span><\/td>\n<td><span style=\"color: #000000;\">China<\/span><\/td>\n<\/tr>\n<tr>\n<td><strong><span style=\"color: #000000;\">Hochpr\u00e4zisions-Getriebe<\/span><\/strong><\/td>\n<td><span style=\"color: #000000;\">3 (Satz)<\/span><\/td>\n<td><span style=\"color: #000000;\">Neuer Schatz<\/span><\/td>\n<td><span style=\"color: #000000;\">Japan<\/span><\/td>\n<\/tr>\n<tr>\n<td><strong><span style=\"color: #000000;\">Hochpr\u00e4zise, staubdichte, automatische \u00d6leinspritzung an der Vorder- und R\u00fcckseite des pneumatischen Spannfutters<\/span><\/strong><\/td>\n<td><span style=\"color: #000000;\">1 (Satz)<\/span><\/td>\n<td><span style=\"color: #000000;\">Weizhuo<\/span><\/td>\n<td><span style=\"color: #000000;\">China<\/span><\/td>\n<\/tr>\n<tr>\n<td><strong><span style=\"color: #000000;\">Getriebe und Zahnstange<\/span><\/strong><\/td>\n<td><span style=\"color: #000000;\">Unterst\u00fctzende Einrichtungen<\/span><\/td>\n<td><span style=\"color: #000000;\">JT \/ ST<\/span><\/td>\n<td><span style=\"color: #000000;\">Taiwan, China<\/span><\/td>\n<\/tr>\n<tr>\n<td><strong><span style=\"color: #000000;\">Linearf\u00fchrungsschiene<\/span><\/strong><\/td>\n<td><span style=\"color: #000000;\">Unterst\u00fctzende Einrichtungen<\/span><\/td>\n<td><span style=\"color: #000000;\">Airtac \/ HIWIN<\/span><\/td>\n<td><span style=\"color: #000000;\">Taiwan, China<\/span><\/td>\n<\/tr>\n<tr>\n<td><strong><span style=\"color: #000000;\">Unterst\u00fctzung bei der Kalibrierung von Rohrleitungen<\/span><\/strong><\/td>\n<td><span style=\"color: #000000;\">4 (Satz)<\/span><\/td>\n<td><span style=\"color: #000000;\">Weizhuo<\/span><\/td>\n<td><span style=\"color: #000000;\">China<\/span><\/td>\n<\/tr>\n<tr>\n<td><strong><span style=\"color: #000000;\">CNC-gesteuertes intelligentes Bus-System zum Schneiden von Rohren<\/span><\/strong><\/td>\n<td><span style=\"color: #000000;\">1 (Satz)<\/span><\/td>\n<td><span style=\"color: #000000;\">Bai Chu<\/span><\/td>\n<td><span style=\"color: #000000;\">China<\/span><\/td>\n<\/tr>\n<tr>\n<td><strong><span style=\"color: #000000;\">Industriek\u00fchler<\/span><\/strong><\/td>\n<td><span style=\"color: #000000;\">1 (Satz)<\/span><\/td>\n<td><span style=\"color: #000000;\">Hanli \/ Blauer Pinguin<\/span><\/td>\n<td><span style=\"color: #000000;\">China<\/span><\/td>\n<\/tr>\n<tr>\n<td><strong><span style=\"color: #000000;\">Automatisches \u00d6leinspritzsystem<\/span><\/strong><\/td>\n<td><span style=\"color: #000000;\">1 (Satz)<\/span><\/td>\n<td><span style=\"color: #000000;\">Weizhuo<\/span><\/td>\n<td><span style=\"color: #000000;\">China<\/span><\/td>\n<\/tr>\n<\/tbody>\n<\/table>\n<p>&nbsp;<\/p>\n<p>&nbsp;<\/p>","protected":false},"excerpt":{"rendered":"<p><strong><span style=\"color: #000000;\">Weizhuo WZ-120K | Hocheffiziente Doppelspannfutter-Rohrlaserschneidmaschine<\/span><\/strong><\/p>\n<p><span style=\"color: #000000;\">Industrietauglicher Laser-Rohrschneider f\u00fcr runde\/quadratische\/unregelm\u00e4\u00dfige Rohre (\u00d810-120mm). Verf\u00fcgt \u00fcber ein Doppelspannfutter, eine Positioniergenauigkeit von \u00b10,03 mm\/m, eine 40-mm-Spitzenoptimierung und eine Tragf\u00e4higkeit von 50 kg pro Spannfutter. Ideal f\u00fcr die Herstellung von Rohren mit hohem Materialanteil und hohen Anforderungen an die Pr\u00e4zision.<\/span><\/p>","protected":false},"featured_media":1059,"template":"","meta":[],"product_brand":[],"product_cat":[39,23],"product_tag":[],"class_list":{"0":"post-1012","1":"product","2":"type-product","3":"status-publish","4":"has-post-thumbnail","6":"product_cat-tube-fiber-laser-cutter","7":"product_cat-laser-machine","9":"first","10":"instock","11":"shipping-taxable","12":"product-type-simple"},"_links":{"self":[{"href":"https:\/\/shiguanglaser.com\/de\/wp-json\/wp\/v2\/product\/1012","targetHints":{"allow":["GET"]}}],"collection":[{"href":"https:\/\/shiguanglaser.com\/de\/wp-json\/wp\/v2\/product"}],"about":[{"href":"https:\/\/shiguanglaser.com\/de\/wp-json\/wp\/v2\/types\/product"}],"wp:featuredmedia":[{"embeddable":true,"href":"https:\/\/shiguanglaser.com\/de\/wp-json\/wp\/v2\/media\/1059"}],"wp:attachment":[{"href":"https:\/\/shiguanglaser.com\/de\/wp-json\/wp\/v2\/media?parent=1012"}],"wp:term":[{"taxonomy":"product_brand","embeddable":true,"href":"https:\/\/shiguanglaser.com\/de\/wp-json\/wp\/v2\/product_brand?post=1012"},{"taxonomy":"product_cat","embeddable":true,"href":"https:\/\/shiguanglaser.com\/de\/wp-json\/wp\/v2\/product_cat?post=1012"},{"taxonomy":"product_tag","embeddable":true,"href":"https:\/\/shiguanglaser.com\/de\/wp-json\/wp\/v2\/product_tag?post=1012"}],"curies":[{"name":"wp","href":"https:\/\/api.w.org\/{rel}","templated":true}]}}