{"id":629,"date":"2025-06-07T20:06:00","date_gmt":"2025-06-07T20:06:00","guid":{"rendered":"https:\/\/shiguanglaser.com\/?post_type=product&#038;p=629"},"modified":"2025-07-03T18:04:49","modified_gmt":"2025-07-03T18:04:49","slug":"h-series-economical-3d-laser-tube-cutting-machine","status":"publish","type":"product","link":"https:\/\/shiguanglaser.com\/ar\/h-series-economical-3d-laser-tube-cutting-machine\/","title":{"rendered":"\u0645\u0627\u0643\u064a\u0646\u0629 \u0642\u0637\u0639 \u0627\u0644\u0623\u0646\u0627\u0628\u064a\u0628 \u0628\u0627\u0644\u0644\u064a\u0632\u0631 \u062b\u0644\u0627\u062b\u064a\u0629 \u0627\u0644\u0623\u0628\u0639\u0627\u062f \u0628\u0627\u0644\u0644\u064a\u0632\u0631 \u0633\u0644\u0633\u0644\u0629 H \u0627\u0644\u0627\u0642\u062a\u0635\u0627\u062f\u064a\u0629"},"content":{"rendered":"<h2 class=\"section-title\"><span style=\"color: #477ff6;\"><strong>\u25b8 \u0645\u0642\u062f\u0645\u0629 \u0627\u0644\u0645\u0646\u062a\u062c<\/strong><\/span><\/h2>\n<hr class=\"blue-line\" \/>\n<p>&nbsp;<\/p>\n<p style=\"padding-left: 40px;\"><span style=\"color: #000000;\"><strong>\u0645\u0627\u0643\u064a\u0646\u0629 \u0642\u0637\u0639 \u0627\u0644\u0623\u0646\u0627\u0628\u064a\u0628 \u0628\u0627\u0644\u0644\u064a\u0632\u0631 \u0627\u0644\u0644\u064a\u0632\u0631\u064a \u0627\u0644\u0644\u064a\u0641\u064a \u0645\u0646 \u0627\u0644\u0633\u0644\u0633\u0644\u0629 H-Series<\/strong>\u00a0\u062a\u0648\u0641\u0631 \u062f\u0642\u0629 \u0645\u0646 \u0627\u0644\u062f\u0631\u062c\u0629 \u0627\u0644\u0635\u0646\u0627\u0639\u064a\u0629 \u0628\u0633\u0639\u0631 \u0627\u0642\u062a\u0635\u0627\u062f\u064a. <\/span><\/p>\n<p style=\"padding-left: 40px;\"><span style=\"color: #000000;\">\u062a\u0645 \u062a\u0635\u0645\u064a\u0645 \u0645\u0627\u0643\u064a\u0646\u0629 \u0627\u0644\u0642\u0637\u0639 \u0628\u0627\u0644\u0644\u064a\u0632\u0631 \u062b\u0644\u0627\u062b\u064a\u0629 \u0627\u0644\u0623\u0628\u0639\u0627\u062f \u0647\u0630\u0647 \u0627\u0644\u0645\u0635\u0645\u0645\u0629 \u0644\u0648\u0631\u0634 \u0627\u0644\u0639\u0645\u0644 \u0648\u0627\u0644\u0645\u0635\u0646\u0639\u064a\u0646 \u0645\u062a\u0648\u0633\u0637\u064a \u0627\u0644\u062d\u062c\u0645\u060c \u0648\u0647\u064a \u062a\u0639\u0627\u0644\u062c\u00a0<strong>\u0623\u0646\u0627\u0628\u064a\u0628 \u0645\u0633\u062a\u062f\u064a\u0631\u0629 <\/strong><\/span><\/p>\n<p style=\"padding-left: 40px;\"><span style=\"color: #000000;\"><strong>(\u03a620-245 \u0645\u0645)<\/strong>,\u00a0<strong>\u0623\u0646\u0627\u0628\u064a\u0628 \u0645\u0631\u0628\u0639\u0629\/\u0645\u0633\u062a\u0637\u064a\u0644\u0629 \u0627\u0644\u0634\u0643\u0644 (20\u00d720-245\u00d7245 \u0645\u0645)<\/strong>\u0648\u00a0<strong>\u0623\u0646\u0627\u0628\u064a\u0628 \u0628\u064a\u0636\u0627\u0648\u064a\u0629<\/strong>\u00a0\u0628\u062f\u0642\u0629 \u00b1 0.5 \u0645\u0645.<\/span><\/p>\n<p>&nbsp;<\/p>\n<h2 class=\"section-title\"><strong><span style=\"color: #477ff6;\">\u25b8 \u0645\u064a\u0632\u0627\u062a \u0627\u0644\u0645\u0646\u062a\u062c<\/span><\/strong><\/h2>\n<hr class=\"blue-line\" \/>\n<p>&nbsp;<\/p>\n<p style=\"padding-left: 40px;\">\u2705\u00a0<span style=\"color: #000000;\"><strong>\u062a\u0648\u0627\u0641\u0642 \u0645\u062a\u0639\u062f\u062f \u0627\u0644\u0645\u0648\u0627\u062f<\/strong>: \u062a\u0642\u0637\u064a\u0639 \u0627\u0644\u0641\u0648\u0644\u0627\u0630 \u0627\u0644\u0645\u0642\u0627\u0648\u0645 \u0644\u0644\u0635\u062f\u0623\u060c \u0648\u0627\u0644\u0641\u0648\u0644\u0627\u0630 \u0627\u0644\u0643\u0631\u0628\u0648\u0646\u064a\u060c \u0648\u0627\u0644\u0623\u0644\u0648\u0645\u0646\u064a\u0648\u0645\u060c \u0648\u0627\u0644\u0646\u062d\u0627\u0633\u060c \u0648\u0623\u0646\u0627\u0628\u064a\u0628 \u0627\u0644\u062d\u062f\u064a\u062f.<\/span><\/p>\n<p style=\"padding-left: 40px;\"><span style=\"color: #000000;\">\u2705\u00a0<strong>\u0627\u0644\u0645\u062e\u0644\u0641\u0627\u062a \u0641\u0627\u0626\u0642\u0629 \u0627\u0644\u0642\u0635\u0631<\/strong>:: \u226460 \u0645\u0645 \u062a\u0642\u0644\u064a\u0644 \u0627\u0644\u062e\u0631\u062f\u0629 \u226460 \u0645\u0645 \u064a\u0632\u064a\u062f \u0645\u0646 \u0627\u0644\u0627\u0633\u062a\u0641\u0627\u062f\u0629 \u0627\u0644\u0642\u0635\u0648\u0649 \u0645\u0646 \u0627\u0644\u0645\u0648\u0627\u062f.<\/span><\/p>\n<p style=\"padding-left: 40px;\"><span style=\"color: #000000;\">\u2705\u00a0<strong>\u0633\u0639\u0629 \u0627\u0644\u062a\u0646\u0633\u064a\u0642\u0627\u062a \u0627\u0644\u0643\u0628\u064a\u0631\u0629<\/strong>: \u064a\u0639\u0627\u0644\u062c \u0623\u0646\u0627\u0628\u064a\u0628 \u064a\u0635\u0644 \u0637\u0648\u0644\u0647\u0627 \u0625\u0644\u0649 6500 \u0645\u0645.<\/span><\/p>\n<p style=\"padding-left: 40px;\"><span style=\"color: #000000;\">\u2705\u00a0<strong>\u0631\u0623\u0633 \u0627\u0644\u0642\u0637\u0639 \u0627\u0644\u0645\u062a\u062d\u0631\u0643 \u062b\u0644\u0627\u062b\u064a \u0627\u0644\u0623\u0628\u0639\u0627\u062f \u062b\u0644\u0627\u062b\u064a \u0627\u0644\u0623\u0628\u0639\u0627\u062f<\/strong>: \u064a\u0639\u0627\u0644\u062c \u0627\u0644\u0645\u0639\u0627\u0644\u0645 \u0627\u0644\u0645\u0639\u0642\u062f\u0629 \u0648\u0627\u0644\u0633\u0645\u0627\u062a \u0630\u0627\u062a \u0627\u0644\u0632\u0648\u0627\u064a\u0627.<\/span><\/p>\n<p style=\"padding-left: 40px;\"><span style=\"color: #000000;\">\u2705\u00a0<strong>\u0645\u0631\u0648\u0646\u0629 \u0627\u0644\u0637\u0627\u0642\u0629<\/strong>: \u062e\u064a\u0627\u0631\u0627\u062a \u0627\u0644\u0644\u064a\u0632\u0631 1000 \u0648\u0627\u0637 - 6000 \u0648\u0627\u0637 (\u0645\u0635\u062f\u0631 \u0627\u0644\u0623\u0644\u064a\u0627\u0641).<\/span><\/p>\n<p style=\"padding-left: 40px;\"><span style=\"color: #000000;\"><strong>\u2705 \u0641\u0639\u0627\u0644\u0629 \u0645\u0646 \u062d\u064a\u062b \u0627\u0644\u062a\u0643\u0644\u0641\u0629: <\/strong>30% \u062a\u0643\u0644\u0641\u0629 \u062a\u0634\u063a\u064a\u0644\u064a\u0629 \u0623\u0642\u0644 \u0645\u0642\u0627\u0631\u0646\u0629 \u0628\u0627\u0644\u0637\u0631\u0642 \u0627\u0644\u062a\u0642\u0644\u064a\u062f\u064a\u0629.<\/span><\/p>\n<p>&nbsp;<\/p>\n<h2 class=\"section-title\"><strong><span style=\"color: #477ff6;\">\u25b8 \u0645\u0639\u0644\u0645\u0627\u062a \u0627\u0644\u0645\u0646\u062a\u062c<\/span><\/strong><\/h2>\n<hr \/>\n<p>&nbsp;<\/p>\n<table style=\"height: 376px;\" width=\"985\">\n<tbody>\n<tr>\n<td style=\"padding-left: 40px;\" width=\"533\"><strong><span style=\"color: #000000;\">\u0627\u0644\u0637\u0631\u0627\u0632<\/span><\/strong><\/td>\n<td style=\"padding-left: 40px;\" colspan=\"2\" width=\"903\"><span style=\"color: #000000;\">H-H16\/H24<\/span><\/td>\n<\/tr>\n<tr style=\"padding-left: 40px;\">\n<td style=\"padding-left: 40px;\" width=\"533\"><strong><span style=\"color: #000000;\">\u0637\u0627\u0642\u0629 \u0627\u0644\u0644\u064a\u0632\u0631<\/span><\/strong><\/td>\n<td style=\"padding-left: 40px;\" colspan=\"2\" width=\"903\"><span style=\"color: #000000;\">1000-6000 \u0648\u0627\u0637 (\u0627\u062e\u062a\u064a\u0627\u0631\u064a)<\/span><\/td>\n<\/tr>\n<tr style=\"padding-left: 40px;\">\n<td style=\"padding-left: 40px;\" width=\"533\"><strong><span style=\"color: #000000;\">\u062f\u0642\u0629 \u0627\u0644\u0645\u0639\u0627\u0644\u062c\u0629<\/span><\/strong><\/td>\n<td style=\"padding-left: 40px;\" colspan=\"2\" width=\"903\"><span style=\"color: #000000;\">\u00b1 0.5 \u0645\u0645<\/span><\/td>\n<\/tr>\n<tr style=\"padding-left: 40px;\">\n<td style=\"padding-left: 40px;\" width=\"533\"><strong><span style=\"color: #000000;\">\u0637\u0648\u0644 \u0627\u0644\u0630\u064a\u0644<\/span><\/strong><\/td>\n<td style=\"padding-left: 40px;\" colspan=\"2\" width=\"903\"><span style=\"color: #000000;\">\u226460 \u0645\u0645<\/span><\/td>\n<\/tr>\n<tr style=\"padding-left: 40px;\">\n<td style=\"padding-left: 40px;\" width=\"533\"><strong><span style=\"color: #000000;\">\u0623\u0628\u0639\u0627\u062f \u0627\u0644\u0645\u0639\u062f\u0627\u062a<\/span><\/strong><\/td>\n<td style=\"padding-left: 40px;\" colspan=\"2\" width=\"903\"><span style=\"color: #000000;\">\u22489200 \u00d7 2900 \u00d7 2900 \u00d7 2100 \u0645\u0645<\/span><\/td>\n<\/tr>\n<tr style=\"padding-left: 40px;\">\n<td style=\"padding-left: 40px;\" width=\"533\"><strong><span style=\"color: #000000;\">\u0642\u0637\u0639 \u0642\u0637\u0631 \u0627\u0644\u0623\u0646\u0628\u0648\u0628 \u0627\u0644\u062f\u0627\u0626\u0631\u064a<\/span><\/strong><\/td>\n<td style=\"padding-left: 40px;\" colspan=\"2\" width=\"903\"><span style=\"color: #000000;\">\u03a620 ~ 245 \u0645\u0645<\/span><\/td>\n<\/tr>\n<tr style=\"padding-left: 40px;\">\n<td style=\"padding-left: 40px;\" width=\"533\"><strong><span style=\"color: #000000;\">\u0642\u0637\u0631 \u0627\u0644\u0642\u0637\u0639 \u0644\u0644\u0623\u0646\u0628\u0648\u0628 \u0627\u0644\u0645\u0631\u0628\u0639<\/span><\/strong><\/td>\n<td style=\"padding-left: 40px;\" colspan=\"2\" width=\"903\"><span style=\"color: #000000;\">20*20 \u0645\u0645 ~ 245*245*245 \u0645\u0645<\/span><\/td>\n<\/tr>\n<tr style=\"padding-left: 40px;\">\n<td style=\"padding-left: 40px;\" width=\"533\"><strong><span style=\"color: #000000;\">\u0623\u0642\u0635\u0649 \u0637\u0648\u0644 \u0644\u0644\u0623\u0646\u0628\u0648\u0628 \u0627\u0644\u0645\u0634\u063a\u0648\u0644 \u0622\u0644\u064a\u0627\u064b<\/span><\/strong><\/td>\n<td style=\"padding-left: 40px;\" colspan=\"2\" width=\"903\"><span style=\"color: #000000;\">\u22646500 \u0645\u0645<\/span><\/td>\n<\/tr>\n<tr style=\"padding-left: 40px;\">\n<td style=\"padding-left: 40px;\" width=\"533\"><strong><span style=\"color: #000000;\">\u0645\u0648\u0627\u062f \u0627\u0644\u0642\u0637\u0639<\/span><\/strong><\/td>\n<td style=\"padding-left: 40px;\" colspan=\"2\" width=\"903\"><span style=\"color: #000000;\">\u0627\u0644\u0641\u0648\u0644\u0627\u0630 \u0627\u0644\u0645\u0642\u0627\u0648\u0645 \u0644\u0644\u0635\u062f\u0623\u060c \u0627\u0644\u0641\u0648\u0644\u0627\u0630 \u0627\u0644\u0643\u0631\u0628\u0648\u0646\u064a\u060c \u0627\u0644\u0623\u0644\u0648\u0645\u0646\u064a\u0648\u0645\u060c \u0627\u0644\u0646\u062d\u0627\u0633\u060c \u0627\u0644\u062d\u062f\u064a\u062f<\/span><\/td>\n<\/tr>\n<tr style=\"padding-left: 40px;\">\n<td style=\"padding-left: 40px;\" width=\"533\"><strong><span style=\"color: #000000;\">\u0646\u0648\u0639 \u0623\u0646\u0628\u0648\u0628 \u0627\u0644\u0642\u0637\u0639<\/span><\/strong><\/td>\n<td style=\"padding-left: 40px;\" colspan=\"2\" width=\"903\"><span style=\"color: #000000;\">\u0623\u0646\u0628\u0648\u0628 \u062f\u0627\u0626\u0631\u064a\u060c \u0623\u0646\u0628\u0648\u0628 \u0645\u0631\u0628\u0639\u060c \u0623\u0646\u0628\u0648\u0628 \u0645\u0633\u062a\u0637\u064a\u0644\u060c \u0623\u0646\u0628\u0648\u0628 \u0639\u0644\u0649 \u0634\u0643\u0644 \u062e\u0635\u0631<\/span><\/td>\n<\/tr>\n<\/tbody>\n<\/table>\n<p>&nbsp;<\/p>\n<p><span style=\"color: #000000;\"><strong>&gt; <span style=\"color: #000000;\">\u0627\u0644\u062a\u0637\u0628\u064a\u0642\u0627\u062a:<\/span><\/strong><\/span><\/p>\n<p>&nbsp;<\/p>\n<ul>\n<li><span style=\"color: #000000;\"><strong>\u25c6 \u0627\u0644\u0625\u0637\u0627\u0631\u0627\u062a \u0648\u0627\u0644\u0633\u0648\u0631 \u0627\u0644\u0641\u0648\u0644\u0627\u0630\u064a\u0629 \u0627\u0644\u0647\u064a\u0643\u0644\u064a\u0629<\/strong><\/span><\/li>\n<\/ul>\n<p>&nbsp;<\/p>\n<ul>\n<li><span style=\"color: #000000;\"><strong>\u25c6 \u0623\u0646\u0638\u0645\u0629 \u0639\u0627\u062f\u0645 \u0627\u0644\u0633\u064a\u0627\u0631\u0627\u062a<\/strong><\/span><\/li>\n<\/ul>\n<p>&nbsp;<\/p>\n<ul>\n<li><span style=\"color: #000000;\"><strong>\u25c6\u062a\u0635\u0646\u064a\u0639 \u0623\u0646\u0627\u0628\u064a\u0628 \u0627\u0644\u0623\u062b\u0627\u062b<\/strong><\/span><\/li>\n<\/ul>\n<p>&nbsp;<\/p>\n<ul>\n<li><span style=\"color: #000000;\"><strong>\u25c6 \u0645\u0643\u0648\u0646\u0627\u062a \u0627\u0644\u062a\u0643\u064a\u064a\u0641 \u0648\u0627\u0644\u062a\u0628\u0631\u064a\u062f \u0648\u0627\u0644\u062a\u0643\u064a\u064a\u0641 \u0648\u062e\u0637\u0648\u0637 \u0627\u0644\u0623\u0646\u0627\u0628\u064a\u0628<\/strong><\/span><\/li>\n<\/ul>\n<p>&nbsp;<\/p>\n<p>&nbsp;<\/p>","protected":false},"excerpt":{"rendered":"<p><span style=\"color: #000000;\"><strong>\u0642\u0627\u0637\u0639 \u0623\u0646\u0627\u0628\u064a\u0628 \u0627\u0644\u0623\u0644\u064a\u0627\u0641 \u0627\u0644\u0644\u064a\u0632\u0631\u064a\u0629 \u0627\u0644\u0644\u064a\u0632\u0631\u064a\u0629 \u0645\u0646 \u0627\u0644\u0633\u0644\u0633\u0644\u0629 H-Series | \u0642\u0637\u0639 \u0627\u0642\u062a\u0635\u0627\u062f\u064a \u062b\u0644\u0627\u062b\u064a \u0627\u0644\u0623\u0628\u0639\u0627\u062f \u0644\u0644\u0623\u0646\u0627\u0628\u064a\u0628 \u0627\u0644\u062f\u0627\u0626\u0631\u064a\u0629\/\u0627\u0644\u0645\u0631\u0628\u0639\u0629\/\u0627\u0644\u0645\u0633\u062a\u0637\u064a\u0644\u0629 (\u03a620-245 \u0645\u0645)<\/strong><\/span><\/p>\n<p><span style=\"color: #000000;\">\u0642\u0627\u0637\u0639 \u0623\u0646\u0628\u0648\u0628 \u0644\u064a\u0632\u0631 \u0644\u064a\u0641\u064a \u0639\u0627\u0644\u064a \u0627\u0644\u0623\u062f\u0627\u0621 \u0639\u0627\u0644\u064a \u0627\u0644\u062a\u0643\u0644\u0641\u0629 \u0628\u062f\u0642\u0629 \u00b1 0.5 \u0645\u0645\u060c \u0648\u0645\u062e\u0644\u0641\u0627\u062a \u226460 \u0645\u0645\u060c \u0648\u0645\u0639\u0627\u0644\u062c\u0629 \u0623\u0646\u0628\u0648\u0628 245 \u0645\u0645 \u0643\u062d\u062f \u0623\u0642\u0635\u0649. \u0645\u062b\u0627\u0644\u064a\u0629 \u0644\u0644\u0641\u0648\u0644\u0627\u0630 \u0627\u0644\u0643\u0631\u0628\u0648\u0646\u064a\/\u0627\u0644\u0641\u0648\u0644\u0627\u0630 \u0627\u0644\u0645\u0642\u0627\u0648\u0645 \u0644\u0644\u0635\u062f\u0623\/\u0627\u0644\u0623\u0644\u0648\u0645\u0646\u064a\u0648\u0645.<\/span><\/p>","protected":false},"featured_media":1122,"template":"","meta":[],"product_brand":[],"product_cat":[39,23],"product_tag":[],"class_list":{"0":"post-629","1":"product","2":"type-product","3":"status-publish","4":"has-post-thumbnail","6":"product_cat-tube-fiber-laser-cutter","7":"product_cat-laser-machine","9":"first","10":"instock","11":"shipping-taxable","12":"product-type-simple"},"_links":{"self":[{"href":"https:\/\/shiguanglaser.com\/ar\/wp-json\/wp\/v2\/product\/629","targetHints":{"allow":["GET"]}}],"collection":[{"href":"https:\/\/shiguanglaser.com\/ar\/wp-json\/wp\/v2\/product"}],"about":[{"href":"https:\/\/shiguanglaser.com\/ar\/wp-json\/wp\/v2\/types\/product"}],"wp:featuredmedia":[{"embeddable":true,"href":"https:\/\/shiguanglaser.com\/ar\/wp-json\/wp\/v2\/media\/1122"}],"wp:attachment":[{"href":"https:\/\/shiguanglaser.com\/ar\/wp-json\/wp\/v2\/media?parent=629"}],"wp:term":[{"taxonomy":"product_brand","embeddable":true,"href":"https:\/\/shiguanglaser.com\/ar\/wp-json\/wp\/v2\/product_brand?post=629"},{"taxonomy":"product_cat","embeddable":true,"href":"https:\/\/shiguanglaser.com\/ar\/wp-json\/wp\/v2\/product_cat?post=629"},{"taxonomy":"product_tag","embeddable":true,"href":"https:\/\/shiguanglaser.com\/ar\/wp-json\/wp\/v2\/product_tag?post=629"}],"curies":[{"name":"wp","href":"https:\/\/api.w.org\/{rel}","templated":true}]}}