{"id":624,"date":"2025-06-07T19:46:08","date_gmt":"2025-06-07T19:46:08","guid":{"rendered":"https:\/\/shiguanglaser.com\/?post_type=product&#038;p=624"},"modified":"2025-07-03T18:04:44","modified_gmt":"2025-07-03T18:04:44","slug":"t-series-high-speed-3d-fiber-laser-tube-cutting-machine","status":"publish","type":"product","link":"https:\/\/shiguanglaser.com\/ar\/t-series-high-speed-3d-fiber-laser-tube-cutting-machine\/","title":{"rendered":"\u0622\u0644\u0629 \u0642\u0637\u0639 \u0627\u0644\u0623\u0646\u0627\u0628\u064a\u0628 \u0627\u0644\u0644\u064a\u0632\u0631\u064a\u0629 \u0627\u0644\u0644\u064a\u0632\u0631\u064a\u0629 \u0627\u0644\u0644\u064a\u0632\u0631\u064a\u0629 \u062b\u0644\u0627\u062b\u064a\u0629 \u0627\u0644\u0623\u0628\u0639\u0627\u062f \u0639\u0627\u0644\u064a\u0629 \u0627\u0644\u0633\u0631\u0639\u0629 \u0645\u0646 \u0633\u0644\u0633\u0644\u0629 T"},"content":{"rendered":"<h2 class=\"section-title\"><strong><span style=\"color: #477ff6;\">\u25b8 \u0645\u0642\u062f\u0645\u0629 \u0627\u0644\u0645\u0646\u062a\u062c<\/span><\/strong><\/h2>\n<hr class=\"blue\" \/>\n<h3><\/h3>\n<p class=\"p1\">\u0635\u064f\u0645\u0645\u062a \u0645\u0627\u0643\u064a\u0646\u0629 \u0642\u0637\u0639 \u0627\u0644\u0623\u0646\u0627\u0628\u064a\u0628 \u0628\u0627\u0644\u0644\u064a\u0632\u0631 \u0627\u0644\u0644\u064a\u0632\u0631\u064a\u0629 \u0627\u0644\u0644\u064a\u0632\u0631\u064a\u0629 \u062b\u0644\u0627\u062b\u064a\u0629 \u0627\u0644\u0623\u0628\u0639\u0627\u062f \u0639\u0627\u0644\u064a\u0629 \u0627\u0644\u0633\u0631\u0639\u0629 \u0645\u0646 \u0627\u0644\u0633\u0644\u0633\u0644\u0629 T - \u0627\u0644\u062a\u064a \u062a\u063a\u0637\u064a \u0627\u0644\u0637\u0631\u0627\u0632\u0627\u062a T9 \u0648T9Pro \u0648T12 \u0648T12Pro - \u0644\u0642\u0637\u0639 \u0627\u0644\u0623\u0646\u0627\u0628\u064a\u0628 \u0627\u0644\u0645\u0639\u062f\u0646\u064a\u0629 \u0627\u0644\u0635\u063a\u064a\u0631\u0629 \u0648\u0627\u0644\u0645\u062a\u0648\u0633\u0637\u0629 \u0627\u0644\u062d\u062c\u0645 \u0628\u062f\u0642\u0629 \u0639\u0627\u0644\u064a\u0629. \u0648\u0628\u0641\u0636\u0644 \u062e\u064a\u0627\u0631\u0627\u062a \u0637\u0627\u0642\u0629 \u0627\u0644\u0644\u064a\u0632\u0631 \u0627\u0644\u062a\u064a \u062a\u062a\u0631\u0627\u0648\u062d \u0645\u0646 1000 \u0648\u0627\u0637 \u0625\u0644\u0649 6000 \u0648\u0627\u0637\u060c \u062a\u0645 \u062a\u0635\u0645\u064a\u0645 \u0647\u0630\u0647 \u0627\u0644\u0645\u0627\u0643\u064a\u0646\u0629 \u0644\u062a\u0644\u0628\u064a\u0629 \u0627\u0644\u0627\u062d\u062a\u064a\u0627\u062c\u0627\u062a \u0627\u0644\u0645\u062a\u0646\u0648\u0639\u0629 \u0644\u0644\u062a\u0635\u0646\u064a\u0639 \u0627\u0644\u062d\u062f\u064a\u062b\u060c \u0628\u062f\u0621\u064b\u0627 \u0645\u0646 \u0627\u0644\u0623\u062b\u0627\u062b \u0648\u0645\u0639\u062f\u0627\u062a \u0627\u0644\u0644\u064a\u0627\u0642\u0629 \u0627\u0644\u0628\u062f\u0646\u064a\u0629 \u0625\u0644\u0649 \u0645\u0643\u0648\u0646\u0627\u062a \u0627\u0644\u0633\u064a\u0627\u0631\u0627\u062a \u0648\u0627\u0644\u0641\u0636\u0627\u0621.<\/p>\n<p class=\"p1\">\u0645\u0635\u0645\u0645\u0629 \u0644\u0644\u062a\u0639\u0627\u0645\u0644 \u0645\u0639 \u0627\u0644\u0623\u0646\u0627\u0628\u064a\u0628 \u0627\u0644\u062f\u0627\u0626\u0631\u064a\u0629 \u0648\u0627\u0644\u0645\u0631\u0628\u0639\u0629 \u0648\u0627\u0644\u0645\u0633\u062a\u0637\u064a\u0644\u0629 \u0648\u0627\u0644\u0645\u0633\u062a\u0637\u064a\u0644\u0629 \u0648\u0627\u0644\u062e\u0635\u0631\u064a\u0629\u060c \u062a\u062f\u0639\u0645 \u0627\u0644\u0633\u0644\u0633\u0644\u0629 T Series \u0642\u0637\u0631 \u0642\u0637\u0639 \u0641\u0639\u0627\u0644 \u064a\u062a\u0631\u0627\u0648\u062d \u03a65-120 \u0645\u0645 \u0644\u0644\u0623\u0646\u0627\u0628\u064a\u0628 \u0627\u0644\u062f\u0627\u0626\u0631\u064a\u0629 \u0648\u0645\u0646 5 \u00d7 5 \u0645\u0645 \u0625\u0644\u0649 120 \u00d7 120 \u0645\u0645 \u0644\u0644\u0623\u0646\u0627\u0628\u064a\u0628 \u0627\u0644\u0645\u0631\u0628\u0639\u0629. \u062a\u0648\u0641\u0631 \u0627\u0644\u0645\u0627\u0643\u064a\u0646\u0629 \u0645\u0631\u0648\u0646\u0629 \u0627\u0633\u062a\u062b\u0646\u0627\u0626\u064a\u0629\u060c \u0648\u0630\u0644\u0643 \u0628\u0641\u0636\u0644 \u0637\u0648\u0644 \u0627\u0644\u0645\u0639\u0627\u0644\u062c\u0629 \u0627\u0644\u0623\u0642\u0635\u0649 \u22646500 \u0645\u0645 \u0648\u0637\u0648\u0644 \u0645\u062e\u0644\u0641\u0627\u062a \u0642\u0635\u064a\u0631 \u064a\u0635\u0644 \u0625\u0644\u0649 40-60 \u0645\u0645 - \u0648\u0647\u0648 \u0645\u062b\u0627\u0644\u064a \u0644\u062a\u0642\u0644\u064a\u0644 \u0647\u062f\u0631 \u0627\u0644\u0645\u0648\u0627\u062f.<\/p>\n<p class=\"p1\">\u064a\u0648\u062c\u062f \u0641\u064a \u0642\u0644\u0628 \u0627\u0644\u0646\u0638\u0627\u0645 \u0638\u0631\u0641 \u062f\u0642\u064a\u0642 \u064a\u0636\u0645\u0646 \u0648\u062c\u0648\u062f \u0638\u0631\u0641 \u062f\u0642\u064a\u0642 \u064a\u0636\u0645\u0646 \u0648\u062c\u0648\u062f \u0630\u064a\u0644 \u0641\u0627\u0626\u0642 \u0627\u0644\u0642\u0635\u0631 \u0645\u0642\u062a\u0631\u0646 \u0628\u0638\u0631\u0641 \u0623\u0645\u0627\u0645\u064a \u0645\u062a\u062d\u0631\u0643 \u0648\u0646\u0638\u0627\u0645 \u062a\u062d\u0643\u0645 \u0628\u0646\u0638\u0627\u0645 \u0627\u0644\u062a\u062d\u0643\u0645 \u0627\u0644\u0631\u0642\u0645\u064a \u0628\u0627\u0633\u062a\u062e\u062f\u0627\u0645 \u0627\u0644\u062d\u0627\u0633\u0628 \u0627\u0644\u0622\u0644\u064a \u0645\u0646 \u0646\u0648\u0639 \u0627\u0644\u0646\u0627\u0642\u0644 \u0627\u0644\u0645\u062a\u0642\u062f\u0645. \u062a\u0633\u0645\u062d \u0647\u0630\u0647 \u0627\u0644\u0645\u0643\u0648\u0646\u0627\u062a \u0628\u0627\u0644\u062a\u0634\u063a\u064a\u0644 \u0627\u0644\u0622\u0644\u064a \u0641\u0627\u0626\u0642 \u0627\u0644\u0633\u0631\u0639\u0629\u060c \u0645\u0639 \u0627\u0644\u062d\u0641\u0627\u0638 \u0639\u0644\u0649 \u062f\u0642\u0629 \u0645\u0639\u0627\u0644\u062c\u0629 \u00b1 0.15 \u0645\u0645 \u0641\u064a \u062c\u0645\u064a\u0639 \u0627\u0644\u0645\u0648\u0627\u062f \u0627\u0644\u0645\u062a\u0648\u0627\u0641\u0642\u0629\u060c \u0628\u0645\u0627 \u0641\u064a \u0630\u0644\u0643 \u0627\u0644\u0641\u0648\u0644\u0627\u0630 \u0627\u0644\u0645\u0642\u0627\u0648\u0645 \u0644\u0644\u0635\u062f\u0623 \u0648\u0627\u0644\u0641\u0648\u0644\u0627\u0630 \u0627\u0644\u0643\u0631\u0628\u0648\u0646\u064a \u0648\u0627\u0644\u0623\u0644\u0648\u0645\u0646\u064a\u0648\u0645 \u0648\u0627\u0644\u0646\u062d\u0627\u0633 \u0648\u0627\u0644\u062d\u062f\u064a\u062f.<\/p>\n<p class=\"p1\">\u0645\u0627 \u064a\u062c\u0639\u0644 \u0627\u0644\u0633\u0644\u0633\u0644\u0629 T Series \u0645\u0644\u0627\u0626\u0645\u0629 \u0644\u0644\u0625\u0646\u062a\u0627\u062c \u0628\u0634\u0643\u0644 \u062e\u0627\u0635 \u0647\u0648 \u0647\u064a\u0643\u0644 \u0627\u0644\u062a\u062d\u0645\u064a\u0644 \u0627\u0644\u0645\u062d\u0633\u0651\u0646\u060c \u0645\u0645\u0627 \u064a\u062a\u064a\u062d \u0648\u0642\u062a\u064b\u0627 \u0642\u0635\u064a\u0631\u064b\u0627 \u062c\u062f\u064b\u0627 \u0644\u062a\u062d\u0645\u064a\u0644 \u0627\u0644\u0645\u0648\u0627\u062f \u0648\u0632\u064a\u0627\u062f\u0629 \u0627\u0644\u0625\u0646\u062a\u0627\u062c\u064a\u0629 \u0625\u0644\u0649 \u0623\u0642\u0635\u0649 \u062d\u062f. \u0623\u0628\u0639\u0627\u062f \u0627\u0644\u0645\u0639\u062f\u0627\u062a (\u062d\u0648\u0627\u0644\u064a 9400\u00d72400\u00d72300 \u0645\u0645) \u0645\u062f\u0645\u062c\u0629 \u0628\u0645\u0627 \u064a\u0643\u0641\u064a \u0644\u062a\u0646\u0627\u0633\u0628 \u0627\u0644\u0648\u0631\u0634 \u0627\u0644\u0635\u0646\u0627\u0639\u064a\u0629 \u0627\u0644\u0642\u064a\u0627\u0633\u064a\u0629\u060c \u0645\u0639 \u062a\u0648\u0641\u064a\u0631 \u0642\u062f\u0631\u0627\u062a \u0639\u0644\u0649 \u0645\u0633\u062a\u0648\u0649 \u0627\u0644\u0635\u0646\u0627\u0639\u0629.<\/p>\n<p class=\"p1\">\u0644\u0627 \u064a\u0648\u0641\u0631 \u0647\u0630\u0627 \u0627\u0644\u062d\u0644 \u0627\u0644\u0645\u062a\u0643\u0627\u0645\u0644 \u0642\u0637\u0639\u064b\u0627 \u0646\u0638\u064a\u0641\u064b\u0627 \u0648\u0633\u0631\u064a\u0639\u064b\u0627 \u0648\u0645\u062a\u0633\u0642\u064b\u0627 \u0641\u062d\u0633\u0628\u060c \u0628\u0644 \u064a\u0642\u0644\u0644 \u0623\u064a\u0636\u064b\u0627 \u0645\u0646 \u0648\u0642\u062a \u0627\u0644\u0625\u0639\u062f\u0627\u062f \u0648\u0627\u0644\u062a\u0643\u0627\u0644\u064a\u0641 \u0627\u0644\u062a\u0634\u063a\u064a\u0644\u064a\u0629 \u0628\u0634\u0643\u0644 \u0643\u0628\u064a\u0631 - \u0645\u0645\u0627 \u064a\u062c\u0639\u0644\u0647\u0627 \u0623\u062f\u0627\u0629 \u0641\u0639\u0627\u0644\u0629 \u0644\u0644\u063a\u0627\u064a\u0629 \u0645\u0646 \u062d\u064a\u062b \u0627\u0644\u062a\u0643\u0644\u0641\u0629 \u0644\u062a\u0637\u0628\u064a\u0642\u0627\u062a \u0642\u0637\u0639 \u0627\u0644\u0623\u0646\u0627\u0628\u064a\u0628. \u0633\u0648\u0627\u0621 \u0643\u0646\u062a \u062a\u0642\u0648\u0645 \u0628\u062a\u0648\u0633\u064a\u0639 \u0646\u0637\u0627\u0642 \u0627\u0644\u0625\u0646\u062a\u0627\u062c \u0623\u0648 \u0627\u0644\u062a\u0631\u0642\u064a\u0629 \u0645\u0646 \u0627\u0644\u0639\u0645\u0644\u064a\u0627\u062a \u0627\u0644\u064a\u062f\u0648\u064a\u0629\u060c \u062a\u0633\u0627\u0639\u062f \u0633\u0644\u0633\u0644\u0629 T \u0639\u0644\u0649 \u062a\u0628\u0633\u064a\u0637 \u0627\u0644\u0639\u0645\u0644\u064a\u0627\u062a \u062f\u0648\u0646 \u0627\u0644\u0645\u0633\u0627\u0633 \u0628\u0627\u0644\u062c\u0648\u062f\u0629 \u0623\u0648 \u0627\u0644\u0633\u0631\u0639\u0629.<\/p>\n<h2 class=\"section-title\"><strong><span style=\"color: #477ff6;\">\u25b8 \u0645\u064a\u0632\u0627\u062a \u0627\u0644\u0645\u0646\u062a\u062c<\/span><\/strong><\/h2>\n<hr class=\"blue\" \/>\n<h3><\/h3>\n<ul>\n<li>\n<p class=\"p1\"><span class=\"s1\"><b>\u062e\u064a\u0627\u0631\u0627\u062a \u0637\u0627\u0642\u0629 \u0627\u0644\u0644\u064a\u0632\u0631:<\/b><\/span> 1000 \u0648\u0627\u0637 \u0625\u0644\u0649 6000 \u0648\u0627\u0637 (\u0627\u062e\u062a\u064a\u0627\u0631\u064a)<\/p>\n<\/li>\n<li>\n<p class=\"p1\"><b>\u062f\u0642\u0629 \u0627\u0644\u0642\u0637\u0639:<\/b><span class=\"s1\"> \u00b1 0.15 \u0645\u0645<\/span><\/p>\n<\/li>\n<li>\n<p class=\"p1\"><b>\u0623\u0642\u0635\u0649 \u0637\u0648\u0644 \u0644\u0644\u0623\u0646\u0628\u0648\u0628:<\/b><span class=\"s1\"> \u22646500 \u0645\u0645<\/span><\/p>\n<\/li>\n<li>\n<p class=\"p1\"><span class=\"s1\"><b>\u0646\u0637\u0627\u0642 \u0627\u0644\u0642\u0637\u0639:<\/b><\/span> \u03a65-120 \u0645\u0645 (\u062f\u0627\u0626\u0631\u064a)\u060c 5\u00d75 \u0645\u0645-120\u00d7120 \u0645\u0645 (\u0645\u0631\u0628\u0639)<\/p>\n<\/li>\n<li>\n<p class=\"p1\"><span class=\"s1\"><b>\u0623\u0646\u0648\u0627\u0639 \u0627\u0644\u0623\u0646\u0627\u0628\u064a\u0628 \u0627\u0644\u0645\u062f\u0639\u0648\u0645\u0629:<\/b><\/span> \u0645\u0633\u062a\u062f\u064a\u0631\u060c \u0645\u0631\u0628\u0639\u060c \u0645\u0633\u062a\u0637\u064a\u0644\u060c \u0645\u0633\u062a\u0637\u064a\u0644 \u0627\u0644\u0634\u0643\u0644\u060c \u0639\u0644\u0649 \u0634\u0643\u0644 \u062e\u0635\u0631<\/p>\n<\/li>\n<li>\n<p class=\"p1\"><span class=\"s1\"><b>\u0627\u0644\u0645\u0648\u0627\u062f \u0627\u0644\u0645\u062f\u0639\u0648\u0645\u0629:<\/b><\/span> \u0627\u0644\u0641\u0648\u0644\u0627\u0630 \u0627\u0644\u0645\u0642\u0627\u0648\u0645 \u0644\u0644\u0635\u062f\u0623\u060c \u0648\u0627\u0644\u0641\u0648\u0644\u0627\u0630 \u0627\u0644\u0643\u0631\u0628\u0648\u0646\u064a\u060c \u0648\u0627\u0644\u0623\u0644\u0648\u0645\u0646\u064a\u0648\u0645\u060c \u0648\u0627\u0644\u0646\u062d\u0627\u0633\u060c \u0648\u0627\u0644\u062d\u062f\u064a\u062f<\/p>\n<\/li>\n<li>\n<p class=\"p1\"><b>\u062d\u062c\u0645 \u0627\u0644\u0645\u0639\u062f\u0627\u062a \u0627\u0644\u0645\u062f\u0645\u062c\u0629:<\/b><span class=\"s1\"> \u22489400 \u00d7 2400 \u00d7 2300 \u00d7 2300 \u0645\u0645<\/span><\/p>\n<\/li>\n<li>\n<p class=\"p1\"><span class=\"s1\"><b>\u0646\u0638\u0627\u0645 \u0627\u0644\u062a\u062d\u0643\u0645 \u0628\u0627\u0633\u062a\u062e\u062f\u0627\u0645 \u0627\u0644\u062d\u0627\u0633\u0628 \u0627\u0644\u0622\u0644\u064a \u0627\u0644\u0631\u0642\u0645\u064a:<\/b><\/span> \u0645\u0646 \u0646\u0648\u0639 \u0627\u0644\u0646\u0627\u0642\u0644 \u0644\u0644\u0627\u0633\u062a\u062c\u0627\u0628\u0629 \u0627\u0644\u0633\u0631\u064a\u0639\u0629 \u0648\u0627\u0644\u062b\u0628\u0627\u062a<\/p>\n<\/li>\n<\/ul>\n<h2 class=\"section-title\"><strong><span style=\"color: #477ff6;\">\u25b8 \u0645\u0639\u0644\u0645\u0627\u062a \u0627\u0644\u0645\u0646\u062a\u062c<\/span><\/strong><\/h2>\n<hr class=\"blue\" \/>\n<p>&nbsp;<\/p>\n<table>\n<thead>\n<tr>\n<th>\n<p class=\"p1\"><b>\u0627\u0644\u0637\u0631\u0627\u0632<\/b><\/p>\n<\/th>\n<th>\n<p class=\"p1\"><b>T-T9\/T9Pro\/T12\/T12pro<\/b><\/p>\n<\/th>\n<\/tr>\n<\/thead>\n<tbody>\n<tr>\n<td>\n<p class=\"p1\"><b>\u0637\u0627\u0642\u0629 \u0627\u0644\u0644\u064a\u0632\u0631<\/b><\/p>\n<\/td>\n<td>\n<p class=\"p1\">1000-6000 \u0648\u0627\u0637 (\u0627\u062e\u062a\u064a\u0627\u0631\u064a)<\/p>\n<\/td>\n<\/tr>\n<tr>\n<td>\n<p class=\"p1\"><b>\u062f\u0642\u0629 \u0627\u0644\u0645\u0639\u0627\u0644\u062c\u0629<\/b><\/p>\n<\/td>\n<td>\n<p class=\"p1\">\u00b1 0.15 \u0645\u0645<\/p>\n<\/td>\n<\/tr>\n<tr>\n<td>\n<p class=\"p1\"><b>\u0637\u0648\u0644 \u0627\u0644\u0630\u064a\u0644<\/b><\/p>\n<\/td>\n<td>\n<p class=\"p1\">40 ~ 60 \u0645\u0645<\/p>\n<\/td>\n<\/tr>\n<tr>\n<td>\n<p class=\"p1\"><b>\u0623\u0628\u0639\u0627\u062f \u0627\u0644\u0645\u0639\u062f\u0627\u062a<\/b><\/p>\n<\/td>\n<td>\n<p class=\"p1\">\u22489400 \u00d7 2400 \u00d7 2300 \u00d7 2300 \u0645\u0645<\/p>\n<\/td>\n<\/tr>\n<tr>\n<td>\n<p class=\"p1\"><b>\u0642\u0637\u0639 \u0642\u0637\u0631 \u0627\u0644\u0623\u0646\u0628\u0648\u0628 \u0627\u0644\u062f\u0627\u0626\u0631\u064a<\/b><\/p>\n<\/td>\n<td>\n<p class=\"p1\">\u03a65 ~ 120 \u0645\u0645<\/p>\n<\/td>\n<\/tr>\n<tr>\n<td>\n<p class=\"p1\"><b>\u0642\u0637\u0631 \u0627\u0644\u0642\u0637\u0639 \u0644\u0644\u0623\u0646\u0628\u0648\u0628 \u0627\u0644\u0645\u0631\u0628\u0639<\/b><\/p>\n<\/td>\n<td>\n<p class=\"p1\">5<i>5 \u0645\u0645 ~ 120<\/i>120 \u0645\u0645<\/p>\n<\/td>\n<\/tr>\n<tr>\n<td>\n<p class=\"p1\"><b>\u0623\u0642\u0635\u0649 \u0637\u0648\u0644 \u0644\u0644\u0623\u0646\u0628\u0648\u0628 \u0627\u0644\u0645\u0634\u063a\u0648\u0644 \u0622\u0644\u064a\u0627\u064b<\/b><\/p>\n<\/td>\n<td>\n<p class=\"p1\">\u22646500 \u0645\u0645<\/p>\n<\/td>\n<\/tr>\n<tr>\n<td>\n<p class=\"p1\"><b>\u0645\u0648\u0627\u062f \u0627\u0644\u0642\u0637\u0639<\/b><\/p>\n<\/td>\n<td>\n<p class=\"p1\">\u0627\u0644\u0641\u0648\u0644\u0627\u0630 \u0627\u0644\u0645\u0642\u0627\u0648\u0645 \u0644\u0644\u0635\u062f\u0623\u060c \u0648\u0627\u0644\u0641\u0648\u0644\u0627\u0630 \u0627\u0644\u0643\u0631\u0628\u0648\u0646\u064a\u060c \u0648\u0627\u0644\u0623\u0644\u0648\u0645\u0646\u064a\u0648\u0645\u060c \u0648\u0627\u0644\u0646\u062d\u0627\u0633\u060c \u0648\u0627\u0644\u062d\u062f\u064a\u062f<\/p>\n<\/td>\n<\/tr>\n<tr>\n<td>\n<p class=\"p1\"><b>\u0646\u0648\u0639 \u0623\u0646\u0628\u0648\u0628 \u0627\u0644\u0642\u0637\u0639<\/b><\/p>\n<\/td>\n<td>\n<p class=\"p1\">\u0623\u0646\u0628\u0648\u0628 \u062f\u0627\u0626\u0631\u064a\u060c \u0623\u0646\u0628\u0648\u0628 \u0645\u0631\u0628\u0639\u060c \u0623\u0646\u0628\u0648\u0628 \u0645\u0633\u062a\u0637\u064a\u0644\u060c \u0623\u0646\u0628\u0648\u0628 \u0639\u0644\u0649 \u0634\u0643\u0644 \u062e\u0635\u0631<\/p>\n<\/td>\n<\/tr>\n<\/tbody>\n<\/table>","protected":false},"excerpt":{"rendered":"<p>\u0645\u0627\u0643\u064a\u0646\u0629 T9\/T9Pro\/T12\/T12\/T12Pro \u0645\u0646 \u0627\u0644\u0633\u0644\u0633\u0644\u0629 T \u0647\u064a \u0645\u0627\u0643\u064a\u0646\u0629 \u0642\u0637\u0639 \u0627\u0644\u0623\u0646\u0627\u0628\u064a\u0628 \u0628\u0627\u0644\u0644\u064a\u0632\u0631 \u062b\u0644\u0627\u062b\u064a\u0629 \u0627\u0644\u0623\u0628\u0639\u0627\u062f \u0639\u0627\u0644\u064a\u0629 \u0627\u0644\u0633\u0631\u0639\u0629 \u0645\u0635\u0646\u0648\u0639\u0629 \u0645\u0646 \u0623\u0644\u064a\u0627\u0641 \u0627\u0644\u0644\u064a\u0632\u0631 \u0645\u0635\u0645\u0645\u0629 \u0644\u062a\u062d\u0642\u064a\u0642 \u0627\u0644\u062f\u0642\u0629 \u0648\u0627\u0644\u0633\u0631\u0639\u0629 \u0648\u0627\u0644\u062a\u0646\u0648\u0639. \u0648\u0647\u064a \u062a\u062f\u0639\u0645 \u0645\u062e\u062a\u0644\u0641 \u0623\u0634\u0643\u0627\u0644 \u0627\u0644\u0623\u0646\u0627\u0628\u064a\u0628 \u0627\u0644\u062f\u0627\u0626\u0631\u064a\u0629 \u0648\u0627\u0644\u0645\u0631\u0628\u0639\u0629 \u0648\u0627\u0644\u0645\u0633\u062a\u0637\u064a\u0644\u0629 \u0648\u0627\u0644\u0645\u0642\u0627\u0637\u0639 \u0627\u0644\u062c\u0627\u0646\u0628\u064a\u0629 \u0627\u0644\u062e\u0627\u0635\u0629 - \u0628\u0642\u0637\u0631 \u0645\u0639\u0627\u0644\u062c\u0629 \u03a65-120 \u0645\u0645 \u0648\u0637\u0648\u0644 \u064a\u0635\u0644 \u0625\u0644\u0649 6500 \u0645\u0645. \u064a\u0639\u0645\u0644 \u0628\u0627\u0644\u0644\u064a\u0632\u0631 \u0627\u0644\u0644\u064a\u0641\u064a \u0628\u0642\u0648\u0629 1000 \u0648\u0627\u0637 \u0625\u0644\u0649 6000 \u0648\u0627\u0637\u060c \u0648\u064a\u062d\u0642\u0642 \u062f\u0642\u0629 \u00b1 0.15 \u0645\u0645 \u0645\u0639 \u062a\u0642\u0644\u064a\u0644 \u0627\u0644\u0630\u064a\u0644 \u0625\u0644\u0649 40-60 \u0645\u0645 \u0641\u0642\u0637. \u062a\u0634\u0645\u0644 \u0627\u0644\u0645\u0632\u0627\u064a\u0627 \u0627\u0644\u0631\u0626\u064a\u0633\u064a\u0629 \u0638\u0631\u0641\u064b\u0627 \u0623\u0645\u0627\u0645\u064a\u064b\u0627 \u0645\u062a\u062d\u0631\u0643\u064b\u0627 \u0648\u0638\u0631\u0641\u064b\u0627 \u0623\u0645\u0627\u0645\u064a\u064b\u0627 \u0645\u062a\u062d\u0631\u0643\u064b\u0627 \u0648\u062a\u0630\u064a\u064a\u0644\u064b\u0627 \u0641\u0627\u0626\u0642 \u0627\u0644\u0642\u0635\u0631 \u0648\u0646\u0638\u0627\u0645 CNC \u0645\u0646 \u0646\u0648\u0639 \u0627\u0644\u0646\u0627\u0642\u0644 \u0648\u0648\u0642\u062a \u062a\u062d\u0645\u064a\u0644 \u0633\u0631\u064a\u0639. \u0625\u0646\u0647 \u062d\u0644 \u0645\u062f\u0645\u062c \u0648\u0642\u0648\u064a \u0641\u064a \u0646\u0641\u0633 \u0627\u0644\u0648\u0642\u062a \u0644\u0642\u0637\u0639 \u0627\u0644\u0641\u0648\u0644\u0627\u0630 \u0627\u0644\u0645\u0642\u0627\u0648\u0645 \u0644\u0644\u0635\u062f\u0623 \u0648\u0627\u0644\u0623\u0644\u0648\u0645\u0646\u064a\u0648\u0645 \u0648\u0627\u0644\u0641\u0648\u0644\u0627\u0630 \u0627\u0644\u0643\u0631\u0628\u0648\u0646\u064a \u0648\u063a\u064a\u0631\u0647\u0627 \u0645\u0646 \u0627\u0644\u0645\u0648\u0627\u062f \u0628\u0643\u0641\u0627\u0621\u0629 - \u0648\u0647\u0648 \u0645\u062b\u0627\u0644\u064a \u0644\u0644\u0645\u0635\u0646\u0639\u064a\u0646 \u0627\u0644\u0630\u064a\u0646 \u064a\u0633\u0639\u0648\u0646 \u0625\u0644\u0649 \u0633\u0631\u0639\u0629 \u0627\u0644\u0625\u0646\u062c\u0627\u0632 \u0648\u062a\u0642\u0644\u064a\u0644 \u0646\u0641\u0627\u064a\u0627\u062a \u0627\u0644\u0645\u0648\u0627\u062f.<\/p>","protected":false},"featured_media":1120,"template":"","meta":[],"product_brand":[],"product_cat":[39,23],"product_tag":[],"class_list":{"0":"post-624","1":"product","2":"type-product","3":"status-publish","4":"has-post-thumbnail","6":"product_cat-tube-fiber-laser-cutter","7":"product_cat-laser-machine","9":"first","10":"instock","11":"shipping-taxable","12":"product-type-simple"},"_links":{"self":[{"href":"https:\/\/shiguanglaser.com\/ar\/wp-json\/wp\/v2\/product\/624","targetHints":{"allow":["GET"]}}],"collection":[{"href":"https:\/\/shiguanglaser.com\/ar\/wp-json\/wp\/v2\/product"}],"about":[{"href":"https:\/\/shiguanglaser.com\/ar\/wp-json\/wp\/v2\/types\/product"}],"wp:featuredmedia":[{"embeddable":true,"href":"https:\/\/shiguanglaser.com\/ar\/wp-json\/wp\/v2\/media\/1120"}],"wp:attachment":[{"href":"https:\/\/shiguanglaser.com\/ar\/wp-json\/wp\/v2\/media?parent=624"}],"wp:term":[{"taxonomy":"product_brand","embeddable":true,"href":"https:\/\/shiguanglaser.com\/ar\/wp-json\/wp\/v2\/product_brand?post=624"},{"taxonomy":"product_cat","embeddable":true,"href":"https:\/\/shiguanglaser.com\/ar\/wp-json\/wp\/v2\/product_cat?post=624"},{"taxonomy":"product_tag","embeddable":true,"href":"https:\/\/shiguanglaser.com\/ar\/wp-json\/wp\/v2\/product_tag?post=624"}],"curies":[{"name":"wp","href":"https:\/\/api.w.org\/{rel}","templated":true}]}}